{"id":29156,"date":"2023-09-27T11:32:08","date_gmt":"2023-09-27T09:32:08","guid":{"rendered":"https:\/\/www.devinanais.com\/?page_id=29156"},"modified":"2023-10-16T15:48:12","modified_gmt":"2023-10-16T13:48:12","slug":"home-concept-devina","status":"publish","type":"page","link":"https:\/\/www.devinanais.com\/en\/home-concept-devina\/","title":{"rendered":"Home Concept Devina Nais"},"content":{"rendered":"<p>[et_pb_section fb_built=&#8221;1&#8243; _builder_version=&#8221;4.21.0&#8243; _module_preset=&#8221;default&#8221; custom_padding=&#8221;||0px||false|false&#8221; global_colors_info=&#8221;{}&#8221;][et_pb_row column_structure=&#8221;1_2,1_2&#8243; _builder_version=&#8221;4.22.2&#8243; _module_preset=&#8221;default&#8221; custom_padding=&#8221;0px||0px||true|false&#8221; global_colors_info=&#8221;{}&#8221;][et_pb_column type=&#8221;1_2&#8243; _builder_version=&#8221;4.22.2&#8243; _module_preset=&#8221;default&#8221; global_colors_info=&#8221;{}&#8221;][et_pb_image src=&#8221;https:\/\/www.devinanais.com\/wp-content\/uploads\/2023\/06\/logo-homeconcept.png&#8221; title_text=&#8221;logo-homeconcept&#8221; _builder_version=&#8221;4.22.2&#8243; _module_preset=&#8221;default&#8221; max_width=&#8221;300px&#8221; global_colors_info=&#8221;{}&#8221;][\/et_pb_image][\/et_pb_column][et_pb_column type=&#8221;1_2&#8243; _builder_version=&#8221;4.22.2&#8243; _module_preset=&#8221;default&#8221; global_colors_info=&#8221;{}&#8221;][\/et_pb_column][\/et_pb_row][et_pb_row column_structure=&#8221;1_2,1_2&#8243; make_equal=&#8221;on&#8221; _builder_version=&#8221;4.22.2&#8243; _module_preset=&#8221;default&#8221; custom_margin=&#8221;||20px||false|false&#8221; custom_padding=&#8221;||40px||false|false&#8221; border_width_bottom=&#8221;2px&#8221; border_color_bottom=&#8221;#111111&#8243; global_colors_info=&#8221;{}&#8221;][et_pb_column type=&#8221;1_2&#8243; _builder_version=&#8221;4.22.2&#8243; _module_preset=&#8221;default&#8221; global_colors_info=&#8221;{}&#8221;][et_pb_image src=&#8221;https:\/\/www.devinanais.com\/wp-content\/uploads\/2023\/09\/home-concept-new-main.jpg&#8221; title_text=&#8221;home-concept-new-main&#8221; _builder_version=&#8221;4.22.2&#8243; _module_preset=&#8221;default&#8221; global_colors_info=&#8221;{}&#8221;][\/et_pb_image][\/et_pb_column][et_pb_column type=&#8221;1_2&#8243; _builder_version=&#8221;4.22.2&#8243; _module_preset=&#8221;default&#8221; global_colors_info=&#8221;{}&#8221;][et_pb_text module_class=&#8221;testo-paragrafo&#8221; _builder_version=&#8221;4.22.2&#8243; _module_preset=&#8221;default&#8221; custom_padding=&#8221;|||0px|false|false&#8221; hover_enabled=&#8221;0&#8243; global_colors_info=&#8221;{}&#8221; sticky_enabled=&#8221;0&#8243;]<\/p>\n<p style=\"text-align: left\">Devina Nais has undertaken a path that will lead the brand to sign with his style all the rooms of the house. No longer just living, no longer just solid wood: the team has expanded its horizons and created a complete proposal that interprets different materials and declines 360 degrees in the domestic space.<\/p>\n<p>A coordinated and harmonious furnishing proposal, for an interior design vision that embraces the whole house.<\/p>\n<p>Come and discover the project in the participating stores: you can find them in the map marked by the DN Home Concept icon.<\/p>\n<p>[\/et_pb_text][et_pb_button button_text=&#8221;Cerca i punti vendita&#8221; _builder_version=&#8221;4.22.2&#8243; _module_preset=&#8221;default&#8221; positioning=&#8221;absolute&#8221; position_origin_a=&#8221;bottom_left&#8221; global_colors_info=&#8221;{}&#8221;][\/et_pb_button][\/et_pb_column][\/et_pb_row][et_pb_row _builder_version=&#8221;4.22.2&#8243; _module_preset=&#8221;default&#8221; custom_padding=&#8221;||||false|false&#8221; global_colors_info=&#8221;{}&#8221;][et_pb_column type=&#8221;4_4&#8243; _builder_version=&#8221;4.21.0&#8243; _module_preset=&#8221;default&#8221; global_colors_info=&#8221;{}&#8221;][dipl_image_card_carousel cards_per_slide=&#8221;4&#8243; slides_per_group=&#8221;4&#8243; equalize_slides_height=&#8221;on&#8221; slider_loop=&#8221;on&#8221; autoplay=&#8221;off&#8221; show_arrow=&#8221;on&#8221; previous_slide_arrow=&#8221;&#x34;||divi||400&#8243; next_slide_arrow=&#8221;&#x35;||divi||400&#8243; arrows_custom_padding=&#8221;5px|5px|5px|5px|true|true&#8221; arrow_font_size=&#8221;30px&#8221; arrow_color=&#8221;#FFFFFF&#8221; arrow_background_color=&#8221;#111111&#8243; icon_color=&#8221;#111111&#8243; cards_per_slide_tablet=&#8221;2&#8243; cards_per_slide_phone=&#8221;1&#8243; cards_per_slide_last_edited=&#8221;on|desktop&#8221; slides_per_group_tablet=&#8221;2&#8243; slides_per_group_phone=&#8221;1&#8243; slides_per_group_last_edited=&#8221;on|phone&#8221; module_class=&#8221;home-concept-carousel&#8221; _builder_version=&#8221;4.22.2&#8243; _module_preset=&#8221;default&#8221; global_colors_info=&#8221;{}&#8221;][dipl_image_card_carousel_item image=&#8221;https:\/\/www.devinanais.com\/wp-content\/uploads\/2023\/10\/HC-CARELLATA.jpg&#8221; _builder_version=&#8221;4.22.2&#8243; _module_preset=&#8221;default&#8221; global_colors_info=&#8221;{}&#8221;][\/dipl_image_card_carousel_item][dipl_image_card_carousel_item image=&#8221;https:\/\/www.devinanais.com\/wp-content\/uploads\/2023\/10\/HC-CARELLATA2.jpg&#8221; _builder_version=&#8221;4.22.2&#8243; _module_preset=&#8221;default&#8221; global_colors_info=&#8221;{}&#8221;][\/dipl_image_card_carousel_item][dipl_image_card_carousel_item image=&#8221;https:\/\/www.devinanais.com\/wp-content\/uploads\/2023\/10\/HC-CARELLATA3.jpg&#8221; _builder_version=&#8221;4.22.2&#8243; _module_preset=&#8221;default&#8221; global_colors_info=&#8221;{}&#8221;][\/dipl_image_card_carousel_item][dipl_image_card_carousel_item image=&#8221;https:\/\/www.devinanais.com\/wp-content\/uploads\/2023\/10\/HC-CARELLATA4.jpg&#8221; _builder_version=&#8221;4.22.2&#8243; _module_preset=&#8221;default&#8221; global_colors_info=&#8221;{}&#8221;][\/dipl_image_card_carousel_item][dipl_image_card_carousel_item image=&#8221;https:\/\/www.devinanais.com\/wp-content\/uploads\/2023\/10\/HC-CARELLATA5.jpg&#8221; _builder_version=&#8221;4.22.2&#8243; _module_preset=&#8221;default&#8221; global_colors_info=&#8221;{}&#8221;][\/dipl_image_card_carousel_item][dipl_image_card_carousel_item image=&#8221;https:\/\/www.devinanais.com\/wp-content\/uploads\/2023\/10\/HC-CARELLATA6.jpg&#8221; _builder_version=&#8221;4.22.2&#8243; _module_preset=&#8221;default&#8221; global_colors_info=&#8221;{}&#8221;][\/dipl_image_card_carousel_item][dipl_image_card_carousel_item image=&#8221;https:\/\/www.devinanais.com\/wp-content\/uploads\/2023\/10\/HC-CARELLATA7.jpg&#8221; _builder_version=&#8221;4.22.2&#8243; _module_preset=&#8221;default&#8221; global_colors_info=&#8221;{}&#8221;][\/dipl_image_card_carousel_item][dipl_image_card_carousel_item image=&#8221;https:\/\/www.devinanais.com\/wp-content\/uploads\/2023\/10\/HC-CARELLATA8.jpg&#8221; _builder_version=&#8221;4.22.2&#8243; _module_preset=&#8221;default&#8221; global_colors_info=&#8221;{}&#8221;][\/dipl_image_card_carousel_item][dipl_image_card_carousel_item image=&#8221;https:\/\/www.devinanais.com\/wp-content\/uploads\/2023\/10\/HC-CARELLATA9.jpg&#8221; _builder_version=&#8221;4.22.2&#8243; _module_preset=&#8221;default&#8221; global_colors_info=&#8221;{}&#8221;][\/dipl_image_card_carousel_item][dipl_image_card_carousel_item image=&#8221;https:\/\/www.devinanais.com\/wp-content\/uploads\/2023\/10\/HC-CARELLATA10.jpg&#8221; _builder_version=&#8221;4.22.2&#8243; _module_preset=&#8221;default&#8221; global_colors_info=&#8221;{}&#8221;][\/dipl_image_card_carousel_item][dipl_image_card_carousel_item image=&#8221;https:\/\/www.devinanais.com\/wp-content\/uploads\/2023\/10\/HC-CARELLATA11.jpg&#8221; _builder_version=&#8221;4.22.2&#8243; _module_preset=&#8221;default&#8221; global_colors_info=&#8221;{}&#8221;][\/dipl_image_card_carousel_item][dipl_image_card_carousel_item image=&#8221;https:\/\/www.devinanais.com\/wp-content\/uploads\/2023\/10\/HC-CARELLATA12.jpg&#8221; _builder_version=&#8221;4.22.2&#8243; _module_preset=&#8221;default&#8221; global_colors_info=&#8221;{}&#8221;][\/dipl_image_card_carousel_item][dipl_image_card_carousel_item image=&#8221;https:\/\/www.devinanais.com\/wp-content\/uploads\/2023\/10\/HC-CARELLATA13.jpg&#8221; _builder_version=&#8221;4.22.2&#8243; _module_preset=&#8221;default&#8221; global_colors_info=&#8221;{}&#8221;][\/dipl_image_card_carousel_item][dipl_image_card_carousel_item image=&#8221;https:\/\/www.devinanais.com\/wp-content\/uploads\/2023\/10\/HC-CARELLATA14.jpg&#8221; _builder_version=&#8221;4.22.2&#8243; _module_preset=&#8221;default&#8221; global_colors_info=&#8221;{}&#8221;][\/dipl_image_card_carousel_item][\/dipl_image_card_carousel][\/et_pb_column][\/et_pb_row][\/et_pb_section]<\/p>\n","protected":false},"excerpt":{"rendered":"<p>Devina Nais has undertaken a path that will lead the brand to sign with his style all the rooms of the house. No longer just living, no longer just solid wood: the team has expanded its horizons and created a complete proposal that interprets different materials and declines 360 degrees in the domestic space. A [&hellip;]<\/p>\n","protected":false},"author":159,"featured_media":0,"parent":0,"menu_order":0,"comment_status":"closed","ping_status":"closed","template":"","meta":{"_et_pb_use_builder":"on","_et_pb_old_content":"<p>[et_pb_section fb_built=\"1\" _builder_version=\"4.21.0\" _module_preset=\"default\" custom_padding=\"||0px||false|false\" global_colors_info=\"{}\"][et_pb_row column_structure=\"1_2,1_2\" _builder_version=\"4.22.2\" _module_preset=\"default\" custom_padding=\"0px||0px||true|false\" global_colors_info=\"{}\"][et_pb_column type=\"1_2\" _builder_version=\"4.22.2\" _module_preset=\"default\" global_colors_info=\"{}\"][et_pb_image src=\"https:\/\/www.devinanais.com\/wp-content\/uploads\/2023\/06\/logo-homeconcept.png\" title_text=\"logo-homeconcept\" _builder_version=\"4.22.2\" _module_preset=\"default\" max_width=\"300px\" global_colors_info=\"{}\"][\/et_pb_image][\/et_pb_column][et_pb_column type=\"1_2\" _builder_version=\"4.22.2\" _module_preset=\"default\" global_colors_info=\"{}\"][\/et_pb_column][\/et_pb_row][et_pb_row column_structure=\"1_2,1_2\" make_equal=\"on\" _builder_version=\"4.22.2\" _module_preset=\"default\" custom_margin=\"||20px||false|false\" custom_padding=\"||40px||false|false\" border_width_bottom=\"2px\" border_color_bottom=\"#111111\" global_colors_info=\"{}\"][et_pb_column type=\"1_2\" _builder_version=\"4.22.2\" _module_preset=\"default\" global_colors_info=\"{}\"][et_pb_image src=\"https:\/\/www.devinanais.com\/wp-content\/uploads\/2023\/09\/home-concept-new-main.jpg\" title_text=\"home-concept-new-main\" _builder_version=\"4.22.2\" _module_preset=\"default\" global_colors_info=\"{}\"][\/et_pb_image][\/et_pb_column][et_pb_column type=\"1_2\" _builder_version=\"4.22.2\" _module_preset=\"default\" global_colors_info=\"{}\"][et_pb_text module_class=\"testo-paragrafo\" _builder_version=\"4.22.2\" _module_preset=\"default\" custom_padding=\"|||0px|false|false\" global_colors_info=\"{}\"]<\/p><p><strong>Devina Nais<\/strong> ha intrapreso un percorso che porter\u00e0 il brand a firmare con il suo stile tutti gli ambienti della casa. Non pi\u00f9 solo living, non pi\u00f9 solo legno massello: il team ha ampliato i suoi orizzonti e ha creato una proposta completa che interpreta diversi materiali e si declina a 360 gradi nello spazio domestico.<\/p><p>Una proposta d\u2019arredo coordinata e armonica, per una visione di interior design che abbraccia tutta la casa.<\/p><p>[\/et_pb_text][et_pb_button button_text=\"Cerca i punti vendita\" _builder_version=\"4.22.2\" _module_preset=\"default\" positioning=\"absolute\" position_origin_a=\"bottom_left\" global_colors_info=\"{}\"][\/et_pb_button][\/et_pb_column][\/et_pb_row][et_pb_row _builder_version=\"4.22.2\" _module_preset=\"default\" custom_padding=\"||||false|false\" global_colors_info=\"{}\"][et_pb_column type=\"4_4\" _builder_version=\"4.21.0\" _module_preset=\"default\" global_colors_info=\"{}\"][dipl_image_card_carousel cards_per_slide=\"4\" slides_per_group=\"4\" equalize_slides_height=\"on\" slider_loop=\"on\" autoplay=\"off\" show_arrow=\"on\" previous_slide_arrow=\"4||divi||400\" next_slide_arrow=\"5||divi||400\" arrows_custom_padding=\"5px|5px|5px|5px|true|true\" arrow_font_size=\"30px\" arrow_color=\"#FFFFFF\" arrow_background_color=\"#111111\" icon_color=\"#111111\" cards_per_slide_tablet=\"2\" cards_per_slide_phone=\"1\" cards_per_slide_last_edited=\"on|desktop\" slides_per_group_tablet=\"2\" slides_per_group_phone=\"1\" slides_per_group_last_edited=\"on|phone\" module_class=\"home-concept-carousel\" _builder_version=\"4.22.2\" _module_preset=\"default\" hover_enabled=\"0\" global_colors_info=\"{}\" sticky_enabled=\"0\"][dipl_image_card_carousel_item image=\"https:\/\/www.devinanais.com\/wp-content\/uploads\/2023\/10\/HC-CARELLATA.jpg\" _builder_version=\"4.22.2\" _module_preset=\"default\" hover_enabled=\"0\" global_colors_info=\"{}\" title_text=\"HC CARELLATA\" sticky_enabled=\"0\"][\/dipl_image_card_carousel_item][dipl_image_card_carousel_item image=\"https:\/\/www.devinanais.com\/wp-content\/uploads\/2023\/10\/HC-CARELLATA2.jpg\" _builder_version=\"4.22.2\" _module_preset=\"default\" hover_enabled=\"0\" global_colors_info=\"{}\" title_text=\"HC CARELLATA2\" sticky_enabled=\"0\"][\/dipl_image_card_carousel_item][dipl_image_card_carousel_item image=\"https:\/\/www.devinanais.com\/wp-content\/uploads\/2023\/10\/HC-CARELLATA3.jpg\" _builder_version=\"4.22.2\" _module_preset=\"default\" hover_enabled=\"0\" global_colors_info=\"{}\" title_text=\"HC CARELLATA3\" sticky_enabled=\"0\"][\/dipl_image_card_carousel_item][dipl_image_card_carousel_item image=\"https:\/\/www.devinanais.com\/wp-content\/uploads\/2023\/10\/HC-CARELLATA4.jpg\" _builder_version=\"4.22.2\" _module_preset=\"default\" hover_enabled=\"0\" global_colors_info=\"{}\" title_text=\"HC CARELLATA4\" sticky_enabled=\"0\"][\/dipl_image_card_carousel_item][dipl_image_card_carousel_item image=\"https:\/\/www.devinanais.com\/wp-content\/uploads\/2023\/10\/HC-CARELLATA5.jpg\" _builder_version=\"4.22.2\" _module_preset=\"default\" hover_enabled=\"0\" global_colors_info=\"{}\" title_text=\"HC CARELLATA5\" sticky_enabled=\"0\"][\/dipl_image_card_carousel_item][dipl_image_card_carousel_item image=\"https:\/\/www.devinanais.com\/wp-content\/uploads\/2023\/10\/HC-CARELLATA6.jpg\" _builder_version=\"4.22.2\" _module_preset=\"default\" hover_enabled=\"0\" global_colors_info=\"{}\" title_text=\"HC CARELLATA6\" sticky_enabled=\"0\"][\/dipl_image_card_carousel_item][dipl_image_card_carousel_item image=\"https:\/\/www.devinanais.com\/wp-content\/uploads\/2023\/10\/HC-CARELLATA7.jpg\" _builder_version=\"4.22.2\" _module_preset=\"default\" hover_enabled=\"0\" global_colors_info=\"{}\" title_text=\"HC CARELLATA7\" sticky_enabled=\"0\"][\/dipl_image_card_carousel_item][dipl_image_card_carousel_item image=\"https:\/\/www.devinanais.com\/wp-content\/uploads\/2023\/10\/HC-CARELLATA8.jpg\" _builder_version=\"4.22.2\" _module_preset=\"default\" hover_enabled=\"0\" global_colors_info=\"{}\" title_text=\"HC CARELLATA8\" sticky_enabled=\"0\"][\/dipl_image_card_carousel_item][dipl_image_card_carousel_item image=\"https:\/\/www.devinanais.com\/wp-content\/uploads\/2023\/10\/HC-CARELLATA9.jpg\" _builder_version=\"4.22.2\" _module_preset=\"default\" hover_enabled=\"0\" global_colors_info=\"{}\" title_text=\"HC CARELLATA9\" sticky_enabled=\"0\"][\/dipl_image_card_carousel_item][dipl_image_card_carousel_item image=\"https:\/\/www.devinanais.com\/wp-content\/uploads\/2023\/10\/HC-CARELLATA10.jpg\" _builder_version=\"4.22.2\" _module_preset=\"default\" hover_enabled=\"0\" global_colors_info=\"{}\" title_text=\"HC CARELLATA10\" sticky_enabled=\"0\"][\/dipl_image_card_carousel_item][dipl_image_card_carousel_item image=\"https:\/\/www.devinanais.com\/wp-content\/uploads\/2023\/10\/HC-CARELLATA11.jpg\" _builder_version=\"4.22.2\" _module_preset=\"default\" hover_enabled=\"0\" global_colors_info=\"{}\" title_text=\"HC CARELLATA11\" sticky_enabled=\"0\"][\/dipl_image_card_carousel_item][dipl_image_card_carousel_item image=\"https:\/\/www.devinanais.com\/wp-content\/uploads\/2023\/10\/HC-CARELLATA12.jpg\" _builder_version=\"4.22.2\" _module_preset=\"default\" hover_enabled=\"0\" global_colors_info=\"{}\" title_text=\"HC CARELLATA12\" sticky_enabled=\"0\"][\/dipl_image_card_carousel_item][dipl_image_card_carousel_item image=\"https:\/\/www.devinanais.com\/wp-content\/uploads\/2023\/10\/HC-CARELLATA13.jpg\" _builder_version=\"4.22.2\" _module_preset=\"default\" hover_enabled=\"0\" global_colors_info=\"{}\" title_text=\"HC CARELLATA13\" sticky_enabled=\"0\"][\/dipl_image_card_carousel_item][dipl_image_card_carousel_item image=\"https:\/\/www.devinanais.com\/wp-content\/uploads\/2023\/10\/HC-CARELLATA14.jpg\" _builder_version=\"4.22.2\" _module_preset=\"default\" hover_enabled=\"0\" global_colors_info=\"{}\" title_text=\"HC CARELLATA14\" sticky_enabled=\"0\"][\/dipl_image_card_carousel_item][\/dipl_image_card_carousel][\/et_pb_column][\/et_pb_row][\/et_pb_section]<\/p>","_et_gb_content_width":"","footnotes":""},"class_list":["post-29156","page","type-page","status-publish","hentry"],"acf":[],"yoast_head":"<!-- This site is optimized with the Yoast SEO plugin v26.2 - https:\/\/yoast.com\/wordpress\/plugins\/seo\/ -->\n<title>Home Concept Devina Nais - DevinaNais<\/title>\n<meta name=\"robots\" content=\"index, follow, max-snippet:-1, max-image-preview:large, max-video-preview:-1\" \/>\n<link rel=\"canonical\" href=\"https:\/\/www.devinanais.com\/en\/home-concept-devina\/\" \/>\n<meta property=\"og:locale\" content=\"en_US\" \/>\n<meta property=\"og:type\" content=\"article\" \/>\n<meta property=\"og:title\" content=\"Home Concept Devina Nais - DevinaNais\" \/>\n<meta property=\"og:description\" content=\"Devina Nais has undertaken a path that will lead the brand to sign with his style all the rooms of the house. No longer just living, no longer just solid wood: the team has expanded its horizons and created a complete proposal that interprets different materials and declines 360 degrees in the domestic space. A [&hellip;]\" \/>\n<meta property=\"og:url\" content=\"https:\/\/www.devinanais.com\/en\/home-concept-devina\/\" \/>\n<meta property=\"og:site_name\" content=\"DevinaNais\" \/>\n<meta property=\"article:modified_time\" content=\"2023-10-16T13:48:12+00:00\" \/>\n<meta name=\"twitter:card\" content=\"summary_large_image\" \/>\n<meta name=\"twitter:label1\" content=\"Est. reading time\" \/>\n\t<meta name=\"twitter:data1\" content=\"2 minutes\" \/>\n<script type=\"application\/ld+json\" class=\"yoast-schema-graph\">{\"@context\":\"https:\/\/schema.org\",\"@graph\":[{\"@type\":\"WebPage\",\"@id\":\"https:\/\/www.devinanais.com\/en\/home-concept-devina\/\",\"url\":\"https:\/\/www.devinanais.com\/en\/home-concept-devina\/\",\"name\":\"Home Concept Devina Nais - DevinaNais\",\"isPartOf\":{\"@id\":\"https:\/\/www.devinanais.com\/#website\"},\"datePublished\":\"2023-09-27T09:32:08+00:00\",\"dateModified\":\"2023-10-16T13:48:12+00:00\",\"breadcrumb\":{\"@id\":\"https:\/\/www.devinanais.com\/en\/home-concept-devina\/#breadcrumb\"},\"inLanguage\":\"en-US\",\"potentialAction\":[{\"@type\":\"ReadAction\",\"target\":[\"https:\/\/www.devinanais.com\/en\/home-concept-devina\/\"]}]},{\"@type\":\"BreadcrumbList\",\"@id\":\"https:\/\/www.devinanais.com\/en\/home-concept-devina\/#breadcrumb\",\"itemListElement\":[{\"@type\":\"ListItem\",\"position\":1,\"name\":\"Home\",\"item\":\"https:\/\/www.devinanais.com\/en\/\"},{\"@type\":\"ListItem\",\"position\":2,\"name\":\"Home Concept Devina Nais\"}]},{\"@type\":\"WebSite\",\"@id\":\"https:\/\/www.devinanais.com\/#website\",\"url\":\"https:\/\/www.devinanais.com\/\",\"name\":\"DevinaNais\",\"description\":\"\",\"potentialAction\":[{\"@type\":\"SearchAction\",\"target\":{\"@type\":\"EntryPoint\",\"urlTemplate\":\"https:\/\/www.devinanais.com\/?s={search_term_string}\"},\"query-input\":{\"@type\":\"PropertyValueSpecification\",\"valueRequired\":true,\"valueName\":\"search_term_string\"}}],\"inLanguage\":\"en-US\"}]}<\/script>\n<!-- \/ Yoast SEO plugin. -->","yoast_head_json":{"title":"Home Concept Devina Nais - DevinaNais","robots":{"index":"index","follow":"follow","max-snippet":"max-snippet:-1","max-image-preview":"max-image-preview:large","max-video-preview":"max-video-preview:-1"},"canonical":"https:\/\/www.devinanais.com\/en\/home-concept-devina\/","og_locale":"en_US","og_type":"article","og_title":"Home Concept Devina Nais - DevinaNais","og_description":"Devina Nais has undertaken a path that will lead the brand to sign with his style all the rooms of the house. No longer just living, no longer just solid wood: the team has expanded its horizons and created a complete proposal that interprets different materials and declines 360 degrees in the domestic space. A [&hellip;]","og_url":"https:\/\/www.devinanais.com\/en\/home-concept-devina\/","og_site_name":"DevinaNais","article_modified_time":"2023-10-16T13:48:12+00:00","twitter_card":"summary_large_image","twitter_misc":{"Est. reading time":"2 minutes"},"schema":{"@context":"https:\/\/schema.org","@graph":[{"@type":"WebPage","@id":"https:\/\/www.devinanais.com\/en\/home-concept-devina\/","url":"https:\/\/www.devinanais.com\/en\/home-concept-devina\/","name":"Home Concept Devina Nais - DevinaNais","isPartOf":{"@id":"https:\/\/www.devinanais.com\/#website"},"datePublished":"2023-09-27T09:32:08+00:00","dateModified":"2023-10-16T13:48:12+00:00","breadcrumb":{"@id":"https:\/\/www.devinanais.com\/en\/home-concept-devina\/#breadcrumb"},"inLanguage":"en-US","potentialAction":[{"@type":"ReadAction","target":["https:\/\/www.devinanais.com\/en\/home-concept-devina\/"]}]},{"@type":"BreadcrumbList","@id":"https:\/\/www.devinanais.com\/en\/home-concept-devina\/#breadcrumb","itemListElement":[{"@type":"ListItem","position":1,"name":"Home","item":"https:\/\/www.devinanais.com\/en\/"},{"@type":"ListItem","position":2,"name":"Home Concept Devina Nais"}]},{"@type":"WebSite","@id":"https:\/\/www.devinanais.com\/#website","url":"https:\/\/www.devinanais.com\/","name":"DevinaNais","description":"","potentialAction":[{"@type":"SearchAction","target":{"@type":"EntryPoint","urlTemplate":"https:\/\/www.devinanais.com\/?s={search_term_string}"},"query-input":{"@type":"PropertyValueSpecification","valueRequired":true,"valueName":"search_term_string"}}],"inLanguage":"en-US"}]}},"_links":{"self":[{"href":"https:\/\/www.devinanais.com\/en\/wp-json\/wp\/v2\/pages\/29156","targetHints":{"allow":["GET"]}}],"collection":[{"href":"https:\/\/www.devinanais.com\/en\/wp-json\/wp\/v2\/pages"}],"about":[{"href":"https:\/\/www.devinanais.com\/en\/wp-json\/wp\/v2\/types\/page"}],"author":[{"embeddable":true,"href":"https:\/\/www.devinanais.com\/en\/wp-json\/wp\/v2\/users\/159"}],"replies":[{"embeddable":true,"href":"https:\/\/www.devinanais.com\/en\/wp-json\/wp\/v2\/comments?post=29156"}],"version-history":[{"count":9,"href":"https:\/\/www.devinanais.com\/en\/wp-json\/wp\/v2\/pages\/29156\/revisions"}],"predecessor-version":[{"id":30565,"href":"https:\/\/www.devinanais.com\/en\/wp-json\/wp\/v2\/pages\/29156\/revisions\/30565"}],"wp:attachment":[{"href":"https:\/\/www.devinanais.com\/en\/wp-json\/wp\/v2\/media?parent=29156"}],"curies":[{"name":"wp","href":"https:\/\/api.w.org\/{rel}","templated":true}]}}