{"id":21049,"date":"2023-06-09T10:54:05","date_gmt":"2023-06-09T08:54:05","guid":{"rendered":"https:\/\/www.devinanais.com\/capsule-crossover-night-and-bathroom-new\/"},"modified":"2023-06-13T10:22:58","modified_gmt":"2023-06-13T08:22:58","slug":"capsule-crossover-night-and-bathroom","status":"publish","type":"page","link":"https:\/\/www.devinanais.com\/es\/capsule-crossover-night-and-bathroom\/","title":{"rendered":"Capsule Crossover Night and Bathroom"},"content":{"rendered":"<p>[et_pb_section fb_built=\u00bb1&#8243; disabled_on=\u00bbon|off|off\u00bb _builder_version=\u00bb4.21.0&#8243; _module_preset=\u00bbdefault\u00bb background_image=\u00bbhttps:\/\/www.devinanais.com\/wp-content\/uploads\/2023\/05\/landing-desk-compress.jpg\u00bb custom_padding=\u00bb8vh||58vh||false|false\u00bb global_colors_info=\u00bb{}\u00bb][et_pb_row _builder_version=\u00bb4.21.0&#8243; _module_preset=\u00bbdefault\u00bb width=\u00bb100%\u00bb max_width=\u00bb40%\u00bb global_colors_info=\u00bb{}\u00bb][et_pb_column type=\u00bb4_4&#8243; _builder_version=\u00bb4.21.0&#8243; _module_preset=\u00bbdefault\u00bb global_colors_info=\u00bb{}\u00bb][et_pb_image src=\u00bbhttps:\/\/www.devinanais.com\/wp-content\/uploads\/2023\/05\/logo-crossover-payoff-centrato-01.png\u00bb title_text=\u00bblogo-crossover-payoff-centrato-01&#8243; align=\u00bbcenter\u00bb _builder_version=\u00bb4.21.0&#8243; _module_preset=\u00bbdefault\u00bb width_tablet=\u00bb\u00bb width_phone=\u00bb70%\u00bb width_last_edited=\u00bbon|phone\u00bb module_alignment_tablet=\u00bb\u00bb module_alignment_phone=\u00bbright\u00bb module_alignment_last_edited=\u00bbon|phone\u00bb global_colors_info=\u00bb{}\u00bb][\/et_pb_image][et_pb_text _builder_version=\u00bb4.21.0&#8243; _module_preset=\u00bbdefault\u00bb text_text_color=\u00bb#FFFFFF\u00bb header_5_font=\u00bbAcumin Variable Concept||||||||\u00bb header_5_text_align=\u00bbcenter\u00bb header_5_text_color=\u00bb#000000&#8243; header_5_line_height=\u00bb1.5em\u00bb width=\u00bb100%\u00bb max_width=\u00bb55%\u00bb module_alignment=\u00bbcenter\u00bb custom_margin=\u00bb3%||||false|false\u00bb global_colors_info=\u00bb{}\u00bb]<\/p>\n<h5>La nueva propuesta de Devina Nais lleva tambi\u00e9n a la zona de noche, su interpretaci\u00f3n de los muebles de madera.<\/h5>\n<p>[\/et_pb_text][\/et_pb_column][\/et_pb_row][\/et_pb_section][et_pb_section fb_built=\u00bb1&#8243; disabled_on=\u00bboff|on|on\u00bb _builder_version=\u00bb4.21.0&#8243; _module_preset=\u00bbdefault\u00bb background_image=\u00bbhttps:\/\/www.devinanais.com\/wp-content\/uploads\/2023\/05\/landing-mobile-compress-scaled.jpg\u00bb custom_padding=\u00bb8vh||40vh||false|false\u00bb global_colors_info=\u00bb{}\u00bb][et_pb_row _builder_version=\u00bb4.21.0&#8243; _module_preset=\u00bbdefault\u00bb width=\u00bb100%\u00bb max_width=\u00bb80%\u00bb global_colors_info=\u00bb{}\u00bb][et_pb_column type=\u00bb4_4&#8243; _builder_version=\u00bb4.21.0&#8243; _module_preset=\u00bbdefault\u00bb global_colors_info=\u00bb{}\u00bb][et_pb_image src=\u00bbhttps:\/\/www.devinanais.com\/wp-content\/uploads\/2023\/05\/logo-crossover-payoff-centrato-01.png\u00bb title_text=\u00bblogo-crossover-payoff-centrato-01&#8243; align=\u00bbcenter\u00bb _builder_version=\u00bb4.21.0&#8243; _module_preset=\u00bbdefault\u00bb width_phone=\u00bb70%\u00bb width_last_edited=\u00bboff|phone\u00bb module_alignment_tablet=\u00bb\u00bb module_alignment_phone=\u00bbcenter\u00bb module_alignment_last_edited=\u00bbon|desktop\u00bb global_colors_info=\u00bb{}\u00bb][\/et_pb_image][et_pb_text _builder_version=\u00bb4.21.0&#8243; _module_preset=\u00bbdefault\u00bb text_text_color=\u00bb#FFFFFF\u00bb header_5_font=\u00bbAcumin Variable Concept||||||||\u00bb header_5_text_align=\u00bbcenter\u00bb header_5_text_color=\u00bb#000000&#8243; header_5_font_size=\u00bb17px\u00bb header_5_line_height=\u00bb1.5em\u00bb width=\u00bb100%\u00bb max_width=\u00bb70%\u00bb module_alignment=\u00bbcenter\u00bb custom_margin=\u00bb3%||||false|false\u00bb global_colors_info=\u00bb{}\u00bb]<\/p>\n<h5>La nueva propuesta de Devina Nais lleva tambi\u00e9n a la zona de noche, su interpretaci\u00f3n de los muebles de madera.<\/h5>\n<p>[\/et_pb_text][\/et_pb_column][\/et_pb_row][\/et_pb_section][et_pb_section fb_built=\u00bb1&#8243; _builder_version=\u00bb4.21.0&#8243; _module_preset=\u00bbdefault\u00bb custom_padding=\u00bb2%||0px||false|false\u00bb global_colors_info=\u00bb{}\u00bb][et_pb_row column_structure=\u00bb3_5,2_5&#8243; use_custom_gutter=\u00bbon\u00bb gutter_width=\u00bb4&#8243; _builder_version=\u00bb4.21.0&#8243; _module_preset=\u00bbdefault\u00bb custom_css_main_element=\u00bbalign-items:center;\u00bb border_width_top=\u00bb1px\u00bb global_colors_info=\u00bb{}\u00bb][et_pb_column type=\u00bb3_5&#8243; _builder_version=\u00bb4.21.0&#8243; _module_preset=\u00bbdefault\u00bb global_colors_info=\u00bb{}\u00bb][et_pb_text _builder_version=\u00bb4.21.0&#8243; _module_preset=\u00bbdefault\u00bb header_3_font_size=\u00bb29px\u00bb global_colors_info=\u00bb{}\u00bb]<\/p>\n<h3>VISTA PREVIA \u2013 Crossover Night &amp; Bathroom<br \/>Los avances de las nuevas propuestas de Devina Nais<\/h3>\n<p>[\/et_pb_text][et_pb_text module_class=\u00bbtesto-paragrafo\u00bb _builder_version=\u00bb4.21.0&#8243; _module_preset=\u00bbdefault\u00bb custom_padding=\u00bb|||0px|false|false\u00bb global_colors_info=\u00bb{}\u00bb]<\/p>\n<p>Hemos traducido en dise\u00f1o el impulso y el frenes\u00ed de nuestro tiempo, hemos mezclado inspiraciones de \u00e1reas art\u00edsticas lejanas, intuiciones creativas para transformarlas en sensaciones visuales y t\u00e1ctiles.<\/p>\n<p>&nbsp;<\/p>\n<p>La nueva propuesta de Devina Nais lleva tambi\u00e9n a la zona de noche, su interpretaci\u00f3n de los muebles de madera.<\/p>\n<p>[\/et_pb_text][dipl_modal modal_id=\u00bbscarica-capsule-night\u00bb trigger_button_text=\u00bbDESCARGAR VISTA PREVIA\u00bb show_footer=\u00bboff\u00bb _builder_version=\u00bb4.21.0&#8243; _module_preset=\u00bbdefault\u00bb custom_trigger_button=\u00bbon\u00bb trigger_button_font=\u00bb|600|||||||\u00bb trigger_button_use_icon=\u00bboff\u00bb trigger_button_custom_padding=\u00bb1.3em||1.3em||true|false\u00bb text_orientation=\u00bbleft\u00bb global_colors_info=\u00bb{}\u00bb]<\/p>\n<p class=\"wpcf7-contact-form-not-found\"><strong>Error:<\/strong> Formulario de contacto no encontrado.<\/p>\n<p>[\/dipl_modal][\/et_pb_column][et_pb_column type=\u00bb2_5&#8243; _builder_version=\u00bb4.21.0&#8243; _module_preset=\u00bbdefault\u00bb global_colors_info=\u00bb{}\u00bb][et_pb_image src=\u00bbhttps:\/\/www.devinanais.com\/wp-content\/uploads\/2023\/06\/DEVINA_AMBIENTE_23_DETTAGLIO_01-LOW.jpg\u00bb title_text=\u00bbDEVINA_AMBIENTE_23_DETTAGLIO_01 LOW\u00bb _builder_version=\u00bb4.21.0&#8243; _module_preset=\u00bbdefault\u00bb global_colors_info=\u00bb{}\u00bb][\/et_pb_image][\/et_pb_column][\/et_pb_row][\/et_pb_section][et_pb_section fb_built=\u00bb1&#8243; _builder_version=\u00bb4.21.0&#8243; _module_preset=\u00bbdefault\u00bb custom_padding=\u00bb2%||0px||false|false\u00bb global_colors_info=\u00bb{}\u00bb][et_pb_row column_structure=\u00bb3_5,2_5&#8243; use_custom_gutter=\u00bbon\u00bb gutter_width=\u00bb2&#8243; _builder_version=\u00bb4.21.0&#8243; _module_preset=\u00bbdefault\u00bb custom_css_main_element=\u00bbalign-items:center;\u00bb border_width_top=\u00bb1px\u00bb global_colors_info=\u00bb{}\u00bb][et_pb_column type=\u00bb3_5&#8243; _builder_version=\u00bb4.21.0&#8243; _module_preset=\u00bbdefault\u00bb global_colors_info=\u00bb{}\u00bb][et_pb_image src=\u00bbhttps:\/\/www.devinanais.com\/wp-content\/uploads\/2023\/06\/DevinaNais_2023_NOTTE_AMB1_LG-LOW.-cut.jpg\u00bb title_text=\u00bbDevinaNais_2023_NOTTE_AMB1_LG-LOW.-cut\u00bb _builder_version=\u00bb4.21.0&#8243; _module_preset=\u00bbdefault\u00bb global_colors_info=\u00bb{}\u00bb][\/et_pb_image][\/et_pb_column][et_pb_column type=\u00bb2_5&#8243; _builder_version=\u00bb4.21.0&#8243; _module_preset=\u00bbdefault\u00bb global_colors_info=\u00bb{}\u00bb][et_pb_text module_class=\u00bbtesto-paragrafo\u00bb _builder_version=\u00bb4.21.0&#8243; _module_preset=\u00bbdefault\u00bb custom_padding=\u00bb|||0px|false|false\u00bb global_colors_info=\u00bb{}\u00bb]<\/p>\n<p>El cabecero \u2018Zen\u2019 se cre\u00f3 para ayudar a los dise\u00f1adores interioristas y amantes de los muebles a so\u00f1ar a lo grande. La solidez, la est\u00e9tica y la innovaci\u00f3n estil\u00edstica superan diferencias de gusto y hacen de esta pieza un objeto de deseo \u201cuniversal\u201d, capaz de inspirar proyectos de dise\u00f1o basados en estilos y necesidades diferentes.<\/p>\n<p>[\/et_pb_text][et_pb_image src=\u00bbhttps:\/\/www.devinanais.com\/wp-content\/uploads\/2023\/04\/TESTIERA_ZEN-SOSPESA_H.GREY_GIROLETTO_SLIM-EFF.SOSPESO_H.GREY_P2.jpg\u00bb title_text=\u00bbTESTIERA_ZEN SOSPESA_H.GREY_GIROLETTO_SLIM EFF.SOSPESO_H.GREY_P2&#8243; _builder_version=\u00bb4.21.0&#8243; _module_preset=\u00bbdefault\u00bb width=\u00bb100%\u00bb max_width=\u00bb70%\u00bb max_width_tablet=\u00bb70%\u00bb max_width_phone=\u00bb100%\u00bb max_width_last_edited=\u00bbon|phone\u00bb global_colors_info=\u00bb{}\u00bb][\/et_pb_image][\/et_pb_column][\/et_pb_row][\/et_pb_section][et_pb_section fb_built=\u00bb1&#8243; _builder_version=\u00bb4.21.0&#8243; _module_preset=\u00bbdefault\u00bb custom_padding=\u00bb2%||0px||false|false\u00bb global_colors_info=\u00bb{}\u00bb][et_pb_row column_structure=\u00bb3_5,2_5&#8243; use_custom_gutter=\u00bbon\u00bb gutter_width=\u00bb2&#8243; make_equal=\u00bbon\u00bb _builder_version=\u00bb4.21.0&#8243; _module_preset=\u00bbdefault\u00bb custom_css_main_element=\u00bbalign-items:flex-end;\u00bb border_width_top=\u00bb1px\u00bb global_colors_info=\u00bb{}\u00bb][et_pb_column type=\u00bb3_5&#8243; _builder_version=\u00bb4.21.0&#8243; _module_preset=\u00bbdefault\u00bb global_colors_info=\u00bb{}\u00bb][et_pb_text module_class=\u00bbtesto-paragrafo\u00bb _builder_version=\u00bb4.21.0&#8243; _module_preset=\u00bbdefault\u00bb width=\u00bb100%\u00bb max_width=\u00bb85%\u00bb max_width_tablet=\u00bb85%\u00bb max_width_phone=\u00bb100%\u00bb max_width_last_edited=\u00bbon|phone\u00bb custom_padding=\u00bb|||0px|false|false\u00bb global_colors_info=\u00bb{}\u00bb]<\/p>\n<p>Cada pieza de la colecci\u00f3n My Bathroom est\u00e1 dise\u00f1ada seg\u00fan las exigencias del tiempo moderno, creando geometr\u00edas y equilibrios inesperados.<\/p>\n<p>&nbsp;<\/p>\n<p>Este dise\u00f1o se caracteriza por una fuerte nota amaderada, entre curvas apenas perceptibles y siluetas rigurosas: un interiorismo en perfecto equilibrio entre lo masculino y lo femenino, para unir estilos en el ambiente m\u00e1s \u00edntimo del hogar.<\/p>\n<p>[\/et_pb_text][et_pb_image src=\u00bbhttps:\/\/www.devinanais.com\/wp-content\/uploads\/2023\/06\/DevinaNais_2023_BAGNO_AMB18_dett2-LOW-riflesso.jpg\u00bb title_text=\u00bbDevinaNais_2023_BAGNO_AMB18_dett2-LOW-riflesso\u00bb align=\u00bbright\u00bb _builder_version=\u00bb4.21.0&#8243; _module_preset=\u00bbdefault\u00bb width=\u00bb100%\u00bb max_width=\u00bb45%\u00bb max_width_tablet=\u00bb45%\u00bb max_width_phone=\u00bb100%\u00bb max_width_last_edited=\u00bbon|phone\u00bb global_colors_info=\u00bb{}\u00bb][\/et_pb_image][\/et_pb_column][et_pb_column type=\u00bb2_5&#8243; _builder_version=\u00bb4.21.0&#8243; _module_preset=\u00bbdefault\u00bb global_colors_info=\u00bb{}\u00bb][et_pb_image src=\u00bbhttps:\/\/www.devinanais.com\/wp-content\/uploads\/2023\/06\/DevinaNais_2023_BAGNO_AMB18_dett1-LOW.jpg\u00bb title_text=\u00bbDevinaNais_2023_BAGNO_AMB18_dett1 LOW\u00bb align=\u00bbcenter\u00bb _builder_version=\u00bb4.21.0&#8243; _module_preset=\u00bbdefault\u00bb width=\u00bb100%\u00bb max_width=\u00bb100%\u00bb global_colors_info=\u00bb{}\u00bb][\/et_pb_image][\/et_pb_column][\/et_pb_row][et_pb_row column_structure=\u00bb1_2,1_2&#8243; _builder_version=\u00bb4.21.0&#8243; _module_preset=\u00bbdefault\u00bb global_colors_info=\u00bb{}\u00bb][et_pb_column type=\u00bb1_2&#8243; _builder_version=\u00bb4.21.0&#8243; _module_preset=\u00bbdefault\u00bb global_colors_info=\u00bb{}\u00bb][dipl_modal modal_id=\u00bbscarica-capsule-night\u00bb trigger_button_text=\u00bbDESCARGAR VISTA PREVIA\u00bb show_footer=\u00bboff\u00bb _builder_version=\u00bb4.21.0&#8243; _module_preset=\u00bbdefault\u00bb custom_trigger_button=\u00bbon\u00bb trigger_button_font=\u00bb|600|||||||\u00bb trigger_button_use_icon=\u00bboff\u00bb trigger_button_custom_padding=\u00bb1.3em||1.3em||true|false\u00bb text_orientation=\u00bbleft\u00bb global_colors_info=\u00bb{}\u00bb]<\/p>\n<p class=\"wpcf7-contact-form-not-found\"><strong>Error:<\/strong> Formulario de contacto no encontrado.<\/p>\n<p>[\/dipl_modal][et_pb_button button_url=\u00bbmailto:customerservice@devinanais.com\u00bb url_new_window=\u00bbon\u00bb button_text=\u00bbM\u00c1S INFORMACI\u00d3N\u00bb button_alignment_tablet=\u00bb\u00bb button_alignment_phone=\u00bbcenter\u00bb button_alignment_last_edited=\u00bbon|phone\u00bb _builder_version=\u00bb4.21.0&#8243; _module_preset=\u00bbdefault\u00bb custom_button=\u00bbon\u00bb button_font=\u00bb|600|||||||\u00bb button_use_icon=\u00bboff\u00bb custom_padding=\u00bb|4.1em||4.1em|false|true\u00bb custom_padding_tablet=\u00bb|5.5em||5.5em|false|true\u00bb custom_padding_phone=\u00bb|5em||5em|false|true\u00bb custom_padding_last_edited=\u00bbon|phone\u00bb global_colors_info=\u00bb{}\u00bb][\/et_pb_button][\/et_pb_column][et_pb_column type=\u00bb1_2&#8243; _builder_version=\u00bb4.21.0&#8243; _module_preset=\u00bbdefault\u00bb global_colors_info=\u00bb{}\u00bb][\/et_pb_column][\/et_pb_row][\/et_pb_section]<\/p>\n","protected":false},"excerpt":{"rendered":"<p>La nueva propuesta de Devina Nais lleva tambi\u00e9n a la zona de noche, su interpretaci\u00f3n de los muebles de madera.La nueva propuesta de Devina Nais lleva tambi\u00e9n a la zona de noche, su interpretaci\u00f3n de los muebles de madera.VISTA PREVIA \u2013 Crossover Night &amp; BathroomLos avances de las nuevas propuestas de Devina NaisHemos traducido en [&hellip;]<\/p>\n","protected":false},"author":159,"featured_media":0,"parent":0,"menu_order":0,"comment_status":"closed","ping_status":"closed","template":"","meta":{"_et_pb_use_builder":"on","_et_pb_old_content":"","_et_gb_content_width":"","footnotes":""},"class_list":["post-21049","page","type-page","status-publish","hentry"],"acf":[],"yoast_head":"<!-- This site is optimized with the Yoast SEO plugin v26.2 - https:\/\/yoast.com\/wordpress\/plugins\/seo\/ -->\n<title>Capsule Crossover Night and Bathroom - DevinaNais<\/title>\n<meta name=\"robots\" content=\"index, follow, max-snippet:-1, max-image-preview:large, max-video-preview:-1\" \/>\n<link rel=\"canonical\" href=\"https:\/\/www.devinanais.com\/capsule-crossover-night-and-bathroom\/\" \/>\n<meta property=\"og:locale\" content=\"es_ES\" \/>\n<meta property=\"og:type\" content=\"article\" \/>\n<meta property=\"og:title\" content=\"Capsule Crossover Night and Bathroom - DevinaNais\" \/>\n<meta property=\"og:description\" content=\"La nueva propuesta de Devina Nais lleva tambi\u00e9n a la zona de noche, su interpretaci\u00f3n de los muebles de madera.La nueva propuesta de Devina Nais lleva tambi\u00e9n a la zona de noche, su interpretaci\u00f3n de los muebles de madera.VISTA PREVIA \u2013 Crossover Night &amp; BathroomLos avances de las nuevas propuestas de Devina NaisHemos traducido en [&hellip;]\" \/>\n<meta property=\"og:url\" content=\"https:\/\/www.devinanais.com\/capsule-crossover-night-and-bathroom\/\" \/>\n<meta property=\"og:site_name\" content=\"DevinaNais\" \/>\n<meta property=\"article:modified_time\" content=\"2023-06-13T08:22:58+00:00\" \/>\n<meta name=\"twitter:card\" content=\"summary_large_image\" \/>\n<meta name=\"twitter:label1\" content=\"Tiempo de lectura\" \/>\n\t<meta name=\"twitter:data1\" content=\"3 minutos\" \/>\n<script type=\"application\/ld+json\" class=\"yoast-schema-graph\">{\"@context\":\"https:\/\/schema.org\",\"@graph\":[{\"@type\":\"WebPage\",\"@id\":\"https:\/\/www.devinanais.com\/capsule-crossover-night-and-bathroom\/\",\"url\":\"https:\/\/www.devinanais.com\/capsule-crossover-night-and-bathroom\/\",\"name\":\"Capsule Crossover Night and Bathroom - DevinaNais\",\"isPartOf\":{\"@id\":\"https:\/\/www.devinanais.com\/#website\"},\"datePublished\":\"2023-06-09T08:54:05+00:00\",\"dateModified\":\"2023-06-13T08:22:58+00:00\",\"breadcrumb\":{\"@id\":\"https:\/\/www.devinanais.com\/capsule-crossover-night-and-bathroom\/#breadcrumb\"},\"inLanguage\":\"es\",\"potentialAction\":[{\"@type\":\"ReadAction\",\"target\":[\"https:\/\/www.devinanais.com\/capsule-crossover-night-and-bathroom\/\"]}]},{\"@type\":\"BreadcrumbList\",\"@id\":\"https:\/\/www.devinanais.com\/capsule-crossover-night-and-bathroom\/#breadcrumb\",\"itemListElement\":[{\"@type\":\"ListItem\",\"position\":1,\"name\":\"Home\",\"item\":\"https:\/\/www.devinanais.com\/es\/\"},{\"@type\":\"ListItem\",\"position\":2,\"name\":\"Capsule Crossover Night and Bathroom\"}]},{\"@type\":\"WebSite\",\"@id\":\"https:\/\/www.devinanais.com\/#website\",\"url\":\"https:\/\/www.devinanais.com\/\",\"name\":\"DevinaNais\",\"description\":\"\",\"potentialAction\":[{\"@type\":\"SearchAction\",\"target\":{\"@type\":\"EntryPoint\",\"urlTemplate\":\"https:\/\/www.devinanais.com\/?s={search_term_string}\"},\"query-input\":{\"@type\":\"PropertyValueSpecification\",\"valueRequired\":true,\"valueName\":\"search_term_string\"}}],\"inLanguage\":\"es\"}]}<\/script>\n<!-- \/ Yoast SEO plugin. -->","yoast_head_json":{"title":"Capsule Crossover Night and Bathroom - DevinaNais","robots":{"index":"index","follow":"follow","max-snippet":"max-snippet:-1","max-image-preview":"max-image-preview:large","max-video-preview":"max-video-preview:-1"},"canonical":"https:\/\/www.devinanais.com\/capsule-crossover-night-and-bathroom\/","og_locale":"es_ES","og_type":"article","og_title":"Capsule Crossover Night and Bathroom - DevinaNais","og_description":"La nueva propuesta de Devina Nais lleva tambi\u00e9n a la zona de noche, su interpretaci\u00f3n de los muebles de madera.La nueva propuesta de Devina Nais lleva tambi\u00e9n a la zona de noche, su interpretaci\u00f3n de los muebles de madera.VISTA PREVIA \u2013 Crossover Night &amp; BathroomLos avances de las nuevas propuestas de Devina NaisHemos traducido en [&hellip;]","og_url":"https:\/\/www.devinanais.com\/capsule-crossover-night-and-bathroom\/","og_site_name":"DevinaNais","article_modified_time":"2023-06-13T08:22:58+00:00","twitter_card":"summary_large_image","twitter_misc":{"Tiempo de lectura":"3 minutos"},"schema":{"@context":"https:\/\/schema.org","@graph":[{"@type":"WebPage","@id":"https:\/\/www.devinanais.com\/capsule-crossover-night-and-bathroom\/","url":"https:\/\/www.devinanais.com\/capsule-crossover-night-and-bathroom\/","name":"Capsule Crossover Night and Bathroom - DevinaNais","isPartOf":{"@id":"https:\/\/www.devinanais.com\/#website"},"datePublished":"2023-06-09T08:54:05+00:00","dateModified":"2023-06-13T08:22:58+00:00","breadcrumb":{"@id":"https:\/\/www.devinanais.com\/capsule-crossover-night-and-bathroom\/#breadcrumb"},"inLanguage":"es","potentialAction":[{"@type":"ReadAction","target":["https:\/\/www.devinanais.com\/capsule-crossover-night-and-bathroom\/"]}]},{"@type":"BreadcrumbList","@id":"https:\/\/www.devinanais.com\/capsule-crossover-night-and-bathroom\/#breadcrumb","itemListElement":[{"@type":"ListItem","position":1,"name":"Home","item":"https:\/\/www.devinanais.com\/es\/"},{"@type":"ListItem","position":2,"name":"Capsule Crossover Night and Bathroom"}]},{"@type":"WebSite","@id":"https:\/\/www.devinanais.com\/#website","url":"https:\/\/www.devinanais.com\/","name":"DevinaNais","description":"","potentialAction":[{"@type":"SearchAction","target":{"@type":"EntryPoint","urlTemplate":"https:\/\/www.devinanais.com\/?s={search_term_string}"},"query-input":{"@type":"PropertyValueSpecification","valueRequired":true,"valueName":"search_term_string"}}],"inLanguage":"es"}]}},"_links":{"self":[{"href":"https:\/\/www.devinanais.com\/es\/wp-json\/wp\/v2\/pages\/21049","targetHints":{"allow":["GET"]}}],"collection":[{"href":"https:\/\/www.devinanais.com\/es\/wp-json\/wp\/v2\/pages"}],"about":[{"href":"https:\/\/www.devinanais.com\/es\/wp-json\/wp\/v2\/types\/page"}],"author":[{"embeddable":true,"href":"https:\/\/www.devinanais.com\/es\/wp-json\/wp\/v2\/users\/159"}],"replies":[{"embeddable":true,"href":"https:\/\/www.devinanais.com\/es\/wp-json\/wp\/v2\/comments?post=21049"}],"version-history":[{"count":11,"href":"https:\/\/www.devinanais.com\/es\/wp-json\/wp\/v2\/pages\/21049\/revisions"}],"predecessor-version":[{"id":21130,"href":"https:\/\/www.devinanais.com\/es\/wp-json\/wp\/v2\/pages\/21049\/revisions\/21130"}],"wp:attachment":[{"href":"https:\/\/www.devinanais.com\/es\/wp-json\/wp\/v2\/media?parent=21049"}],"curies":[{"name":"wp","href":"https:\/\/api.w.org\/{rel}","templated":true}]}}