{"id":29157,"date":"2023-10-05T17:06:50","date_gmt":"2023-10-05T15:06:50","guid":{"rendered":"https:\/\/www.devinanais.com\/?page_id=29157"},"modified":"2023-10-16T17:45:32","modified_gmt":"2023-10-16T15:45:32","slug":"home-concept-devina","status":"publish","type":"page","link":"https:\/\/www.devinanais.com\/es\/home-concept-devina\/","title":{"rendered":"Home Concept Devina Nais"},"content":{"rendered":"<p>[et_pb_section fb_built=\u00bb1&#8243; _builder_version=\u00bb4.21.0&#8243; _module_preset=\u00bbdefault\u00bb custom_padding=\u00bb||0px||false|false\u00bb global_colors_info=\u00bb{}\u00bb][et_pb_row column_structure=\u00bb1_2,1_2&#8243; _builder_version=\u00bb4.22.2&#8243; _module_preset=\u00bbdefault\u00bb custom_padding=\u00bb0px||0px||true|false\u00bb global_colors_info=\u00bb{}\u00bb][et_pb_column type=\u00bb1_2&#8243; _builder_version=\u00bb4.22.2&#8243; _module_preset=\u00bbdefault\u00bb global_colors_info=\u00bb{}\u00bb][et_pb_image src=\u00bbhttps:\/\/www.devinanais.com\/wp-content\/uploads\/2023\/06\/logo-homeconcept.png\u00bb title_text=\u00bblogo-homeconcept\u00bb _builder_version=\u00bb4.22.2&#8243; _module_preset=\u00bbdefault\u00bb max_width=\u00bb300px\u00bb global_colors_info=\u00bb{}\u00bb][\/et_pb_image][\/et_pb_column][et_pb_column type=\u00bb1_2&#8243; _builder_version=\u00bb4.22.2&#8243; _module_preset=\u00bbdefault\u00bb global_colors_info=\u00bb{}\u00bb][\/et_pb_column][\/et_pb_row][et_pb_row column_structure=\u00bb1_2,1_2&#8243; make_equal=\u00bbon\u00bb _builder_version=\u00bb4.22.2&#8243; _module_preset=\u00bbdefault\u00bb custom_margin=\u00bb||20px||false|false\u00bb custom_padding=\u00bb||40px||false|false\u00bb border_width_bottom=\u00bb2px\u00bb border_color_bottom=\u00bb#111111&#8243; global_colors_info=\u00bb{}\u00bb][et_pb_column type=\u00bb1_2&#8243; _builder_version=\u00bb4.22.2&#8243; _module_preset=\u00bbdefault\u00bb global_colors_info=\u00bb{}\u00bb][et_pb_image src=\u00bbhttps:\/\/www.devinanais.com\/wp-content\/uploads\/2023\/09\/home-concept-new-main.jpg\u00bb title_text=\u00bbhome-concept-new-main\u00bb _builder_version=\u00bb4.22.2&#8243; _module_preset=\u00bbdefault\u00bb global_colors_info=\u00bb{}\u00bb][\/et_pb_image][\/et_pb_column][et_pb_column type=\u00bb1_2&#8243; _builder_version=\u00bb4.22.2&#8243; _module_preset=\u00bbdefault\u00bb global_colors_info=\u00bb{}\u00bb][et_pb_text module_class=\u00bbtesto-paragrafo\u00bb _builder_version=\u00bb4.22.2&#8243; _module_preset=\u00bbdefault\u00bb custom_padding=\u00bb|||0px|false|false\u00bb hover_enabled=\u00bb0&#8243; global_colors_info=\u00bb{}\u00bb sticky_enabled=\u00bb0&#8243;]<\/p>\n<p style=\"text-align: left\">Devina Nais ha emprendido un camino que llevar\u00e1 a la marca a firmar con su estilo todos los ambientes de la casa. No m\u00e1s solo living, no m\u00e1s solo madera maciza: el equipo ha ampliado sus horizontes y ha creado una propuesta completa que interpreta diferentes materiales y se declina a 360 grados en el espacio dom\u00e9stico.<\/p>\n<p>Una propuesta de decoraci\u00f3n coordinada y arm\u00f3nica, para una visi\u00f3n de interiorismo que abarca toda la casa.<\/p>\n<p>Ven a descubrir el proyecto en las tiendas participantes: los encontrar\u00e1s en el mapa con el icono DN Home Concept.<\/p>\n<p>&nbsp;<\/p>\n<p>[\/et_pb_text][et_pb_button button_text=\u00bbCerca i punti vendita\u00bb _builder_version=\u00bb4.22.2&#8243; _module_preset=\u00bbdefault\u00bb positioning=\u00bbabsolute\u00bb position_origin_a=\u00bbbottom_left\u00bb global_colors_info=\u00bb{}\u00bb][\/et_pb_button][\/et_pb_column][\/et_pb_row][et_pb_row _builder_version=\u00bb4.22.2&#8243; _module_preset=\u00bbdefault\u00bb custom_padding=\u00bb||||false|false\u00bb global_colors_info=\u00bb{}\u00bb][et_pb_column type=\u00bb4_4&#8243; _builder_version=\u00bb4.21.0&#8243; _module_preset=\u00bbdefault\u00bb global_colors_info=\u00bb{}\u00bb][dipl_image_card_carousel cards_per_slide=\u00bb4&#8243; slides_per_group=\u00bb4&#8243; equalize_slides_height=\u00bbon\u00bb slider_loop=\u00bbon\u00bb autoplay=\u00bboff\u00bb show_arrow=\u00bbon\u00bb previous_slide_arrow=\u00bb&#x34;||divi||400&#8243; next_slide_arrow=\u00bb&#x35;||divi||400&#8243; arrows_custom_padding=\u00bb5px|5px|5px|5px|true|true\u00bb arrow_font_size=\u00bb30px\u00bb arrow_color=\u00bb#FFFFFF\u00bb arrow_background_color=\u00bb#111111&#8243; icon_color=\u00bb#111111&#8243; cards_per_slide_tablet=\u00bb2&#8243; cards_per_slide_phone=\u00bb1&#8243; cards_per_slide_last_edited=\u00bbon|desktop\u00bb slides_per_group_tablet=\u00bb2&#8243; slides_per_group_phone=\u00bb1&#8243; slides_per_group_last_edited=\u00bbon|phone\u00bb module_class=\u00bbhome-concept-carousel\u00bb _builder_version=\u00bb4.22.2&#8243; _module_preset=\u00bbdefault\u00bb global_colors_info=\u00bb{}\u00bb][dipl_image_card_carousel_item image=\u00bbhttps:\/\/www.devinanais.com\/wp-content\/uploads\/2023\/10\/HC-CARELLATA.jpg\u00bb _builder_version=\u00bb4.22.2&#8243; _module_preset=\u00bbdefault\u00bb global_colors_info=\u00bb{}\u00bb][\/dipl_image_card_carousel_item][dipl_image_card_carousel_item image=\u00bbhttps:\/\/www.devinanais.com\/wp-content\/uploads\/2023\/10\/HC-CARELLATA2.jpg\u00bb _builder_version=\u00bb4.22.2&#8243; _module_preset=\u00bbdefault\u00bb global_colors_info=\u00bb{}\u00bb][\/dipl_image_card_carousel_item][dipl_image_card_carousel_item image=\u00bbhttps:\/\/www.devinanais.com\/wp-content\/uploads\/2023\/10\/HC-CARELLATA3.jpg\u00bb _builder_version=\u00bb4.22.2&#8243; _module_preset=\u00bbdefault\u00bb global_colors_info=\u00bb{}\u00bb][\/dipl_image_card_carousel_item][dipl_image_card_carousel_item image=\u00bbhttps:\/\/www.devinanais.com\/wp-content\/uploads\/2023\/10\/HC-CARELLATA4.jpg\u00bb _builder_version=\u00bb4.22.2&#8243; _module_preset=\u00bbdefault\u00bb global_colors_info=\u00bb{}\u00bb][\/dipl_image_card_carousel_item][dipl_image_card_carousel_item image=\u00bbhttps:\/\/www.devinanais.com\/wp-content\/uploads\/2023\/10\/HC-CARELLATA5.jpg\u00bb _builder_version=\u00bb4.22.2&#8243; _module_preset=\u00bbdefault\u00bb global_colors_info=\u00bb{}\u00bb][\/dipl_image_card_carousel_item][dipl_image_card_carousel_item image=\u00bbhttps:\/\/www.devinanais.com\/wp-content\/uploads\/2023\/10\/HC-CARELLATA6.jpg\u00bb _builder_version=\u00bb4.22.2&#8243; _module_preset=\u00bbdefault\u00bb global_colors_info=\u00bb{}\u00bb][\/dipl_image_card_carousel_item][dipl_image_card_carousel_item image=\u00bbhttps:\/\/www.devinanais.com\/wp-content\/uploads\/2023\/10\/HC-CARELLATA7.jpg\u00bb _builder_version=\u00bb4.22.2&#8243; _module_preset=\u00bbdefault\u00bb global_colors_info=\u00bb{}\u00bb][\/dipl_image_card_carousel_item][dipl_image_card_carousel_item image=\u00bbhttps:\/\/www.devinanais.com\/wp-content\/uploads\/2023\/10\/HC-CARELLATA8.jpg\u00bb _builder_version=\u00bb4.22.2&#8243; _module_preset=\u00bbdefault\u00bb global_colors_info=\u00bb{}\u00bb][\/dipl_image_card_carousel_item][dipl_image_card_carousel_item image=\u00bbhttps:\/\/www.devinanais.com\/wp-content\/uploads\/2023\/10\/HC-CARELLATA9.jpg\u00bb _builder_version=\u00bb4.22.2&#8243; _module_preset=\u00bbdefault\u00bb global_colors_info=\u00bb{}\u00bb][\/dipl_image_card_carousel_item][dipl_image_card_carousel_item image=\u00bbhttps:\/\/www.devinanais.com\/wp-content\/uploads\/2023\/10\/HC-CARELLATA10.jpg\u00bb _builder_version=\u00bb4.22.2&#8243; _module_preset=\u00bbdefault\u00bb global_colors_info=\u00bb{}\u00bb][\/dipl_image_card_carousel_item][dipl_image_card_carousel_item image=\u00bbhttps:\/\/www.devinanais.com\/wp-content\/uploads\/2023\/10\/HC-CARELLATA11.jpg\u00bb _builder_version=\u00bb4.22.2&#8243; _module_preset=\u00bbdefault\u00bb global_colors_info=\u00bb{}\u00bb][\/dipl_image_card_carousel_item][dipl_image_card_carousel_item image=\u00bbhttps:\/\/www.devinanais.com\/wp-content\/uploads\/2023\/10\/HC-CARELLATA12.jpg\u00bb _builder_version=\u00bb4.22.2&#8243; _module_preset=\u00bbdefault\u00bb global_colors_info=\u00bb{}\u00bb][\/dipl_image_card_carousel_item][dipl_image_card_carousel_item image=\u00bbhttps:\/\/www.devinanais.com\/wp-content\/uploads\/2023\/10\/HC-CARELLATA13.jpg\u00bb _builder_version=\u00bb4.22.2&#8243; _module_preset=\u00bbdefault\u00bb global_colors_info=\u00bb{}\u00bb][\/dipl_image_card_carousel_item][dipl_image_card_carousel_item image=\u00bbhttps:\/\/www.devinanais.com\/wp-content\/uploads\/2023\/10\/HC-CARELLATA14.jpg\u00bb _builder_version=\u00bb4.22.2&#8243; _module_preset=\u00bbdefault\u00bb global_colors_info=\u00bb{}\u00bb][\/dipl_image_card_carousel_item][\/dipl_image_card_carousel][\/et_pb_column][\/et_pb_row][\/et_pb_section]<\/p>\n","protected":false},"excerpt":{"rendered":"<p>Devina Nais ha emprendido un camino que llevar\u00e1 a la marca a firmar con su estilo todos los ambientes de la casa. No m\u00e1s solo living, no m\u00e1s solo madera maciza: el equipo ha ampliado sus horizontes y ha creado una propuesta completa que interpreta diferentes materiales y se declina a 360 grados en el [&hellip;]<\/p>\n","protected":false},"author":159,"featured_media":0,"parent":0,"menu_order":0,"comment_status":"closed","ping_status":"closed","template":"","meta":{"_et_pb_use_builder":"on","_et_pb_old_content":"<p>[et_pb_section fb_built=\"1\" _builder_version=\"4.21.0\" _module_preset=\"default\" custom_padding=\"||0px||false|false\" global_colors_info=\"{}\"][et_pb_row column_structure=\"1_2,1_2\" _builder_version=\"4.22.2\" _module_preset=\"default\" custom_padding=\"0px||0px||true|false\" global_colors_info=\"{}\"][et_pb_column type=\"1_2\" _builder_version=\"4.22.2\" _module_preset=\"default\" global_colors_info=\"{}\"][et_pb_image src=\"https:\/\/www.devinanais.com\/wp-content\/uploads\/2023\/06\/logo-homeconcept.png\" title_text=\"logo-homeconcept\" _builder_version=\"4.22.2\" _module_preset=\"default\" max_width=\"300px\" global_colors_info=\"{}\"][\/et_pb_image][\/et_pb_column][et_pb_column type=\"1_2\" _builder_version=\"4.22.2\" _module_preset=\"default\" global_colors_info=\"{}\"][\/et_pb_column][\/et_pb_row][et_pb_row column_structure=\"1_2,1_2\" make_equal=\"on\" _builder_version=\"4.22.2\" _module_preset=\"default\" custom_margin=\"||20px||false|false\" custom_padding=\"||40px||false|false\" border_width_bottom=\"2px\" border_color_bottom=\"#111111\" global_colors_info=\"{}\"][et_pb_column type=\"1_2\" _builder_version=\"4.22.2\" _module_preset=\"default\" global_colors_info=\"{}\"][et_pb_image src=\"https:\/\/www.devinanais.com\/wp-content\/uploads\/2023\/09\/home-concept-new-main.jpg\" title_text=\"home-concept-new-main\" _builder_version=\"4.22.2\" _module_preset=\"default\" global_colors_info=\"{}\"][\/et_pb_image][\/et_pb_column][et_pb_column type=\"1_2\" _builder_version=\"4.22.2\" _module_preset=\"default\" global_colors_info=\"{}\"][et_pb_text module_class=\"testo-paragrafo\" _builder_version=\"4.22.2\" _module_preset=\"default\" custom_padding=\"|||0px|false|false\" global_colors_info=\"{}\"]<\/p><p><strong>Devina Nais<\/strong> ha intrapreso un percorso che porter\u00e0 il brand a firmare con il suo stile tutti gli ambienti della casa. Non pi\u00f9 solo living, non pi\u00f9 solo legno massello: il team ha ampliato i suoi orizzonti e ha creato una proposta completa che interpreta diversi materiali e si declina a 360 gradi nello spazio domestico.<\/p><p>Una proposta d\u2019arredo coordinata e armonica, per una visione di interior design che abbraccia tutta la casa.<\/p><p>[\/et_pb_text][et_pb_button button_text=\"Cerca i punti vendita\" _builder_version=\"4.22.2\" _module_preset=\"default\" positioning=\"absolute\" position_origin_a=\"bottom_left\" global_colors_info=\"{}\"][\/et_pb_button][\/et_pb_column][\/et_pb_row][et_pb_row _builder_version=\"4.22.2\" _module_preset=\"default\" custom_padding=\"||||false|false\" global_colors_info=\"{}\"][et_pb_column type=\"4_4\" _builder_version=\"4.21.0\" _module_preset=\"default\" global_colors_info=\"{}\"][dipl_image_card_carousel cards_per_slide=\"4\" slides_per_group=\"4\" equalize_slides_height=\"on\" slider_loop=\"on\" autoplay=\"off\" show_arrow=\"on\" previous_slide_arrow=\"4||divi||400\" next_slide_arrow=\"5||divi||400\" arrows_custom_padding=\"5px|5px|5px|5px|true|true\" arrow_font_size=\"30px\" arrow_color=\"#FFFFFF\" arrow_background_color=\"#111111\" icon_color=\"#111111\" cards_per_slide_tablet=\"2\" cards_per_slide_phone=\"1\" cards_per_slide_last_edited=\"on|desktop\" slides_per_group_tablet=\"2\" slides_per_group_phone=\"1\" slides_per_group_last_edited=\"on|phone\" module_class=\"home-concept-carousel\" _builder_version=\"4.22.2\" _module_preset=\"default\" hover_enabled=\"0\" global_colors_info=\"{}\" sticky_enabled=\"0\"][dipl_image_card_carousel_item image=\"https:\/\/www.devinanais.com\/wp-content\/uploads\/2023\/10\/HC-CARELLATA.jpg\" _builder_version=\"4.22.2\" _module_preset=\"default\" hover_enabled=\"0\" global_colors_info=\"{}\" title_text=\"HC CARELLATA\" sticky_enabled=\"0\"][\/dipl_image_card_carousel_item][dipl_image_card_carousel_item image=\"https:\/\/www.devinanais.com\/wp-content\/uploads\/2023\/10\/HC-CARELLATA2.jpg\" _builder_version=\"4.22.2\" _module_preset=\"default\" hover_enabled=\"0\" global_colors_info=\"{}\" title_text=\"HC CARELLATA2\" sticky_enabled=\"0\"][\/dipl_image_card_carousel_item][dipl_image_card_carousel_item image=\"https:\/\/www.devinanais.com\/wp-content\/uploads\/2023\/10\/HC-CARELLATA3.jpg\" _builder_version=\"4.22.2\" _module_preset=\"default\" hover_enabled=\"0\" global_colors_info=\"{}\" title_text=\"HC CARELLATA3\" sticky_enabled=\"0\"][\/dipl_image_card_carousel_item][dipl_image_card_carousel_item image=\"https:\/\/www.devinanais.com\/wp-content\/uploads\/2023\/10\/HC-CARELLATA4.jpg\" _builder_version=\"4.22.2\" _module_preset=\"default\" hover_enabled=\"0\" global_colors_info=\"{}\" title_text=\"HC CARELLATA4\" sticky_enabled=\"0\"][\/dipl_image_card_carousel_item][dipl_image_card_carousel_item image=\"https:\/\/www.devinanais.com\/wp-content\/uploads\/2023\/10\/HC-CARELLATA5.jpg\" _builder_version=\"4.22.2\" _module_preset=\"default\" hover_enabled=\"0\" global_colors_info=\"{}\" title_text=\"HC CARELLATA5\" sticky_enabled=\"0\"][\/dipl_image_card_carousel_item][dipl_image_card_carousel_item image=\"https:\/\/www.devinanais.com\/wp-content\/uploads\/2023\/10\/HC-CARELLATA6.jpg\" _builder_version=\"4.22.2\" _module_preset=\"default\" hover_enabled=\"0\" global_colors_info=\"{}\" title_text=\"HC CARELLATA6\" sticky_enabled=\"0\"][\/dipl_image_card_carousel_item][dipl_image_card_carousel_item image=\"https:\/\/www.devinanais.com\/wp-content\/uploads\/2023\/10\/HC-CARELLATA7.jpg\" _builder_version=\"4.22.2\" _module_preset=\"default\" hover_enabled=\"0\" global_colors_info=\"{}\" title_text=\"HC CARELLATA7\" sticky_enabled=\"0\"][\/dipl_image_card_carousel_item][dipl_image_card_carousel_item image=\"https:\/\/www.devinanais.com\/wp-content\/uploads\/2023\/10\/HC-CARELLATA8.jpg\" _builder_version=\"4.22.2\" _module_preset=\"default\" hover_enabled=\"0\" global_colors_info=\"{}\" title_text=\"HC CARELLATA8\" sticky_enabled=\"0\"][\/dipl_image_card_carousel_item][dipl_image_card_carousel_item image=\"https:\/\/www.devinanais.com\/wp-content\/uploads\/2023\/10\/HC-CARELLATA9.jpg\" _builder_version=\"4.22.2\" _module_preset=\"default\" hover_enabled=\"0\" global_colors_info=\"{}\" title_text=\"HC CARELLATA9\" sticky_enabled=\"0\"][\/dipl_image_card_carousel_item][dipl_image_card_carousel_item image=\"https:\/\/www.devinanais.com\/wp-content\/uploads\/2023\/10\/HC-CARELLATA10.jpg\" _builder_version=\"4.22.2\" _module_preset=\"default\" hover_enabled=\"0\" global_colors_info=\"{}\" title_text=\"HC CARELLATA10\" sticky_enabled=\"0\"][\/dipl_image_card_carousel_item][dipl_image_card_carousel_item image=\"https:\/\/www.devinanais.com\/wp-content\/uploads\/2023\/10\/HC-CARELLATA11.jpg\" _builder_version=\"4.22.2\" _module_preset=\"default\" hover_enabled=\"0\" global_colors_info=\"{}\" title_text=\"HC CARELLATA11\" sticky_enabled=\"0\"][\/dipl_image_card_carousel_item][dipl_image_card_carousel_item image=\"https:\/\/www.devinanais.com\/wp-content\/uploads\/2023\/10\/HC-CARELLATA12.jpg\" _builder_version=\"4.22.2\" _module_preset=\"default\" hover_enabled=\"0\" global_colors_info=\"{}\" title_text=\"HC CARELLATA12\" sticky_enabled=\"0\"][\/dipl_image_card_carousel_item][dipl_image_card_carousel_item image=\"https:\/\/www.devinanais.com\/wp-content\/uploads\/2023\/10\/HC-CARELLATA13.jpg\" _builder_version=\"4.22.2\" _module_preset=\"default\" hover_enabled=\"0\" global_colors_info=\"{}\" title_text=\"HC CARELLATA13\" sticky_enabled=\"0\"][\/dipl_image_card_carousel_item][dipl_image_card_carousel_item image=\"https:\/\/www.devinanais.com\/wp-content\/uploads\/2023\/10\/HC-CARELLATA14.jpg\" _builder_version=\"4.22.2\" _module_preset=\"default\" hover_enabled=\"0\" global_colors_info=\"{}\" title_text=\"HC CARELLATA14\" sticky_enabled=\"0\"][\/dipl_image_card_carousel_item][\/dipl_image_card_carousel][\/et_pb_column][\/et_pb_row][\/et_pb_section]<\/p>","_et_gb_content_width":"","footnotes":""},"class_list":["post-29157","page","type-page","status-publish","hentry"],"acf":[],"yoast_head":"<!-- This site is optimized with the Yoast SEO plugin v26.2 - https:\/\/yoast.com\/wordpress\/plugins\/seo\/ -->\n<title>Home Concept Devina Nais - DevinaNais<\/title>\n<meta name=\"robots\" content=\"index, follow, max-snippet:-1, max-image-preview:large, max-video-preview:-1\" \/>\n<link rel=\"canonical\" href=\"https:\/\/www.devinanais.com\/es\/home-concept-devina\/\" \/>\n<meta property=\"og:locale\" content=\"es_ES\" \/>\n<meta property=\"og:type\" content=\"article\" \/>\n<meta property=\"og:title\" content=\"Home Concept Devina Nais - DevinaNais\" \/>\n<meta property=\"og:description\" content=\"Devina Nais ha emprendido un camino que llevar\u00e1 a la marca a firmar con su estilo todos los ambientes de la casa. No m\u00e1s solo living, no m\u00e1s solo madera maciza: el equipo ha ampliado sus horizontes y ha creado una propuesta completa que interpreta diferentes materiales y se declina a 360 grados en el [&hellip;]\" \/>\n<meta property=\"og:url\" content=\"https:\/\/www.devinanais.com\/es\/home-concept-devina\/\" \/>\n<meta property=\"og:site_name\" content=\"DevinaNais\" \/>\n<meta property=\"article:modified_time\" content=\"2023-10-16T15:45:32+00:00\" \/>\n<meta name=\"twitter:card\" content=\"summary_large_image\" \/>\n<meta name=\"twitter:label1\" content=\"Tiempo de lectura\" \/>\n\t<meta name=\"twitter:data1\" content=\"2 minutos\" \/>\n<script type=\"application\/ld+json\" class=\"yoast-schema-graph\">{\"@context\":\"https:\/\/schema.org\",\"@graph\":[{\"@type\":\"WebPage\",\"@id\":\"https:\/\/www.devinanais.com\/es\/home-concept-devina\/\",\"url\":\"https:\/\/www.devinanais.com\/es\/home-concept-devina\/\",\"name\":\"Home Concept Devina Nais - DevinaNais\",\"isPartOf\":{\"@id\":\"https:\/\/www.devinanais.com\/#website\"},\"datePublished\":\"2023-10-05T15:06:50+00:00\",\"dateModified\":\"2023-10-16T15:45:32+00:00\",\"breadcrumb\":{\"@id\":\"https:\/\/www.devinanais.com\/es\/home-concept-devina\/#breadcrumb\"},\"inLanguage\":\"es\",\"potentialAction\":[{\"@type\":\"ReadAction\",\"target\":[\"https:\/\/www.devinanais.com\/es\/home-concept-devina\/\"]}]},{\"@type\":\"BreadcrumbList\",\"@id\":\"https:\/\/www.devinanais.com\/es\/home-concept-devina\/#breadcrumb\",\"itemListElement\":[{\"@type\":\"ListItem\",\"position\":1,\"name\":\"Home\",\"item\":\"https:\/\/www.devinanais.com\/es\/\"},{\"@type\":\"ListItem\",\"position\":2,\"name\":\"Home Concept Devina Nais\"}]},{\"@type\":\"WebSite\",\"@id\":\"https:\/\/www.devinanais.com\/#website\",\"url\":\"https:\/\/www.devinanais.com\/\",\"name\":\"DevinaNais\",\"description\":\"\",\"potentialAction\":[{\"@type\":\"SearchAction\",\"target\":{\"@type\":\"EntryPoint\",\"urlTemplate\":\"https:\/\/www.devinanais.com\/?s={search_term_string}\"},\"query-input\":{\"@type\":\"PropertyValueSpecification\",\"valueRequired\":true,\"valueName\":\"search_term_string\"}}],\"inLanguage\":\"es\"}]}<\/script>\n<!-- \/ Yoast SEO plugin. -->","yoast_head_json":{"title":"Home Concept Devina Nais - DevinaNais","robots":{"index":"index","follow":"follow","max-snippet":"max-snippet:-1","max-image-preview":"max-image-preview:large","max-video-preview":"max-video-preview:-1"},"canonical":"https:\/\/www.devinanais.com\/es\/home-concept-devina\/","og_locale":"es_ES","og_type":"article","og_title":"Home Concept Devina Nais - DevinaNais","og_description":"Devina Nais ha emprendido un camino que llevar\u00e1 a la marca a firmar con su estilo todos los ambientes de la casa. No m\u00e1s solo living, no m\u00e1s solo madera maciza: el equipo ha ampliado sus horizontes y ha creado una propuesta completa que interpreta diferentes materiales y se declina a 360 grados en el [&hellip;]","og_url":"https:\/\/www.devinanais.com\/es\/home-concept-devina\/","og_site_name":"DevinaNais","article_modified_time":"2023-10-16T15:45:32+00:00","twitter_card":"summary_large_image","twitter_misc":{"Tiempo de lectura":"2 minutos"},"schema":{"@context":"https:\/\/schema.org","@graph":[{"@type":"WebPage","@id":"https:\/\/www.devinanais.com\/es\/home-concept-devina\/","url":"https:\/\/www.devinanais.com\/es\/home-concept-devina\/","name":"Home Concept Devina Nais - DevinaNais","isPartOf":{"@id":"https:\/\/www.devinanais.com\/#website"},"datePublished":"2023-10-05T15:06:50+00:00","dateModified":"2023-10-16T15:45:32+00:00","breadcrumb":{"@id":"https:\/\/www.devinanais.com\/es\/home-concept-devina\/#breadcrumb"},"inLanguage":"es","potentialAction":[{"@type":"ReadAction","target":["https:\/\/www.devinanais.com\/es\/home-concept-devina\/"]}]},{"@type":"BreadcrumbList","@id":"https:\/\/www.devinanais.com\/es\/home-concept-devina\/#breadcrumb","itemListElement":[{"@type":"ListItem","position":1,"name":"Home","item":"https:\/\/www.devinanais.com\/es\/"},{"@type":"ListItem","position":2,"name":"Home Concept Devina Nais"}]},{"@type":"WebSite","@id":"https:\/\/www.devinanais.com\/#website","url":"https:\/\/www.devinanais.com\/","name":"DevinaNais","description":"","potentialAction":[{"@type":"SearchAction","target":{"@type":"EntryPoint","urlTemplate":"https:\/\/www.devinanais.com\/?s={search_term_string}"},"query-input":{"@type":"PropertyValueSpecification","valueRequired":true,"valueName":"search_term_string"}}],"inLanguage":"es"}]}},"_links":{"self":[{"href":"https:\/\/www.devinanais.com\/es\/wp-json\/wp\/v2\/pages\/29157","targetHints":{"allow":["GET"]}}],"collection":[{"href":"https:\/\/www.devinanais.com\/es\/wp-json\/wp\/v2\/pages"}],"about":[{"href":"https:\/\/www.devinanais.com\/es\/wp-json\/wp\/v2\/types\/page"}],"author":[{"embeddable":true,"href":"https:\/\/www.devinanais.com\/es\/wp-json\/wp\/v2\/users\/159"}],"replies":[{"embeddable":true,"href":"https:\/\/www.devinanais.com\/es\/wp-json\/wp\/v2\/comments?post=29157"}],"version-history":[{"count":4,"href":"https:\/\/www.devinanais.com\/es\/wp-json\/wp\/v2\/pages\/29157\/revisions"}],"predecessor-version":[{"id":30567,"href":"https:\/\/www.devinanais.com\/es\/wp-json\/wp\/v2\/pages\/29157\/revisions\/30567"}],"wp:attachment":[{"href":"https:\/\/www.devinanais.com\/es\/wp-json\/wp\/v2\/media?parent=29157"}],"curies":[{"name":"wp","href":"https:\/\/api.w.org\/{rel}","templated":true}]}}