{"id":29802,"date":"2023-09-21T16:50:57","date_gmt":"2023-09-21T14:50:57","guid":{"rendered":"https:\/\/www.devinanais.com\/showroom\/"},"modified":"2023-10-16T15:44:40","modified_gmt":"2023-10-16T13:44:40","slug":"showroom","status":"publish","type":"page","link":"https:\/\/www.devinanais.com\/es\/showroom\/","title":{"rendered":"Showroom"},"content":{"rendered":"<p>[et_pb_section fb_built=\u00bb1&#8243; _builder_version=\u00bb4.22.1&#8243; _module_preset=\u00bbdefault\u00bb global_colors_info=\u00bb{}\u00bb][et_pb_row column_structure=\u00bb1_2,1_2&#8243; use_custom_gutter=\u00bbon\u00bb gutter_width=\u00bb4&#8243; _builder_version=\u00bb4.22.1&#8243; _module_preset=\u00bbdefault\u00bb global_colors_info=\u00bb{}\u00bb][et_pb_column type=\u00bb1_2&#8243; _builder_version=\u00bb4.22.1&#8243; _module_preset=\u00bbdefault\u00bb global_colors_info=\u00bb{}\u00bb][et_pb_text _builder_version=\u00bb4.22.2&#8243; _module_preset=\u00bbdefault\u00bb header_2_font=\u00bb|||on|||||\u00bb header_5_font=\u00bb|300|||||||\u00bb custom_margin=\u00bb||20px||false|false\u00bb global_colors_info=\u00bb{}\u00bb]<\/p>\n<h2>Showroom<\/h2>\n<p>[\/et_pb_text][et_pb_image src=\u00bbhttps:\/\/www.devinanais.com\/wp-content\/uploads\/2023\/09\/showroom-main.jpg\u00bb title_text=\u00bbshowroom-main\u00bb _builder_version=\u00bb4.22.1&#8243; _module_preset=\u00bbdefault\u00bb max_width=\u00bb450px\u00bb global_colors_info=\u00bb{}\u00bb][\/et_pb_image][\/et_pb_column][et_pb_column type=\u00bb1_2&#8243; _builder_version=\u00bb4.22.1&#8243; _module_preset=\u00bbdefault\u00bb global_colors_info=\u00bb{}\u00bb][et_pb_text _builder_version=\u00bb4.22.1&#8243; _module_preset=\u00bbdefault\u00bb header_5_font=\u00bb|300|||||||\u00bb global_colors_info=\u00bb{}\u00bb]<\/p>\n<h5>Project \/ <strong>DN HOME CONCEPT<\/strong><\/h5>\n<p>[\/et_pb_text][et_pb_text _builder_version=\u00bb4.22.2&#8243; _module_preset=\u00bbdefault\u00bb global_colors_info=\u00bb{}\u00bb]<\/p>\n<p>Devina Nais ha emprendido un camino que llevar\u00e1 a la marca a firmar con su estilo todos los ambientes de la casa. No m\u00e1s solo living, no m\u00e1s solo madera maciza: el equipo ha ampliado sus horizontes y ha creado una propuesta completa que interpreta diferentes materiales y se declina a 360 grados en el espacio dom\u00e9stico.<\/p>\n<p>Devina Nais Home concept es el nombre del proyecto que hemos creado para transmitir esta evoluci\u00f3n &#8211; y sus potencialidades.<\/p>\n<p>Una propuesta de decoraci\u00f3n coordinada y arm\u00f3nica, para una visi\u00f3n de interiorismo que abarca toda la casa.<\/p>\n<p>[\/et_pb_text][\/et_pb_column][\/et_pb_row][et_pb_row _builder_version=\u00bb4.22.1&#8243; _module_preset=\u00bbdefault\u00bb global_colors_info=\u00bb{}\u00bb][et_pb_column type=\u00bb4_4&#8243; _builder_version=\u00bb4.22.1&#8243; _module_preset=\u00bbdefault\u00bb global_colors_info=\u00bb{}\u00bb][dipl_separator seprator_thickness=\u00bb2px\u00bb separator_color=\u00bb#111111&#8243; _builder_version=\u00bb4.22.1&#8243; _module_preset=\u00bbdefault\u00bb global_colors_info=\u00bb{}\u00bb][\/dipl_separator][\/et_pb_column][\/et_pb_row][et_pb_row _builder_version=\u00bb4.22.1&#8243; _module_preset=\u00bbdefault\u00bb global_colors_info=\u00bb{}\u00bb][et_pb_column type=\u00bb4_4&#8243; _builder_version=\u00bb4.22.1&#8243; _module_preset=\u00bbdefault\u00bb global_colors_info=\u00bb{}\u00bb][et_pb_video src=\u00bbhttps:\/\/www.youtube.com\/watch?v=eSo9cxi0IMM\u00bb _builder_version=\u00bb4.22.2&#8243; _module_preset=\u00bbdefault\u00bb global_colors_info=\u00bb{}\u00bb][\/et_pb_video][\/et_pb_column][\/et_pb_row][et_pb_row column_structure=\u00bb1_2,1_2&#8243; _builder_version=\u00bb4.22.1&#8243; _module_preset=\u00bbdefault\u00bb global_colors_info=\u00bb{}\u00bb][et_pb_column type=\u00bb1_2&#8243; _builder_version=\u00bb4.22.1&#8243; _module_preset=\u00bbdefault\u00bb global_colors_info=\u00bb{}\u00bb][et_pb_text _builder_version=\u00bb4.22.2&#8243; _module_preset=\u00bbdefault\u00bb hover_enabled=\u00bb0&#8243; global_colors_info=\u00bb{}\u00bb sticky_enabled=\u00bb0&#8243;]<\/p>\n<p>El showroom est\u00e1 reservado a nuestos colaboradores. Para hacer una visita, te invitamos a venir con un nuestro distribuidor de confianza.<\/p>\n<p>[\/et_pb_text][et_pb_button button_url=\u00bb@ET-DC@eyJkeW5hbWljIjp0cnVlLCJjb250ZW50IjoicG9zdF9saW5rX3VybF9wYWdlIiwic2V0dGluZ3MiOnsicG9zdF9pZCI6IjM0NjYifX0=@\u00bb button_text=\u00bbseleccione un distribuidor\u00bb _builder_version=\u00bb4.22.2&#8243; _dynamic_attributes=\u00bbbutton_url\u00bb _module_preset=\u00bbdefault\u00bb custom_button=\u00bbon\u00bb button_text_color=\u00bb#382F2D\u00bb button_bg_color=\u00bb#FFFFFF\u00bb button_border_width=\u00bb2px\u00bb button_border_color=\u00bb#382F2D\u00bb button_use_icon=\u00bboff\u00bb locked=\u00bboff\u00bb global_colors_info=\u00bb{}\u00bb][\/et_pb_button][\/et_pb_column][et_pb_column type=\u00bb1_2&#8243; _builder_version=\u00bb4.22.1&#8243; _module_preset=\u00bbdefault\u00bb global_colors_info=\u00bb{}\u00bb][\/et_pb_column][\/et_pb_row][\/et_pb_section]<\/p>\n","protected":false},"excerpt":{"rendered":"<p>ShowroomProject \/ DN HOME CONCEPTDevina Nais ha emprendido un camino que llevar\u00e1 a la marca a firmar con su estilo todos los ambientes de la casa. No m\u00e1s solo living, no m\u00e1s solo madera maciza: el equipo ha ampliado sus horizontes y ha creado una propuesta completa que interpreta diferentes materiales y se declina a [&hellip;]<\/p>\n","protected":false},"author":159,"featured_media":0,"parent":0,"menu_order":0,"comment_status":"closed","ping_status":"closed","template":"","meta":{"_et_pb_use_builder":"on","_et_pb_old_content":"","_et_gb_content_width":"","footnotes":""},"class_list":["post-29802","page","type-page","status-publish","hentry"],"acf":[],"yoast_head":"<!-- This site is optimized with the Yoast SEO plugin v26.2 - https:\/\/yoast.com\/wordpress\/plugins\/seo\/ -->\n<title>Showroom - DevinaNais<\/title>\n<meta name=\"robots\" content=\"index, follow, max-snippet:-1, max-image-preview:large, max-video-preview:-1\" \/>\n<link rel=\"canonical\" href=\"https:\/\/www.devinanais.com\/es\/showroom\/\" \/>\n<meta property=\"og:locale\" content=\"es_ES\" \/>\n<meta property=\"og:type\" content=\"article\" \/>\n<meta property=\"og:title\" content=\"Showroom - DevinaNais\" \/>\n<meta property=\"og:description\" content=\"ShowroomProject \/ DN HOME CONCEPTDevina Nais ha emprendido un camino que llevar\u00e1 a la marca a firmar con su estilo todos los ambientes de la casa. No m\u00e1s solo living, no m\u00e1s solo madera maciza: el equipo ha ampliado sus horizontes y ha creado una propuesta completa que interpreta diferentes materiales y se declina a [&hellip;]\" \/>\n<meta property=\"og:url\" content=\"https:\/\/www.devinanais.com\/es\/showroom\/\" \/>\n<meta property=\"og:site_name\" content=\"DevinaNais\" \/>\n<meta property=\"article:modified_time\" content=\"2023-10-16T13:44:40+00:00\" \/>\n<meta name=\"twitter:card\" content=\"summary_large_image\" \/>\n<meta name=\"twitter:label1\" content=\"Tiempo de lectura\" \/>\n\t<meta name=\"twitter:data1\" content=\"2 minutos\" \/>\n<script type=\"application\/ld+json\" class=\"yoast-schema-graph\">{\"@context\":\"https:\/\/schema.org\",\"@graph\":[{\"@type\":\"WebPage\",\"@id\":\"https:\/\/www.devinanais.com\/es\/showroom\/\",\"url\":\"https:\/\/www.devinanais.com\/es\/showroom\/\",\"name\":\"Showroom - DevinaNais\",\"isPartOf\":{\"@id\":\"https:\/\/www.devinanais.com\/#website\"},\"datePublished\":\"2023-09-21T14:50:57+00:00\",\"dateModified\":\"2023-10-16T13:44:40+00:00\",\"breadcrumb\":{\"@id\":\"https:\/\/www.devinanais.com\/es\/showroom\/#breadcrumb\"},\"inLanguage\":\"es\",\"potentialAction\":[{\"@type\":\"ReadAction\",\"target\":[\"https:\/\/www.devinanais.com\/es\/showroom\/\"]}]},{\"@type\":\"BreadcrumbList\",\"@id\":\"https:\/\/www.devinanais.com\/es\/showroom\/#breadcrumb\",\"itemListElement\":[{\"@type\":\"ListItem\",\"position\":1,\"name\":\"Home\",\"item\":\"https:\/\/www.devinanais.com\/es\/\"},{\"@type\":\"ListItem\",\"position\":2,\"name\":\"Showroom\"}]},{\"@type\":\"WebSite\",\"@id\":\"https:\/\/www.devinanais.com\/#website\",\"url\":\"https:\/\/www.devinanais.com\/\",\"name\":\"DevinaNais\",\"description\":\"\",\"potentialAction\":[{\"@type\":\"SearchAction\",\"target\":{\"@type\":\"EntryPoint\",\"urlTemplate\":\"https:\/\/www.devinanais.com\/?s={search_term_string}\"},\"query-input\":{\"@type\":\"PropertyValueSpecification\",\"valueRequired\":true,\"valueName\":\"search_term_string\"}}],\"inLanguage\":\"es\"}]}<\/script>\n<!-- \/ Yoast SEO plugin. -->","yoast_head_json":{"title":"Showroom - DevinaNais","robots":{"index":"index","follow":"follow","max-snippet":"max-snippet:-1","max-image-preview":"max-image-preview:large","max-video-preview":"max-video-preview:-1"},"canonical":"https:\/\/www.devinanais.com\/es\/showroom\/","og_locale":"es_ES","og_type":"article","og_title":"Showroom - DevinaNais","og_description":"ShowroomProject \/ DN HOME CONCEPTDevina Nais ha emprendido un camino que llevar\u00e1 a la marca a firmar con su estilo todos los ambientes de la casa. No m\u00e1s solo living, no m\u00e1s solo madera maciza: el equipo ha ampliado sus horizontes y ha creado una propuesta completa que interpreta diferentes materiales y se declina a [&hellip;]","og_url":"https:\/\/www.devinanais.com\/es\/showroom\/","og_site_name":"DevinaNais","article_modified_time":"2023-10-16T13:44:40+00:00","twitter_card":"summary_large_image","twitter_misc":{"Tiempo de lectura":"2 minutos"},"schema":{"@context":"https:\/\/schema.org","@graph":[{"@type":"WebPage","@id":"https:\/\/www.devinanais.com\/es\/showroom\/","url":"https:\/\/www.devinanais.com\/es\/showroom\/","name":"Showroom - DevinaNais","isPartOf":{"@id":"https:\/\/www.devinanais.com\/#website"},"datePublished":"2023-09-21T14:50:57+00:00","dateModified":"2023-10-16T13:44:40+00:00","breadcrumb":{"@id":"https:\/\/www.devinanais.com\/es\/showroom\/#breadcrumb"},"inLanguage":"es","potentialAction":[{"@type":"ReadAction","target":["https:\/\/www.devinanais.com\/es\/showroom\/"]}]},{"@type":"BreadcrumbList","@id":"https:\/\/www.devinanais.com\/es\/showroom\/#breadcrumb","itemListElement":[{"@type":"ListItem","position":1,"name":"Home","item":"https:\/\/www.devinanais.com\/es\/"},{"@type":"ListItem","position":2,"name":"Showroom"}]},{"@type":"WebSite","@id":"https:\/\/www.devinanais.com\/#website","url":"https:\/\/www.devinanais.com\/","name":"DevinaNais","description":"","potentialAction":[{"@type":"SearchAction","target":{"@type":"EntryPoint","urlTemplate":"https:\/\/www.devinanais.com\/?s={search_term_string}"},"query-input":{"@type":"PropertyValueSpecification","valueRequired":true,"valueName":"search_term_string"}}],"inLanguage":"es"}]}},"_links":{"self":[{"href":"https:\/\/www.devinanais.com\/es\/wp-json\/wp\/v2\/pages\/29802","targetHints":{"allow":["GET"]}}],"collection":[{"href":"https:\/\/www.devinanais.com\/es\/wp-json\/wp\/v2\/pages"}],"about":[{"href":"https:\/\/www.devinanais.com\/es\/wp-json\/wp\/v2\/types\/page"}],"author":[{"embeddable":true,"href":"https:\/\/www.devinanais.com\/es\/wp-json\/wp\/v2\/users\/159"}],"replies":[{"embeddable":true,"href":"https:\/\/www.devinanais.com\/es\/wp-json\/wp\/v2\/comments?post=29802"}],"version-history":[{"count":4,"href":"https:\/\/www.devinanais.com\/es\/wp-json\/wp\/v2\/pages\/29802\/revisions"}],"predecessor-version":[{"id":30563,"href":"https:\/\/www.devinanais.com\/es\/wp-json\/wp\/v2\/pages\/29802\/revisions\/30563"}],"wp:attachment":[{"href":"https:\/\/www.devinanais.com\/es\/wp-json\/wp\/v2\/media?parent=29802"}],"curies":[{"name":"wp","href":"https:\/\/api.w.org\/{rel}","templated":true}]}}