{"id":34385,"date":"2025-04-02T18:02:12","date_gmt":"2025-04-02T16:02:12","guid":{"rendered":"https:\/\/www.devinanais.com\/?page_id=34385"},"modified":"2025-04-02T18:05:38","modified_gmt":"2025-04-02T16:05:38","slug":"concept","status":"publish","type":"page","link":"https:\/\/www.devinanais.com\/es\/concept\/","title":{"rendered":"Concept"},"content":{"rendered":"<p>[et_pb_section fb_built=\u00bb1&#8243; _builder_version=\u00bb4.20.2&#8243; _module_preset=\u00bbdefault\u00bb global_colors_info=\u00bb{}\u00bb][et_pb_row _builder_version=\u00bb4.22.1&#8243; _module_preset=\u00bbdefault\u00bb custom_padding=\u00bb||25px||false|false\u00bb global_colors_info=\u00bb{}\u00bb][et_pb_column type=\u00bb4_4&#8243; _builder_version=\u00bb4.20.2&#8243; _module_preset=\u00bbdefault\u00bb global_colors_info=\u00bb{}\u00bb][et_pb_text _builder_version=\u00bb4.27.4&#8243; _module_preset=\u00bbdefault\u00bb header_font=\u00bb|||on|||||\u00bb header_font_size=\u00bb40px\u00bb custom_margin=\u00bb||1%||false|false\u00bb global_colors_info=\u00bb{}\u00bb]<\/p>\n<h1>DISE\u00d1O DE EMOCIONES<\/h1>\n<p>[\/et_pb_text][et_pb_text _builder_version=\u00bb4.27.4&#8243; _module_preset=\u00bbdefault\u00bb width=\u00bb47%\u00bb global_colors_info=\u00bb{}\u00bb]<\/p>\n<p>Icon\u2019s es una empresa de dise\u00f1o fundada en 2016 con el objetivo de dar rienda suelta a su alma decorativa. En estos a\u00f1os se ha concentrado en la realizaci\u00f3n de productos que tuvieran algo \u00fanico que expresar. Es as\u00ed que logra, a trav\u00e9s de los colores, las personalizaciones gr\u00e1ficas y la investigaci\u00f3n de los materiales, proponer una gama de objetos \u00fanicos, especialmente indicados en el marco del contrato para el equipamiento de hoteles boutique o en el \u00e1mbito privado, Para todos aquellos que quieren tener una pieza \u00fanica dentro de su casa. Este proyecto donde el arte se encuentra con el dise\u00f1o no es m\u00e1s que un acto natural de un proceso de evoluci\u00f3n para una empresa que quiere transferir emociones a trav\u00e9s de lo que realiza.<\/p>\n<p>[\/et_pb_text][\/et_pb_column][\/et_pb_row][et_pb_row _builder_version=\u00bb4.22.1&#8243; _module_preset=\u00bbdefault\u00bb global_colors_info=\u00bb{}\u00bb][et_pb_column type=\u00bb4_4&#8243; _builder_version=\u00bb4.22.1&#8243; _module_preset=\u00bbdefault\u00bb global_colors_info=\u00bb{}\u00bb][dipl_separator seprator_thickness=\u00bb2px\u00bb separator_color=\u00bb#111111&#8243; _builder_version=\u00bb4.22.1&#8243; _module_preset=\u00bbdefault\u00bb global_colors_info=\u00bb{}\u00bb][\/dipl_separator][\/et_pb_column][\/et_pb_row][et_pb_row _builder_version=\u00bb4.21.0&#8243; _module_preset=\u00bbdefault\u00bb custom_padding=\u00bb|0px||||\u00bb global_colors_info=\u00bb{}\u00bb][et_pb_column type=\u00bb4_4&#8243; _builder_version=\u00bb4.21.0&#8243; _module_preset=\u00bbdefault\u00bb global_colors_info=\u00bb{}\u00bb][et_pb_text _builder_version=\u00bb4.27.4&#8243; _module_preset=\u00bbdefault\u00bb header_3_font=\u00bb|||on|||||\u00bb header_3_text_align=\u00bbleft\u00bb header_3_font_size=\u00bb30px\u00bb custom_margin=\u00bb||-2px||false|false\u00bb global_colors_info=\u00bb{}\u00bb]<\/p>\n<h3>EL EVENTO<\/h3>\n<p>[\/et_pb_text][et_pb_text _builder_version=\u00bb4.27.4&#8243; _module_preset=\u00bbdefault\u00bb text_font_size=\u00bb22px\u00bb custom_margin=\u00bb||2%||false|false\u00bb global_colors_info=\u00bb{}\u00bb]<\/p>\n<p>\u201cArt Back Home\u201d<\/p>\n<p>[\/et_pb_text][et_pb_text _builder_version=\u00bb4.27.4&#8243; _module_preset=\u00bbdefault\u00bb text_font_size=\u00bb22px\u00bb header_font=\u00bb|||on|||||\u00bb header_font_size=\u00bb40px\u00bb custom_margin=\u00bb||2%||false|false\u00bb global_colors_info=\u00bb{}\u00bb]<\/p>\n<p>ICON\u2019S MILANO \/ <strong>\u201cArt Back Home\u201d <\/strong> <\/p>\n<p>[\/et_pb_text][et_pb_text _builder_version=\u00bb4.27.4&#8243; _module_preset=\u00bbdefault\u00bb width=\u00bb47%\u00bb custom_padding=\u00bb||||false|false\u00bb global_colors_info=\u00bb{}\u00bb]<\/p>\n<p style=\"text-align: left;\">Se llama Art Back Home y es el proyecto con el que iniciamos un viaje \u00fanico en su tipo de encuentro entre dise\u00f1o y arte, donde las obras del artista Paolo De Biasi encuentran transposici\u00f3n en piezas de mobiliario. El elemento innovador de esta iniciativa radica precisamente en la forma en que se trasladan los cuadros del artista en los dos vol\u00famenes previstos, una vitrina y una despensa, ya que no se trata de reproducir con una impresi\u00f3n el cuadro en el mueble, pero de un verdadero proceso de colocaci\u00f3n, a trav\u00e9s del cual la obra encuentra una nueva clave emocional.<\/p>\n<p>[\/et_pb_text][\/et_pb_column][\/et_pb_row][et_pb_row _builder_version=\u00bb4.22.1&#8243; _module_preset=\u00bbdefault\u00bb global_colors_info=\u00bb{}\u00bb][et_pb_column type=\u00bb4_4&#8243; _builder_version=\u00bb4.22.1&#8243; _module_preset=\u00bbdefault\u00bb global_colors_info=\u00bb{}\u00bb][dipl_separator seprator_thickness=\u00bb2px\u00bb separator_color=\u00bb#111111&#8243; _builder_version=\u00bb4.22.1&#8243; _module_preset=\u00bbdefault\u00bb global_colors_info=\u00bb{}\u00bb][\/dipl_separator][\/et_pb_column][\/et_pb_row][et_pb_row column_structure=\u00bb1_2,1_2&#8243; use_custom_gutter=\u00bbon\u00bb gutter_width=\u00bb2&#8243; _builder_version=\u00bb4.27.4&#8243; _module_preset=\u00bbdefault\u00bb global_colors_info=\u00bb{}\u00bb][et_pb_column type=\u00bb1_2&#8243; _builder_version=\u00bb4.27.4&#8243; _module_preset=\u00bbdefault\u00bb global_colors_info=\u00bb{}\u00bb][et_pb_video src=\u00bbhttps:\/\/youtu.be\/Hupm4MiqLYE?si=MRLY2GRXNGf9sp7f\u00bb _builder_version=\u00bb4.27.4&#8243; _module_preset=\u00bbdefault\u00bb global_colors_info=\u00bb{}\u00bb][\/et_pb_video][\/et_pb_column][et_pb_column type=\u00bb1_2&#8243; _builder_version=\u00bb4.27.4&#8243; _module_preset=\u00bbdefault\u00bb global_colors_info=\u00bb{}\u00bb][et_pb_image src=\u00bbhttps:\/\/www.devinanais.com\/wp-content\/uploads\/2022\/10\/NEWS-THE-EVENT.jpg\u00bb title_text=\u00bbNEWS THE EVENT\u00bb _builder_version=\u00bb4.27.4&#8243; _module_preset=\u00bbdefault\u00bb global_colors_info=\u00bb{}\u00bb][\/et_pb_image][\/et_pb_column][\/et_pb_row][et_pb_row column_structure=\u00bb1_2,1_2&#8243; use_custom_gutter=\u00bbon\u00bb gutter_width=\u00bb2&#8243; _builder_version=\u00bb4.27.4&#8243; _module_preset=\u00bbdefault\u00bb custom_padding=\u00bb0px||||false|false\u00bb global_colors_info=\u00bb{}\u00bb][et_pb_column type=\u00bb1_2&#8243; _builder_version=\u00bb4.27.4&#8243; _module_preset=\u00bbdefault\u00bb global_colors_info=\u00bb{}\u00bb][et_pb_image src=\u00bbhttps:\/\/www.devinanais.com\/wp-content\/uploads\/2022\/10\/NEWS-THE-EVENT-2.jpg\u00bb title_text=\u00bbNEWS THE EVENT 2&#8243; _builder_version=\u00bb4.27.4&#8243; _module_preset=\u00bbdefault\u00bb global_colors_info=\u00bb{}\u00bb][\/et_pb_image][\/et_pb_column][et_pb_column type=\u00bb1_2&#8243; _builder_version=\u00bb4.27.4&#8243; _module_preset=\u00bbdefault\u00bb global_colors_info=\u00bb{}\u00bb][et_pb_image src=\u00bbhttps:\/\/www.devinanais.com\/wp-content\/uploads\/2022\/10\/NEWS-THE-EVENT-3.jpg\u00bb title_text=\u00bbNEWS THE EVENT 3&#8243; _builder_version=\u00bb4.27.4&#8243; _module_preset=\u00bbdefault\u00bb global_colors_info=\u00bb{}\u00bb][\/et_pb_image][\/et_pb_column][\/et_pb_row][et_pb_row column_structure=\u00bb3_5,2_5&#8243; custom_padding_last_edited=\u00bbon|tablet\u00bb _builder_version=\u00bb4.27.4&#8243; _module_preset=\u00bbdefault\u00bb custom_padding_tablet=\u00bb||0px||false|false\u00bb custom_padding_phone=\u00bb||0px||false|false\u00bb global_colors_info=\u00bb{}\u00bb][et_pb_column type=\u00bb3_5&#8243; _builder_version=\u00bb4.27.4&#8243; _module_preset=\u00bbdefault\u00bb global_colors_info=\u00bb{}\u00bb][et_pb_image src=\u00bbhttps:\/\/www.devinanais.com\/wp-content\/uploads\/2025\/04\/madia-back-home.jpg\u00bb title_text=\u00bbmadia-back-home\u00bb _builder_version=\u00bb4.27.4&#8243; _module_preset=\u00bbdefault\u00bb custom_margin=\u00bb15%||||false|false\u00bb global_colors_info=\u00bb{}\u00bb][\/et_pb_image][\/et_pb_column][et_pb_column type=\u00bb2_5&#8243; _builder_version=\u00bb4.27.4&#8243; _module_preset=\u00bbdefault\u00bb global_colors_info=\u00bb{}\u00bb][\/et_pb_column][\/et_pb_row][et_pb_row column_structure=\u00bb1_2,1_2&#8243; _builder_version=\u00bb4.27.4&#8243; _module_preset=\u00bbdefault\u00bb global_colors_info=\u00bb{}\u00bb][et_pb_column type=\u00bb1_2&#8243; _builder_version=\u00bb4.27.4&#8243; _module_preset=\u00bbdefault\u00bb global_colors_info=\u00bb{}\u00bb][dipl_business_hours _builder_version=\u00bb4.27.4&#8243; _module_preset=\u00bbdefault\u00bb time_text_align=\u00bbleft\u00bb width=\u00bb100%\u00bb max_width=\u00bb70%\u00bb max_width_tablet=\u00bb80%\u00bb max_width_phone=\u00bb100%\u00bb max_width_last_edited=\u00bbon|tablet\u00bb hover_enabled=\u00bb0&#8243; global_colors_info=\u00bb{}\u00bb sticky_enabled=\u00bb0&#8243;][dipl_business_hours_item business_day=\u00bbT\u00edtulo: \u00bb business_time=\u00bbTutt\u2019altro, ancora\u00bb _builder_version=\u00bb4.27.4&#8243; _module_preset=\u00bbdefault\u00bb global_colors_info=\u00bb{}\u00bb][\/dipl_business_hours_item][dipl_business_hours_item business_day=\u00bbAutor:\u00bb business_time=\u00bbPaolo De Biasi\u00bb _builder_version=\u00bb4.27.4&#8243; _module_preset=\u00bbdefault\u00bb global_colors_info=\u00bb{}\u00bb][\/dipl_business_hours_item][dipl_business_hours_item business_day=\u00bbFecha:\u00bb business_time=\u00bb2022&#8243; _builder_version=\u00bb4.27.4&#8243; _module_preset=\u00bbdefault\u00bb global_colors_info=\u00bb{}\u00bb][\/dipl_business_hours_item][dipl_business_hours_item business_day=\u00bbT\u00e9cnica:\u00bb business_time=\u00bbAcr\u00edlico sobre lienzo\u00bb _builder_version=\u00bb4.27.4&#8243; _module_preset=\u00bbdefault\u00bb hover_enabled=\u00bb0&#8243; global_colors_info=\u00bb{}\u00bb sticky_enabled=\u00bb0&#8243;][\/dipl_business_hours_item][dipl_business_hours_item business_day=\u00bbTama\u00f1o de la caja:\u00bb business_time=\u00bb100(h) x 120&#8243; _builder_version=\u00bb4.27.4&#8243; _module_preset=\u00bbdefault\u00bb hover_enabled=\u00bb0&#8243; global_colors_info=\u00bb{}\u00bb sticky_enabled=\u00bb0&#8243;][\/dipl_business_hours_item][\/dipl_business_hours][et_pb_text _builder_version=\u00bb4.27.4&#8243; _module_preset=\u00bbdefault\u00bb custom_margin=\u00bb8%||8%||true|false\u00bb custom_margin_tablet=\u00bb8%||8%||true|false\u00bb custom_margin_phone=\u00bb15%||15%||true|false\u00bb custom_margin_last_edited=\u00bbon|phone\u00bb global_colors_info=\u00bb{}\u00bb]<\/p>\n<p>Obra de Paolo De Biasi (Feltre, 1966)<br \/>Arquitecto asociado del estudio UP3 de Treviso,<br \/>alumno de Arduino Cantafora, expone en la Bienal de Arquitectura de Venecia en 2012.<br \/>Pintor insertado por Ivan Quaroni en el escenario Italian Newbrow.<\/p>\n<p>[\/et_pb_text][et_pb_text _builder_version=\u00bb4.27.4&#8243; _module_preset=\u00bbdefault\u00bb global_colors_info=\u00bb{}\u00bb]<\/p>\n<p>La uni\u00f3n entre arte y dise\u00f1o cobra vida en el aparador Diamond Special Edition Art Back Home. Al transponer la obra en el aparador se han estudiado cuidadosamente los equilibrios de formas y proporciones, as\u00ed como la elecci\u00f3n de materiales y colores, con el objetivo de respetar y mantener los equilibrios composicionales de la obra y las opciones visuales y comunicativas del artista.<\/p>\n<p>[\/et_pb_text][\/et_pb_column][et_pb_column type=\u00bb1_2&#8243; _builder_version=\u00bb4.27.4&#8243; _module_preset=\u00bbdefault\u00bb global_colors_info=\u00bb{}\u00bb][\/et_pb_column][\/et_pb_row][\/et_pb_section]<\/p>\n","protected":false},"excerpt":{"rendered":"<p>DISE\u00d1O DE EMOCIONESIcon\u2019s es una empresa de dise\u00f1o fundada en 2016 con el objetivo de dar rienda suelta a su alma decorativa. En estos a\u00f1os se ha concentrado en la realizaci\u00f3n de productos que tuvieran algo \u00fanico que expresar. Es as\u00ed que logra, a trav\u00e9s de los colores, las personalizaciones gr\u00e1ficas y la investigaci\u00f3n de [&hellip;]<\/p>\n","protected":false},"author":159,"featured_media":0,"parent":0,"menu_order":0,"comment_status":"closed","ping_status":"closed","template":"","meta":{"_et_pb_use_builder":"on","_et_pb_old_content":"","_et_gb_content_width":"","footnotes":""},"class_list":["post-34385","page","type-page","status-publish","hentry"],"acf":[],"yoast_head":"<!-- This site is optimized with the Yoast SEO plugin v26.2 - https:\/\/yoast.com\/wordpress\/plugins\/seo\/ -->\n<title>Concept - DevinaNais<\/title>\n<meta name=\"robots\" content=\"index, follow, max-snippet:-1, max-image-preview:large, max-video-preview:-1\" \/>\n<link rel=\"canonical\" href=\"https:\/\/www.devinanais.com\/es\/concept\/\" \/>\n<meta property=\"og:locale\" content=\"es_ES\" \/>\n<meta property=\"og:type\" content=\"article\" \/>\n<meta property=\"og:title\" content=\"Concept - DevinaNais\" \/>\n<meta property=\"og:description\" content=\"DISE\u00d1O DE EMOCIONESIcon\u2019s es una empresa de dise\u00f1o fundada en 2016 con el objetivo de dar rienda suelta a su alma decorativa. En estos a\u00f1os se ha concentrado en la realizaci\u00f3n de productos que tuvieran algo \u00fanico que expresar. Es as\u00ed que logra, a trav\u00e9s de los colores, las personalizaciones gr\u00e1ficas y la investigaci\u00f3n de [&hellip;]\" \/>\n<meta property=\"og:url\" content=\"https:\/\/www.devinanais.com\/es\/concept\/\" \/>\n<meta property=\"og:site_name\" content=\"DevinaNais\" \/>\n<meta property=\"article:modified_time\" content=\"2025-04-02T16:05:38+00:00\" \/>\n<meta name=\"twitter:card\" content=\"summary_large_image\" \/>\n<meta name=\"twitter:label1\" content=\"Tiempo de lectura\" \/>\n\t<meta name=\"twitter:data1\" content=\"3 minutos\" \/>\n<script type=\"application\/ld+json\" class=\"yoast-schema-graph\">{\"@context\":\"https:\/\/schema.org\",\"@graph\":[{\"@type\":\"WebPage\",\"@id\":\"https:\/\/www.devinanais.com\/es\/concept\/\",\"url\":\"https:\/\/www.devinanais.com\/es\/concept\/\",\"name\":\"Concept - DevinaNais\",\"isPartOf\":{\"@id\":\"https:\/\/www.devinanais.com\/#website\"},\"datePublished\":\"2025-04-02T16:02:12+00:00\",\"dateModified\":\"2025-04-02T16:05:38+00:00\",\"breadcrumb\":{\"@id\":\"https:\/\/www.devinanais.com\/es\/concept\/#breadcrumb\"},\"inLanguage\":\"es\",\"potentialAction\":[{\"@type\":\"ReadAction\",\"target\":[\"https:\/\/www.devinanais.com\/es\/concept\/\"]}]},{\"@type\":\"BreadcrumbList\",\"@id\":\"https:\/\/www.devinanais.com\/es\/concept\/#breadcrumb\",\"itemListElement\":[{\"@type\":\"ListItem\",\"position\":1,\"name\":\"Home\",\"item\":\"https:\/\/www.devinanais.com\/es\/\"},{\"@type\":\"ListItem\",\"position\":2,\"name\":\"Concept\"}]},{\"@type\":\"WebSite\",\"@id\":\"https:\/\/www.devinanais.com\/#website\",\"url\":\"https:\/\/www.devinanais.com\/\",\"name\":\"DevinaNais\",\"description\":\"\",\"potentialAction\":[{\"@type\":\"SearchAction\",\"target\":{\"@type\":\"EntryPoint\",\"urlTemplate\":\"https:\/\/www.devinanais.com\/?s={search_term_string}\"},\"query-input\":{\"@type\":\"PropertyValueSpecification\",\"valueRequired\":true,\"valueName\":\"search_term_string\"}}],\"inLanguage\":\"es\"}]}<\/script>\n<!-- \/ Yoast SEO plugin. -->","yoast_head_json":{"title":"Concept - DevinaNais","robots":{"index":"index","follow":"follow","max-snippet":"max-snippet:-1","max-image-preview":"max-image-preview:large","max-video-preview":"max-video-preview:-1"},"canonical":"https:\/\/www.devinanais.com\/es\/concept\/","og_locale":"es_ES","og_type":"article","og_title":"Concept - DevinaNais","og_description":"DISE\u00d1O DE EMOCIONESIcon\u2019s es una empresa de dise\u00f1o fundada en 2016 con el objetivo de dar rienda suelta a su alma decorativa. En estos a\u00f1os se ha concentrado en la realizaci\u00f3n de productos que tuvieran algo \u00fanico que expresar. Es as\u00ed que logra, a trav\u00e9s de los colores, las personalizaciones gr\u00e1ficas y la investigaci\u00f3n de [&hellip;]","og_url":"https:\/\/www.devinanais.com\/es\/concept\/","og_site_name":"DevinaNais","article_modified_time":"2025-04-02T16:05:38+00:00","twitter_card":"summary_large_image","twitter_misc":{"Tiempo de lectura":"3 minutos"},"schema":{"@context":"https:\/\/schema.org","@graph":[{"@type":"WebPage","@id":"https:\/\/www.devinanais.com\/es\/concept\/","url":"https:\/\/www.devinanais.com\/es\/concept\/","name":"Concept - DevinaNais","isPartOf":{"@id":"https:\/\/www.devinanais.com\/#website"},"datePublished":"2025-04-02T16:02:12+00:00","dateModified":"2025-04-02T16:05:38+00:00","breadcrumb":{"@id":"https:\/\/www.devinanais.com\/es\/concept\/#breadcrumb"},"inLanguage":"es","potentialAction":[{"@type":"ReadAction","target":["https:\/\/www.devinanais.com\/es\/concept\/"]}]},{"@type":"BreadcrumbList","@id":"https:\/\/www.devinanais.com\/es\/concept\/#breadcrumb","itemListElement":[{"@type":"ListItem","position":1,"name":"Home","item":"https:\/\/www.devinanais.com\/es\/"},{"@type":"ListItem","position":2,"name":"Concept"}]},{"@type":"WebSite","@id":"https:\/\/www.devinanais.com\/#website","url":"https:\/\/www.devinanais.com\/","name":"DevinaNais","description":"","potentialAction":[{"@type":"SearchAction","target":{"@type":"EntryPoint","urlTemplate":"https:\/\/www.devinanais.com\/?s={search_term_string}"},"query-input":{"@type":"PropertyValueSpecification","valueRequired":true,"valueName":"search_term_string"}}],"inLanguage":"es"}]}},"_links":{"self":[{"href":"https:\/\/www.devinanais.com\/es\/wp-json\/wp\/v2\/pages\/34385","targetHints":{"allow":["GET"]}}],"collection":[{"href":"https:\/\/www.devinanais.com\/es\/wp-json\/wp\/v2\/pages"}],"about":[{"href":"https:\/\/www.devinanais.com\/es\/wp-json\/wp\/v2\/types\/page"}],"author":[{"embeddable":true,"href":"https:\/\/www.devinanais.com\/es\/wp-json\/wp\/v2\/users\/159"}],"replies":[{"embeddable":true,"href":"https:\/\/www.devinanais.com\/es\/wp-json\/wp\/v2\/comments?post=34385"}],"version-history":[{"count":6,"href":"https:\/\/www.devinanais.com\/es\/wp-json\/wp\/v2\/pages\/34385\/revisions"}],"predecessor-version":[{"id":34422,"href":"https:\/\/www.devinanais.com\/es\/wp-json\/wp\/v2\/pages\/34385\/revisions\/34422"}],"wp:attachment":[{"href":"https:\/\/www.devinanais.com\/es\/wp-json\/wp\/v2\/media?parent=34385"}],"curies":[{"name":"wp","href":"https:\/\/api.w.org\/{rel}","templated":true}]}}