{"id":19985,"date":"2023-04-11T08:54:15","date_gmt":"2023-04-11T06:54:15","guid":{"rendered":"https:\/\/devina.indaweb.it\/prodotto\/bagno-composizione-b05\/"},"modified":"2023-10-03T09:37:12","modified_gmt":"2023-10-03T07:37:12","slug":"bagno-composizione-b05","status":"publish","type":"product","link":"https:\/\/www.devinanais.com\/es\/producto\/bagno-composizione-b05\/","title":{"rendered":"Base Tower"},"content":{"rendered":"<p>\u00bfExiste alguna manera de expresar la personalidad creativa en el lugar m\u00e1s apartado y al mismo tiempo m\u00e1s significativo de la casa?<\/p>\n<p>Un ambiente acogedor en el que incluso los hu\u00e9spedes quieren sentirse bienvenidos y mimados.<\/p>\n<p>Porque cada momento que pasas en el ba\u00f1o es un momento dedicado a ti y a tu bienestar.<\/p>\n<p>Cada pieza de la colecci\u00f3n My Bathroom est\u00e1 dise\u00f1ada siguiendo las necesidades de la era moderna,<\/p>\n<p>creando geometr\u00edas y equilibrios inesperados.<\/p>\n<p><img loading=\"lazy\" decoding=\"async\" class=\"alignnone size-medium wp-image-29519\" src=\"https:\/\/www.devinanais.com\/wp-content\/uploads\/2023\/04\/SU-MISURA-SPAGNOLO-300x84.jpg\" alt=\"\" width=\"300\" height=\"84\" \/><\/p>\n","protected":false},"excerpt":{"rendered":"<p>\u00bfExiste alguna manera de expresar la personalidad creativa en el lugar m\u00e1s apartado y al mismo tiempo m\u00e1s significativo de la casa? Un ambiente acogedor en el que incluso los hu\u00e9spedes quieren sentirse bienvenidos y mimados. Porque cada momento que pasas en el ba\u00f1o es un momento dedicado a ti y a tu bienestar. Cada [&hellip;]<\/p>\n","protected":false},"featured_media":30415,"template":"","meta":{"_et_pb_use_builder":"","_et_pb_old_content":"","_et_gb_content_width":""},"product_brand":[],"product_cat":[214],"product_tag":[],"ambiente":[302],"collezione":[303],"class_list":{"0":"post-19985","1":"product","2":"type-product","3":"status-publish","4":"has-post-thumbnail","6":"product_cat-cuarto-de-bano","7":"ambiente-cuarto-de-bano","8":"collezione-bagni-es","10":"first","11":"instock","12":"shipping-taxable","13":"product-type-simple"},"acf":[],"yoast_head":"<!-- This site is optimized with the Yoast SEO plugin v26.2 - https:\/\/yoast.com\/wordpress\/plugins\/seo\/ -->\n<title>Base Tower - DevinaNais<\/title>\n<meta name=\"robots\" content=\"index, follow, max-snippet:-1, max-image-preview:large, max-video-preview:-1\" \/>\n<link rel=\"canonical\" href=\"https:\/\/www.devinanais.com\/es\/prodotto\/bagno-composizione-b05\/\" \/>\n<meta property=\"og:locale\" content=\"es_ES\" \/>\n<meta property=\"og:type\" content=\"article\" \/>\n<meta property=\"og:title\" content=\"Base Tower - DevinaNais\" \/>\n<meta property=\"og:description\" content=\"\u00bfExiste alguna manera de expresar la personalidad creativa en el lugar m\u00e1s apartado y al mismo tiempo m\u00e1s significativo de la casa? Un ambiente acogedor en el que incluso los hu\u00e9spedes quieren sentirse bienvenidos y mimados. Porque cada momento que pasas en el ba\u00f1o es un momento dedicado a ti y a tu bienestar. Cada [&hellip;]\" \/>\n<meta property=\"og:url\" content=\"https:\/\/www.devinanais.com\/es\/prodotto\/bagno-composizione-b05\/\" \/>\n<meta property=\"og:site_name\" content=\"DevinaNais\" \/>\n<meta property=\"article:modified_time\" content=\"2023-10-03T07:37:12+00:00\" \/>\n<meta property=\"og:image\" content=\"https:\/\/www.devinanais.com\/wp-content\/uploads\/2023\/04\/BAGNI-3.jpg\" \/>\n\t<meta property=\"og:image:width\" content=\"1470\" \/>\n\t<meta property=\"og:image:height\" content=\"735\" \/>\n\t<meta property=\"og:image:type\" content=\"image\/jpeg\" \/>\n<meta name=\"twitter:card\" content=\"summary_large_image\" \/>\n<meta name=\"twitter:label1\" content=\"Tiempo de lectura\" \/>\n\t<meta name=\"twitter:data1\" content=\"1 minuto\" \/>\n<script type=\"application\/ld+json\" class=\"yoast-schema-graph\">{\"@context\":\"https:\/\/schema.org\",\"@graph\":[{\"@type\":\"WebPage\",\"@id\":\"https:\/\/www.devinanais.com\/es\/prodotto\/bagno-composizione-b05\/\",\"url\":\"https:\/\/www.devinanais.com\/es\/prodotto\/bagno-composizione-b05\/\",\"name\":\"Base Tower - DevinaNais\",\"isPartOf\":{\"@id\":\"https:\/\/www.devinanais.com\/#website\"},\"primaryImageOfPage\":{\"@id\":\"https:\/\/www.devinanais.com\/es\/prodotto\/bagno-composizione-b05\/#primaryimage\"},\"image\":{\"@id\":\"https:\/\/www.devinanais.com\/es\/prodotto\/bagno-composizione-b05\/#primaryimage\"},\"thumbnailUrl\":\"https:\/\/www.devinanais.com\/wp-content\/uploads\/2023\/04\/BAGNI-3.jpg-1.webp\",\"datePublished\":\"2023-04-11T06:54:15+00:00\",\"dateModified\":\"2023-10-03T07:37:12+00:00\",\"breadcrumb\":{\"@id\":\"https:\/\/www.devinanais.com\/es\/prodotto\/bagno-composizione-b05\/#breadcrumb\"},\"inLanguage\":\"es\",\"potentialAction\":[{\"@type\":\"ReadAction\",\"target\":[\"https:\/\/www.devinanais.com\/es\/prodotto\/bagno-composizione-b05\/\"]}]},{\"@type\":\"ImageObject\",\"inLanguage\":\"es\",\"@id\":\"https:\/\/www.devinanais.com\/es\/prodotto\/bagno-composizione-b05\/#primaryimage\",\"url\":\"https:\/\/www.devinanais.com\/wp-content\/uploads\/2023\/04\/BAGNI-3.jpg-1.webp\",\"contentUrl\":\"https:\/\/www.devinanais.com\/wp-content\/uploads\/2023\/04\/BAGNI-3.jpg-1.webp\",\"width\":1470,\"height\":735},{\"@type\":\"BreadcrumbList\",\"@id\":\"https:\/\/www.devinanais.com\/es\/prodotto\/bagno-composizione-b05\/#breadcrumb\",\"itemListElement\":[{\"@type\":\"ListItem\",\"position\":1,\"name\":\"Home\",\"item\":\"https:\/\/www.devinanais.com\/es\/\"},{\"@type\":\"ListItem\",\"position\":2,\"name\":\"Productos\",\"item\":\"https:\/\/www.devinanais.com\/es\/productos\/\"},{\"@type\":\"ListItem\",\"position\":3,\"name\":\"Cuarto de ba\u00f1o\",\"item\":\"https:\/\/www.devinanais.com\/es\/categoria-prodotto\/cuarto-de-bano\/\"},{\"@type\":\"ListItem\",\"position\":4,\"name\":\"Base Tower\"}]},{\"@type\":\"WebSite\",\"@id\":\"https:\/\/www.devinanais.com\/#website\",\"url\":\"https:\/\/www.devinanais.com\/\",\"name\":\"DevinaNais\",\"description\":\"\",\"potentialAction\":[{\"@type\":\"SearchAction\",\"target\":{\"@type\":\"EntryPoint\",\"urlTemplate\":\"https:\/\/www.devinanais.com\/?s={search_term_string}\"},\"query-input\":{\"@type\":\"PropertyValueSpecification\",\"valueRequired\":true,\"valueName\":\"search_term_string\"}}],\"inLanguage\":\"es\"}]}<\/script>\n<!-- \/ Yoast SEO plugin. -->","yoast_head_json":{"title":"Base Tower - DevinaNais","robots":{"index":"index","follow":"follow","max-snippet":"max-snippet:-1","max-image-preview":"max-image-preview:large","max-video-preview":"max-video-preview:-1"},"canonical":"https:\/\/www.devinanais.com\/es\/prodotto\/bagno-composizione-b05\/","og_locale":"es_ES","og_type":"article","og_title":"Base Tower - DevinaNais","og_description":"\u00bfExiste alguna manera de expresar la personalidad creativa en el lugar m\u00e1s apartado y al mismo tiempo m\u00e1s significativo de la casa? Un ambiente acogedor en el que incluso los hu\u00e9spedes quieren sentirse bienvenidos y mimados. Porque cada momento que pasas en el ba\u00f1o es un momento dedicado a ti y a tu bienestar. Cada [&hellip;]","og_url":"https:\/\/www.devinanais.com\/es\/prodotto\/bagno-composizione-b05\/","og_site_name":"DevinaNais","article_modified_time":"2023-10-03T07:37:12+00:00","og_image":[{"width":1470,"height":735,"url":"https:\/\/www.devinanais.com\/wp-content\/uploads\/2023\/04\/BAGNI-3.jpg","type":"image\/jpeg"}],"twitter_card":"summary_large_image","twitter_misc":{"Tiempo de lectura":"1 minuto"},"schema":{"@context":"https:\/\/schema.org","@graph":[{"@type":"WebPage","@id":"https:\/\/www.devinanais.com\/es\/prodotto\/bagno-composizione-b05\/","url":"https:\/\/www.devinanais.com\/es\/prodotto\/bagno-composizione-b05\/","name":"Base Tower - DevinaNais","isPartOf":{"@id":"https:\/\/www.devinanais.com\/#website"},"primaryImageOfPage":{"@id":"https:\/\/www.devinanais.com\/es\/prodotto\/bagno-composizione-b05\/#primaryimage"},"image":{"@id":"https:\/\/www.devinanais.com\/es\/prodotto\/bagno-composizione-b05\/#primaryimage"},"thumbnailUrl":"https:\/\/www.devinanais.com\/wp-content\/uploads\/2023\/04\/BAGNI-3.jpg-1.webp","datePublished":"2023-04-11T06:54:15+00:00","dateModified":"2023-10-03T07:37:12+00:00","breadcrumb":{"@id":"https:\/\/www.devinanais.com\/es\/prodotto\/bagno-composizione-b05\/#breadcrumb"},"inLanguage":"es","potentialAction":[{"@type":"ReadAction","target":["https:\/\/www.devinanais.com\/es\/prodotto\/bagno-composizione-b05\/"]}]},{"@type":"ImageObject","inLanguage":"es","@id":"https:\/\/www.devinanais.com\/es\/prodotto\/bagno-composizione-b05\/#primaryimage","url":"https:\/\/www.devinanais.com\/wp-content\/uploads\/2023\/04\/BAGNI-3.jpg-1.webp","contentUrl":"https:\/\/www.devinanais.com\/wp-content\/uploads\/2023\/04\/BAGNI-3.jpg-1.webp","width":1470,"height":735},{"@type":"BreadcrumbList","@id":"https:\/\/www.devinanais.com\/es\/prodotto\/bagno-composizione-b05\/#breadcrumb","itemListElement":[{"@type":"ListItem","position":1,"name":"Home","item":"https:\/\/www.devinanais.com\/es\/"},{"@type":"ListItem","position":2,"name":"Productos","item":"https:\/\/www.devinanais.com\/es\/productos\/"},{"@type":"ListItem","position":3,"name":"Cuarto de ba\u00f1o","item":"https:\/\/www.devinanais.com\/es\/categoria-prodotto\/cuarto-de-bano\/"},{"@type":"ListItem","position":4,"name":"Base Tower"}]},{"@type":"WebSite","@id":"https:\/\/www.devinanais.com\/#website","url":"https:\/\/www.devinanais.com\/","name":"DevinaNais","description":"","potentialAction":[{"@type":"SearchAction","target":{"@type":"EntryPoint","urlTemplate":"https:\/\/www.devinanais.com\/?s={search_term_string}"},"query-input":{"@type":"PropertyValueSpecification","valueRequired":true,"valueName":"search_term_string"}}],"inLanguage":"es"}]}},"_links":{"self":[{"href":"https:\/\/www.devinanais.com\/es\/wp-json\/wp\/v2\/product\/19985","targetHints":{"allow":["GET"]}}],"collection":[{"href":"https:\/\/www.devinanais.com\/es\/wp-json\/wp\/v2\/product"}],"about":[{"href":"https:\/\/www.devinanais.com\/es\/wp-json\/wp\/v2\/types\/product"}],"wp:featuredmedia":[{"embeddable":true,"href":"https:\/\/www.devinanais.com\/es\/wp-json\/wp\/v2\/media\/30415"}],"wp:attachment":[{"href":"https:\/\/www.devinanais.com\/es\/wp-json\/wp\/v2\/media?parent=19985"}],"wp:term":[{"taxonomy":"product_brand","embeddable":true,"href":"https:\/\/www.devinanais.com\/es\/wp-json\/wp\/v2\/product_brand?post=19985"},{"taxonomy":"product_cat","embeddable":true,"href":"https:\/\/www.devinanais.com\/es\/wp-json\/wp\/v2\/product_cat?post=19985"},{"taxonomy":"product_tag","embeddable":true,"href":"https:\/\/www.devinanais.com\/es\/wp-json\/wp\/v2\/product_tag?post=19985"},{"taxonomy":"ambiente","embeddable":true,"href":"https:\/\/www.devinanais.com\/es\/wp-json\/wp\/v2\/ambiente?post=19985"},{"taxonomy":"collezione","embeddable":true,"href":"https:\/\/www.devinanais.com\/es\/wp-json\/wp\/v2\/collezione?post=19985"}],"curies":[{"name":"wp","href":"https:\/\/api.w.org\/{rel}","templated":true}]}}