{"id":20019,"date":"2023-04-07T17:40:32","date_gmt":"2023-04-07T15:40:32","guid":{"rendered":"https:\/\/devina.indaweb.it\/prodotto\/gruppo-zero-16\/"},"modified":"2023-10-03T14:50:06","modified_gmt":"2023-10-03T12:50:06","slug":"gruppo-zero-16","status":"publish","type":"product","link":"https:\/\/www.devinanais.com\/es\/producto\/gruppo-zero-16\/","title":{"rendered":"Grupo Zero.16"},"content":{"rendered":"<p>Tonos y patas de gusto moderno se mezclan en<br \/>\nmodo din\u00e1mico al ic\u00f3nico mecanizado Zero.16,<br \/>\ncreando un encanto \u00fanico que sabe sintonizar<br \/>\npreferencias de cada dise\u00f1ador.<\/p>\n<p><img loading=\"lazy\" decoding=\"async\" class=\"alignnone size-medium wp-image-29519\" src=\"https:\/\/www.devinanais.com\/wp-content\/uploads\/2023\/04\/SU-MISURA-SPAGNOLO-300x84.jpg\" alt=\"\" width=\"300\" height=\"84\" \/><\/p>\n","protected":false},"excerpt":{"rendered":"<p>Tonos y patas de gusto moderno se mezclan en modo din\u00e1mico al ic\u00f3nico mecanizado Zero.16, creando un encanto \u00fanico que sabe sintonizar preferencias de cada dise\u00f1ador.<\/p>\n","protected":false},"featured_media":30440,"template":"","meta":{"_et_pb_use_builder":"","_et_pb_old_content":"","_et_gb_content_width":""},"product_brand":[],"product_cat":[215],"product_tag":[],"ambiente":[298],"collezione":[299],"class_list":{"0":"post-20019","1":"product","2":"type-product","3":"status-publish","4":"has-post-thumbnail","6":"product_cat-comodas-y-mesitas-de-noche","7":"ambiente-dormitorio","8":"collezione-night-es","10":"first","11":"instock","12":"shipping-taxable","13":"product-type-simple"},"acf":[],"yoast_head":"<!-- This site is optimized with the Yoast SEO plugin v26.2 - https:\/\/yoast.com\/wordpress\/plugins\/seo\/ -->\n<title>Grupo Zero.16 - DevinaNais<\/title>\n<meta name=\"robots\" content=\"index, follow, max-snippet:-1, max-image-preview:large, max-video-preview:-1\" \/>\n<link rel=\"canonical\" href=\"https:\/\/www.devinanais.com\/es\/prodotto\/gruppo-zero-16\/\" \/>\n<meta property=\"og:locale\" content=\"es_ES\" \/>\n<meta property=\"og:type\" content=\"article\" \/>\n<meta property=\"og:title\" content=\"Grupo Zero.16 - DevinaNais\" \/>\n<meta property=\"og:description\" content=\"Tonos y patas de gusto moderno se mezclan en modo din\u00e1mico al ic\u00f3nico mecanizado Zero.16, creando un encanto \u00fanico que sabe sintonizar preferencias de cada dise\u00f1ador.\" \/>\n<meta property=\"og:url\" content=\"https:\/\/www.devinanais.com\/es\/prodotto\/gruppo-zero-16\/\" \/>\n<meta property=\"og:site_name\" content=\"DevinaNais\" \/>\n<meta property=\"article:modified_time\" content=\"2023-10-03T12:50:06+00:00\" \/>\n<meta property=\"og:image\" content=\"https:\/\/www.devinanais.com\/wp-content\/uploads\/2023\/09\/como-rovere-canettato-cassetti-or-gruppo-notte-zero.16-or-devina-nais.jpg\" \/>\n\t<meta property=\"og:image:width\" content=\"2000\" \/>\n\t<meta property=\"og:image:height\" content=\"1002\" \/>\n\t<meta property=\"og:image:type\" content=\"image\/jpeg\" \/>\n<meta name=\"twitter:card\" content=\"summary_large_image\" \/>\n<meta name=\"twitter:label1\" content=\"Tiempo de lectura\" \/>\n\t<meta name=\"twitter:data1\" content=\"1 minuto\" \/>\n<script type=\"application\/ld+json\" class=\"yoast-schema-graph\">{\"@context\":\"https:\/\/schema.org\",\"@graph\":[{\"@type\":\"WebPage\",\"@id\":\"https:\/\/www.devinanais.com\/es\/prodotto\/gruppo-zero-16\/\",\"url\":\"https:\/\/www.devinanais.com\/es\/prodotto\/gruppo-zero-16\/\",\"name\":\"Grupo Zero.16 - DevinaNais\",\"isPartOf\":{\"@id\":\"https:\/\/www.devinanais.com\/#website\"},\"primaryImageOfPage\":{\"@id\":\"https:\/\/www.devinanais.com\/es\/prodotto\/gruppo-zero-16\/#primaryimage\"},\"image\":{\"@id\":\"https:\/\/www.devinanais.com\/es\/prodotto\/gruppo-zero-16\/#primaryimage\"},\"thumbnailUrl\":\"https:\/\/www.devinanais.com\/wp-content\/uploads\/2023\/09\/como-rovere-canettato-cassetti-or-gruppo-notte-zero.16-or-devina-nais.jpg-1.webp\",\"datePublished\":\"2023-04-07T15:40:32+00:00\",\"dateModified\":\"2023-10-03T12:50:06+00:00\",\"breadcrumb\":{\"@id\":\"https:\/\/www.devinanais.com\/es\/prodotto\/gruppo-zero-16\/#breadcrumb\"},\"inLanguage\":\"es\",\"potentialAction\":[{\"@type\":\"ReadAction\",\"target\":[\"https:\/\/www.devinanais.com\/es\/prodotto\/gruppo-zero-16\/\"]}]},{\"@type\":\"ImageObject\",\"inLanguage\":\"es\",\"@id\":\"https:\/\/www.devinanais.com\/es\/prodotto\/gruppo-zero-16\/#primaryimage\",\"url\":\"https:\/\/www.devinanais.com\/wp-content\/uploads\/2023\/09\/como-rovere-canettato-cassetti-or-gruppo-notte-zero.16-or-devina-nais.jpg-1.webp\",\"contentUrl\":\"https:\/\/www.devinanais.com\/wp-content\/uploads\/2023\/09\/como-rovere-canettato-cassetti-or-gruppo-notte-zero.16-or-devina-nais.jpg-1.webp\",\"width\":2000,\"height\":1002},{\"@type\":\"BreadcrumbList\",\"@id\":\"https:\/\/www.devinanais.com\/es\/prodotto\/gruppo-zero-16\/#breadcrumb\",\"itemListElement\":[{\"@type\":\"ListItem\",\"position\":1,\"name\":\"Home\",\"item\":\"https:\/\/www.devinanais.com\/es\/\"},{\"@type\":\"ListItem\",\"position\":2,\"name\":\"Productos\",\"item\":\"https:\/\/www.devinanais.com\/es\/productos\/\"},{\"@type\":\"ListItem\",\"position\":3,\"name\":\"C\u00f3modas Y Mesitas De Noche\",\"item\":\"https:\/\/www.devinanais.com\/es\/categoria-prodotto\/comodas-y-mesitas-de-noche\/\"},{\"@type\":\"ListItem\",\"position\":4,\"name\":\"Grupo Zero.16\"}]},{\"@type\":\"WebSite\",\"@id\":\"https:\/\/www.devinanais.com\/#website\",\"url\":\"https:\/\/www.devinanais.com\/\",\"name\":\"DevinaNais\",\"description\":\"\",\"potentialAction\":[{\"@type\":\"SearchAction\",\"target\":{\"@type\":\"EntryPoint\",\"urlTemplate\":\"https:\/\/www.devinanais.com\/?s={search_term_string}\"},\"query-input\":{\"@type\":\"PropertyValueSpecification\",\"valueRequired\":true,\"valueName\":\"search_term_string\"}}],\"inLanguage\":\"es\"}]}<\/script>\n<!-- \/ Yoast SEO plugin. -->","yoast_head_json":{"title":"Grupo Zero.16 - DevinaNais","robots":{"index":"index","follow":"follow","max-snippet":"max-snippet:-1","max-image-preview":"max-image-preview:large","max-video-preview":"max-video-preview:-1"},"canonical":"https:\/\/www.devinanais.com\/es\/prodotto\/gruppo-zero-16\/","og_locale":"es_ES","og_type":"article","og_title":"Grupo Zero.16 - DevinaNais","og_description":"Tonos y patas de gusto moderno se mezclan en modo din\u00e1mico al ic\u00f3nico mecanizado Zero.16, creando un encanto \u00fanico que sabe sintonizar preferencias de cada dise\u00f1ador.","og_url":"https:\/\/www.devinanais.com\/es\/prodotto\/gruppo-zero-16\/","og_site_name":"DevinaNais","article_modified_time":"2023-10-03T12:50:06+00:00","og_image":[{"width":2000,"height":1002,"url":"https:\/\/www.devinanais.com\/wp-content\/uploads\/2023\/09\/como-rovere-canettato-cassetti-or-gruppo-notte-zero.16-or-devina-nais.jpg","type":"image\/jpeg"}],"twitter_card":"summary_large_image","twitter_misc":{"Tiempo de lectura":"1 minuto"},"schema":{"@context":"https:\/\/schema.org","@graph":[{"@type":"WebPage","@id":"https:\/\/www.devinanais.com\/es\/prodotto\/gruppo-zero-16\/","url":"https:\/\/www.devinanais.com\/es\/prodotto\/gruppo-zero-16\/","name":"Grupo Zero.16 - DevinaNais","isPartOf":{"@id":"https:\/\/www.devinanais.com\/#website"},"primaryImageOfPage":{"@id":"https:\/\/www.devinanais.com\/es\/prodotto\/gruppo-zero-16\/#primaryimage"},"image":{"@id":"https:\/\/www.devinanais.com\/es\/prodotto\/gruppo-zero-16\/#primaryimage"},"thumbnailUrl":"https:\/\/www.devinanais.com\/wp-content\/uploads\/2023\/09\/como-rovere-canettato-cassetti-or-gruppo-notte-zero.16-or-devina-nais.jpg-1.webp","datePublished":"2023-04-07T15:40:32+00:00","dateModified":"2023-10-03T12:50:06+00:00","breadcrumb":{"@id":"https:\/\/www.devinanais.com\/es\/prodotto\/gruppo-zero-16\/#breadcrumb"},"inLanguage":"es","potentialAction":[{"@type":"ReadAction","target":["https:\/\/www.devinanais.com\/es\/prodotto\/gruppo-zero-16\/"]}]},{"@type":"ImageObject","inLanguage":"es","@id":"https:\/\/www.devinanais.com\/es\/prodotto\/gruppo-zero-16\/#primaryimage","url":"https:\/\/www.devinanais.com\/wp-content\/uploads\/2023\/09\/como-rovere-canettato-cassetti-or-gruppo-notte-zero.16-or-devina-nais.jpg-1.webp","contentUrl":"https:\/\/www.devinanais.com\/wp-content\/uploads\/2023\/09\/como-rovere-canettato-cassetti-or-gruppo-notte-zero.16-or-devina-nais.jpg-1.webp","width":2000,"height":1002},{"@type":"BreadcrumbList","@id":"https:\/\/www.devinanais.com\/es\/prodotto\/gruppo-zero-16\/#breadcrumb","itemListElement":[{"@type":"ListItem","position":1,"name":"Home","item":"https:\/\/www.devinanais.com\/es\/"},{"@type":"ListItem","position":2,"name":"Productos","item":"https:\/\/www.devinanais.com\/es\/productos\/"},{"@type":"ListItem","position":3,"name":"C\u00f3modas Y Mesitas De Noche","item":"https:\/\/www.devinanais.com\/es\/categoria-prodotto\/comodas-y-mesitas-de-noche\/"},{"@type":"ListItem","position":4,"name":"Grupo Zero.16"}]},{"@type":"WebSite","@id":"https:\/\/www.devinanais.com\/#website","url":"https:\/\/www.devinanais.com\/","name":"DevinaNais","description":"","potentialAction":[{"@type":"SearchAction","target":{"@type":"EntryPoint","urlTemplate":"https:\/\/www.devinanais.com\/?s={search_term_string}"},"query-input":{"@type":"PropertyValueSpecification","valueRequired":true,"valueName":"search_term_string"}}],"inLanguage":"es"}]}},"_links":{"self":[{"href":"https:\/\/www.devinanais.com\/es\/wp-json\/wp\/v2\/product\/20019","targetHints":{"allow":["GET"]}}],"collection":[{"href":"https:\/\/www.devinanais.com\/es\/wp-json\/wp\/v2\/product"}],"about":[{"href":"https:\/\/www.devinanais.com\/es\/wp-json\/wp\/v2\/types\/product"}],"wp:featuredmedia":[{"embeddable":true,"href":"https:\/\/www.devinanais.com\/es\/wp-json\/wp\/v2\/media\/30440"}],"wp:attachment":[{"href":"https:\/\/www.devinanais.com\/es\/wp-json\/wp\/v2\/media?parent=20019"}],"wp:term":[{"taxonomy":"product_brand","embeddable":true,"href":"https:\/\/www.devinanais.com\/es\/wp-json\/wp\/v2\/product_brand?post=20019"},{"taxonomy":"product_cat","embeddable":true,"href":"https:\/\/www.devinanais.com\/es\/wp-json\/wp\/v2\/product_cat?post=20019"},{"taxonomy":"product_tag","embeddable":true,"href":"https:\/\/www.devinanais.com\/es\/wp-json\/wp\/v2\/product_tag?post=20019"},{"taxonomy":"ambiente","embeddable":true,"href":"https:\/\/www.devinanais.com\/es\/wp-json\/wp\/v2\/ambiente?post=20019"},{"taxonomy":"collezione","embeddable":true,"href":"https:\/\/www.devinanais.com\/es\/wp-json\/wp\/v2\/collezione?post=20019"}],"curies":[{"name":"wp","href":"https:\/\/api.w.org\/{rel}","templated":true}]}}