{"id":20035,"date":"2023-04-07T11:34:48","date_gmt":"2023-04-07T09:34:48","guid":{"rendered":"https:\/\/devina.indaweb.it\/prodotto\/specchio-diamond\/"},"modified":"2023-09-19T17:53:15","modified_gmt":"2023-09-19T15:53:15","slug":"specchio-diamond","status":"publish","type":"product","link":"https:\/\/www.devinanais.com\/es\/producto\/specchio-diamond\/","title":{"rendered":"Specchio Diamond"},"content":{"rendered":"<p>Biombos, espejos, estanter\u00edas, taburetes y sillas tienen el poder<\/p>\n<p>de coronar un proyecto de decoraci\u00f3n exclusivo.<\/p>\n<p>O revelar el potencial de un entorno a\u00f1adiendo un toque de clase.<\/p>\n<p>Da rienda suelta a tu creatividad, combinando complementos de decoraci\u00f3n<\/p>\n<p>de dise\u00f1o con el estilo inconfundible de Devina Nais.<\/p>\n","protected":false},"excerpt":{"rendered":"<p>Biombos, espejos, estanter\u00edas, taburetes y sillas tienen el poder de coronar un proyecto de decoraci\u00f3n exclusivo. O revelar el potencial de un entorno a\u00f1adiendo un toque de clase. Da rienda suelta a tu creatividad, combinando complementos de decoraci\u00f3n de dise\u00f1o con el estilo inconfundible de Devina Nais.<\/p>\n","protected":false},"featured_media":26537,"template":"","meta":{"_et_pb_use_builder":"","_et_pb_old_content":"","_et_gb_content_width":""},"product_brand":[],"product_cat":[216],"product_tag":[],"ambiente":[298,276],"collezione":[306],"class_list":{"0":"post-20035","1":"product","2":"type-product","3":"status-publish","4":"has-post-thumbnail","6":"product_cat-accesorios","7":"ambiente-dormitorio","8":"ambiente-sala-de-estar","9":"collezione-complementi-es","11":"first","12":"instock","13":"shipping-taxable","14":"product-type-simple"},"acf":[],"yoast_head":"<!-- This site is optimized with the Yoast SEO plugin v26.2 - https:\/\/yoast.com\/wordpress\/plugins\/seo\/ -->\n<title>Specchio Diamond - DevinaNais<\/title>\n<meta name=\"robots\" content=\"index, follow, max-snippet:-1, max-image-preview:large, max-video-preview:-1\" \/>\n<link rel=\"canonical\" href=\"https:\/\/www.devinanais.com\/es\/prodotto\/specchio-diamond\/\" \/>\n<meta property=\"og:locale\" content=\"es_ES\" \/>\n<meta property=\"og:type\" content=\"article\" \/>\n<meta property=\"og:title\" content=\"Specchio Diamond - DevinaNais\" \/>\n<meta property=\"og:description\" content=\"Biombos, espejos, estanter\u00edas, taburetes y sillas tienen el poder de coronar un proyecto de decoraci\u00f3n exclusivo. O revelar el potencial de un entorno a\u00f1adiendo un toque de clase. Da rienda suelta a tu creatividad, combinando complementos de decoraci\u00f3n de dise\u00f1o con el estilo inconfundible de Devina Nais.\" \/>\n<meta property=\"og:url\" content=\"https:\/\/www.devinanais.com\/es\/prodotto\/specchio-diamond\/\" \/>\n<meta property=\"og:site_name\" content=\"DevinaNais\" \/>\n<meta property=\"article:modified_time\" content=\"2023-09-19T15:53:15+00:00\" \/>\n<meta property=\"og:image\" content=\"https:\/\/www.devinanais.com\/wp-content\/uploads\/2023\/04\/specchio-rettangolare-legno-rovere-or-specchiera-diamond-or-devina-nais.jpg\" \/>\n\t<meta property=\"og:image:width\" content=\"2206\" \/>\n\t<meta property=\"og:image:height\" content=\"1105\" \/>\n\t<meta property=\"og:image:type\" content=\"image\/jpeg\" \/>\n<meta name=\"twitter:card\" content=\"summary_large_image\" \/>\n<meta name=\"twitter:label1\" content=\"Tiempo de lectura\" \/>\n\t<meta name=\"twitter:data1\" content=\"1 minuto\" \/>\n<script type=\"application\/ld+json\" class=\"yoast-schema-graph\">{\"@context\":\"https:\/\/schema.org\",\"@graph\":[{\"@type\":\"WebPage\",\"@id\":\"https:\/\/www.devinanais.com\/es\/prodotto\/specchio-diamond\/\",\"url\":\"https:\/\/www.devinanais.com\/es\/prodotto\/specchio-diamond\/\",\"name\":\"Specchio Diamond - DevinaNais\",\"isPartOf\":{\"@id\":\"https:\/\/www.devinanais.com\/#website\"},\"primaryImageOfPage\":{\"@id\":\"https:\/\/www.devinanais.com\/es\/prodotto\/specchio-diamond\/#primaryimage\"},\"image\":{\"@id\":\"https:\/\/www.devinanais.com\/es\/prodotto\/specchio-diamond\/#primaryimage\"},\"thumbnailUrl\":\"https:\/\/www.devinanais.com\/wp-content\/uploads\/2023\/04\/specchio-rettangolare-legno-rovere-or-specchiera-diamond-or-devina-nais.jpg\",\"datePublished\":\"2023-04-07T09:34:48+00:00\",\"dateModified\":\"2023-09-19T15:53:15+00:00\",\"breadcrumb\":{\"@id\":\"https:\/\/www.devinanais.com\/es\/prodotto\/specchio-diamond\/#breadcrumb\"},\"inLanguage\":\"es\",\"potentialAction\":[{\"@type\":\"ReadAction\",\"target\":[\"https:\/\/www.devinanais.com\/es\/prodotto\/specchio-diamond\/\"]}]},{\"@type\":\"ImageObject\",\"inLanguage\":\"es\",\"@id\":\"https:\/\/www.devinanais.com\/es\/prodotto\/specchio-diamond\/#primaryimage\",\"url\":\"https:\/\/www.devinanais.com\/wp-content\/uploads\/2023\/04\/specchio-rettangolare-legno-rovere-or-specchiera-diamond-or-devina-nais.jpg\",\"contentUrl\":\"https:\/\/www.devinanais.com\/wp-content\/uploads\/2023\/04\/specchio-rettangolare-legno-rovere-or-specchiera-diamond-or-devina-nais.jpg\",\"width\":2206,\"height\":1105,\"caption\":\"specchiera legno rovere diamond devina nais\"},{\"@type\":\"BreadcrumbList\",\"@id\":\"https:\/\/www.devinanais.com\/es\/prodotto\/specchio-diamond\/#breadcrumb\",\"itemListElement\":[{\"@type\":\"ListItem\",\"position\":1,\"name\":\"Home\",\"item\":\"https:\/\/www.devinanais.com\/es\/\"},{\"@type\":\"ListItem\",\"position\":2,\"name\":\"Productos\",\"item\":\"https:\/\/www.devinanais.com\/es\/productos\/\"},{\"@type\":\"ListItem\",\"position\":3,\"name\":\"Accesorios\",\"item\":\"https:\/\/www.devinanais.com\/es\/categoria-prodotto\/accesorios\/\"},{\"@type\":\"ListItem\",\"position\":4,\"name\":\"Specchio Diamond\"}]},{\"@type\":\"WebSite\",\"@id\":\"https:\/\/www.devinanais.com\/#website\",\"url\":\"https:\/\/www.devinanais.com\/\",\"name\":\"DevinaNais\",\"description\":\"\",\"potentialAction\":[{\"@type\":\"SearchAction\",\"target\":{\"@type\":\"EntryPoint\",\"urlTemplate\":\"https:\/\/www.devinanais.com\/?s={search_term_string}\"},\"query-input\":{\"@type\":\"PropertyValueSpecification\",\"valueRequired\":true,\"valueName\":\"search_term_string\"}}],\"inLanguage\":\"es\"}]}<\/script>\n<!-- \/ Yoast SEO plugin. -->","yoast_head_json":{"title":"Specchio Diamond - DevinaNais","robots":{"index":"index","follow":"follow","max-snippet":"max-snippet:-1","max-image-preview":"max-image-preview:large","max-video-preview":"max-video-preview:-1"},"canonical":"https:\/\/www.devinanais.com\/es\/prodotto\/specchio-diamond\/","og_locale":"es_ES","og_type":"article","og_title":"Specchio Diamond - DevinaNais","og_description":"Biombos, espejos, estanter\u00edas, taburetes y sillas tienen el poder de coronar un proyecto de decoraci\u00f3n exclusivo. O revelar el potencial de un entorno a\u00f1adiendo un toque de clase. Da rienda suelta a tu creatividad, combinando complementos de decoraci\u00f3n de dise\u00f1o con el estilo inconfundible de Devina Nais.","og_url":"https:\/\/www.devinanais.com\/es\/prodotto\/specchio-diamond\/","og_site_name":"DevinaNais","article_modified_time":"2023-09-19T15:53:15+00:00","og_image":[{"width":2206,"height":1105,"url":"https:\/\/www.devinanais.com\/wp-content\/uploads\/2023\/04\/specchio-rettangolare-legno-rovere-or-specchiera-diamond-or-devina-nais.jpg","type":"image\/jpeg"}],"twitter_card":"summary_large_image","twitter_misc":{"Tiempo de lectura":"1 minuto"},"schema":{"@context":"https:\/\/schema.org","@graph":[{"@type":"WebPage","@id":"https:\/\/www.devinanais.com\/es\/prodotto\/specchio-diamond\/","url":"https:\/\/www.devinanais.com\/es\/prodotto\/specchio-diamond\/","name":"Specchio Diamond - DevinaNais","isPartOf":{"@id":"https:\/\/www.devinanais.com\/#website"},"primaryImageOfPage":{"@id":"https:\/\/www.devinanais.com\/es\/prodotto\/specchio-diamond\/#primaryimage"},"image":{"@id":"https:\/\/www.devinanais.com\/es\/prodotto\/specchio-diamond\/#primaryimage"},"thumbnailUrl":"https:\/\/www.devinanais.com\/wp-content\/uploads\/2023\/04\/specchio-rettangolare-legno-rovere-or-specchiera-diamond-or-devina-nais.jpg","datePublished":"2023-04-07T09:34:48+00:00","dateModified":"2023-09-19T15:53:15+00:00","breadcrumb":{"@id":"https:\/\/www.devinanais.com\/es\/prodotto\/specchio-diamond\/#breadcrumb"},"inLanguage":"es","potentialAction":[{"@type":"ReadAction","target":["https:\/\/www.devinanais.com\/es\/prodotto\/specchio-diamond\/"]}]},{"@type":"ImageObject","inLanguage":"es","@id":"https:\/\/www.devinanais.com\/es\/prodotto\/specchio-diamond\/#primaryimage","url":"https:\/\/www.devinanais.com\/wp-content\/uploads\/2023\/04\/specchio-rettangolare-legno-rovere-or-specchiera-diamond-or-devina-nais.jpg","contentUrl":"https:\/\/www.devinanais.com\/wp-content\/uploads\/2023\/04\/specchio-rettangolare-legno-rovere-or-specchiera-diamond-or-devina-nais.jpg","width":2206,"height":1105,"caption":"specchiera legno rovere diamond devina nais"},{"@type":"BreadcrumbList","@id":"https:\/\/www.devinanais.com\/es\/prodotto\/specchio-diamond\/#breadcrumb","itemListElement":[{"@type":"ListItem","position":1,"name":"Home","item":"https:\/\/www.devinanais.com\/es\/"},{"@type":"ListItem","position":2,"name":"Productos","item":"https:\/\/www.devinanais.com\/es\/productos\/"},{"@type":"ListItem","position":3,"name":"Accesorios","item":"https:\/\/www.devinanais.com\/es\/categoria-prodotto\/accesorios\/"},{"@type":"ListItem","position":4,"name":"Specchio Diamond"}]},{"@type":"WebSite","@id":"https:\/\/www.devinanais.com\/#website","url":"https:\/\/www.devinanais.com\/","name":"DevinaNais","description":"","potentialAction":[{"@type":"SearchAction","target":{"@type":"EntryPoint","urlTemplate":"https:\/\/www.devinanais.com\/?s={search_term_string}"},"query-input":{"@type":"PropertyValueSpecification","valueRequired":true,"valueName":"search_term_string"}}],"inLanguage":"es"}]}},"_links":{"self":[{"href":"https:\/\/www.devinanais.com\/es\/wp-json\/wp\/v2\/product\/20035","targetHints":{"allow":["GET"]}}],"collection":[{"href":"https:\/\/www.devinanais.com\/es\/wp-json\/wp\/v2\/product"}],"about":[{"href":"https:\/\/www.devinanais.com\/es\/wp-json\/wp\/v2\/types\/product"}],"wp:featuredmedia":[{"embeddable":true,"href":"https:\/\/www.devinanais.com\/es\/wp-json\/wp\/v2\/media\/26537"}],"wp:attachment":[{"href":"https:\/\/www.devinanais.com\/es\/wp-json\/wp\/v2\/media?parent=20035"}],"wp:term":[{"taxonomy":"product_brand","embeddable":true,"href":"https:\/\/www.devinanais.com\/es\/wp-json\/wp\/v2\/product_brand?post=20035"},{"taxonomy":"product_cat","embeddable":true,"href":"https:\/\/www.devinanais.com\/es\/wp-json\/wp\/v2\/product_cat?post=20035"},{"taxonomy":"product_tag","embeddable":true,"href":"https:\/\/www.devinanais.com\/es\/wp-json\/wp\/v2\/product_tag?post=20035"},{"taxonomy":"ambiente","embeddable":true,"href":"https:\/\/www.devinanais.com\/es\/wp-json\/wp\/v2\/ambiente?post=20035"},{"taxonomy":"collezione","embeddable":true,"href":"https:\/\/www.devinanais.com\/es\/wp-json\/wp\/v2\/collezione?post=20035"}],"curies":[{"name":"wp","href":"https:\/\/api.w.org\/{rel}","templated":true}]}}