{"id":20047,"date":"2023-04-07T09:51:13","date_gmt":"2023-04-07T07:51:13","guid":{"rendered":"https:\/\/devina.indaweb.it\/prodotto\/divano-cambridge\/"},"modified":"2023-09-22T09:24:56","modified_gmt":"2023-09-22T07:24:56","slug":"divano-cambridge","status":"publish","type":"product","link":"https:\/\/www.devinanais.com\/es\/producto\/divano-cambridge\/","title":{"rendered":"Sof\u00e0 Cambridge"},"content":{"rendered":"<p>Las heterogeneidades naturales del cuero, nunca iguales,<\/p>\n<p>rodean las formas flexibles de muebles \u00fanicos. La calidad<\/p>\n<p>de las pieles de b\u00fafalo seleccionadas se combina con la<\/p>\n<p>excelencia del procesamiento. As\u00ed, los artesanos de Devina Nais<\/p>\n<p>crean sof\u00e1s y sillones perfectos para abrazarte con estilo y<\/p>\n<p>comodidad inalcanzables.<\/p>\n","protected":false},"excerpt":{"rendered":"<p>Las heterogeneidades naturales del cuero, nunca iguales, rodean las formas flexibles de muebles \u00fanicos. La calidad de las pieles de b\u00fafalo seleccionadas se combina con la excelencia del procesamiento. As\u00ed, los artesanos de Devina Nais crean sof\u00e1s y sillones perfectos para abrazarte con estilo y comodidad inalcanzables.<\/p>\n","protected":false},"featured_media":29826,"template":"","meta":{"_et_pb_use_builder":"","_et_pb_old_content":"","_et_gb_content_width":""},"product_brand":[],"product_cat":[161],"product_tag":[],"ambiente":[276],"collezione":[277],"class_list":{"0":"post-20047","1":"product","2":"type-product","3":"status-publish","4":"has-post-thumbnail","6":"product_cat-senza-categoria","7":"ambiente-sala-de-estar","8":"collezione-living-more-es","10":"first","11":"instock","12":"shipping-taxable","13":"product-type-simple"},"acf":[],"yoast_head":"<!-- This site is optimized with the Yoast SEO plugin v26.2 - https:\/\/yoast.com\/wordpress\/plugins\/seo\/ -->\n<title>Sof\u00e0 Cambridge - DevinaNais<\/title>\n<meta name=\"robots\" content=\"index, follow, max-snippet:-1, max-image-preview:large, max-video-preview:-1\" \/>\n<link rel=\"canonical\" href=\"https:\/\/www.devinanais.com\/es\/producto\/divano-cambridge\/\" \/>\n<meta property=\"og:locale\" content=\"es_ES\" \/>\n<meta property=\"og:type\" content=\"article\" \/>\n<meta property=\"og:title\" content=\"Sof\u00e0 Cambridge - DevinaNais\" \/>\n<meta property=\"og:description\" content=\"Las heterogeneidades naturales del cuero, nunca iguales, rodean las formas flexibles de muebles \u00fanicos. La calidad de las pieles de b\u00fafalo seleccionadas se combina con la excelencia del procesamiento. As\u00ed, los artesanos de Devina Nais crean sof\u00e1s y sillones perfectos para abrazarte con estilo y comodidad inalcanzables.\" \/>\n<meta property=\"og:url\" content=\"https:\/\/www.devinanais.com\/es\/producto\/divano-cambridge\/\" \/>\n<meta property=\"og:site_name\" content=\"DevinaNais\" \/>\n<meta property=\"article:modified_time\" content=\"2023-09-22T07:24:56+00:00\" \/>\n<meta property=\"og:image\" content=\"https:\/\/www.devinanais.com\/wp-content\/uploads\/2023\/04\/divano-pelle-soft-or-imbottiti-cambridge-or-devina-nais.jpg-1.webp\" \/>\n\t<meta property=\"og:image:width\" content=\"1472\" \/>\n\t<meta property=\"og:image:height\" content=\"732\" \/>\n\t<meta property=\"og:image:type\" content=\"image\/webp\" \/>\n<meta name=\"twitter:card\" content=\"summary_large_image\" \/>\n<meta name=\"twitter:label1\" content=\"Tiempo de lectura\" \/>\n\t<meta name=\"twitter:data1\" content=\"1 minuto\" \/>\n<script type=\"application\/ld+json\" class=\"yoast-schema-graph\">{\"@context\":\"https:\/\/schema.org\",\"@graph\":[{\"@type\":\"WebPage\",\"@id\":\"https:\/\/www.devinanais.com\/es\/producto\/divano-cambridge\/\",\"url\":\"https:\/\/www.devinanais.com\/es\/producto\/divano-cambridge\/\",\"name\":\"Sof\u00e0 Cambridge - DevinaNais\",\"isPartOf\":{\"@id\":\"https:\/\/www.devinanais.com\/#website\"},\"primaryImageOfPage\":{\"@id\":\"https:\/\/www.devinanais.com\/es\/producto\/divano-cambridge\/#primaryimage\"},\"image\":{\"@id\":\"https:\/\/www.devinanais.com\/es\/producto\/divano-cambridge\/#primaryimage\"},\"thumbnailUrl\":\"https:\/\/www.devinanais.com\/wp-content\/uploads\/2023\/04\/divano-pelle-soft-or-imbottiti-cambridge-or-devina-nais.jpg-1.webp\",\"datePublished\":\"2023-04-07T07:51:13+00:00\",\"dateModified\":\"2023-09-22T07:24:56+00:00\",\"breadcrumb\":{\"@id\":\"https:\/\/www.devinanais.com\/es\/producto\/divano-cambridge\/#breadcrumb\"},\"inLanguage\":\"es\",\"potentialAction\":[{\"@type\":\"ReadAction\",\"target\":[\"https:\/\/www.devinanais.com\/es\/producto\/divano-cambridge\/\"]}]},{\"@type\":\"ImageObject\",\"inLanguage\":\"es\",\"@id\":\"https:\/\/www.devinanais.com\/es\/producto\/divano-cambridge\/#primaryimage\",\"url\":\"https:\/\/www.devinanais.com\/wp-content\/uploads\/2023\/04\/divano-pelle-soft-or-imbottiti-cambridge-or-devina-nais.jpg-1.webp\",\"contentUrl\":\"https:\/\/www.devinanais.com\/wp-content\/uploads\/2023\/04\/divano-pelle-soft-or-imbottiti-cambridge-or-devina-nais.jpg-1.webp\",\"width\":1472,\"height\":732},{\"@type\":\"BreadcrumbList\",\"@id\":\"https:\/\/www.devinanais.com\/es\/producto\/divano-cambridge\/#breadcrumb\",\"itemListElement\":[{\"@type\":\"ListItem\",\"position\":1,\"name\":\"Home\",\"item\":\"https:\/\/www.devinanais.com\/es\/\"},{\"@type\":\"ListItem\",\"position\":2,\"name\":\"Productos\",\"item\":\"https:\/\/www.devinanais.com\/es\/productos\/\"},{\"@type\":\"ListItem\",\"position\":3,\"name\":\"Senza categoria\",\"item\":\"https:\/\/www.devinanais.com\/categoria-prodotto\/senza-categoria\/\"},{\"@type\":\"ListItem\",\"position\":4,\"name\":\"Sof\u00e0 Cambridge\"}]},{\"@type\":\"WebSite\",\"@id\":\"https:\/\/www.devinanais.com\/#website\",\"url\":\"https:\/\/www.devinanais.com\/\",\"name\":\"DevinaNais\",\"description\":\"\",\"potentialAction\":[{\"@type\":\"SearchAction\",\"target\":{\"@type\":\"EntryPoint\",\"urlTemplate\":\"https:\/\/www.devinanais.com\/?s={search_term_string}\"},\"query-input\":{\"@type\":\"PropertyValueSpecification\",\"valueRequired\":true,\"valueName\":\"search_term_string\"}}],\"inLanguage\":\"es\"}]}<\/script>\n<!-- \/ Yoast SEO plugin. -->","yoast_head_json":{"title":"Sof\u00e0 Cambridge - DevinaNais","robots":{"index":"index","follow":"follow","max-snippet":"max-snippet:-1","max-image-preview":"max-image-preview:large","max-video-preview":"max-video-preview:-1"},"canonical":"https:\/\/www.devinanais.com\/es\/producto\/divano-cambridge\/","og_locale":"es_ES","og_type":"article","og_title":"Sof\u00e0 Cambridge - DevinaNais","og_description":"Las heterogeneidades naturales del cuero, nunca iguales, rodean las formas flexibles de muebles \u00fanicos. La calidad de las pieles de b\u00fafalo seleccionadas se combina con la excelencia del procesamiento. As\u00ed, los artesanos de Devina Nais crean sof\u00e1s y sillones perfectos para abrazarte con estilo y comodidad inalcanzables.","og_url":"https:\/\/www.devinanais.com\/es\/producto\/divano-cambridge\/","og_site_name":"DevinaNais","article_modified_time":"2023-09-22T07:24:56+00:00","og_image":[{"width":1472,"height":732,"url":"https:\/\/www.devinanais.com\/wp-content\/uploads\/2023\/04\/divano-pelle-soft-or-imbottiti-cambridge-or-devina-nais.jpg-1.webp","type":"image\/webp"}],"twitter_card":"summary_large_image","twitter_misc":{"Tiempo de lectura":"1 minuto"},"schema":{"@context":"https:\/\/schema.org","@graph":[{"@type":"WebPage","@id":"https:\/\/www.devinanais.com\/es\/producto\/divano-cambridge\/","url":"https:\/\/www.devinanais.com\/es\/producto\/divano-cambridge\/","name":"Sof\u00e0 Cambridge - DevinaNais","isPartOf":{"@id":"https:\/\/www.devinanais.com\/#website"},"primaryImageOfPage":{"@id":"https:\/\/www.devinanais.com\/es\/producto\/divano-cambridge\/#primaryimage"},"image":{"@id":"https:\/\/www.devinanais.com\/es\/producto\/divano-cambridge\/#primaryimage"},"thumbnailUrl":"https:\/\/www.devinanais.com\/wp-content\/uploads\/2023\/04\/divano-pelle-soft-or-imbottiti-cambridge-or-devina-nais.jpg-1.webp","datePublished":"2023-04-07T07:51:13+00:00","dateModified":"2023-09-22T07:24:56+00:00","breadcrumb":{"@id":"https:\/\/www.devinanais.com\/es\/producto\/divano-cambridge\/#breadcrumb"},"inLanguage":"es","potentialAction":[{"@type":"ReadAction","target":["https:\/\/www.devinanais.com\/es\/producto\/divano-cambridge\/"]}]},{"@type":"ImageObject","inLanguage":"es","@id":"https:\/\/www.devinanais.com\/es\/producto\/divano-cambridge\/#primaryimage","url":"https:\/\/www.devinanais.com\/wp-content\/uploads\/2023\/04\/divano-pelle-soft-or-imbottiti-cambridge-or-devina-nais.jpg-1.webp","contentUrl":"https:\/\/www.devinanais.com\/wp-content\/uploads\/2023\/04\/divano-pelle-soft-or-imbottiti-cambridge-or-devina-nais.jpg-1.webp","width":1472,"height":732},{"@type":"BreadcrumbList","@id":"https:\/\/www.devinanais.com\/es\/producto\/divano-cambridge\/#breadcrumb","itemListElement":[{"@type":"ListItem","position":1,"name":"Home","item":"https:\/\/www.devinanais.com\/es\/"},{"@type":"ListItem","position":2,"name":"Productos","item":"https:\/\/www.devinanais.com\/es\/productos\/"},{"@type":"ListItem","position":3,"name":"Senza categoria","item":"https:\/\/www.devinanais.com\/categoria-prodotto\/senza-categoria\/"},{"@type":"ListItem","position":4,"name":"Sof\u00e0 Cambridge"}]},{"@type":"WebSite","@id":"https:\/\/www.devinanais.com\/#website","url":"https:\/\/www.devinanais.com\/","name":"DevinaNais","description":"","potentialAction":[{"@type":"SearchAction","target":{"@type":"EntryPoint","urlTemplate":"https:\/\/www.devinanais.com\/?s={search_term_string}"},"query-input":{"@type":"PropertyValueSpecification","valueRequired":true,"valueName":"search_term_string"}}],"inLanguage":"es"}]}},"_links":{"self":[{"href":"https:\/\/www.devinanais.com\/es\/wp-json\/wp\/v2\/product\/20047","targetHints":{"allow":["GET"]}}],"collection":[{"href":"https:\/\/www.devinanais.com\/es\/wp-json\/wp\/v2\/product"}],"about":[{"href":"https:\/\/www.devinanais.com\/es\/wp-json\/wp\/v2\/types\/product"}],"wp:featuredmedia":[{"embeddable":true,"href":"https:\/\/www.devinanais.com\/es\/wp-json\/wp\/v2\/media\/29826"}],"wp:attachment":[{"href":"https:\/\/www.devinanais.com\/es\/wp-json\/wp\/v2\/media?parent=20047"}],"wp:term":[{"taxonomy":"product_brand","embeddable":true,"href":"https:\/\/www.devinanais.com\/es\/wp-json\/wp\/v2\/product_brand?post=20047"},{"taxonomy":"product_cat","embeddable":true,"href":"https:\/\/www.devinanais.com\/es\/wp-json\/wp\/v2\/product_cat?post=20047"},{"taxonomy":"product_tag","embeddable":true,"href":"https:\/\/www.devinanais.com\/es\/wp-json\/wp\/v2\/product_tag?post=20047"},{"taxonomy":"ambiente","embeddable":true,"href":"https:\/\/www.devinanais.com\/es\/wp-json\/wp\/v2\/ambiente?post=20047"},{"taxonomy":"collezione","embeddable":true,"href":"https:\/\/www.devinanais.com\/es\/wp-json\/wp\/v2\/collezione?post=20047"}],"curies":[{"name":"wp","href":"https:\/\/api.w.org\/{rel}","templated":true}]}}