{"id":20092,"date":"2023-04-07T10:28:42","date_gmt":"2023-04-07T08:28:42","guid":{"rendered":"https:\/\/devina.indaweb.it\/prodotto\/credenza-holand\/"},"modified":"2023-05-03T09:47:39","modified_gmt":"2023-05-03T07:47:39","slug":"aparador-holand","status":"publish","type":"product","link":"https:\/\/www.devinanais.com\/es\/producto\/aparador-holand\/","title":{"rendered":"Aparador Holand"},"content":{"rendered":"<h3>Sencilla y compacta, la librer\u00eda Jolly se puede realizar seg\u00fan las necesidades individuales con pr\u00e1cticos contenedores y cajones,<\/h3>\n<div class=\"column\">La belleza de un mueble en madera debe ser redescubierta.<br \/>\nTiradores de hierro y el marco deslizante, hacen que las puertas del aparador Eclettica sean m\u00e1s modernas.<br \/>\nPor otro lado, la fabricaci\u00f3n de roble en clave m\u00e1s contempor\u00e1nea lo hace extremadamente vers\u00e1til.<\/div>\n","protected":false},"excerpt":{"rendered":"<p>Sencilla y compacta, la librer\u00eda Jolly se puede realizar seg\u00fan las necesidades individuales con pr\u00e1cticos contenedores y cajones, La belleza de un mueble en madera debe ser redescubierta. Tiradores de hierro y el marco deslizante, hacen que las puertas del aparador Eclettica sean m\u00e1s modernas. Por otro lado, la fabricaci\u00f3n de roble en clave m\u00e1s [&hellip;]<\/p>\n","protected":false},"featured_media":29868,"template":"","meta":{"_et_pb_use_builder":"","_et_pb_old_content":"","_et_gb_content_width":""},"product_brand":[],"product_cat":[224],"product_tag":[],"ambiente":[276],"collezione":[277],"class_list":{"0":"post-20092","1":"product","2":"type-product","3":"status-publish","4":"has-post-thumbnail","6":"product_cat-aparadores","7":"ambiente-sala-de-estar","8":"collezione-living-more-es","10":"first","11":"instock","12":"shipping-taxable","13":"product-type-simple"},"acf":[],"yoast_head":"<!-- This site is optimized with the Yoast SEO plugin v26.2 - https:\/\/yoast.com\/wordpress\/plugins\/seo\/ -->\n<title>Aparador Holand - DevinaNais<\/title>\n<meta name=\"robots\" content=\"index, follow, max-snippet:-1, max-image-preview:large, max-video-preview:-1\" \/>\n<link rel=\"canonical\" href=\"https:\/\/www.devinanais.com\/es\/prodotto\/aparador-holand\/\" \/>\n<meta property=\"og:locale\" content=\"es_ES\" \/>\n<meta property=\"og:type\" content=\"article\" \/>\n<meta property=\"og:title\" content=\"Aparador Holand - DevinaNais\" \/>\n<meta property=\"og:description\" content=\"Sencilla y compacta, la librer\u00eda Jolly se puede realizar seg\u00fan las necesidades individuales con pr\u00e1cticos contenedores y cajones, La belleza de un mueble en madera debe ser redescubierta. Tiradores de hierro y el marco deslizante, hacen que las puertas del aparador Eclettica sean m\u00e1s modernas. Por otro lado, la fabricaci\u00f3n de roble en clave m\u00e1s [&hellip;]\" \/>\n<meta property=\"og:url\" content=\"https:\/\/www.devinanais.com\/es\/prodotto\/aparador-holand\/\" \/>\n<meta property=\"og:site_name\" content=\"DevinaNais\" \/>\n<meta property=\"article:modified_time\" content=\"2023-05-03T07:47:39+00:00\" \/>\n<meta property=\"og:image\" content=\"https:\/\/www.devinanais.com\/wp-content\/uploads\/2019\/03\/devina-nais-credenza-holand-foto-1.jpg\" \/>\n\t<meta property=\"og:image:width\" content=\"1260\" \/>\n\t<meta property=\"og:image:height\" content=\"890\" \/>\n\t<meta property=\"og:image:type\" content=\"image\/jpeg\" \/>\n<meta name=\"twitter:card\" content=\"summary_large_image\" \/>\n<meta name=\"twitter:label1\" content=\"Tiempo de lectura\" \/>\n\t<meta name=\"twitter:data1\" content=\"1 minuto\" \/>\n<script type=\"application\/ld+json\" class=\"yoast-schema-graph\">{\"@context\":\"https:\/\/schema.org\",\"@graph\":[{\"@type\":\"WebPage\",\"@id\":\"https:\/\/www.devinanais.com\/es\/prodotto\/aparador-holand\/\",\"url\":\"https:\/\/www.devinanais.com\/es\/prodotto\/aparador-holand\/\",\"name\":\"Aparador Holand - DevinaNais\",\"isPartOf\":{\"@id\":\"https:\/\/www.devinanais.com\/#website\"},\"primaryImageOfPage\":{\"@id\":\"https:\/\/www.devinanais.com\/es\/prodotto\/aparador-holand\/#primaryimage\"},\"image\":{\"@id\":\"https:\/\/www.devinanais.com\/es\/prodotto\/aparador-holand\/#primaryimage\"},\"thumbnailUrl\":\"https:\/\/www.devinanais.com\/wp-content\/uploads\/2023\/04\/madia-in-legno-rovere-or-credenza-holand-or-devinanais-apertura.jpg-1.webp\",\"datePublished\":\"2023-04-07T08:28:42+00:00\",\"dateModified\":\"2023-05-03T07:47:39+00:00\",\"breadcrumb\":{\"@id\":\"https:\/\/www.devinanais.com\/es\/prodotto\/aparador-holand\/#breadcrumb\"},\"inLanguage\":\"es\",\"potentialAction\":[{\"@type\":\"ReadAction\",\"target\":[\"https:\/\/www.devinanais.com\/es\/prodotto\/aparador-holand\/\"]}]},{\"@type\":\"ImageObject\",\"inLanguage\":\"es\",\"@id\":\"https:\/\/www.devinanais.com\/es\/prodotto\/aparador-holand\/#primaryimage\",\"url\":\"https:\/\/www.devinanais.com\/wp-content\/uploads\/2023\/04\/madia-in-legno-rovere-or-credenza-holand-or-devinanais-apertura.jpg-1.webp\",\"contentUrl\":\"https:\/\/www.devinanais.com\/wp-content\/uploads\/2023\/04\/madia-in-legno-rovere-or-credenza-holand-or-devinanais-apertura.jpg-1.webp\",\"width\":2000,\"height\":1005},{\"@type\":\"BreadcrumbList\",\"@id\":\"https:\/\/www.devinanais.com\/es\/prodotto\/aparador-holand\/#breadcrumb\",\"itemListElement\":[{\"@type\":\"ListItem\",\"position\":1,\"name\":\"Home\",\"item\":\"https:\/\/www.devinanais.com\/es\/\"},{\"@type\":\"ListItem\",\"position\":2,\"name\":\"Productos\",\"item\":\"https:\/\/www.devinanais.com\/es\/productos\/\"},{\"@type\":\"ListItem\",\"position\":3,\"name\":\"Madie\",\"item\":\"https:\/\/www.devinanais.com\/categoria-prodotto\/madie\/\"},{\"@type\":\"ListItem\",\"position\":4,\"name\":\"Aparador Holand\"}]},{\"@type\":\"WebSite\",\"@id\":\"https:\/\/www.devinanais.com\/#website\",\"url\":\"https:\/\/www.devinanais.com\/\",\"name\":\"DevinaNais\",\"description\":\"\",\"potentialAction\":[{\"@type\":\"SearchAction\",\"target\":{\"@type\":\"EntryPoint\",\"urlTemplate\":\"https:\/\/www.devinanais.com\/?s={search_term_string}\"},\"query-input\":{\"@type\":\"PropertyValueSpecification\",\"valueRequired\":true,\"valueName\":\"search_term_string\"}}],\"inLanguage\":\"es\"}]}<\/script>\n<!-- \/ Yoast SEO plugin. -->","yoast_head_json":{"title":"Aparador Holand - DevinaNais","robots":{"index":"index","follow":"follow","max-snippet":"max-snippet:-1","max-image-preview":"max-image-preview:large","max-video-preview":"max-video-preview:-1"},"canonical":"https:\/\/www.devinanais.com\/es\/prodotto\/aparador-holand\/","og_locale":"es_ES","og_type":"article","og_title":"Aparador Holand - DevinaNais","og_description":"Sencilla y compacta, la librer\u00eda Jolly se puede realizar seg\u00fan las necesidades individuales con pr\u00e1cticos contenedores y cajones, La belleza de un mueble en madera debe ser redescubierta. Tiradores de hierro y el marco deslizante, hacen que las puertas del aparador Eclettica sean m\u00e1s modernas. Por otro lado, la fabricaci\u00f3n de roble en clave m\u00e1s [&hellip;]","og_url":"https:\/\/www.devinanais.com\/es\/prodotto\/aparador-holand\/","og_site_name":"DevinaNais","article_modified_time":"2023-05-03T07:47:39+00:00","og_image":[{"width":1260,"height":890,"url":"https:\/\/www.devinanais.com\/wp-content\/uploads\/2019\/03\/devina-nais-credenza-holand-foto-1.jpg","type":"image\/jpeg"}],"twitter_card":"summary_large_image","twitter_misc":{"Tiempo de lectura":"1 minuto"},"schema":{"@context":"https:\/\/schema.org","@graph":[{"@type":"WebPage","@id":"https:\/\/www.devinanais.com\/es\/prodotto\/aparador-holand\/","url":"https:\/\/www.devinanais.com\/es\/prodotto\/aparador-holand\/","name":"Aparador Holand - DevinaNais","isPartOf":{"@id":"https:\/\/www.devinanais.com\/#website"},"primaryImageOfPage":{"@id":"https:\/\/www.devinanais.com\/es\/prodotto\/aparador-holand\/#primaryimage"},"image":{"@id":"https:\/\/www.devinanais.com\/es\/prodotto\/aparador-holand\/#primaryimage"},"thumbnailUrl":"https:\/\/www.devinanais.com\/wp-content\/uploads\/2023\/04\/madia-in-legno-rovere-or-credenza-holand-or-devinanais-apertura.jpg-1.webp","datePublished":"2023-04-07T08:28:42+00:00","dateModified":"2023-05-03T07:47:39+00:00","breadcrumb":{"@id":"https:\/\/www.devinanais.com\/es\/prodotto\/aparador-holand\/#breadcrumb"},"inLanguage":"es","potentialAction":[{"@type":"ReadAction","target":["https:\/\/www.devinanais.com\/es\/prodotto\/aparador-holand\/"]}]},{"@type":"ImageObject","inLanguage":"es","@id":"https:\/\/www.devinanais.com\/es\/prodotto\/aparador-holand\/#primaryimage","url":"https:\/\/www.devinanais.com\/wp-content\/uploads\/2023\/04\/madia-in-legno-rovere-or-credenza-holand-or-devinanais-apertura.jpg-1.webp","contentUrl":"https:\/\/www.devinanais.com\/wp-content\/uploads\/2023\/04\/madia-in-legno-rovere-or-credenza-holand-or-devinanais-apertura.jpg-1.webp","width":2000,"height":1005},{"@type":"BreadcrumbList","@id":"https:\/\/www.devinanais.com\/es\/prodotto\/aparador-holand\/#breadcrumb","itemListElement":[{"@type":"ListItem","position":1,"name":"Home","item":"https:\/\/www.devinanais.com\/es\/"},{"@type":"ListItem","position":2,"name":"Productos","item":"https:\/\/www.devinanais.com\/es\/productos\/"},{"@type":"ListItem","position":3,"name":"Madie","item":"https:\/\/www.devinanais.com\/categoria-prodotto\/madie\/"},{"@type":"ListItem","position":4,"name":"Aparador Holand"}]},{"@type":"WebSite","@id":"https:\/\/www.devinanais.com\/#website","url":"https:\/\/www.devinanais.com\/","name":"DevinaNais","description":"","potentialAction":[{"@type":"SearchAction","target":{"@type":"EntryPoint","urlTemplate":"https:\/\/www.devinanais.com\/?s={search_term_string}"},"query-input":{"@type":"PropertyValueSpecification","valueRequired":true,"valueName":"search_term_string"}}],"inLanguage":"es"}]}},"_links":{"self":[{"href":"https:\/\/www.devinanais.com\/es\/wp-json\/wp\/v2\/product\/20092","targetHints":{"allow":["GET"]}}],"collection":[{"href":"https:\/\/www.devinanais.com\/es\/wp-json\/wp\/v2\/product"}],"about":[{"href":"https:\/\/www.devinanais.com\/es\/wp-json\/wp\/v2\/types\/product"}],"wp:featuredmedia":[{"embeddable":true,"href":"https:\/\/www.devinanais.com\/es\/wp-json\/wp\/v2\/media\/29868"}],"wp:attachment":[{"href":"https:\/\/www.devinanais.com\/es\/wp-json\/wp\/v2\/media?parent=20092"}],"wp:term":[{"taxonomy":"product_brand","embeddable":true,"href":"https:\/\/www.devinanais.com\/es\/wp-json\/wp\/v2\/product_brand?post=20092"},{"taxonomy":"product_cat","embeddable":true,"href":"https:\/\/www.devinanais.com\/es\/wp-json\/wp\/v2\/product_cat?post=20092"},{"taxonomy":"product_tag","embeddable":true,"href":"https:\/\/www.devinanais.com\/es\/wp-json\/wp\/v2\/product_tag?post=20092"},{"taxonomy":"ambiente","embeddable":true,"href":"https:\/\/www.devinanais.com\/es\/wp-json\/wp\/v2\/ambiente?post=20092"},{"taxonomy":"collezione","embeddable":true,"href":"https:\/\/www.devinanais.com\/es\/wp-json\/wp\/v2\/collezione?post=20092"}],"curies":[{"name":"wp","href":"https:\/\/api.w.org\/{rel}","templated":true}]}}