{"id":20129,"date":"2023-05-02T17:18:44","date_gmt":"2023-05-02T15:18:44","guid":{"rendered":"https:\/\/devina.indaweb.it\/prodotto\/living-zero-16-composizione-l19\/"},"modified":"2023-10-02T15:24:55","modified_gmt":"2023-10-02T13:24:55","slug":"living-zero-16","status":"publish","type":"product","link":"https:\/\/www.devinanais.com\/es\/producto\/living-zero-16\/","title":{"rendered":"Living Zero.16"},"content":{"rendered":"<p>La colecci\u00f3n Devina Nais para el sal\u00f3n es un viaje para descubrir<\/p>\n<p>un mundo de dise\u00f1o \u00abpara vivir\u00bb.<\/p>\n<p>Desarrollado para aportar clase y creatividad a sus hogares,<\/p>\n<p>caracterizado por una habilidad superior en carpinter\u00eda,<\/p>\n<p>ofrece infinitas posibilidades de configuraci\u00f3n.<\/p>\n<p>Para un proyecto de decoraci\u00f3n muy personal.<\/p>\n<p><img loading=\"lazy\" decoding=\"async\" class=\"alignnone size-medium wp-image-29519\" src=\"https:\/\/www.devinanais.com\/wp-content\/uploads\/2023\/04\/SU-MISURA-SPAGNOLO-300x84.jpg\" alt=\"\" width=\"300\" height=\"84\" \/><\/p>\n","protected":false},"excerpt":{"rendered":"<p>La colecci\u00f3n Devina Nais para el sal\u00f3n es un viaje para descubrir un mundo de dise\u00f1o \u00abpara vivir\u00bb. Desarrollado para aportar clase y creatividad a sus hogares, caracterizado por una habilidad superior en carpinter\u00eda, ofrece infinitas posibilidades de configuraci\u00f3n. Para un proyecto de decoraci\u00f3n muy personal.<\/p>\n","protected":false},"featured_media":35351,"template":"","meta":{"_et_pb_use_builder":"","_et_pb_old_content":"","_et_gb_content_width":""},"product_brand":[],"product_cat":[228],"product_tag":[],"ambiente":[276],"collezione":[323],"class_list":{"0":"post-20129","1":"product","2":"type-product","3":"status-publish","4":"has-post-thumbnail","6":"product_cat-sistemas-modulares-a-pared","7":"ambiente-sala-de-estar","8":"collezione-living-zero-16-es","10":"first","11":"instock","12":"shipping-taxable","13":"product-type-simple"},"acf":[],"yoast_head":"<!-- This site is optimized with the Yoast SEO plugin v26.2 - https:\/\/yoast.com\/wordpress\/plugins\/seo\/ -->\n<title>Living Zero.16 - DevinaNais<\/title>\n<meta name=\"robots\" content=\"index, follow, max-snippet:-1, max-image-preview:large, max-video-preview:-1\" \/>\n<link rel=\"canonical\" href=\"https:\/\/www.devinanais.com\/es\/producto\/living-zero-16\/\" \/>\n<meta property=\"og:locale\" content=\"es_ES\" \/>\n<meta property=\"og:type\" content=\"article\" \/>\n<meta property=\"og:title\" content=\"Living Zero.16 - DevinaNais\" \/>\n<meta property=\"og:description\" content=\"La colecci\u00f3n Devina Nais para el sal\u00f3n es un viaje para descubrir un mundo de dise\u00f1o \u00abpara vivir\u00bb. Desarrollado para aportar clase y creatividad a sus hogares, caracterizado por una habilidad superior en carpinter\u00eda, ofrece infinitas posibilidades de configuraci\u00f3n. Para un proyecto de decoraci\u00f3n muy personal.\" \/>\n<meta property=\"og:url\" content=\"https:\/\/www.devinanais.com\/es\/producto\/living-zero-16\/\" \/>\n<meta property=\"og:site_name\" content=\"DevinaNais\" \/>\n<meta property=\"article:modified_time\" content=\"2023-10-02T13:24:55+00:00\" \/>\n<meta property=\"og:image\" content=\"https:\/\/www.devinanais.com\/wp-content\/uploads\/2023\/05\/COMP-L22-1.jpg\" \/>\n\t<meta property=\"og:image:width\" content=\"1470\" \/>\n\t<meta property=\"og:image:height\" content=\"733\" \/>\n\t<meta property=\"og:image:type\" content=\"image\/jpeg\" \/>\n<meta name=\"twitter:card\" content=\"summary_large_image\" \/>\n<meta name=\"twitter:label1\" content=\"Tiempo de lectura\" \/>\n\t<meta name=\"twitter:data1\" content=\"1 minuto\" \/>\n<script type=\"application\/ld+json\" class=\"yoast-schema-graph\">{\"@context\":\"https:\/\/schema.org\",\"@graph\":[{\"@type\":\"WebPage\",\"@id\":\"https:\/\/www.devinanais.com\/es\/producto\/living-zero-16\/\",\"url\":\"https:\/\/www.devinanais.com\/es\/producto\/living-zero-16\/\",\"name\":\"Living Zero.16 - DevinaNais\",\"isPartOf\":{\"@id\":\"https:\/\/www.devinanais.com\/#website\"},\"primaryImageOfPage\":{\"@id\":\"https:\/\/www.devinanais.com\/es\/producto\/living-zero-16\/#primaryimage\"},\"image\":{\"@id\":\"https:\/\/www.devinanais.com\/es\/producto\/living-zero-16\/#primaryimage\"},\"thumbnailUrl\":\"https:\/\/www.devinanais.com\/wp-content\/uploads\/2023\/05\/COMP-L22-1.jpg\",\"datePublished\":\"2023-05-02T15:18:44+00:00\",\"dateModified\":\"2023-10-02T13:24:55+00:00\",\"breadcrumb\":{\"@id\":\"https:\/\/www.devinanais.com\/es\/producto\/living-zero-16\/#breadcrumb\"},\"inLanguage\":\"es\",\"potentialAction\":[{\"@type\":\"ReadAction\",\"target\":[\"https:\/\/www.devinanais.com\/es\/producto\/living-zero-16\/\"]}]},{\"@type\":\"ImageObject\",\"inLanguage\":\"es\",\"@id\":\"https:\/\/www.devinanais.com\/es\/producto\/living-zero-16\/#primaryimage\",\"url\":\"https:\/\/www.devinanais.com\/wp-content\/uploads\/2023\/05\/COMP-L22-1.jpg\",\"contentUrl\":\"https:\/\/www.devinanais.com\/wp-content\/uploads\/2023\/05\/COMP-L22-1.jpg\",\"width\":1470,\"height\":733},{\"@type\":\"BreadcrumbList\",\"@id\":\"https:\/\/www.devinanais.com\/es\/producto\/living-zero-16\/#breadcrumb\",\"itemListElement\":[{\"@type\":\"ListItem\",\"position\":1,\"name\":\"Home\",\"item\":\"https:\/\/www.devinanais.com\/es\/\"},{\"@type\":\"ListItem\",\"position\":2,\"name\":\"Productos\",\"item\":\"https:\/\/www.devinanais.com\/es\/productos\/\"},{\"@type\":\"ListItem\",\"position\":3,\"name\":\"Parete componibile\",\"item\":\"https:\/\/www.devinanais.com\/categoria-prodotto\/parete-componibile\/\"},{\"@type\":\"ListItem\",\"position\":4,\"name\":\"Living Zero.16\"}]},{\"@type\":\"WebSite\",\"@id\":\"https:\/\/www.devinanais.com\/#website\",\"url\":\"https:\/\/www.devinanais.com\/\",\"name\":\"DevinaNais\",\"description\":\"\",\"potentialAction\":[{\"@type\":\"SearchAction\",\"target\":{\"@type\":\"EntryPoint\",\"urlTemplate\":\"https:\/\/www.devinanais.com\/?s={search_term_string}\"},\"query-input\":{\"@type\":\"PropertyValueSpecification\",\"valueRequired\":true,\"valueName\":\"search_term_string\"}}],\"inLanguage\":\"es\"}]}<\/script>\n<!-- \/ Yoast SEO plugin. -->","yoast_head_json":{"title":"Living Zero.16 - DevinaNais","robots":{"index":"index","follow":"follow","max-snippet":"max-snippet:-1","max-image-preview":"max-image-preview:large","max-video-preview":"max-video-preview:-1"},"canonical":"https:\/\/www.devinanais.com\/es\/producto\/living-zero-16\/","og_locale":"es_ES","og_type":"article","og_title":"Living Zero.16 - DevinaNais","og_description":"La colecci\u00f3n Devina Nais para el sal\u00f3n es un viaje para descubrir un mundo de dise\u00f1o \u00abpara vivir\u00bb. Desarrollado para aportar clase y creatividad a sus hogares, caracterizado por una habilidad superior en carpinter\u00eda, ofrece infinitas posibilidades de configuraci\u00f3n. Para un proyecto de decoraci\u00f3n muy personal.","og_url":"https:\/\/www.devinanais.com\/es\/producto\/living-zero-16\/","og_site_name":"DevinaNais","article_modified_time":"2023-10-02T13:24:55+00:00","og_image":[{"width":1470,"height":733,"url":"https:\/\/www.devinanais.com\/wp-content\/uploads\/2023\/05\/COMP-L22-1.jpg","type":"image\/jpeg"}],"twitter_card":"summary_large_image","twitter_misc":{"Tiempo de lectura":"1 minuto"},"schema":{"@context":"https:\/\/schema.org","@graph":[{"@type":"WebPage","@id":"https:\/\/www.devinanais.com\/es\/producto\/living-zero-16\/","url":"https:\/\/www.devinanais.com\/es\/producto\/living-zero-16\/","name":"Living Zero.16 - DevinaNais","isPartOf":{"@id":"https:\/\/www.devinanais.com\/#website"},"primaryImageOfPage":{"@id":"https:\/\/www.devinanais.com\/es\/producto\/living-zero-16\/#primaryimage"},"image":{"@id":"https:\/\/www.devinanais.com\/es\/producto\/living-zero-16\/#primaryimage"},"thumbnailUrl":"https:\/\/www.devinanais.com\/wp-content\/uploads\/2023\/05\/COMP-L22-1.jpg","datePublished":"2023-05-02T15:18:44+00:00","dateModified":"2023-10-02T13:24:55+00:00","breadcrumb":{"@id":"https:\/\/www.devinanais.com\/es\/producto\/living-zero-16\/#breadcrumb"},"inLanguage":"es","potentialAction":[{"@type":"ReadAction","target":["https:\/\/www.devinanais.com\/es\/producto\/living-zero-16\/"]}]},{"@type":"ImageObject","inLanguage":"es","@id":"https:\/\/www.devinanais.com\/es\/producto\/living-zero-16\/#primaryimage","url":"https:\/\/www.devinanais.com\/wp-content\/uploads\/2023\/05\/COMP-L22-1.jpg","contentUrl":"https:\/\/www.devinanais.com\/wp-content\/uploads\/2023\/05\/COMP-L22-1.jpg","width":1470,"height":733},{"@type":"BreadcrumbList","@id":"https:\/\/www.devinanais.com\/es\/producto\/living-zero-16\/#breadcrumb","itemListElement":[{"@type":"ListItem","position":1,"name":"Home","item":"https:\/\/www.devinanais.com\/es\/"},{"@type":"ListItem","position":2,"name":"Productos","item":"https:\/\/www.devinanais.com\/es\/productos\/"},{"@type":"ListItem","position":3,"name":"Parete componibile","item":"https:\/\/www.devinanais.com\/categoria-prodotto\/parete-componibile\/"},{"@type":"ListItem","position":4,"name":"Living Zero.16"}]},{"@type":"WebSite","@id":"https:\/\/www.devinanais.com\/#website","url":"https:\/\/www.devinanais.com\/","name":"DevinaNais","description":"","potentialAction":[{"@type":"SearchAction","target":{"@type":"EntryPoint","urlTemplate":"https:\/\/www.devinanais.com\/?s={search_term_string}"},"query-input":{"@type":"PropertyValueSpecification","valueRequired":true,"valueName":"search_term_string"}}],"inLanguage":"es"}]}},"_links":{"self":[{"href":"https:\/\/www.devinanais.com\/es\/wp-json\/wp\/v2\/product\/20129","targetHints":{"allow":["GET"]}}],"collection":[{"href":"https:\/\/www.devinanais.com\/es\/wp-json\/wp\/v2\/product"}],"about":[{"href":"https:\/\/www.devinanais.com\/es\/wp-json\/wp\/v2\/types\/product"}],"wp:featuredmedia":[{"embeddable":true,"href":"https:\/\/www.devinanais.com\/es\/wp-json\/wp\/v2\/media\/35351"}],"wp:attachment":[{"href":"https:\/\/www.devinanais.com\/es\/wp-json\/wp\/v2\/media?parent=20129"}],"wp:term":[{"taxonomy":"product_brand","embeddable":true,"href":"https:\/\/www.devinanais.com\/es\/wp-json\/wp\/v2\/product_brand?post=20129"},{"taxonomy":"product_cat","embeddable":true,"href":"https:\/\/www.devinanais.com\/es\/wp-json\/wp\/v2\/product_cat?post=20129"},{"taxonomy":"product_tag","embeddable":true,"href":"https:\/\/www.devinanais.com\/es\/wp-json\/wp\/v2\/product_tag?post=20129"},{"taxonomy":"ambiente","embeddable":true,"href":"https:\/\/www.devinanais.com\/es\/wp-json\/wp\/v2\/ambiente?post=20129"},{"taxonomy":"collezione","embeddable":true,"href":"https:\/\/www.devinanais.com\/es\/wp-json\/wp\/v2\/collezione?post=20129"}],"curies":[{"name":"wp","href":"https:\/\/api.w.org\/{rel}","templated":true}]}}