{"id":20183,"date":"2023-04-06T14:06:45","date_gmt":"2023-04-06T12:06:45","guid":{"rendered":"https:\/\/devina.indaweb.it\/prodotto\/tavolo-mini-brooklyn-allungabile\/"},"modified":"2023-09-19T11:06:53","modified_gmt":"2023-09-19T09:06:53","slug":"mesa-extensible-mini-brooklyn","status":"publish","type":"product","link":"https:\/\/www.devinanais.com\/es\/producto\/mesa-extensible-mini-brooklyn\/","title":{"rendered":"Mesa Mini &#8211; Brooklyn"},"content":{"rendered":"<p>La exigencia pr\u00e1ctica de adaptar la mesa a las circunstancias y<br \/>\na las situaciones se ha convertido en un impulso adicional a la creatividad.<br \/>\nLos ic\u00f3nicos modelos Devina Nais se han vuelto a dise\u00f1ar<br \/>\npara expresar su personalidad original en cualquiera configuraci\u00f3n,<br \/>\nllevando equilibrio y armon\u00eda tanto con una como con dos extensiones.<\/p>\n","protected":false},"excerpt":{"rendered":"<p>La exigencia pr\u00e1ctica de adaptar la mesa a las circunstancias y a las situaciones se ha convertido en un impulso adicional a la creatividad. Los ic\u00f3nicos modelos Devina Nais se han vuelto a dise\u00f1ar para expresar su personalidad original en cualquiera configuraci\u00f3n, llevando equilibrio y armon\u00eda tanto con una como con dos extensiones.<\/p>\n","protected":false},"featured_media":27630,"template":"","meta":{"_et_pb_use_builder":"","_et_pb_old_content":"","_et_gb_content_width":""},"product_brand":[],"product_cat":[230,233],"product_tag":[],"ambiente":[244],"collezione":[292],"class_list":{"0":"post-20183","1":"product","2":"type-product","3":"status-publish","4":"has-post-thumbnail","6":"product_cat-mesas","7":"product_cat-mesas-extensibles","8":"ambiente-comedor","9":"collezione-mesas-extensibles","11":"first","12":"instock","13":"shipping-taxable","14":"product-type-simple"},"acf":[],"yoast_head":"<!-- This site is optimized with the Yoast SEO plugin v26.2 - https:\/\/yoast.com\/wordpress\/plugins\/seo\/ -->\n<title>Mesa Mini - Brooklyn - DevinaNais<\/title>\n<meta name=\"robots\" content=\"index, follow, max-snippet:-1, max-image-preview:large, max-video-preview:-1\" \/>\n<link rel=\"canonical\" href=\"https:\/\/www.devinanais.com\/es\/prodotto\/mesa-extensible-mini-brooklyn\/\" \/>\n<meta property=\"og:locale\" content=\"es_ES\" \/>\n<meta property=\"og:type\" content=\"article\" \/>\n<meta property=\"og:title\" content=\"Mesa Mini - Brooklyn - DevinaNais\" \/>\n<meta property=\"og:description\" content=\"La exigencia pr\u00e1ctica de adaptar la mesa a las circunstancias y a las situaciones se ha convertido en un impulso adicional a la creatividad. Los ic\u00f3nicos modelos Devina Nais se han vuelto a dise\u00f1ar para expresar su personalidad original en cualquiera configuraci\u00f3n, llevando equilibrio y armon\u00eda tanto con una como con dos extensiones.\" \/>\n<meta property=\"og:url\" content=\"https:\/\/www.devinanais.com\/es\/prodotto\/mesa-extensible-mini-brooklyn\/\" \/>\n<meta property=\"og:site_name\" content=\"DevinaNais\" \/>\n<meta property=\"article:modified_time\" content=\"2023-09-19T09:06:53+00:00\" \/>\n<meta property=\"og:image\" content=\"https:\/\/www.devinanais.com\/wp-content\/uploads\/2023\/04\/tavolo-legno-rovere-massello-sala-da-pranzo-or-mini-brooklyn-or-devina-nais.jpg\" \/>\n\t<meta property=\"og:image:width\" content=\"2206\" \/>\n\t<meta property=\"og:image:height\" content=\"1105\" \/>\n\t<meta property=\"og:image:type\" content=\"image\/jpeg\" \/>\n<meta name=\"twitter:card\" content=\"summary_large_image\" \/>\n<meta name=\"twitter:label1\" content=\"Tiempo de lectura\" \/>\n\t<meta name=\"twitter:data1\" content=\"1 minuto\" \/>\n<script type=\"application\/ld+json\" class=\"yoast-schema-graph\">{\"@context\":\"https:\/\/schema.org\",\"@graph\":[{\"@type\":\"WebPage\",\"@id\":\"https:\/\/www.devinanais.com\/es\/prodotto\/mesa-extensible-mini-brooklyn\/\",\"url\":\"https:\/\/www.devinanais.com\/es\/prodotto\/mesa-extensible-mini-brooklyn\/\",\"name\":\"Mesa Mini - Brooklyn - DevinaNais\",\"isPartOf\":{\"@id\":\"https:\/\/www.devinanais.com\/#website\"},\"primaryImageOfPage\":{\"@id\":\"https:\/\/www.devinanais.com\/es\/prodotto\/mesa-extensible-mini-brooklyn\/#primaryimage\"},\"image\":{\"@id\":\"https:\/\/www.devinanais.com\/es\/prodotto\/mesa-extensible-mini-brooklyn\/#primaryimage\"},\"thumbnailUrl\":\"https:\/\/www.devinanais.com\/wp-content\/uploads\/2023\/04\/tavolo-legno-rovere-massello-sala-da-pranzo-or-mini-brooklyn-or-devina-nais.jpg\",\"datePublished\":\"2023-04-06T12:06:45+00:00\",\"dateModified\":\"2023-09-19T09:06:53+00:00\",\"breadcrumb\":{\"@id\":\"https:\/\/www.devinanais.com\/es\/prodotto\/mesa-extensible-mini-brooklyn\/#breadcrumb\"},\"inLanguage\":\"es\",\"potentialAction\":[{\"@type\":\"ReadAction\",\"target\":[\"https:\/\/www.devinanais.com\/es\/prodotto\/mesa-extensible-mini-brooklyn\/\"]}]},{\"@type\":\"ImageObject\",\"inLanguage\":\"es\",\"@id\":\"https:\/\/www.devinanais.com\/es\/prodotto\/mesa-extensible-mini-brooklyn\/#primaryimage\",\"url\":\"https:\/\/www.devinanais.com\/wp-content\/uploads\/2023\/04\/tavolo-legno-rovere-massello-sala-da-pranzo-or-mini-brooklyn-or-devina-nais.jpg\",\"contentUrl\":\"https:\/\/www.devinanais.com\/wp-content\/uploads\/2023\/04\/tavolo-legno-rovere-massello-sala-da-pranzo-or-mini-brooklyn-or-devina-nais.jpg\",\"width\":2206,\"height\":1105},{\"@type\":\"BreadcrumbList\",\"@id\":\"https:\/\/www.devinanais.com\/es\/prodotto\/mesa-extensible-mini-brooklyn\/#breadcrumb\",\"itemListElement\":[{\"@type\":\"ListItem\",\"position\":1,\"name\":\"Home\",\"item\":\"https:\/\/www.devinanais.com\/es\/\"},{\"@type\":\"ListItem\",\"position\":2,\"name\":\"Productos\",\"item\":\"https:\/\/www.devinanais.com\/es\/productos\/\"},{\"@type\":\"ListItem\",\"position\":3,\"name\":\"Tavoli\",\"item\":\"https:\/\/www.devinanais.com\/categoria-prodotto\/tavoli\/\"},{\"@type\":\"ListItem\",\"position\":4,\"name\":\"Mesa Mini &#8211; Brooklyn\"}]},{\"@type\":\"WebSite\",\"@id\":\"https:\/\/www.devinanais.com\/#website\",\"url\":\"https:\/\/www.devinanais.com\/\",\"name\":\"DevinaNais\",\"description\":\"\",\"potentialAction\":[{\"@type\":\"SearchAction\",\"target\":{\"@type\":\"EntryPoint\",\"urlTemplate\":\"https:\/\/www.devinanais.com\/?s={search_term_string}\"},\"query-input\":{\"@type\":\"PropertyValueSpecification\",\"valueRequired\":true,\"valueName\":\"search_term_string\"}}],\"inLanguage\":\"es\"}]}<\/script>\n<!-- \/ Yoast SEO plugin. -->","yoast_head_json":{"title":"Mesa Mini - Brooklyn - DevinaNais","robots":{"index":"index","follow":"follow","max-snippet":"max-snippet:-1","max-image-preview":"max-image-preview:large","max-video-preview":"max-video-preview:-1"},"canonical":"https:\/\/www.devinanais.com\/es\/prodotto\/mesa-extensible-mini-brooklyn\/","og_locale":"es_ES","og_type":"article","og_title":"Mesa Mini - Brooklyn - DevinaNais","og_description":"La exigencia pr\u00e1ctica de adaptar la mesa a las circunstancias y a las situaciones se ha convertido en un impulso adicional a la creatividad. Los ic\u00f3nicos modelos Devina Nais se han vuelto a dise\u00f1ar para expresar su personalidad original en cualquiera configuraci\u00f3n, llevando equilibrio y armon\u00eda tanto con una como con dos extensiones.","og_url":"https:\/\/www.devinanais.com\/es\/prodotto\/mesa-extensible-mini-brooklyn\/","og_site_name":"DevinaNais","article_modified_time":"2023-09-19T09:06:53+00:00","og_image":[{"width":2206,"height":1105,"url":"https:\/\/www.devinanais.com\/wp-content\/uploads\/2023\/04\/tavolo-legno-rovere-massello-sala-da-pranzo-or-mini-brooklyn-or-devina-nais.jpg","type":"image\/jpeg"}],"twitter_card":"summary_large_image","twitter_misc":{"Tiempo de lectura":"1 minuto"},"schema":{"@context":"https:\/\/schema.org","@graph":[{"@type":"WebPage","@id":"https:\/\/www.devinanais.com\/es\/prodotto\/mesa-extensible-mini-brooklyn\/","url":"https:\/\/www.devinanais.com\/es\/prodotto\/mesa-extensible-mini-brooklyn\/","name":"Mesa Mini - Brooklyn - DevinaNais","isPartOf":{"@id":"https:\/\/www.devinanais.com\/#website"},"primaryImageOfPage":{"@id":"https:\/\/www.devinanais.com\/es\/prodotto\/mesa-extensible-mini-brooklyn\/#primaryimage"},"image":{"@id":"https:\/\/www.devinanais.com\/es\/prodotto\/mesa-extensible-mini-brooklyn\/#primaryimage"},"thumbnailUrl":"https:\/\/www.devinanais.com\/wp-content\/uploads\/2023\/04\/tavolo-legno-rovere-massello-sala-da-pranzo-or-mini-brooklyn-or-devina-nais.jpg","datePublished":"2023-04-06T12:06:45+00:00","dateModified":"2023-09-19T09:06:53+00:00","breadcrumb":{"@id":"https:\/\/www.devinanais.com\/es\/prodotto\/mesa-extensible-mini-brooklyn\/#breadcrumb"},"inLanguage":"es","potentialAction":[{"@type":"ReadAction","target":["https:\/\/www.devinanais.com\/es\/prodotto\/mesa-extensible-mini-brooklyn\/"]}]},{"@type":"ImageObject","inLanguage":"es","@id":"https:\/\/www.devinanais.com\/es\/prodotto\/mesa-extensible-mini-brooklyn\/#primaryimage","url":"https:\/\/www.devinanais.com\/wp-content\/uploads\/2023\/04\/tavolo-legno-rovere-massello-sala-da-pranzo-or-mini-brooklyn-or-devina-nais.jpg","contentUrl":"https:\/\/www.devinanais.com\/wp-content\/uploads\/2023\/04\/tavolo-legno-rovere-massello-sala-da-pranzo-or-mini-brooklyn-or-devina-nais.jpg","width":2206,"height":1105},{"@type":"BreadcrumbList","@id":"https:\/\/www.devinanais.com\/es\/prodotto\/mesa-extensible-mini-brooklyn\/#breadcrumb","itemListElement":[{"@type":"ListItem","position":1,"name":"Home","item":"https:\/\/www.devinanais.com\/es\/"},{"@type":"ListItem","position":2,"name":"Productos","item":"https:\/\/www.devinanais.com\/es\/productos\/"},{"@type":"ListItem","position":3,"name":"Tavoli","item":"https:\/\/www.devinanais.com\/categoria-prodotto\/tavoli\/"},{"@type":"ListItem","position":4,"name":"Mesa Mini &#8211; Brooklyn"}]},{"@type":"WebSite","@id":"https:\/\/www.devinanais.com\/#website","url":"https:\/\/www.devinanais.com\/","name":"DevinaNais","description":"","potentialAction":[{"@type":"SearchAction","target":{"@type":"EntryPoint","urlTemplate":"https:\/\/www.devinanais.com\/?s={search_term_string}"},"query-input":{"@type":"PropertyValueSpecification","valueRequired":true,"valueName":"search_term_string"}}],"inLanguage":"es"}]}},"_links":{"self":[{"href":"https:\/\/www.devinanais.com\/es\/wp-json\/wp\/v2\/product\/20183","targetHints":{"allow":["GET"]}}],"collection":[{"href":"https:\/\/www.devinanais.com\/es\/wp-json\/wp\/v2\/product"}],"about":[{"href":"https:\/\/www.devinanais.com\/es\/wp-json\/wp\/v2\/types\/product"}],"wp:featuredmedia":[{"embeddable":true,"href":"https:\/\/www.devinanais.com\/es\/wp-json\/wp\/v2\/media\/27630"}],"wp:attachment":[{"href":"https:\/\/www.devinanais.com\/es\/wp-json\/wp\/v2\/media?parent=20183"}],"wp:term":[{"taxonomy":"product_brand","embeddable":true,"href":"https:\/\/www.devinanais.com\/es\/wp-json\/wp\/v2\/product_brand?post=20183"},{"taxonomy":"product_cat","embeddable":true,"href":"https:\/\/www.devinanais.com\/es\/wp-json\/wp\/v2\/product_cat?post=20183"},{"taxonomy":"product_tag","embeddable":true,"href":"https:\/\/www.devinanais.com\/es\/wp-json\/wp\/v2\/product_tag?post=20183"},{"taxonomy":"ambiente","embeddable":true,"href":"https:\/\/www.devinanais.com\/es\/wp-json\/wp\/v2\/ambiente?post=20183"},{"taxonomy":"collezione","embeddable":true,"href":"https:\/\/www.devinanais.com\/es\/wp-json\/wp\/v2\/collezione?post=20183"}],"curies":[{"name":"wp","href":"https:\/\/api.w.org\/{rel}","templated":true}]}}