{"id":20194,"date":"2023-04-06T12:22:07","date_gmt":"2023-04-06T10:22:07","guid":{"rendered":"https:\/\/devina.indaweb.it\/prodotto\/tavolo-cosmopolitan-my-glass\/"},"modified":"2023-09-26T11:58:15","modified_gmt":"2023-09-26T09:58:15","slug":"tavolo-cosmopolitan-my-glass","status":"publish","type":"product","link":"https:\/\/www.devinanais.com\/es\/producto\/tavolo-cosmopolitan-my-glass\/","title":{"rendered":"Tapa Cosmopolitan \u00abMy Glass\u00bb"},"content":{"rendered":"<p>La tapa Cosmopolitan lleva el encanto de los acabados MyGlass,<\/p>\n<p>ahora tambi\u00e9n mates para un efecto siempre m\u00e1s refinado.<\/p>\n<p>Una vez m\u00e1s, propone un nuevo modo de interpretar la mesa in madera,<\/p>\n<p>construyendo en su estrctura un objeto de design que segunda<\/p>\n<p>las exigencias altamente est\u00e9ticas de los ambientes m\u00e1s sofisticados,<\/p>\n<p>como los del h\u00f4tellerie.<\/p>\n","protected":false},"excerpt":{"rendered":"<p>La tapa Cosmopolitan lleva el encanto de los acabados MyGlass, ahora tambi\u00e9n mates para un efecto siempre m\u00e1s refinado. Una vez m\u00e1s, propone un nuevo modo de interpretar la mesa in madera, construyendo en su estrctura un objeto de design que segunda las exigencias altamente est\u00e9ticas de los ambientes m\u00e1s sofisticados, como los del h\u00f4tellerie.<\/p>\n","protected":false},"featured_media":26646,"template":"","meta":{"_et_pb_use_builder":"","_et_pb_old_content":"","_et_gb_content_width":""},"product_brand":[],"product_cat":[230,231],"product_tag":[],"ambiente":[244],"collezione":[255],"class_list":{"0":"post-20194","1":"product","2":"type-product","3":"status-publish","4":"has-post-thumbnail","6":"product_cat-mesas","7":"product_cat-my-glass-es","8":"ambiente-comedor","9":"collezione-free-tables-es","11":"first","12":"instock","13":"shipping-taxable","14":"product-type-simple"},"acf":[],"yoast_head":"<!-- This site is optimized with the Yoast SEO plugin v26.2 - https:\/\/yoast.com\/wordpress\/plugins\/seo\/ -->\n<title>Tapa Cosmopolitan &quot;My Glass&quot; - DevinaNais<\/title>\n<meta name=\"robots\" content=\"index, follow, max-snippet:-1, max-image-preview:large, max-video-preview:-1\" \/>\n<link rel=\"canonical\" href=\"https:\/\/www.devinanais.com\/es\/prodotto\/tavolo-cosmopolitan-my-glass\/\" \/>\n<meta property=\"og:locale\" content=\"es_ES\" \/>\n<meta property=\"og:type\" content=\"article\" \/>\n<meta property=\"og:title\" content=\"Tapa Cosmopolitan &quot;My Glass&quot; - DevinaNais\" \/>\n<meta property=\"og:description\" content=\"La tapa Cosmopolitan lleva el encanto de los acabados MyGlass, ahora tambi\u00e9n mates para un efecto siempre m\u00e1s refinado. Una vez m\u00e1s, propone un nuevo modo de interpretar la mesa in madera, construyendo en su estrctura un objeto de design que segunda las exigencias altamente est\u00e9ticas de los ambientes m\u00e1s sofisticados, como los del h\u00f4tellerie.\" \/>\n<meta property=\"og:url\" content=\"https:\/\/www.devinanais.com\/es\/prodotto\/tavolo-cosmopolitan-my-glass\/\" \/>\n<meta property=\"og:site_name\" content=\"DevinaNais\" \/>\n<meta property=\"article:modified_time\" content=\"2023-09-26T09:58:15+00:00\" \/>\n<meta property=\"og:image\" content=\"https:\/\/www.devinanais.com\/wp-content\/uploads\/2023\/04\/tavolo-ovale-con-piano-vetro-stampato-or-cosmopolitan-my-glass-or-devina-nais.jpg\" \/>\n\t<meta property=\"og:image:width\" content=\"2000\" \/>\n\t<meta property=\"og:image:height\" content=\"1002\" \/>\n\t<meta property=\"og:image:type\" content=\"image\/jpeg\" \/>\n<meta name=\"twitter:card\" content=\"summary_large_image\" \/>\n<meta name=\"twitter:label1\" content=\"Tiempo de lectura\" \/>\n\t<meta name=\"twitter:data1\" content=\"1 minuto\" \/>\n<script type=\"application\/ld+json\" class=\"yoast-schema-graph\">{\"@context\":\"https:\/\/schema.org\",\"@graph\":[{\"@type\":\"WebPage\",\"@id\":\"https:\/\/www.devinanais.com\/es\/prodotto\/tavolo-cosmopolitan-my-glass\/\",\"url\":\"https:\/\/www.devinanais.com\/es\/prodotto\/tavolo-cosmopolitan-my-glass\/\",\"name\":\"Tapa Cosmopolitan \\\"My Glass\\\" - DevinaNais\",\"isPartOf\":{\"@id\":\"https:\/\/www.devinanais.com\/#website\"},\"primaryImageOfPage\":{\"@id\":\"https:\/\/www.devinanais.com\/es\/prodotto\/tavolo-cosmopolitan-my-glass\/#primaryimage\"},\"image\":{\"@id\":\"https:\/\/www.devinanais.com\/es\/prodotto\/tavolo-cosmopolitan-my-glass\/#primaryimage\"},\"thumbnailUrl\":\"https:\/\/www.devinanais.com\/wp-content\/uploads\/2023\/04\/tavolo-ovale-con-piano-vetro-stampato-or-cosmopolitan-my-glass-or-devina-nais.jpg\",\"datePublished\":\"2023-04-06T10:22:07+00:00\",\"dateModified\":\"2023-09-26T09:58:15+00:00\",\"breadcrumb\":{\"@id\":\"https:\/\/www.devinanais.com\/es\/prodotto\/tavolo-cosmopolitan-my-glass\/#breadcrumb\"},\"inLanguage\":\"es\",\"potentialAction\":[{\"@type\":\"ReadAction\",\"target\":[\"https:\/\/www.devinanais.com\/es\/prodotto\/tavolo-cosmopolitan-my-glass\/\"]}]},{\"@type\":\"ImageObject\",\"inLanguage\":\"es\",\"@id\":\"https:\/\/www.devinanais.com\/es\/prodotto\/tavolo-cosmopolitan-my-glass\/#primaryimage\",\"url\":\"https:\/\/www.devinanais.com\/wp-content\/uploads\/2023\/04\/tavolo-ovale-con-piano-vetro-stampato-or-cosmopolitan-my-glass-or-devina-nais.jpg\",\"contentUrl\":\"https:\/\/www.devinanais.com\/wp-content\/uploads\/2023\/04\/tavolo-ovale-con-piano-vetro-stampato-or-cosmopolitan-my-glass-or-devina-nais.jpg\",\"width\":2000,\"height\":1002,\"caption\":\"tavolo ovale con piano in vetro stampato cosmopolitan my glass devina nais\"},{\"@type\":\"BreadcrumbList\",\"@id\":\"https:\/\/www.devinanais.com\/es\/prodotto\/tavolo-cosmopolitan-my-glass\/#breadcrumb\",\"itemListElement\":[{\"@type\":\"ListItem\",\"position\":1,\"name\":\"Home\",\"item\":\"https:\/\/www.devinanais.com\/es\/\"},{\"@type\":\"ListItem\",\"position\":2,\"name\":\"Productos\",\"item\":\"https:\/\/www.devinanais.com\/es\/productos\/\"},{\"@type\":\"ListItem\",\"position\":3,\"name\":\"Mesas\",\"item\":\"https:\/\/www.devinanais.com\/es\/categoria-prodotto\/mesas\/\"},{\"@type\":\"ListItem\",\"position\":4,\"name\":\"My Glass\",\"item\":\"https:\/\/www.devinanais.com\/es\/categoria-prodotto\/mesas\/my-glass-es\/\"},{\"@type\":\"ListItem\",\"position\":5,\"name\":\"Tapa Cosmopolitan &#8220;My Glass&#8221;\"}]},{\"@type\":\"WebSite\",\"@id\":\"https:\/\/www.devinanais.com\/#website\",\"url\":\"https:\/\/www.devinanais.com\/\",\"name\":\"DevinaNais\",\"description\":\"\",\"potentialAction\":[{\"@type\":\"SearchAction\",\"target\":{\"@type\":\"EntryPoint\",\"urlTemplate\":\"https:\/\/www.devinanais.com\/?s={search_term_string}\"},\"query-input\":{\"@type\":\"PropertyValueSpecification\",\"valueRequired\":true,\"valueName\":\"search_term_string\"}}],\"inLanguage\":\"es\"}]}<\/script>\n<!-- \/ Yoast SEO plugin. -->","yoast_head_json":{"title":"Tapa Cosmopolitan \"My Glass\" - DevinaNais","robots":{"index":"index","follow":"follow","max-snippet":"max-snippet:-1","max-image-preview":"max-image-preview:large","max-video-preview":"max-video-preview:-1"},"canonical":"https:\/\/www.devinanais.com\/es\/prodotto\/tavolo-cosmopolitan-my-glass\/","og_locale":"es_ES","og_type":"article","og_title":"Tapa Cosmopolitan \"My Glass\" - DevinaNais","og_description":"La tapa Cosmopolitan lleva el encanto de los acabados MyGlass, ahora tambi\u00e9n mates para un efecto siempre m\u00e1s refinado. Una vez m\u00e1s, propone un nuevo modo de interpretar la mesa in madera, construyendo en su estrctura un objeto de design que segunda las exigencias altamente est\u00e9ticas de los ambientes m\u00e1s sofisticados, como los del h\u00f4tellerie.","og_url":"https:\/\/www.devinanais.com\/es\/prodotto\/tavolo-cosmopolitan-my-glass\/","og_site_name":"DevinaNais","article_modified_time":"2023-09-26T09:58:15+00:00","og_image":[{"width":2000,"height":1002,"url":"https:\/\/www.devinanais.com\/wp-content\/uploads\/2023\/04\/tavolo-ovale-con-piano-vetro-stampato-or-cosmopolitan-my-glass-or-devina-nais.jpg","type":"image\/jpeg"}],"twitter_card":"summary_large_image","twitter_misc":{"Tiempo de lectura":"1 minuto"},"schema":{"@context":"https:\/\/schema.org","@graph":[{"@type":"WebPage","@id":"https:\/\/www.devinanais.com\/es\/prodotto\/tavolo-cosmopolitan-my-glass\/","url":"https:\/\/www.devinanais.com\/es\/prodotto\/tavolo-cosmopolitan-my-glass\/","name":"Tapa Cosmopolitan \"My Glass\" - DevinaNais","isPartOf":{"@id":"https:\/\/www.devinanais.com\/#website"},"primaryImageOfPage":{"@id":"https:\/\/www.devinanais.com\/es\/prodotto\/tavolo-cosmopolitan-my-glass\/#primaryimage"},"image":{"@id":"https:\/\/www.devinanais.com\/es\/prodotto\/tavolo-cosmopolitan-my-glass\/#primaryimage"},"thumbnailUrl":"https:\/\/www.devinanais.com\/wp-content\/uploads\/2023\/04\/tavolo-ovale-con-piano-vetro-stampato-or-cosmopolitan-my-glass-or-devina-nais.jpg","datePublished":"2023-04-06T10:22:07+00:00","dateModified":"2023-09-26T09:58:15+00:00","breadcrumb":{"@id":"https:\/\/www.devinanais.com\/es\/prodotto\/tavolo-cosmopolitan-my-glass\/#breadcrumb"},"inLanguage":"es","potentialAction":[{"@type":"ReadAction","target":["https:\/\/www.devinanais.com\/es\/prodotto\/tavolo-cosmopolitan-my-glass\/"]}]},{"@type":"ImageObject","inLanguage":"es","@id":"https:\/\/www.devinanais.com\/es\/prodotto\/tavolo-cosmopolitan-my-glass\/#primaryimage","url":"https:\/\/www.devinanais.com\/wp-content\/uploads\/2023\/04\/tavolo-ovale-con-piano-vetro-stampato-or-cosmopolitan-my-glass-or-devina-nais.jpg","contentUrl":"https:\/\/www.devinanais.com\/wp-content\/uploads\/2023\/04\/tavolo-ovale-con-piano-vetro-stampato-or-cosmopolitan-my-glass-or-devina-nais.jpg","width":2000,"height":1002,"caption":"tavolo ovale con piano in vetro stampato cosmopolitan my glass devina nais"},{"@type":"BreadcrumbList","@id":"https:\/\/www.devinanais.com\/es\/prodotto\/tavolo-cosmopolitan-my-glass\/#breadcrumb","itemListElement":[{"@type":"ListItem","position":1,"name":"Home","item":"https:\/\/www.devinanais.com\/es\/"},{"@type":"ListItem","position":2,"name":"Productos","item":"https:\/\/www.devinanais.com\/es\/productos\/"},{"@type":"ListItem","position":3,"name":"Mesas","item":"https:\/\/www.devinanais.com\/es\/categoria-prodotto\/mesas\/"},{"@type":"ListItem","position":4,"name":"My Glass","item":"https:\/\/www.devinanais.com\/es\/categoria-prodotto\/mesas\/my-glass-es\/"},{"@type":"ListItem","position":5,"name":"Tapa Cosmopolitan &#8220;My Glass&#8221;"}]},{"@type":"WebSite","@id":"https:\/\/www.devinanais.com\/#website","url":"https:\/\/www.devinanais.com\/","name":"DevinaNais","description":"","potentialAction":[{"@type":"SearchAction","target":{"@type":"EntryPoint","urlTemplate":"https:\/\/www.devinanais.com\/?s={search_term_string}"},"query-input":{"@type":"PropertyValueSpecification","valueRequired":true,"valueName":"search_term_string"}}],"inLanguage":"es"}]}},"_links":{"self":[{"href":"https:\/\/www.devinanais.com\/es\/wp-json\/wp\/v2\/product\/20194","targetHints":{"allow":["GET"]}}],"collection":[{"href":"https:\/\/www.devinanais.com\/es\/wp-json\/wp\/v2\/product"}],"about":[{"href":"https:\/\/www.devinanais.com\/es\/wp-json\/wp\/v2\/types\/product"}],"wp:featuredmedia":[{"embeddable":true,"href":"https:\/\/www.devinanais.com\/es\/wp-json\/wp\/v2\/media\/26646"}],"wp:attachment":[{"href":"https:\/\/www.devinanais.com\/es\/wp-json\/wp\/v2\/media?parent=20194"}],"wp:term":[{"taxonomy":"product_brand","embeddable":true,"href":"https:\/\/www.devinanais.com\/es\/wp-json\/wp\/v2\/product_brand?post=20194"},{"taxonomy":"product_cat","embeddable":true,"href":"https:\/\/www.devinanais.com\/es\/wp-json\/wp\/v2\/product_cat?post=20194"},{"taxonomy":"product_tag","embeddable":true,"href":"https:\/\/www.devinanais.com\/es\/wp-json\/wp\/v2\/product_tag?post=20194"},{"taxonomy":"ambiente","embeddable":true,"href":"https:\/\/www.devinanais.com\/es\/wp-json\/wp\/v2\/ambiente?post=20194"},{"taxonomy":"collezione","embeddable":true,"href":"https:\/\/www.devinanais.com\/es\/wp-json\/wp\/v2\/collezione?post=20194"}],"curies":[{"name":"wp","href":"https:\/\/api.w.org\/{rel}","templated":true}]}}