{"id":20213,"date":"2023-04-06T10:59:53","date_gmt":"2023-04-06T08:59:53","guid":{"rendered":"https:\/\/devina.indaweb.it\/prodotto\/tavolo-smart\/"},"modified":"2023-10-02T12:09:31","modified_gmt":"2023-10-02T10:09:31","slug":"tavolo-smart","status":"publish","type":"product","link":"https:\/\/www.devinanais.com\/es\/producto\/tavolo-smart\/","title":{"rendered":"Tapa Smart"},"content":{"rendered":"<p>La esencialidad hace universales.<\/p>\n<p>Descubre una mesa creada para ser \u201csmart\u201d:<\/p>\n<p>elegante, de moda, inteligente, f\u00e1cil de amar<\/p>\n<p>y situar en cada contexto.<\/p>\n<p>Patas en hierro o en madera, en contraste o coordinadas,<\/p>\n<p>ense\u00f1an todas las nuevas posibilidades que nuestro<\/p>\n<p>equipo de dise\u00f1adores decidi\u00f3 disfrutar.<\/p>\n<p><img loading=\"lazy\" decoding=\"async\" class=\"alignnone size-medium wp-image-29519\" src=\"https:\/\/www.devinanais.com\/wp-content\/uploads\/2023\/04\/SU-MISURA-SPAGNOLO-300x84.jpg\" alt=\"\" width=\"300\" height=\"84\" \/><\/p>\n","protected":false},"excerpt":{"rendered":"<p>La esencialidad hace universales. Descubre una mesa creada para ser \u201csmart\u201d: elegante, de moda, inteligente, f\u00e1cil de amar y situar en cada contexto. Patas en hierro o en madera, en contraste o coordinadas, ense\u00f1an todas las nuevas posibilidades que nuestro equipo de dise\u00f1adores decidi\u00f3 disfrutar.<\/p>\n","protected":false},"featured_media":27597,"template":"","meta":{"_et_pb_use_builder":"","_et_pb_old_content":"","_et_gb_content_width":""},"product_brand":[],"product_cat":[230,234],"product_tag":[],"ambiente":[244],"collezione":[255],"class_list":{"0":"post-20213","1":"product","2":"type-product","3":"status-publish","4":"has-post-thumbnail","6":"product_cat-mesas","7":"product_cat-free-tables-es","8":"ambiente-comedor","9":"collezione-free-tables-es","11":"first","12":"instock","13":"shipping-taxable","14":"product-type-simple"},"acf":[],"yoast_head":"<!-- This site is optimized with the Yoast SEO plugin v26.2 - https:\/\/yoast.com\/wordpress\/plugins\/seo\/ -->\n<title>Tapa Smart - DevinaNais<\/title>\n<meta name=\"robots\" content=\"index, follow, max-snippet:-1, max-image-preview:large, max-video-preview:-1\" \/>\n<link rel=\"canonical\" href=\"https:\/\/www.devinanais.com\/es\/prodotto\/tavolo-smart\/\" \/>\n<meta property=\"og:locale\" content=\"es_ES\" \/>\n<meta property=\"og:type\" content=\"article\" \/>\n<meta property=\"og:title\" content=\"Tapa Smart - DevinaNais\" \/>\n<meta property=\"og:description\" content=\"La esencialidad hace universales. Descubre una mesa creada para ser \u201csmart\u201d: elegante, de moda, inteligente, f\u00e1cil de amar y situar en cada contexto. Patas en hierro o en madera, en contraste o coordinadas, ense\u00f1an todas las nuevas posibilidades que nuestro equipo de dise\u00f1adores decidi\u00f3 disfrutar.\" \/>\n<meta property=\"og:url\" content=\"https:\/\/www.devinanais.com\/es\/prodotto\/tavolo-smart\/\" \/>\n<meta property=\"og:site_name\" content=\"DevinaNais\" \/>\n<meta property=\"article:modified_time\" content=\"2023-10-02T10:09:31+00:00\" \/>\n<meta property=\"og:image\" content=\"https:\/\/www.devinanais.com\/wp-content\/uploads\/2023\/04\/tavolo-legno-rovere-massello-sala-da-pranzo-or-piano-smart-bordo-dritto-or-devina-nais.jpg\" \/>\n\t<meta property=\"og:image:width\" content=\"2000\" \/>\n\t<meta property=\"og:image:height\" content=\"1002\" \/>\n\t<meta property=\"og:image:type\" content=\"image\/jpeg\" \/>\n<meta name=\"twitter:card\" content=\"summary_large_image\" \/>\n<meta name=\"twitter:label1\" content=\"Tiempo de lectura\" \/>\n\t<meta name=\"twitter:data1\" content=\"1 minuto\" \/>\n<script type=\"application\/ld+json\" class=\"yoast-schema-graph\">{\"@context\":\"https:\/\/schema.org\",\"@graph\":[{\"@type\":\"WebPage\",\"@id\":\"https:\/\/www.devinanais.com\/es\/prodotto\/tavolo-smart\/\",\"url\":\"https:\/\/www.devinanais.com\/es\/prodotto\/tavolo-smart\/\",\"name\":\"Tapa Smart - DevinaNais\",\"isPartOf\":{\"@id\":\"https:\/\/www.devinanais.com\/#website\"},\"primaryImageOfPage\":{\"@id\":\"https:\/\/www.devinanais.com\/es\/prodotto\/tavolo-smart\/#primaryimage\"},\"image\":{\"@id\":\"https:\/\/www.devinanais.com\/es\/prodotto\/tavolo-smart\/#primaryimage\"},\"thumbnailUrl\":\"https:\/\/www.devinanais.com\/wp-content\/uploads\/2023\/04\/tavolo-legno-rovere-massello-sala-da-pranzo-or-piano-smart-bordo-dritto-or-devina-nais.jpg\",\"datePublished\":\"2023-04-06T08:59:53+00:00\",\"dateModified\":\"2023-10-02T10:09:31+00:00\",\"breadcrumb\":{\"@id\":\"https:\/\/www.devinanais.com\/es\/prodotto\/tavolo-smart\/#breadcrumb\"},\"inLanguage\":\"es\",\"potentialAction\":[{\"@type\":\"ReadAction\",\"target\":[\"https:\/\/www.devinanais.com\/es\/prodotto\/tavolo-smart\/\"]}]},{\"@type\":\"ImageObject\",\"inLanguage\":\"es\",\"@id\":\"https:\/\/www.devinanais.com\/es\/prodotto\/tavolo-smart\/#primaryimage\",\"url\":\"https:\/\/www.devinanais.com\/wp-content\/uploads\/2023\/04\/tavolo-legno-rovere-massello-sala-da-pranzo-or-piano-smart-bordo-dritto-or-devina-nais.jpg\",\"contentUrl\":\"https:\/\/www.devinanais.com\/wp-content\/uploads\/2023\/04\/tavolo-legno-rovere-massello-sala-da-pranzo-or-piano-smart-bordo-dritto-or-devina-nais.jpg\",\"width\":2000,\"height\":1002},{\"@type\":\"BreadcrumbList\",\"@id\":\"https:\/\/www.devinanais.com\/es\/prodotto\/tavolo-smart\/#breadcrumb\",\"itemListElement\":[{\"@type\":\"ListItem\",\"position\":1,\"name\":\"Home\",\"item\":\"https:\/\/www.devinanais.com\/es\/\"},{\"@type\":\"ListItem\",\"position\":2,\"name\":\"Productos\",\"item\":\"https:\/\/www.devinanais.com\/es\/productos\/\"},{\"@type\":\"ListItem\",\"position\":3,\"name\":\"Tavoli\",\"item\":\"https:\/\/www.devinanais.com\/categoria-prodotto\/tavoli\/\"},{\"@type\":\"ListItem\",\"position\":4,\"name\":\"Tavoli componibili - FREE Tables\",\"item\":\"https:\/\/www.devinanais.com\/categoria-prodotto\/tavoli\/free-tables\/\"},{\"@type\":\"ListItem\",\"position\":5,\"name\":\"Tapa Smart\"}]},{\"@type\":\"WebSite\",\"@id\":\"https:\/\/www.devinanais.com\/#website\",\"url\":\"https:\/\/www.devinanais.com\/\",\"name\":\"DevinaNais\",\"description\":\"\",\"potentialAction\":[{\"@type\":\"SearchAction\",\"target\":{\"@type\":\"EntryPoint\",\"urlTemplate\":\"https:\/\/www.devinanais.com\/?s={search_term_string}\"},\"query-input\":{\"@type\":\"PropertyValueSpecification\",\"valueRequired\":true,\"valueName\":\"search_term_string\"}}],\"inLanguage\":\"es\"}]}<\/script>\n<!-- \/ Yoast SEO plugin. -->","yoast_head_json":{"title":"Tapa Smart - DevinaNais","robots":{"index":"index","follow":"follow","max-snippet":"max-snippet:-1","max-image-preview":"max-image-preview:large","max-video-preview":"max-video-preview:-1"},"canonical":"https:\/\/www.devinanais.com\/es\/prodotto\/tavolo-smart\/","og_locale":"es_ES","og_type":"article","og_title":"Tapa Smart - DevinaNais","og_description":"La esencialidad hace universales. Descubre una mesa creada para ser \u201csmart\u201d: elegante, de moda, inteligente, f\u00e1cil de amar y situar en cada contexto. Patas en hierro o en madera, en contraste o coordinadas, ense\u00f1an todas las nuevas posibilidades que nuestro equipo de dise\u00f1adores decidi\u00f3 disfrutar.","og_url":"https:\/\/www.devinanais.com\/es\/prodotto\/tavolo-smart\/","og_site_name":"DevinaNais","article_modified_time":"2023-10-02T10:09:31+00:00","og_image":[{"width":2000,"height":1002,"url":"https:\/\/www.devinanais.com\/wp-content\/uploads\/2023\/04\/tavolo-legno-rovere-massello-sala-da-pranzo-or-piano-smart-bordo-dritto-or-devina-nais.jpg","type":"image\/jpeg"}],"twitter_card":"summary_large_image","twitter_misc":{"Tiempo de lectura":"1 minuto"},"schema":{"@context":"https:\/\/schema.org","@graph":[{"@type":"WebPage","@id":"https:\/\/www.devinanais.com\/es\/prodotto\/tavolo-smart\/","url":"https:\/\/www.devinanais.com\/es\/prodotto\/tavolo-smart\/","name":"Tapa Smart - DevinaNais","isPartOf":{"@id":"https:\/\/www.devinanais.com\/#website"},"primaryImageOfPage":{"@id":"https:\/\/www.devinanais.com\/es\/prodotto\/tavolo-smart\/#primaryimage"},"image":{"@id":"https:\/\/www.devinanais.com\/es\/prodotto\/tavolo-smart\/#primaryimage"},"thumbnailUrl":"https:\/\/www.devinanais.com\/wp-content\/uploads\/2023\/04\/tavolo-legno-rovere-massello-sala-da-pranzo-or-piano-smart-bordo-dritto-or-devina-nais.jpg","datePublished":"2023-04-06T08:59:53+00:00","dateModified":"2023-10-02T10:09:31+00:00","breadcrumb":{"@id":"https:\/\/www.devinanais.com\/es\/prodotto\/tavolo-smart\/#breadcrumb"},"inLanguage":"es","potentialAction":[{"@type":"ReadAction","target":["https:\/\/www.devinanais.com\/es\/prodotto\/tavolo-smart\/"]}]},{"@type":"ImageObject","inLanguage":"es","@id":"https:\/\/www.devinanais.com\/es\/prodotto\/tavolo-smart\/#primaryimage","url":"https:\/\/www.devinanais.com\/wp-content\/uploads\/2023\/04\/tavolo-legno-rovere-massello-sala-da-pranzo-or-piano-smart-bordo-dritto-or-devina-nais.jpg","contentUrl":"https:\/\/www.devinanais.com\/wp-content\/uploads\/2023\/04\/tavolo-legno-rovere-massello-sala-da-pranzo-or-piano-smart-bordo-dritto-or-devina-nais.jpg","width":2000,"height":1002},{"@type":"BreadcrumbList","@id":"https:\/\/www.devinanais.com\/es\/prodotto\/tavolo-smart\/#breadcrumb","itemListElement":[{"@type":"ListItem","position":1,"name":"Home","item":"https:\/\/www.devinanais.com\/es\/"},{"@type":"ListItem","position":2,"name":"Productos","item":"https:\/\/www.devinanais.com\/es\/productos\/"},{"@type":"ListItem","position":3,"name":"Tavoli","item":"https:\/\/www.devinanais.com\/categoria-prodotto\/tavoli\/"},{"@type":"ListItem","position":4,"name":"Tavoli componibili - FREE Tables","item":"https:\/\/www.devinanais.com\/categoria-prodotto\/tavoli\/free-tables\/"},{"@type":"ListItem","position":5,"name":"Tapa Smart"}]},{"@type":"WebSite","@id":"https:\/\/www.devinanais.com\/#website","url":"https:\/\/www.devinanais.com\/","name":"DevinaNais","description":"","potentialAction":[{"@type":"SearchAction","target":{"@type":"EntryPoint","urlTemplate":"https:\/\/www.devinanais.com\/?s={search_term_string}"},"query-input":{"@type":"PropertyValueSpecification","valueRequired":true,"valueName":"search_term_string"}}],"inLanguage":"es"}]}},"_links":{"self":[{"href":"https:\/\/www.devinanais.com\/es\/wp-json\/wp\/v2\/product\/20213","targetHints":{"allow":["GET"]}}],"collection":[{"href":"https:\/\/www.devinanais.com\/es\/wp-json\/wp\/v2\/product"}],"about":[{"href":"https:\/\/www.devinanais.com\/es\/wp-json\/wp\/v2\/types\/product"}],"wp:featuredmedia":[{"embeddable":true,"href":"https:\/\/www.devinanais.com\/es\/wp-json\/wp\/v2\/media\/27597"}],"wp:attachment":[{"href":"https:\/\/www.devinanais.com\/es\/wp-json\/wp\/v2\/media?parent=20213"}],"wp:term":[{"taxonomy":"product_brand","embeddable":true,"href":"https:\/\/www.devinanais.com\/es\/wp-json\/wp\/v2\/product_brand?post=20213"},{"taxonomy":"product_cat","embeddable":true,"href":"https:\/\/www.devinanais.com\/es\/wp-json\/wp\/v2\/product_cat?post=20213"},{"taxonomy":"product_tag","embeddable":true,"href":"https:\/\/www.devinanais.com\/es\/wp-json\/wp\/v2\/product_tag?post=20213"},{"taxonomy":"ambiente","embeddable":true,"href":"https:\/\/www.devinanais.com\/es\/wp-json\/wp\/v2\/ambiente?post=20213"},{"taxonomy":"collezione","embeddable":true,"href":"https:\/\/www.devinanais.com\/es\/wp-json\/wp\/v2\/collezione?post=20213"}],"curies":[{"name":"wp","href":"https:\/\/api.w.org\/{rel}","templated":true}]}}