{"id":20216,"date":"2023-04-06T10:24:46","date_gmt":"2023-04-06T08:24:46","guid":{"rendered":"https:\/\/devina.indaweb.it\/prodotto\/tavolo-master\/"},"modified":"2024-07-11T10:44:13","modified_gmt":"2024-07-11T08:44:13","slug":"piano-master","status":"publish","type":"product","link":"https:\/\/www.devinanais.com\/es\/producto\/piano-master\/","title":{"rendered":"Tapa Master"},"content":{"rendered":"<p>Celebraci\u00f3n del ilimitado encanto materico de la madera y<\/p>\n<p>de las perfectas imperfecciones naturales, la tapa Master se cre\u00f3 para dominar la escena.<\/p>\n<p>C\u00f3moda en contextos ultra modernos, pero tambi\u00e9n en los m\u00e1s tradicionales,<\/p>\n<p>tiene el estilo para enriquecer los ambientes m\u00e1s prestigiosos.<\/p>\n<p>&nbsp;<\/p>\n<p><img loading=\"lazy\" decoding=\"async\" class=\"alignnone size-medium wp-image-29519\" src=\"https:\/\/www.devinanais.com\/wp-content\/uploads\/2023\/04\/SU-MISURA-SPAGNOLO-300x84.jpg\" alt=\"\" width=\"300\" height=\"84\" \/><\/p>\n","protected":false},"excerpt":{"rendered":"<p>Celebraci\u00f3n del ilimitado encanto materico de la madera y de las perfectas imperfecciones naturales, la tapa Master se cre\u00f3 para dominar la escena. C\u00f3moda en contextos ultra modernos, pero tambi\u00e9n en los m\u00e1s tradicionales, tiene el estilo para enriquecer los ambientes m\u00e1s prestigiosos. &nbsp;<\/p>\n","protected":false},"featured_media":27579,"template":"","meta":{"_et_pb_use_builder":"","_et_pb_old_content":"","_et_gb_content_width":""},"product_brand":[],"product_cat":[230,234],"product_tag":[],"ambiente":[244],"collezione":[255],"class_list":{"0":"post-20216","1":"product","2":"type-product","3":"status-publish","4":"has-post-thumbnail","6":"product_cat-mesas","7":"product_cat-free-tables-es","8":"ambiente-comedor","9":"collezione-free-tables-es","11":"first","12":"instock","13":"shipping-taxable","14":"product-type-simple"},"acf":[],"yoast_head":"<!-- This site is optimized with the Yoast SEO plugin v26.2 - https:\/\/yoast.com\/wordpress\/plugins\/seo\/ -->\n<title>Tapa Master - DevinaNais<\/title>\n<meta name=\"robots\" content=\"index, follow, max-snippet:-1, max-image-preview:large, max-video-preview:-1\" \/>\n<link rel=\"canonical\" href=\"https:\/\/www.devinanais.com\/es\/prodotto\/piano-master\/\" \/>\n<meta property=\"og:locale\" content=\"es_ES\" \/>\n<meta property=\"og:type\" content=\"article\" \/>\n<meta property=\"og:title\" content=\"Tapa Master - DevinaNais\" \/>\n<meta property=\"og:description\" content=\"Celebraci\u00f3n del ilimitado encanto materico de la madera y de las perfectas imperfecciones naturales, la tapa Master se cre\u00f3 para dominar la escena. C\u00f3moda en contextos ultra modernos, pero tambi\u00e9n en los m\u00e1s tradicionales, tiene el estilo para enriquecer los ambientes m\u00e1s prestigiosos. &nbsp;\" \/>\n<meta property=\"og:url\" content=\"https:\/\/www.devinanais.com\/es\/prodotto\/piano-master\/\" \/>\n<meta property=\"og:site_name\" content=\"DevinaNais\" \/>\n<meta property=\"article:modified_time\" content=\"2024-07-11T08:44:13+00:00\" \/>\n<meta property=\"og:image\" content=\"https:\/\/www.devinanais.com\/wp-content\/uploads\/2023\/04\/tavolo-legno-rovere-massello-sala-da-pranzo-or-piano-master-bordo-corteccia-or-devina-nais.jpg\" \/>\n\t<meta property=\"og:image:width\" content=\"2000\" \/>\n\t<meta property=\"og:image:height\" content=\"1002\" \/>\n\t<meta property=\"og:image:type\" content=\"image\/jpeg\" \/>\n<meta name=\"twitter:card\" content=\"summary_large_image\" \/>\n<meta name=\"twitter:label1\" content=\"Tiempo de lectura\" \/>\n\t<meta name=\"twitter:data1\" content=\"1 minuto\" \/>\n<script type=\"application\/ld+json\" class=\"yoast-schema-graph\">{\"@context\":\"https:\/\/schema.org\",\"@graph\":[{\"@type\":\"WebPage\",\"@id\":\"https:\/\/www.devinanais.com\/es\/prodotto\/piano-master\/\",\"url\":\"https:\/\/www.devinanais.com\/es\/prodotto\/piano-master\/\",\"name\":\"Tapa Master - DevinaNais\",\"isPartOf\":{\"@id\":\"https:\/\/www.devinanais.com\/#website\"},\"primaryImageOfPage\":{\"@id\":\"https:\/\/www.devinanais.com\/es\/prodotto\/piano-master\/#primaryimage\"},\"image\":{\"@id\":\"https:\/\/www.devinanais.com\/es\/prodotto\/piano-master\/#primaryimage\"},\"thumbnailUrl\":\"https:\/\/www.devinanais.com\/wp-content\/uploads\/2023\/04\/tavolo-legno-rovere-massello-sala-da-pranzo-or-piano-master-bordo-corteccia-or-devina-nais.jpg\",\"datePublished\":\"2023-04-06T08:24:46+00:00\",\"dateModified\":\"2024-07-11T08:44:13+00:00\",\"breadcrumb\":{\"@id\":\"https:\/\/www.devinanais.com\/es\/prodotto\/piano-master\/#breadcrumb\"},\"inLanguage\":\"es\",\"potentialAction\":[{\"@type\":\"ReadAction\",\"target\":[\"https:\/\/www.devinanais.com\/es\/prodotto\/piano-master\/\"]}]},{\"@type\":\"ImageObject\",\"inLanguage\":\"es\",\"@id\":\"https:\/\/www.devinanais.com\/es\/prodotto\/piano-master\/#primaryimage\",\"url\":\"https:\/\/www.devinanais.com\/wp-content\/uploads\/2023\/04\/tavolo-legno-rovere-massello-sala-da-pranzo-or-piano-master-bordo-corteccia-or-devina-nais.jpg\",\"contentUrl\":\"https:\/\/www.devinanais.com\/wp-content\/uploads\/2023\/04\/tavolo-legno-rovere-massello-sala-da-pranzo-or-piano-master-bordo-corteccia-or-devina-nais.jpg\",\"width\":2000,\"height\":1002},{\"@type\":\"BreadcrumbList\",\"@id\":\"https:\/\/www.devinanais.com\/es\/prodotto\/piano-master\/#breadcrumb\",\"itemListElement\":[{\"@type\":\"ListItem\",\"position\":1,\"name\":\"Home\",\"item\":\"https:\/\/www.devinanais.com\/es\/\"},{\"@type\":\"ListItem\",\"position\":2,\"name\":\"Productos\",\"item\":\"https:\/\/www.devinanais.com\/es\/productos\/\"},{\"@type\":\"ListItem\",\"position\":3,\"name\":\"Tavoli\",\"item\":\"https:\/\/www.devinanais.com\/categoria-prodotto\/tavoli\/\"},{\"@type\":\"ListItem\",\"position\":4,\"name\":\"Tapa Master\"}]},{\"@type\":\"WebSite\",\"@id\":\"https:\/\/www.devinanais.com\/#website\",\"url\":\"https:\/\/www.devinanais.com\/\",\"name\":\"DevinaNais\",\"description\":\"\",\"potentialAction\":[{\"@type\":\"SearchAction\",\"target\":{\"@type\":\"EntryPoint\",\"urlTemplate\":\"https:\/\/www.devinanais.com\/?s={search_term_string}\"},\"query-input\":{\"@type\":\"PropertyValueSpecification\",\"valueRequired\":true,\"valueName\":\"search_term_string\"}}],\"inLanguage\":\"es\"}]}<\/script>\n<!-- \/ Yoast SEO plugin. -->","yoast_head_json":{"title":"Tapa Master - DevinaNais","robots":{"index":"index","follow":"follow","max-snippet":"max-snippet:-1","max-image-preview":"max-image-preview:large","max-video-preview":"max-video-preview:-1"},"canonical":"https:\/\/www.devinanais.com\/es\/prodotto\/piano-master\/","og_locale":"es_ES","og_type":"article","og_title":"Tapa Master - DevinaNais","og_description":"Celebraci\u00f3n del ilimitado encanto materico de la madera y de las perfectas imperfecciones naturales, la tapa Master se cre\u00f3 para dominar la escena. C\u00f3moda en contextos ultra modernos, pero tambi\u00e9n en los m\u00e1s tradicionales, tiene el estilo para enriquecer los ambientes m\u00e1s prestigiosos. &nbsp;","og_url":"https:\/\/www.devinanais.com\/es\/prodotto\/piano-master\/","og_site_name":"DevinaNais","article_modified_time":"2024-07-11T08:44:13+00:00","og_image":[{"width":2000,"height":1002,"url":"https:\/\/www.devinanais.com\/wp-content\/uploads\/2023\/04\/tavolo-legno-rovere-massello-sala-da-pranzo-or-piano-master-bordo-corteccia-or-devina-nais.jpg","type":"image\/jpeg"}],"twitter_card":"summary_large_image","twitter_misc":{"Tiempo de lectura":"1 minuto"},"schema":{"@context":"https:\/\/schema.org","@graph":[{"@type":"WebPage","@id":"https:\/\/www.devinanais.com\/es\/prodotto\/piano-master\/","url":"https:\/\/www.devinanais.com\/es\/prodotto\/piano-master\/","name":"Tapa Master - DevinaNais","isPartOf":{"@id":"https:\/\/www.devinanais.com\/#website"},"primaryImageOfPage":{"@id":"https:\/\/www.devinanais.com\/es\/prodotto\/piano-master\/#primaryimage"},"image":{"@id":"https:\/\/www.devinanais.com\/es\/prodotto\/piano-master\/#primaryimage"},"thumbnailUrl":"https:\/\/www.devinanais.com\/wp-content\/uploads\/2023\/04\/tavolo-legno-rovere-massello-sala-da-pranzo-or-piano-master-bordo-corteccia-or-devina-nais.jpg","datePublished":"2023-04-06T08:24:46+00:00","dateModified":"2024-07-11T08:44:13+00:00","breadcrumb":{"@id":"https:\/\/www.devinanais.com\/es\/prodotto\/piano-master\/#breadcrumb"},"inLanguage":"es","potentialAction":[{"@type":"ReadAction","target":["https:\/\/www.devinanais.com\/es\/prodotto\/piano-master\/"]}]},{"@type":"ImageObject","inLanguage":"es","@id":"https:\/\/www.devinanais.com\/es\/prodotto\/piano-master\/#primaryimage","url":"https:\/\/www.devinanais.com\/wp-content\/uploads\/2023\/04\/tavolo-legno-rovere-massello-sala-da-pranzo-or-piano-master-bordo-corteccia-or-devina-nais.jpg","contentUrl":"https:\/\/www.devinanais.com\/wp-content\/uploads\/2023\/04\/tavolo-legno-rovere-massello-sala-da-pranzo-or-piano-master-bordo-corteccia-or-devina-nais.jpg","width":2000,"height":1002},{"@type":"BreadcrumbList","@id":"https:\/\/www.devinanais.com\/es\/prodotto\/piano-master\/#breadcrumb","itemListElement":[{"@type":"ListItem","position":1,"name":"Home","item":"https:\/\/www.devinanais.com\/es\/"},{"@type":"ListItem","position":2,"name":"Productos","item":"https:\/\/www.devinanais.com\/es\/productos\/"},{"@type":"ListItem","position":3,"name":"Tavoli","item":"https:\/\/www.devinanais.com\/categoria-prodotto\/tavoli\/"},{"@type":"ListItem","position":4,"name":"Tapa Master"}]},{"@type":"WebSite","@id":"https:\/\/www.devinanais.com\/#website","url":"https:\/\/www.devinanais.com\/","name":"DevinaNais","description":"","potentialAction":[{"@type":"SearchAction","target":{"@type":"EntryPoint","urlTemplate":"https:\/\/www.devinanais.com\/?s={search_term_string}"},"query-input":{"@type":"PropertyValueSpecification","valueRequired":true,"valueName":"search_term_string"}}],"inLanguage":"es"}]}},"_links":{"self":[{"href":"https:\/\/www.devinanais.com\/es\/wp-json\/wp\/v2\/product\/20216","targetHints":{"allow":["GET"]}}],"collection":[{"href":"https:\/\/www.devinanais.com\/es\/wp-json\/wp\/v2\/product"}],"about":[{"href":"https:\/\/www.devinanais.com\/es\/wp-json\/wp\/v2\/types\/product"}],"wp:featuredmedia":[{"embeddable":true,"href":"https:\/\/www.devinanais.com\/es\/wp-json\/wp\/v2\/media\/27579"}],"wp:attachment":[{"href":"https:\/\/www.devinanais.com\/es\/wp-json\/wp\/v2\/media?parent=20216"}],"wp:term":[{"taxonomy":"product_brand","embeddable":true,"href":"https:\/\/www.devinanais.com\/es\/wp-json\/wp\/v2\/product_brand?post=20216"},{"taxonomy":"product_cat","embeddable":true,"href":"https:\/\/www.devinanais.com\/es\/wp-json\/wp\/v2\/product_cat?post=20216"},{"taxonomy":"product_tag","embeddable":true,"href":"https:\/\/www.devinanais.com\/es\/wp-json\/wp\/v2\/product_tag?post=20216"},{"taxonomy":"ambiente","embeddable":true,"href":"https:\/\/www.devinanais.com\/es\/wp-json\/wp\/v2\/ambiente?post=20216"},{"taxonomy":"collezione","embeddable":true,"href":"https:\/\/www.devinanais.com\/es\/wp-json\/wp\/v2\/collezione?post=20216"}],"curies":[{"name":"wp","href":"https:\/\/api.w.org\/{rel}","templated":true}]}}