{"id":20221,"date":"2023-04-07T08:57:10","date_gmt":"2023-04-07T06:57:10","guid":{"rendered":"https:\/\/devina.indaweb.it\/prodotto\/tavolino-fast-apribile\/"},"modified":"2023-09-21T17:58:14","modified_gmt":"2023-09-21T15:58:14","slug":"tavolino-fast-apribile","status":"publish","type":"product","link":"https:\/\/www.devinanais.com\/es\/producto\/tavolino-fast-apribile\/","title":{"rendered":"Mesa de centro abatible Fast"},"content":{"rendered":"<div id=\"bannerR\">\n<div id=\"lipsumcom_right_siderail\" align=\"center\" data-freestar-ad=\"__300x600\" data-google-query-id=\"CPLi5fb9lYEDFf2d_QcdkpAHxg\">\n<div id=\"google_ads_iframe_\/15184186,22440292294\/lipsumcom_right_siderail_0__container__\">\n<div class=\"__fs-ancillary\">\n<p style=\"text-align: left\">FAST revoluciona tu espacio en un instante. Con unos pocos gestos,<\/p>\n<p style=\"text-align: left\">esta mesa de centro se adapta perfectamente a sus necesidades,<\/p>\n<p style=\"text-align: left\">desde la relajaci\u00f3n en la sala de estar hasta el trabajo, desde el juego hasta los<\/p>\n<p style=\"text-align: left\">aperitivos en compa\u00f1\u00eda. Realizado con madera de alta calidad, combina estilo,<\/p>\n<p style=\"text-align: left\">dinamismo, optimizaci\u00f3n de los espacios y poliedricidad.<\/p>\n<\/div>\n<\/div>\n<\/div>\n<\/div>\n","protected":false},"excerpt":{"rendered":"<p>FAST revoluciona tu espacio en un instante. Con unos pocos gestos, esta mesa de centro se adapta perfectamente a sus necesidades, desde la relajaci\u00f3n en la sala de estar hasta el trabajo, desde el juego hasta los aperitivos en compa\u00f1\u00eda. Realizado con madera de alta calidad, combina estilo, dinamismo, optimizaci\u00f3n de los espacios y poliedricidad.<\/p>\n","protected":false},"featured_media":29871,"template":"","meta":{"_et_pb_use_builder":"","_et_pb_old_content":"","_et_gb_content_width":""},"product_brand":[],"product_cat":[235],"product_tag":[],"ambiente":[276],"collezione":[277],"class_list":{"0":"post-20221","1":"product","2":"type-product","3":"status-publish","4":"has-post-thumbnail","6":"product_cat-mesas-y-consolas","7":"ambiente-sala-de-estar","8":"collezione-living-more-es","10":"first","11":"instock","12":"shipping-taxable","13":"product-type-simple"},"acf":[],"yoast_head":"<!-- This site is optimized with the Yoast SEO plugin v26.2 - https:\/\/yoast.com\/wordpress\/plugins\/seo\/ -->\n<title>Mesa de centro abatible Fast - DevinaNais<\/title>\n<meta name=\"robots\" content=\"index, follow, max-snippet:-1, max-image-preview:large, max-video-preview:-1\" \/>\n<link rel=\"canonical\" href=\"https:\/\/www.devinanais.com\/es\/prodotto\/tavolino-fast-apribile\/\" \/>\n<meta property=\"og:locale\" content=\"es_ES\" \/>\n<meta property=\"og:type\" content=\"article\" \/>\n<meta property=\"og:title\" content=\"Mesa de centro abatible Fast - DevinaNais\" \/>\n<meta property=\"og:description\" content=\"FAST revoluciona tu espacio en un instante. Con unos pocos gestos, esta mesa de centro se adapta perfectamente a sus necesidades, desde la relajaci\u00f3n en la sala de estar hasta el trabajo, desde el juego hasta los aperitivos en compa\u00f1\u00eda. Realizado con madera de alta calidad, combina estilo, dinamismo, optimizaci\u00f3n de los espacios y poliedricidad.\" \/>\n<meta property=\"og:url\" content=\"https:\/\/www.devinanais.com\/es\/prodotto\/tavolino-fast-apribile\/\" \/>\n<meta property=\"og:site_name\" content=\"DevinaNais\" \/>\n<meta property=\"article:modified_time\" content=\"2023-09-21T15:58:14+00:00\" \/>\n<meta property=\"og:image\" content=\"https:\/\/www.devinanais.com\/wp-content\/uploads\/2023\/04\/tavolino-apribile-legno-rovere-or-fast-or-devina-nais.jpg\" \/>\n\t<meta property=\"og:image:width\" content=\"2000\" \/>\n\t<meta property=\"og:image:height\" content=\"998\" \/>\n\t<meta property=\"og:image:type\" content=\"image\/jpeg\" \/>\n<meta name=\"twitter:card\" content=\"summary_large_image\" \/>\n<meta name=\"twitter:label1\" content=\"Tiempo de lectura\" \/>\n\t<meta name=\"twitter:data1\" content=\"1 minuto\" \/>\n<script type=\"application\/ld+json\" class=\"yoast-schema-graph\">{\"@context\":\"https:\/\/schema.org\",\"@graph\":[{\"@type\":\"WebPage\",\"@id\":\"https:\/\/www.devinanais.com\/es\/prodotto\/tavolino-fast-apribile\/\",\"url\":\"https:\/\/www.devinanais.com\/es\/prodotto\/tavolino-fast-apribile\/\",\"name\":\"Mesa de centro abatible Fast - DevinaNais\",\"isPartOf\":{\"@id\":\"https:\/\/www.devinanais.com\/#website\"},\"primaryImageOfPage\":{\"@id\":\"https:\/\/www.devinanais.com\/es\/prodotto\/tavolino-fast-apribile\/#primaryimage\"},\"image\":{\"@id\":\"https:\/\/www.devinanais.com\/es\/prodotto\/tavolino-fast-apribile\/#primaryimage\"},\"thumbnailUrl\":\"https:\/\/www.devinanais.com\/wp-content\/uploads\/2023\/04\/tavolino-apribile-legno-rovere-or-fast-or-devina-nais.jpg-1.webp\",\"datePublished\":\"2023-04-07T06:57:10+00:00\",\"dateModified\":\"2023-09-21T15:58:14+00:00\",\"breadcrumb\":{\"@id\":\"https:\/\/www.devinanais.com\/es\/prodotto\/tavolino-fast-apribile\/#breadcrumb\"},\"inLanguage\":\"es\",\"potentialAction\":[{\"@type\":\"ReadAction\",\"target\":[\"https:\/\/www.devinanais.com\/es\/prodotto\/tavolino-fast-apribile\/\"]}]},{\"@type\":\"ImageObject\",\"inLanguage\":\"es\",\"@id\":\"https:\/\/www.devinanais.com\/es\/prodotto\/tavolino-fast-apribile\/#primaryimage\",\"url\":\"https:\/\/www.devinanais.com\/wp-content\/uploads\/2023\/04\/tavolino-apribile-legno-rovere-or-fast-or-devina-nais.jpg-1.webp\",\"contentUrl\":\"https:\/\/www.devinanais.com\/wp-content\/uploads\/2023\/04\/tavolino-apribile-legno-rovere-or-fast-or-devina-nais.jpg-1.webp\",\"width\":2000,\"height\":998},{\"@type\":\"BreadcrumbList\",\"@id\":\"https:\/\/www.devinanais.com\/es\/prodotto\/tavolino-fast-apribile\/#breadcrumb\",\"itemListElement\":[{\"@type\":\"ListItem\",\"position\":1,\"name\":\"Home\",\"item\":\"https:\/\/www.devinanais.com\/es\/\"},{\"@type\":\"ListItem\",\"position\":2,\"name\":\"Productos\",\"item\":\"https:\/\/www.devinanais.com\/es\/productos\/\"},{\"@type\":\"ListItem\",\"position\":3,\"name\":\"Mesas Y Consolas\",\"item\":\"https:\/\/www.devinanais.com\/es\/categoria-prodotto\/mesas-y-consolas\/\"},{\"@type\":\"ListItem\",\"position\":4,\"name\":\"Mesa de centro abatible Fast\"}]},{\"@type\":\"WebSite\",\"@id\":\"https:\/\/www.devinanais.com\/#website\",\"url\":\"https:\/\/www.devinanais.com\/\",\"name\":\"DevinaNais\",\"description\":\"\",\"potentialAction\":[{\"@type\":\"SearchAction\",\"target\":{\"@type\":\"EntryPoint\",\"urlTemplate\":\"https:\/\/www.devinanais.com\/?s={search_term_string}\"},\"query-input\":{\"@type\":\"PropertyValueSpecification\",\"valueRequired\":true,\"valueName\":\"search_term_string\"}}],\"inLanguage\":\"es\"}]}<\/script>\n<!-- \/ Yoast SEO plugin. -->","yoast_head_json":{"title":"Mesa de centro abatible Fast - DevinaNais","robots":{"index":"index","follow":"follow","max-snippet":"max-snippet:-1","max-image-preview":"max-image-preview:large","max-video-preview":"max-video-preview:-1"},"canonical":"https:\/\/www.devinanais.com\/es\/prodotto\/tavolino-fast-apribile\/","og_locale":"es_ES","og_type":"article","og_title":"Mesa de centro abatible Fast - DevinaNais","og_description":"FAST revoluciona tu espacio en un instante. Con unos pocos gestos, esta mesa de centro se adapta perfectamente a sus necesidades, desde la relajaci\u00f3n en la sala de estar hasta el trabajo, desde el juego hasta los aperitivos en compa\u00f1\u00eda. Realizado con madera de alta calidad, combina estilo, dinamismo, optimizaci\u00f3n de los espacios y poliedricidad.","og_url":"https:\/\/www.devinanais.com\/es\/prodotto\/tavolino-fast-apribile\/","og_site_name":"DevinaNais","article_modified_time":"2023-09-21T15:58:14+00:00","og_image":[{"width":2000,"height":998,"url":"https:\/\/www.devinanais.com\/wp-content\/uploads\/2023\/04\/tavolino-apribile-legno-rovere-or-fast-or-devina-nais.jpg","type":"image\/jpeg"}],"twitter_card":"summary_large_image","twitter_misc":{"Tiempo de lectura":"1 minuto"},"schema":{"@context":"https:\/\/schema.org","@graph":[{"@type":"WebPage","@id":"https:\/\/www.devinanais.com\/es\/prodotto\/tavolino-fast-apribile\/","url":"https:\/\/www.devinanais.com\/es\/prodotto\/tavolino-fast-apribile\/","name":"Mesa de centro abatible Fast - DevinaNais","isPartOf":{"@id":"https:\/\/www.devinanais.com\/#website"},"primaryImageOfPage":{"@id":"https:\/\/www.devinanais.com\/es\/prodotto\/tavolino-fast-apribile\/#primaryimage"},"image":{"@id":"https:\/\/www.devinanais.com\/es\/prodotto\/tavolino-fast-apribile\/#primaryimage"},"thumbnailUrl":"https:\/\/www.devinanais.com\/wp-content\/uploads\/2023\/04\/tavolino-apribile-legno-rovere-or-fast-or-devina-nais.jpg-1.webp","datePublished":"2023-04-07T06:57:10+00:00","dateModified":"2023-09-21T15:58:14+00:00","breadcrumb":{"@id":"https:\/\/www.devinanais.com\/es\/prodotto\/tavolino-fast-apribile\/#breadcrumb"},"inLanguage":"es","potentialAction":[{"@type":"ReadAction","target":["https:\/\/www.devinanais.com\/es\/prodotto\/tavolino-fast-apribile\/"]}]},{"@type":"ImageObject","inLanguage":"es","@id":"https:\/\/www.devinanais.com\/es\/prodotto\/tavolino-fast-apribile\/#primaryimage","url":"https:\/\/www.devinanais.com\/wp-content\/uploads\/2023\/04\/tavolino-apribile-legno-rovere-or-fast-or-devina-nais.jpg-1.webp","contentUrl":"https:\/\/www.devinanais.com\/wp-content\/uploads\/2023\/04\/tavolino-apribile-legno-rovere-or-fast-or-devina-nais.jpg-1.webp","width":2000,"height":998},{"@type":"BreadcrumbList","@id":"https:\/\/www.devinanais.com\/es\/prodotto\/tavolino-fast-apribile\/#breadcrumb","itemListElement":[{"@type":"ListItem","position":1,"name":"Home","item":"https:\/\/www.devinanais.com\/es\/"},{"@type":"ListItem","position":2,"name":"Productos","item":"https:\/\/www.devinanais.com\/es\/productos\/"},{"@type":"ListItem","position":3,"name":"Mesas Y Consolas","item":"https:\/\/www.devinanais.com\/es\/categoria-prodotto\/mesas-y-consolas\/"},{"@type":"ListItem","position":4,"name":"Mesa de centro abatible Fast"}]},{"@type":"WebSite","@id":"https:\/\/www.devinanais.com\/#website","url":"https:\/\/www.devinanais.com\/","name":"DevinaNais","description":"","potentialAction":[{"@type":"SearchAction","target":{"@type":"EntryPoint","urlTemplate":"https:\/\/www.devinanais.com\/?s={search_term_string}"},"query-input":{"@type":"PropertyValueSpecification","valueRequired":true,"valueName":"search_term_string"}}],"inLanguage":"es"}]}},"_links":{"self":[{"href":"https:\/\/www.devinanais.com\/es\/wp-json\/wp\/v2\/product\/20221","targetHints":{"allow":["GET"]}}],"collection":[{"href":"https:\/\/www.devinanais.com\/es\/wp-json\/wp\/v2\/product"}],"about":[{"href":"https:\/\/www.devinanais.com\/es\/wp-json\/wp\/v2\/types\/product"}],"wp:featuredmedia":[{"embeddable":true,"href":"https:\/\/www.devinanais.com\/es\/wp-json\/wp\/v2\/media\/29871"}],"wp:attachment":[{"href":"https:\/\/www.devinanais.com\/es\/wp-json\/wp\/v2\/media?parent=20221"}],"wp:term":[{"taxonomy":"product_brand","embeddable":true,"href":"https:\/\/www.devinanais.com\/es\/wp-json\/wp\/v2\/product_brand?post=20221"},{"taxonomy":"product_cat","embeddable":true,"href":"https:\/\/www.devinanais.com\/es\/wp-json\/wp\/v2\/product_cat?post=20221"},{"taxonomy":"product_tag","embeddable":true,"href":"https:\/\/www.devinanais.com\/es\/wp-json\/wp\/v2\/product_tag?post=20221"},{"taxonomy":"ambiente","embeddable":true,"href":"https:\/\/www.devinanais.com\/es\/wp-json\/wp\/v2\/ambiente?post=20221"},{"taxonomy":"collezione","embeddable":true,"href":"https:\/\/www.devinanais.com\/es\/wp-json\/wp\/v2\/collezione?post=20221"}],"curies":[{"name":"wp","href":"https:\/\/api.w.org\/{rel}","templated":true}]}}