{"id":23674,"date":"2023-08-22T15:32:45","date_gmt":"2023-08-22T13:32:45","guid":{"rendered":"https:\/\/www.devinanais.com\/?post_type=product&#038;p=23674"},"modified":"2023-09-26T08:39:33","modified_gmt":"2023-09-26T06:39:33","slug":"sgabello-grind","status":"publish","type":"product","link":"https:\/\/www.devinanais.com\/es\/producto\/sgabello-grind\/","title":{"rendered":"Taburete Grind low"},"content":{"rendered":"<p>El dise\u00f1o ic\u00f3nico de este taburete lo hace<br \/>\nun punto de referencia en la sala.<br \/>\nEstable, c\u00f3modo e inolvidable,<br \/>\nGrind Low combina funcionalidad y creatividad.<\/p>\n","protected":false},"excerpt":{"rendered":"<p>El dise\u00f1o ic\u00f3nico de este taburete lo hace un punto de referencia en la sala. Estable, c\u00f3modo e inolvidable, Grind Low combina funcionalidad y creatividad.<\/p>\n","protected":false},"featured_media":26390,"template":"","meta":{"_et_pb_use_builder":"","_et_pb_old_content":"","_et_gb_content_width":""},"product_brand":[],"product_cat":[225,226],"product_tag":[],"ambiente":[],"collezione":[330],"class_list":{"0":"post-23674","1":"product","2":"type-product","3":"status-publish","4":"has-post-thumbnail","6":"product_cat-sillas","7":"product_cat-sillas-de-madera","8":"collezione-sgabelli-es","10":"first","11":"instock","12":"shipping-taxable","13":"product-type-simple"},"acf":[],"yoast_head":"<!-- This site is optimized with the Yoast SEO plugin v26.2 - https:\/\/yoast.com\/wordpress\/plugins\/seo\/ -->\n<title>Taburete Grind low - DevinaNais<\/title>\n<meta name=\"robots\" content=\"index, follow, max-snippet:-1, max-image-preview:large, max-video-preview:-1\" \/>\n<link rel=\"canonical\" href=\"https:\/\/www.devinanais.com\/es\/producto\/sgabello-grind\/\" \/>\n<meta property=\"og:locale\" content=\"es_ES\" \/>\n<meta property=\"og:type\" content=\"article\" \/>\n<meta property=\"og:title\" content=\"Taburete Grind low - DevinaNais\" \/>\n<meta property=\"og:description\" content=\"El dise\u00f1o ic\u00f3nico de este taburete lo hace un punto de referencia en la sala. Estable, c\u00f3modo e inolvidable, Grind Low combina funcionalidad y creatividad.\" \/>\n<meta property=\"og:url\" content=\"https:\/\/www.devinanais.com\/es\/producto\/sgabello-grind\/\" \/>\n<meta property=\"og:site_name\" content=\"DevinaNais\" \/>\n<meta property=\"article:modified_time\" content=\"2023-09-26T06:39:33+00:00\" \/>\n<meta property=\"og:image\" content=\"https:\/\/www.devinanais.com\/wp-content\/uploads\/2023\/04\/sgabello-legno-basso-rovere-massello-or-grind-low-or-devina-nais.jpg\" \/>\n\t<meta property=\"og:image:width\" content=\"2206\" \/>\n\t<meta property=\"og:image:height\" content=\"1105\" \/>\n\t<meta property=\"og:image:type\" content=\"image\/jpeg\" \/>\n<meta name=\"twitter:card\" content=\"summary_large_image\" \/>\n<meta name=\"twitter:label1\" content=\"Tiempo de lectura\" \/>\n\t<meta name=\"twitter:data1\" content=\"1 minuto\" \/>\n<script type=\"application\/ld+json\" class=\"yoast-schema-graph\">{\"@context\":\"https:\/\/schema.org\",\"@graph\":[{\"@type\":\"WebPage\",\"@id\":\"https:\/\/www.devinanais.com\/es\/producto\/sgabello-grind\/\",\"url\":\"https:\/\/www.devinanais.com\/es\/producto\/sgabello-grind\/\",\"name\":\"Taburete Grind low - DevinaNais\",\"isPartOf\":{\"@id\":\"https:\/\/www.devinanais.com\/#website\"},\"primaryImageOfPage\":{\"@id\":\"https:\/\/www.devinanais.com\/es\/producto\/sgabello-grind\/#primaryimage\"},\"image\":{\"@id\":\"https:\/\/www.devinanais.com\/es\/producto\/sgabello-grind\/#primaryimage\"},\"thumbnailUrl\":\"https:\/\/www.devinanais.com\/wp-content\/uploads\/2023\/04\/sgabello-legno-basso-rovere-massello-or-grind-low-or-devina-nais.jpg\",\"datePublished\":\"2023-08-22T13:32:45+00:00\",\"dateModified\":\"2023-09-26T06:39:33+00:00\",\"breadcrumb\":{\"@id\":\"https:\/\/www.devinanais.com\/es\/producto\/sgabello-grind\/#breadcrumb\"},\"inLanguage\":\"es\",\"potentialAction\":[{\"@type\":\"ReadAction\",\"target\":[\"https:\/\/www.devinanais.com\/es\/producto\/sgabello-grind\/\"]}]},{\"@type\":\"ImageObject\",\"inLanguage\":\"es\",\"@id\":\"https:\/\/www.devinanais.com\/es\/producto\/sgabello-grind\/#primaryimage\",\"url\":\"https:\/\/www.devinanais.com\/wp-content\/uploads\/2023\/04\/sgabello-legno-basso-rovere-massello-or-grind-low-or-devina-nais.jpg\",\"contentUrl\":\"https:\/\/www.devinanais.com\/wp-content\/uploads\/2023\/04\/sgabello-legno-basso-rovere-massello-or-grind-low-or-devina-nais.jpg\",\"width\":2206,\"height\":1105,\"caption\":\"sgabello basso grind legno rovere massello devina nais\"},{\"@type\":\"BreadcrumbList\",\"@id\":\"https:\/\/www.devinanais.com\/es\/producto\/sgabello-grind\/#breadcrumb\",\"itemListElement\":[{\"@type\":\"ListItem\",\"position\":1,\"name\":\"Home\",\"item\":\"https:\/\/www.devinanais.com\/es\/\"},{\"@type\":\"ListItem\",\"position\":2,\"name\":\"Productos\",\"item\":\"https:\/\/www.devinanais.com\/es\/productos\/\"},{\"@type\":\"ListItem\",\"position\":3,\"name\":\"Sedie\",\"item\":\"https:\/\/www.devinanais.com\/categoria-prodotto\/sedie\/\"},{\"@type\":\"ListItem\",\"position\":4,\"name\":\"Taburete Grind low\"}]},{\"@type\":\"WebSite\",\"@id\":\"https:\/\/www.devinanais.com\/#website\",\"url\":\"https:\/\/www.devinanais.com\/\",\"name\":\"DevinaNais\",\"description\":\"\",\"potentialAction\":[{\"@type\":\"SearchAction\",\"target\":{\"@type\":\"EntryPoint\",\"urlTemplate\":\"https:\/\/www.devinanais.com\/?s={search_term_string}\"},\"query-input\":{\"@type\":\"PropertyValueSpecification\",\"valueRequired\":true,\"valueName\":\"search_term_string\"}}],\"inLanguage\":\"es\"}]}<\/script>\n<!-- \/ Yoast SEO plugin. -->","yoast_head_json":{"title":"Taburete Grind low - DevinaNais","robots":{"index":"index","follow":"follow","max-snippet":"max-snippet:-1","max-image-preview":"max-image-preview:large","max-video-preview":"max-video-preview:-1"},"canonical":"https:\/\/www.devinanais.com\/es\/producto\/sgabello-grind\/","og_locale":"es_ES","og_type":"article","og_title":"Taburete Grind low - DevinaNais","og_description":"El dise\u00f1o ic\u00f3nico de este taburete lo hace un punto de referencia en la sala. Estable, c\u00f3modo e inolvidable, Grind Low combina funcionalidad y creatividad.","og_url":"https:\/\/www.devinanais.com\/es\/producto\/sgabello-grind\/","og_site_name":"DevinaNais","article_modified_time":"2023-09-26T06:39:33+00:00","og_image":[{"width":2206,"height":1105,"url":"https:\/\/www.devinanais.com\/wp-content\/uploads\/2023\/04\/sgabello-legno-basso-rovere-massello-or-grind-low-or-devina-nais.jpg","type":"image\/jpeg"}],"twitter_card":"summary_large_image","twitter_misc":{"Tiempo de lectura":"1 minuto"},"schema":{"@context":"https:\/\/schema.org","@graph":[{"@type":"WebPage","@id":"https:\/\/www.devinanais.com\/es\/producto\/sgabello-grind\/","url":"https:\/\/www.devinanais.com\/es\/producto\/sgabello-grind\/","name":"Taburete Grind low - DevinaNais","isPartOf":{"@id":"https:\/\/www.devinanais.com\/#website"},"primaryImageOfPage":{"@id":"https:\/\/www.devinanais.com\/es\/producto\/sgabello-grind\/#primaryimage"},"image":{"@id":"https:\/\/www.devinanais.com\/es\/producto\/sgabello-grind\/#primaryimage"},"thumbnailUrl":"https:\/\/www.devinanais.com\/wp-content\/uploads\/2023\/04\/sgabello-legno-basso-rovere-massello-or-grind-low-or-devina-nais.jpg","datePublished":"2023-08-22T13:32:45+00:00","dateModified":"2023-09-26T06:39:33+00:00","breadcrumb":{"@id":"https:\/\/www.devinanais.com\/es\/producto\/sgabello-grind\/#breadcrumb"},"inLanguage":"es","potentialAction":[{"@type":"ReadAction","target":["https:\/\/www.devinanais.com\/es\/producto\/sgabello-grind\/"]}]},{"@type":"ImageObject","inLanguage":"es","@id":"https:\/\/www.devinanais.com\/es\/producto\/sgabello-grind\/#primaryimage","url":"https:\/\/www.devinanais.com\/wp-content\/uploads\/2023\/04\/sgabello-legno-basso-rovere-massello-or-grind-low-or-devina-nais.jpg","contentUrl":"https:\/\/www.devinanais.com\/wp-content\/uploads\/2023\/04\/sgabello-legno-basso-rovere-massello-or-grind-low-or-devina-nais.jpg","width":2206,"height":1105,"caption":"sgabello basso grind legno rovere massello devina nais"},{"@type":"BreadcrumbList","@id":"https:\/\/www.devinanais.com\/es\/producto\/sgabello-grind\/#breadcrumb","itemListElement":[{"@type":"ListItem","position":1,"name":"Home","item":"https:\/\/www.devinanais.com\/es\/"},{"@type":"ListItem","position":2,"name":"Productos","item":"https:\/\/www.devinanais.com\/es\/productos\/"},{"@type":"ListItem","position":3,"name":"Sedie","item":"https:\/\/www.devinanais.com\/categoria-prodotto\/sedie\/"},{"@type":"ListItem","position":4,"name":"Taburete Grind low"}]},{"@type":"WebSite","@id":"https:\/\/www.devinanais.com\/#website","url":"https:\/\/www.devinanais.com\/","name":"DevinaNais","description":"","potentialAction":[{"@type":"SearchAction","target":{"@type":"EntryPoint","urlTemplate":"https:\/\/www.devinanais.com\/?s={search_term_string}"},"query-input":{"@type":"PropertyValueSpecification","valueRequired":true,"valueName":"search_term_string"}}],"inLanguage":"es"}]}},"_links":{"self":[{"href":"https:\/\/www.devinanais.com\/es\/wp-json\/wp\/v2\/product\/23674","targetHints":{"allow":["GET"]}}],"collection":[{"href":"https:\/\/www.devinanais.com\/es\/wp-json\/wp\/v2\/product"}],"about":[{"href":"https:\/\/www.devinanais.com\/es\/wp-json\/wp\/v2\/types\/product"}],"wp:featuredmedia":[{"embeddable":true,"href":"https:\/\/www.devinanais.com\/es\/wp-json\/wp\/v2\/media\/26390"}],"wp:attachment":[{"href":"https:\/\/www.devinanais.com\/es\/wp-json\/wp\/v2\/media?parent=23674"}],"wp:term":[{"taxonomy":"product_brand","embeddable":true,"href":"https:\/\/www.devinanais.com\/es\/wp-json\/wp\/v2\/product_brand?post=23674"},{"taxonomy":"product_cat","embeddable":true,"href":"https:\/\/www.devinanais.com\/es\/wp-json\/wp\/v2\/product_cat?post=23674"},{"taxonomy":"product_tag","embeddable":true,"href":"https:\/\/www.devinanais.com\/es\/wp-json\/wp\/v2\/product_tag?post=23674"},{"taxonomy":"ambiente","embeddable":true,"href":"https:\/\/www.devinanais.com\/es\/wp-json\/wp\/v2\/ambiente?post=23674"},{"taxonomy":"collezione","embeddable":true,"href":"https:\/\/www.devinanais.com\/es\/wp-json\/wp\/v2\/collezione?post=23674"}],"curies":[{"name":"wp","href":"https:\/\/api.w.org\/{rel}","templated":true}]}}