{"id":23683,"date":"2023-08-22T15:34:44","date_gmt":"2023-08-22T13:34:44","guid":{"rendered":"https:\/\/www.devinanais.com\/?post_type=product&#038;p=23683"},"modified":"2025-11-06T11:16:39","modified_gmt":"2025-11-06T10:16:39","slug":"sgabello-grind-hight","status":"publish","type":"product","link":"https:\/\/www.devinanais.com\/es\/producto\/sgabello-grind-hight\/","title":{"rendered":"Taburete Grind high"},"content":{"rendered":"<p>Grind Low sigue l\u00edneas originales y<br \/>\nsim\u00e9tricas para crear una sesi\u00f3n<br \/>\nque apoya el cuerpo y la imaginaci\u00f3n<br \/>\nal mismo tiempo.<\/p>\n","protected":false},"excerpt":{"rendered":"<p>Grind Low sigue l\u00edneas originales y sim\u00e9tricas para crear una sesi\u00f3n que apoya el cuerpo y la imaginaci\u00f3n al mismo tiempo.<\/p>\n","protected":false},"featured_media":26387,"template":"","meta":{"_et_pb_use_builder":"","_et_pb_old_content":"","_et_gb_content_width":""},"product_brand":[],"product_cat":[225,226],"product_tag":[],"ambiente":[244],"collezione":[330],"class_list":{"0":"post-23683","1":"product","2":"type-product","3":"status-publish","4":"has-post-thumbnail","6":"product_cat-sillas","7":"product_cat-sillas-de-madera","8":"ambiente-comedor","9":"collezione-sgabelli-es","11":"first","12":"instock","13":"shipping-taxable","14":"product-type-simple"},"acf":[],"yoast_head":"<!-- This site is optimized with the Yoast SEO plugin v26.2 - https:\/\/yoast.com\/wordpress\/plugins\/seo\/ -->\n<title>Taburete Grind high - DevinaNais<\/title>\n<meta name=\"robots\" content=\"index, follow, max-snippet:-1, max-image-preview:large, max-video-preview:-1\" \/>\n<link rel=\"canonical\" href=\"https:\/\/www.devinanais.com\/es\/producto\/sgabello-grind-hight\/\" \/>\n<meta property=\"og:locale\" content=\"es_ES\" \/>\n<meta property=\"og:type\" content=\"article\" \/>\n<meta property=\"og:title\" content=\"Taburete Grind high - DevinaNais\" \/>\n<meta property=\"og:description\" content=\"Grind Low sigue l\u00edneas originales y sim\u00e9tricas para crear una sesi\u00f3n que apoya el cuerpo y la imaginaci\u00f3n al mismo tiempo.\" \/>\n<meta property=\"og:url\" content=\"https:\/\/www.devinanais.com\/es\/producto\/sgabello-grind-hight\/\" \/>\n<meta property=\"og:site_name\" content=\"DevinaNais\" \/>\n<meta property=\"article:modified_time\" content=\"2025-11-06T10:16:39+00:00\" \/>\n<meta property=\"og:image\" content=\"https:\/\/www.devinanais.com\/wp-content\/uploads\/2023\/04\/sgabello-legno-alto-rovere-massello-or-grind-high-or-devina-nais.jpg\" \/>\n\t<meta property=\"og:image:width\" content=\"2206\" \/>\n\t<meta property=\"og:image:height\" content=\"1105\" \/>\n\t<meta property=\"og:image:type\" content=\"image\/jpeg\" \/>\n<meta name=\"twitter:card\" content=\"summary_large_image\" \/>\n<meta name=\"twitter:label1\" content=\"Tiempo de lectura\" \/>\n\t<meta name=\"twitter:data1\" content=\"1 minuto\" \/>\n<script type=\"application\/ld+json\" class=\"yoast-schema-graph\">{\"@context\":\"https:\/\/schema.org\",\"@graph\":[{\"@type\":\"WebPage\",\"@id\":\"https:\/\/www.devinanais.com\/es\/producto\/sgabello-grind-hight\/\",\"url\":\"https:\/\/www.devinanais.com\/es\/producto\/sgabello-grind-hight\/\",\"name\":\"Taburete Grind high - DevinaNais\",\"isPartOf\":{\"@id\":\"https:\/\/www.devinanais.com\/#website\"},\"primaryImageOfPage\":{\"@id\":\"https:\/\/www.devinanais.com\/es\/producto\/sgabello-grind-hight\/#primaryimage\"},\"image\":{\"@id\":\"https:\/\/www.devinanais.com\/es\/producto\/sgabello-grind-hight\/#primaryimage\"},\"thumbnailUrl\":\"https:\/\/www.devinanais.com\/wp-content\/uploads\/2023\/04\/sgabello-legno-alto-rovere-massello-or-grind-high-or-devina-nais.jpg\",\"datePublished\":\"2023-08-22T13:34:44+00:00\",\"dateModified\":\"2025-11-06T10:16:39+00:00\",\"breadcrumb\":{\"@id\":\"https:\/\/www.devinanais.com\/es\/producto\/sgabello-grind-hight\/#breadcrumb\"},\"inLanguage\":\"es\",\"potentialAction\":[{\"@type\":\"ReadAction\",\"target\":[\"https:\/\/www.devinanais.com\/es\/producto\/sgabello-grind-hight\/\"]}]},{\"@type\":\"ImageObject\",\"inLanguage\":\"es\",\"@id\":\"https:\/\/www.devinanais.com\/es\/producto\/sgabello-grind-hight\/#primaryimage\",\"url\":\"https:\/\/www.devinanais.com\/wp-content\/uploads\/2023\/04\/sgabello-legno-alto-rovere-massello-or-grind-high-or-devina-nais.jpg\",\"contentUrl\":\"https:\/\/www.devinanais.com\/wp-content\/uploads\/2023\/04\/sgabello-legno-alto-rovere-massello-or-grind-high-or-devina-nais.jpg\",\"width\":2206,\"height\":1105,\"caption\":\"sgabello alto legno rovere massello devina nais\"},{\"@type\":\"BreadcrumbList\",\"@id\":\"https:\/\/www.devinanais.com\/es\/producto\/sgabello-grind-hight\/#breadcrumb\",\"itemListElement\":[{\"@type\":\"ListItem\",\"position\":1,\"name\":\"Home\",\"item\":\"https:\/\/www.devinanais.com\/es\/\"},{\"@type\":\"ListItem\",\"position\":2,\"name\":\"Productos\",\"item\":\"https:\/\/www.devinanais.com\/es\/productos\/\"},{\"@type\":\"ListItem\",\"position\":3,\"name\":\"Sillas\",\"item\":\"https:\/\/www.devinanais.com\/es\/categoria-prodotto\/sillas\/\"},{\"@type\":\"ListItem\",\"position\":4,\"name\":\"Sillas De Madera\",\"item\":\"https:\/\/www.devinanais.com\/es\/categoria-prodotto\/sillas\/sillas-de-madera\/\"},{\"@type\":\"ListItem\",\"position\":5,\"name\":\"Taburete Grind high\"}]},{\"@type\":\"WebSite\",\"@id\":\"https:\/\/www.devinanais.com\/#website\",\"url\":\"https:\/\/www.devinanais.com\/\",\"name\":\"DevinaNais\",\"description\":\"\",\"potentialAction\":[{\"@type\":\"SearchAction\",\"target\":{\"@type\":\"EntryPoint\",\"urlTemplate\":\"https:\/\/www.devinanais.com\/?s={search_term_string}\"},\"query-input\":{\"@type\":\"PropertyValueSpecification\",\"valueRequired\":true,\"valueName\":\"search_term_string\"}}],\"inLanguage\":\"es\"}]}<\/script>\n<!-- \/ Yoast SEO plugin. -->","yoast_head_json":{"title":"Taburete Grind high - DevinaNais","robots":{"index":"index","follow":"follow","max-snippet":"max-snippet:-1","max-image-preview":"max-image-preview:large","max-video-preview":"max-video-preview:-1"},"canonical":"https:\/\/www.devinanais.com\/es\/producto\/sgabello-grind-hight\/","og_locale":"es_ES","og_type":"article","og_title":"Taburete Grind high - DevinaNais","og_description":"Grind Low sigue l\u00edneas originales y sim\u00e9tricas para crear una sesi\u00f3n que apoya el cuerpo y la imaginaci\u00f3n al mismo tiempo.","og_url":"https:\/\/www.devinanais.com\/es\/producto\/sgabello-grind-hight\/","og_site_name":"DevinaNais","article_modified_time":"2025-11-06T10:16:39+00:00","og_image":[{"width":2206,"height":1105,"url":"https:\/\/www.devinanais.com\/wp-content\/uploads\/2023\/04\/sgabello-legno-alto-rovere-massello-or-grind-high-or-devina-nais.jpg","type":"image\/jpeg"}],"twitter_card":"summary_large_image","twitter_misc":{"Tiempo de lectura":"1 minuto"},"schema":{"@context":"https:\/\/schema.org","@graph":[{"@type":"WebPage","@id":"https:\/\/www.devinanais.com\/es\/producto\/sgabello-grind-hight\/","url":"https:\/\/www.devinanais.com\/es\/producto\/sgabello-grind-hight\/","name":"Taburete Grind high - DevinaNais","isPartOf":{"@id":"https:\/\/www.devinanais.com\/#website"},"primaryImageOfPage":{"@id":"https:\/\/www.devinanais.com\/es\/producto\/sgabello-grind-hight\/#primaryimage"},"image":{"@id":"https:\/\/www.devinanais.com\/es\/producto\/sgabello-grind-hight\/#primaryimage"},"thumbnailUrl":"https:\/\/www.devinanais.com\/wp-content\/uploads\/2023\/04\/sgabello-legno-alto-rovere-massello-or-grind-high-or-devina-nais.jpg","datePublished":"2023-08-22T13:34:44+00:00","dateModified":"2025-11-06T10:16:39+00:00","breadcrumb":{"@id":"https:\/\/www.devinanais.com\/es\/producto\/sgabello-grind-hight\/#breadcrumb"},"inLanguage":"es","potentialAction":[{"@type":"ReadAction","target":["https:\/\/www.devinanais.com\/es\/producto\/sgabello-grind-hight\/"]}]},{"@type":"ImageObject","inLanguage":"es","@id":"https:\/\/www.devinanais.com\/es\/producto\/sgabello-grind-hight\/#primaryimage","url":"https:\/\/www.devinanais.com\/wp-content\/uploads\/2023\/04\/sgabello-legno-alto-rovere-massello-or-grind-high-or-devina-nais.jpg","contentUrl":"https:\/\/www.devinanais.com\/wp-content\/uploads\/2023\/04\/sgabello-legno-alto-rovere-massello-or-grind-high-or-devina-nais.jpg","width":2206,"height":1105,"caption":"sgabello alto legno rovere massello devina nais"},{"@type":"BreadcrumbList","@id":"https:\/\/www.devinanais.com\/es\/producto\/sgabello-grind-hight\/#breadcrumb","itemListElement":[{"@type":"ListItem","position":1,"name":"Home","item":"https:\/\/www.devinanais.com\/es\/"},{"@type":"ListItem","position":2,"name":"Productos","item":"https:\/\/www.devinanais.com\/es\/productos\/"},{"@type":"ListItem","position":3,"name":"Sillas","item":"https:\/\/www.devinanais.com\/es\/categoria-prodotto\/sillas\/"},{"@type":"ListItem","position":4,"name":"Sillas De Madera","item":"https:\/\/www.devinanais.com\/es\/categoria-prodotto\/sillas\/sillas-de-madera\/"},{"@type":"ListItem","position":5,"name":"Taburete Grind high"}]},{"@type":"WebSite","@id":"https:\/\/www.devinanais.com\/#website","url":"https:\/\/www.devinanais.com\/","name":"DevinaNais","description":"","potentialAction":[{"@type":"SearchAction","target":{"@type":"EntryPoint","urlTemplate":"https:\/\/www.devinanais.com\/?s={search_term_string}"},"query-input":{"@type":"PropertyValueSpecification","valueRequired":true,"valueName":"search_term_string"}}],"inLanguage":"es"}]}},"_links":{"self":[{"href":"https:\/\/www.devinanais.com\/es\/wp-json\/wp\/v2\/product\/23683","targetHints":{"allow":["GET"]}}],"collection":[{"href":"https:\/\/www.devinanais.com\/es\/wp-json\/wp\/v2\/product"}],"about":[{"href":"https:\/\/www.devinanais.com\/es\/wp-json\/wp\/v2\/types\/product"}],"wp:featuredmedia":[{"embeddable":true,"href":"https:\/\/www.devinanais.com\/es\/wp-json\/wp\/v2\/media\/26387"}],"wp:attachment":[{"href":"https:\/\/www.devinanais.com\/es\/wp-json\/wp\/v2\/media?parent=23683"}],"wp:term":[{"taxonomy":"product_brand","embeddable":true,"href":"https:\/\/www.devinanais.com\/es\/wp-json\/wp\/v2\/product_brand?post=23683"},{"taxonomy":"product_cat","embeddable":true,"href":"https:\/\/www.devinanais.com\/es\/wp-json\/wp\/v2\/product_cat?post=23683"},{"taxonomy":"product_tag","embeddable":true,"href":"https:\/\/www.devinanais.com\/es\/wp-json\/wp\/v2\/product_tag?post=23683"},{"taxonomy":"ambiente","embeddable":true,"href":"https:\/\/www.devinanais.com\/es\/wp-json\/wp\/v2\/ambiente?post=23683"},{"taxonomy":"collezione","embeddable":true,"href":"https:\/\/www.devinanais.com\/es\/wp-json\/wp\/v2\/collezione?post=23683"}],"curies":[{"name":"wp","href":"https:\/\/api.w.org\/{rel}","templated":true}]}}