{"id":26912,"date":"2023-09-12T17:10:18","date_gmt":"2023-09-12T15:10:18","guid":{"rendered":"https:\/\/www.devinanais.com\/?post_type=product&#038;p=26912"},"modified":"2023-10-02T12:08:26","modified_gmt":"2023-10-02T10:08:26","slug":"piano-t3","status":"publish","type":"product","link":"https:\/\/www.devinanais.com\/es\/producto\/piano-t3\/","title":{"rendered":"Tapa T3"},"content":{"rendered":"<p>Desde el ambiente natural hasta el que se tiene que amueblar,<\/p>\n<p>la tapa T3 revolucionar\u00e1 la habitaci\u00f3n declarando<\/p>\n<p>evidentemente el origen de su esencia, pero<\/p>\n<p>con un sabor lejos que ser r\u00fastico.<\/p>\n<p><img loading=\"lazy\" decoding=\"async\" class=\"alignnone size-medium wp-image-29519\" src=\"https:\/\/www.devinanais.com\/wp-content\/uploads\/2023\/04\/SU-MISURA-SPAGNOLO-300x84.jpg\" alt=\"\" width=\"300\" height=\"84\" \/><\/p>\n","protected":false},"excerpt":{"rendered":"<p>Desde el ambiente natural hasta el que se tiene que amueblar, la tapa T3 revolucionar\u00e1 la habitaci\u00f3n declarando evidentemente el origen de su esencia, pero con un sabor lejos que ser r\u00fastico.<\/p>\n","protected":false},"featured_media":27594,"template":"","meta":{"_et_pb_use_builder":"","_et_pb_old_content":"","_et_gb_content_width":""},"product_brand":[],"product_cat":[230,234],"product_tag":[],"ambiente":[244],"collezione":[255],"class_list":{"0":"post-26912","1":"product","2":"type-product","3":"status-publish","4":"has-post-thumbnail","6":"product_cat-mesas","7":"product_cat-free-tables-es","8":"ambiente-comedor","9":"collezione-free-tables-es","11":"first","12":"instock","13":"shipping-taxable","14":"product-type-simple"},"acf":[],"yoast_head":"<!-- This site is optimized with the Yoast SEO plugin v26.2 - https:\/\/yoast.com\/wordpress\/plugins\/seo\/ -->\n<title>Tapa T3 - DevinaNais<\/title>\n<meta name=\"robots\" content=\"index, follow, max-snippet:-1, max-image-preview:large, max-video-preview:-1\" \/>\n<link rel=\"canonical\" href=\"https:\/\/www.devinanais.com\/es\/prodotto\/piano-t3\/\" \/>\n<meta property=\"og:locale\" content=\"es_ES\" \/>\n<meta property=\"og:type\" content=\"article\" \/>\n<meta property=\"og:title\" content=\"Tapa T3 - DevinaNais\" \/>\n<meta property=\"og:description\" content=\"Desde el ambiente natural hasta el que se tiene que amueblar, la tapa T3 revolucionar\u00e1 la habitaci\u00f3n declarando evidentemente el origen de su esencia, pero con un sabor lejos que ser r\u00fastico.\" \/>\n<meta property=\"og:url\" content=\"https:\/\/www.devinanais.com\/es\/prodotto\/piano-t3\/\" \/>\n<meta property=\"og:site_name\" content=\"DevinaNais\" \/>\n<meta property=\"article:modified_time\" content=\"2023-10-02T10:08:26+00:00\" \/>\n<meta property=\"og:image\" content=\"https:\/\/www.devinanais.com\/wp-content\/uploads\/2023\/04\/tavolo-legno-rovere-massello-sala-da-pranzo-or-piano-t3-bordo-corteccia-or-devina-nais.jpg\" \/>\n\t<meta property=\"og:image:width\" content=\"2206\" \/>\n\t<meta property=\"og:image:height\" content=\"1105\" \/>\n\t<meta property=\"og:image:type\" content=\"image\/jpeg\" \/>\n<meta name=\"twitter:card\" content=\"summary_large_image\" \/>\n<meta name=\"twitter:label1\" content=\"Tiempo de lectura\" \/>\n\t<meta name=\"twitter:data1\" content=\"1 minuto\" \/>\n<script type=\"application\/ld+json\" class=\"yoast-schema-graph\">{\"@context\":\"https:\/\/schema.org\",\"@graph\":[{\"@type\":\"WebPage\",\"@id\":\"https:\/\/www.devinanais.com\/es\/prodotto\/piano-t3\/\",\"url\":\"https:\/\/www.devinanais.com\/es\/prodotto\/piano-t3\/\",\"name\":\"Tapa T3 - DevinaNais\",\"isPartOf\":{\"@id\":\"https:\/\/www.devinanais.com\/#website\"},\"primaryImageOfPage\":{\"@id\":\"https:\/\/www.devinanais.com\/es\/prodotto\/piano-t3\/#primaryimage\"},\"image\":{\"@id\":\"https:\/\/www.devinanais.com\/es\/prodotto\/piano-t3\/#primaryimage\"},\"thumbnailUrl\":\"https:\/\/www.devinanais.com\/wp-content\/uploads\/2023\/04\/tavolo-legno-rovere-massello-sala-da-pranzo-or-piano-t3-bordo-corteccia-or-devina-nais.jpg\",\"datePublished\":\"2023-09-12T15:10:18+00:00\",\"dateModified\":\"2023-10-02T10:08:26+00:00\",\"breadcrumb\":{\"@id\":\"https:\/\/www.devinanais.com\/es\/prodotto\/piano-t3\/#breadcrumb\"},\"inLanguage\":\"es\",\"potentialAction\":[{\"@type\":\"ReadAction\",\"target\":[\"https:\/\/www.devinanais.com\/es\/prodotto\/piano-t3\/\"]}]},{\"@type\":\"ImageObject\",\"inLanguage\":\"es\",\"@id\":\"https:\/\/www.devinanais.com\/es\/prodotto\/piano-t3\/#primaryimage\",\"url\":\"https:\/\/www.devinanais.com\/wp-content\/uploads\/2023\/04\/tavolo-legno-rovere-massello-sala-da-pranzo-or-piano-t3-bordo-corteccia-or-devina-nais.jpg\",\"contentUrl\":\"https:\/\/www.devinanais.com\/wp-content\/uploads\/2023\/04\/tavolo-legno-rovere-massello-sala-da-pranzo-or-piano-t3-bordo-corteccia-or-devina-nais.jpg\",\"width\":2206,\"height\":1105},{\"@type\":\"BreadcrumbList\",\"@id\":\"https:\/\/www.devinanais.com\/es\/prodotto\/piano-t3\/#breadcrumb\",\"itemListElement\":[{\"@type\":\"ListItem\",\"position\":1,\"name\":\"Home\",\"item\":\"https:\/\/www.devinanais.com\/es\/\"},{\"@type\":\"ListItem\",\"position\":2,\"name\":\"Productos\",\"item\":\"https:\/\/www.devinanais.com\/es\/productos\/\"},{\"@type\":\"ListItem\",\"position\":3,\"name\":\"Tavoli\",\"item\":\"https:\/\/www.devinanais.com\/categoria-prodotto\/tavoli\/\"},{\"@type\":\"ListItem\",\"position\":4,\"name\":\"Tavoli componibili - FREE Tables\",\"item\":\"https:\/\/www.devinanais.com\/categoria-prodotto\/tavoli\/free-tables\/\"},{\"@type\":\"ListItem\",\"position\":5,\"name\":\"Tapa T3\"}]},{\"@type\":\"WebSite\",\"@id\":\"https:\/\/www.devinanais.com\/#website\",\"url\":\"https:\/\/www.devinanais.com\/\",\"name\":\"DevinaNais\",\"description\":\"\",\"potentialAction\":[{\"@type\":\"SearchAction\",\"target\":{\"@type\":\"EntryPoint\",\"urlTemplate\":\"https:\/\/www.devinanais.com\/?s={search_term_string}\"},\"query-input\":{\"@type\":\"PropertyValueSpecification\",\"valueRequired\":true,\"valueName\":\"search_term_string\"}}],\"inLanguage\":\"es\"}]}<\/script>\n<!-- \/ Yoast SEO plugin. -->","yoast_head_json":{"title":"Tapa T3 - DevinaNais","robots":{"index":"index","follow":"follow","max-snippet":"max-snippet:-1","max-image-preview":"max-image-preview:large","max-video-preview":"max-video-preview:-1"},"canonical":"https:\/\/www.devinanais.com\/es\/prodotto\/piano-t3\/","og_locale":"es_ES","og_type":"article","og_title":"Tapa T3 - DevinaNais","og_description":"Desde el ambiente natural hasta el que se tiene que amueblar, la tapa T3 revolucionar\u00e1 la habitaci\u00f3n declarando evidentemente el origen de su esencia, pero con un sabor lejos que ser r\u00fastico.","og_url":"https:\/\/www.devinanais.com\/es\/prodotto\/piano-t3\/","og_site_name":"DevinaNais","article_modified_time":"2023-10-02T10:08:26+00:00","og_image":[{"width":2206,"height":1105,"url":"https:\/\/www.devinanais.com\/wp-content\/uploads\/2023\/04\/tavolo-legno-rovere-massello-sala-da-pranzo-or-piano-t3-bordo-corteccia-or-devina-nais.jpg","type":"image\/jpeg"}],"twitter_card":"summary_large_image","twitter_misc":{"Tiempo de lectura":"1 minuto"},"schema":{"@context":"https:\/\/schema.org","@graph":[{"@type":"WebPage","@id":"https:\/\/www.devinanais.com\/es\/prodotto\/piano-t3\/","url":"https:\/\/www.devinanais.com\/es\/prodotto\/piano-t3\/","name":"Tapa T3 - DevinaNais","isPartOf":{"@id":"https:\/\/www.devinanais.com\/#website"},"primaryImageOfPage":{"@id":"https:\/\/www.devinanais.com\/es\/prodotto\/piano-t3\/#primaryimage"},"image":{"@id":"https:\/\/www.devinanais.com\/es\/prodotto\/piano-t3\/#primaryimage"},"thumbnailUrl":"https:\/\/www.devinanais.com\/wp-content\/uploads\/2023\/04\/tavolo-legno-rovere-massello-sala-da-pranzo-or-piano-t3-bordo-corteccia-or-devina-nais.jpg","datePublished":"2023-09-12T15:10:18+00:00","dateModified":"2023-10-02T10:08:26+00:00","breadcrumb":{"@id":"https:\/\/www.devinanais.com\/es\/prodotto\/piano-t3\/#breadcrumb"},"inLanguage":"es","potentialAction":[{"@type":"ReadAction","target":["https:\/\/www.devinanais.com\/es\/prodotto\/piano-t3\/"]}]},{"@type":"ImageObject","inLanguage":"es","@id":"https:\/\/www.devinanais.com\/es\/prodotto\/piano-t3\/#primaryimage","url":"https:\/\/www.devinanais.com\/wp-content\/uploads\/2023\/04\/tavolo-legno-rovere-massello-sala-da-pranzo-or-piano-t3-bordo-corteccia-or-devina-nais.jpg","contentUrl":"https:\/\/www.devinanais.com\/wp-content\/uploads\/2023\/04\/tavolo-legno-rovere-massello-sala-da-pranzo-or-piano-t3-bordo-corteccia-or-devina-nais.jpg","width":2206,"height":1105},{"@type":"BreadcrumbList","@id":"https:\/\/www.devinanais.com\/es\/prodotto\/piano-t3\/#breadcrumb","itemListElement":[{"@type":"ListItem","position":1,"name":"Home","item":"https:\/\/www.devinanais.com\/es\/"},{"@type":"ListItem","position":2,"name":"Productos","item":"https:\/\/www.devinanais.com\/es\/productos\/"},{"@type":"ListItem","position":3,"name":"Tavoli","item":"https:\/\/www.devinanais.com\/categoria-prodotto\/tavoli\/"},{"@type":"ListItem","position":4,"name":"Tavoli componibili - FREE Tables","item":"https:\/\/www.devinanais.com\/categoria-prodotto\/tavoli\/free-tables\/"},{"@type":"ListItem","position":5,"name":"Tapa T3"}]},{"@type":"WebSite","@id":"https:\/\/www.devinanais.com\/#website","url":"https:\/\/www.devinanais.com\/","name":"DevinaNais","description":"","potentialAction":[{"@type":"SearchAction","target":{"@type":"EntryPoint","urlTemplate":"https:\/\/www.devinanais.com\/?s={search_term_string}"},"query-input":{"@type":"PropertyValueSpecification","valueRequired":true,"valueName":"search_term_string"}}],"inLanguage":"es"}]}},"_links":{"self":[{"href":"https:\/\/www.devinanais.com\/es\/wp-json\/wp\/v2\/product\/26912","targetHints":{"allow":["GET"]}}],"collection":[{"href":"https:\/\/www.devinanais.com\/es\/wp-json\/wp\/v2\/product"}],"about":[{"href":"https:\/\/www.devinanais.com\/es\/wp-json\/wp\/v2\/types\/product"}],"wp:featuredmedia":[{"embeddable":true,"href":"https:\/\/www.devinanais.com\/es\/wp-json\/wp\/v2\/media\/27594"}],"wp:attachment":[{"href":"https:\/\/www.devinanais.com\/es\/wp-json\/wp\/v2\/media?parent=26912"}],"wp:term":[{"taxonomy":"product_brand","embeddable":true,"href":"https:\/\/www.devinanais.com\/es\/wp-json\/wp\/v2\/product_brand?post=26912"},{"taxonomy":"product_cat","embeddable":true,"href":"https:\/\/www.devinanais.com\/es\/wp-json\/wp\/v2\/product_cat?post=26912"},{"taxonomy":"product_tag","embeddable":true,"href":"https:\/\/www.devinanais.com\/es\/wp-json\/wp\/v2\/product_tag?post=26912"},{"taxonomy":"ambiente","embeddable":true,"href":"https:\/\/www.devinanais.com\/es\/wp-json\/wp\/v2\/ambiente?post=26912"},{"taxonomy":"collezione","embeddable":true,"href":"https:\/\/www.devinanais.com\/es\/wp-json\/wp\/v2\/collezione?post=26912"}],"curies":[{"name":"wp","href":"https:\/\/api.w.org\/{rel}","templated":true}]}}