{"id":28835,"date":"2023-09-22T15:21:22","date_gmt":"2023-09-22T13:21:21","guid":{"rendered":"https:\/\/www.devinanais.com\/?post_type=product&#038;p=28835"},"modified":"2023-09-22T15:57:23","modified_gmt":"2023-09-22T13:57:23","slug":"estanteria-easy-closet","status":"publish","type":"product","link":"https:\/\/www.devinanais.com\/es\/producto\/estanteria-easy-closet\/","title":{"rendered":"Estanter\u00eda Easy Closet"},"content":{"rendered":"<p>Estanter\u00eda no es s\u00f3lo madera.<\/p>\n<p>El vidrio, el hierro y los tejidos tambi\u00e9n se utilizan con maestr\u00eda para dar sustancia a las visiones de los dise\u00f1adores Devina Nais.<\/p>\n<p>Las cualidades de cada material se ven potenciadas por el encuentro con los dem\u00e1s.<\/p>\n<p>Para crear estructuras esenciales o imponentes, pero siempre con un notable<\/p>\n<p>impacto visual.<\/p>\n","protected":false},"excerpt":{"rendered":"<p>Estanter\u00eda no es s\u00f3lo madera. El vidrio, el hierro y los tejidos tambi\u00e9n se utilizan con maestr\u00eda para dar sustancia a las visiones de los dise\u00f1adores Devina Nais. Las cualidades de cada material se ven potenciadas por el encuentro con los dem\u00e1s. Para crear estructuras esenciales o imponentes, pero siempre con un notable impacto visual.<\/p>\n","protected":false},"featured_media":28812,"template":"","meta":{"_et_pb_use_builder":"","_et_pb_old_content":"","_et_gb_content_width":""},"product_brand":[],"product_cat":[223],"product_tag":[],"ambiente":[298,276],"collezione":[277],"class_list":{"0":"post-28835","1":"product","2":"type-product","3":"status-publish","4":"has-post-thumbnail","6":"product_cat-librerias","7":"ambiente-dormitorio","8":"ambiente-sala-de-estar","9":"collezione-living-more-es","11":"first","12":"instock","13":"shipping-taxable","14":"product-type-simple"},"acf":[],"yoast_head":"<!-- This site is optimized with the Yoast SEO plugin v26.2 - https:\/\/yoast.com\/wordpress\/plugins\/seo\/ -->\n<title>Estanter\u00eda Easy Closet - DevinaNais<\/title>\n<meta name=\"robots\" content=\"index, follow, max-snippet:-1, max-image-preview:large, max-video-preview:-1\" \/>\n<link rel=\"canonical\" href=\"https:\/\/www.devinanais.com\/es\/prodotto\/estanteria-easy-closet\/\" \/>\n<meta property=\"og:locale\" content=\"es_ES\" \/>\n<meta property=\"og:type\" content=\"article\" \/>\n<meta property=\"og:title\" content=\"Estanter\u00eda Easy Closet - DevinaNais\" \/>\n<meta property=\"og:description\" content=\"Estanter\u00eda no es s\u00f3lo madera. El vidrio, el hierro y los tejidos tambi\u00e9n se utilizan con maestr\u00eda para dar sustancia a las visiones de los dise\u00f1adores Devina Nais. Las cualidades de cada material se ven potenciadas por el encuentro con los dem\u00e1s. Para crear estructuras esenciales o imponentes, pero siempre con un notable impacto visual.\" \/>\n<meta property=\"og:url\" content=\"https:\/\/www.devinanais.com\/es\/prodotto\/estanteria-easy-closet\/\" \/>\n<meta property=\"og:site_name\" content=\"DevinaNais\" \/>\n<meta property=\"article:modified_time\" content=\"2023-09-22T13:57:23+00:00\" \/>\n<meta property=\"og:image\" content=\"https:\/\/www.devinanais.com\/wp-content\/uploads\/2023\/04\/03-LIBRERIA-EASY-CLOSET-APERTURA.jpg\" \/>\n\t<meta property=\"og:image:width\" content=\"2000\" \/>\n\t<meta property=\"og:image:height\" content=\"1002\" \/>\n\t<meta property=\"og:image:type\" content=\"image\/jpeg\" \/>\n<meta name=\"twitter:card\" content=\"summary_large_image\" \/>\n<meta name=\"twitter:label1\" content=\"Tiempo de lectura\" \/>\n\t<meta name=\"twitter:data1\" content=\"1 minuto\" \/>\n<script type=\"application\/ld+json\" class=\"yoast-schema-graph\">{\"@context\":\"https:\/\/schema.org\",\"@graph\":[{\"@type\":\"WebPage\",\"@id\":\"https:\/\/www.devinanais.com\/es\/prodotto\/estanteria-easy-closet\/\",\"url\":\"https:\/\/www.devinanais.com\/es\/prodotto\/estanteria-easy-closet\/\",\"name\":\"Estanter\u00eda Easy Closet - DevinaNais\",\"isPartOf\":{\"@id\":\"https:\/\/www.devinanais.com\/#website\"},\"primaryImageOfPage\":{\"@id\":\"https:\/\/www.devinanais.com\/es\/prodotto\/estanteria-easy-closet\/#primaryimage\"},\"image\":{\"@id\":\"https:\/\/www.devinanais.com\/es\/prodotto\/estanteria-easy-closet\/#primaryimage\"},\"thumbnailUrl\":\"https:\/\/www.devinanais.com\/wp-content\/uploads\/2023\/04\/03-LIBRERIA-EASY-CLOSET-APERTURA.jpg\",\"datePublished\":\"2023-09-22T13:21:21+00:00\",\"dateModified\":\"2023-09-22T13:57:23+00:00\",\"breadcrumb\":{\"@id\":\"https:\/\/www.devinanais.com\/es\/prodotto\/estanteria-easy-closet\/#breadcrumb\"},\"inLanguage\":\"es\",\"potentialAction\":[{\"@type\":\"ReadAction\",\"target\":[\"https:\/\/www.devinanais.com\/es\/prodotto\/estanteria-easy-closet\/\"]}]},{\"@type\":\"ImageObject\",\"inLanguage\":\"es\",\"@id\":\"https:\/\/www.devinanais.com\/es\/prodotto\/estanteria-easy-closet\/#primaryimage\",\"url\":\"https:\/\/www.devinanais.com\/wp-content\/uploads\/2023\/04\/03-LIBRERIA-EASY-CLOSET-APERTURA.jpg\",\"contentUrl\":\"https:\/\/www.devinanais.com\/wp-content\/uploads\/2023\/04\/03-LIBRERIA-EASY-CLOSET-APERTURA.jpg\",\"width\":2000,\"height\":1002},{\"@type\":\"BreadcrumbList\",\"@id\":\"https:\/\/www.devinanais.com\/es\/prodotto\/estanteria-easy-closet\/#breadcrumb\",\"itemListElement\":[{\"@type\":\"ListItem\",\"position\":1,\"name\":\"Home\",\"item\":\"https:\/\/www.devinanais.com\/es\/\"},{\"@type\":\"ListItem\",\"position\":2,\"name\":\"Productos\",\"item\":\"https:\/\/www.devinanais.com\/es\/productos\/\"},{\"@type\":\"ListItem\",\"position\":3,\"name\":\"Librer\u00edas\",\"item\":\"https:\/\/www.devinanais.com\/es\/categoria-prodotto\/librerias\/\"},{\"@type\":\"ListItem\",\"position\":4,\"name\":\"Estanter\u00eda Easy Closet\"}]},{\"@type\":\"WebSite\",\"@id\":\"https:\/\/www.devinanais.com\/#website\",\"url\":\"https:\/\/www.devinanais.com\/\",\"name\":\"DevinaNais\",\"description\":\"\",\"potentialAction\":[{\"@type\":\"SearchAction\",\"target\":{\"@type\":\"EntryPoint\",\"urlTemplate\":\"https:\/\/www.devinanais.com\/?s={search_term_string}\"},\"query-input\":{\"@type\":\"PropertyValueSpecification\",\"valueRequired\":true,\"valueName\":\"search_term_string\"}}],\"inLanguage\":\"es\"}]}<\/script>\n<!-- \/ Yoast SEO plugin. -->","yoast_head_json":{"title":"Estanter\u00eda Easy Closet - DevinaNais","robots":{"index":"index","follow":"follow","max-snippet":"max-snippet:-1","max-image-preview":"max-image-preview:large","max-video-preview":"max-video-preview:-1"},"canonical":"https:\/\/www.devinanais.com\/es\/prodotto\/estanteria-easy-closet\/","og_locale":"es_ES","og_type":"article","og_title":"Estanter\u00eda Easy Closet - DevinaNais","og_description":"Estanter\u00eda no es s\u00f3lo madera. El vidrio, el hierro y los tejidos tambi\u00e9n se utilizan con maestr\u00eda para dar sustancia a las visiones de los dise\u00f1adores Devina Nais. Las cualidades de cada material se ven potenciadas por el encuentro con los dem\u00e1s. Para crear estructuras esenciales o imponentes, pero siempre con un notable impacto visual.","og_url":"https:\/\/www.devinanais.com\/es\/prodotto\/estanteria-easy-closet\/","og_site_name":"DevinaNais","article_modified_time":"2023-09-22T13:57:23+00:00","og_image":[{"width":2000,"height":1002,"url":"https:\/\/www.devinanais.com\/wp-content\/uploads\/2023\/04\/03-LIBRERIA-EASY-CLOSET-APERTURA.jpg","type":"image\/jpeg"}],"twitter_card":"summary_large_image","twitter_misc":{"Tiempo de lectura":"1 minuto"},"schema":{"@context":"https:\/\/schema.org","@graph":[{"@type":"WebPage","@id":"https:\/\/www.devinanais.com\/es\/prodotto\/estanteria-easy-closet\/","url":"https:\/\/www.devinanais.com\/es\/prodotto\/estanteria-easy-closet\/","name":"Estanter\u00eda Easy Closet - DevinaNais","isPartOf":{"@id":"https:\/\/www.devinanais.com\/#website"},"primaryImageOfPage":{"@id":"https:\/\/www.devinanais.com\/es\/prodotto\/estanteria-easy-closet\/#primaryimage"},"image":{"@id":"https:\/\/www.devinanais.com\/es\/prodotto\/estanteria-easy-closet\/#primaryimage"},"thumbnailUrl":"https:\/\/www.devinanais.com\/wp-content\/uploads\/2023\/04\/03-LIBRERIA-EASY-CLOSET-APERTURA.jpg","datePublished":"2023-09-22T13:21:21+00:00","dateModified":"2023-09-22T13:57:23+00:00","breadcrumb":{"@id":"https:\/\/www.devinanais.com\/es\/prodotto\/estanteria-easy-closet\/#breadcrumb"},"inLanguage":"es","potentialAction":[{"@type":"ReadAction","target":["https:\/\/www.devinanais.com\/es\/prodotto\/estanteria-easy-closet\/"]}]},{"@type":"ImageObject","inLanguage":"es","@id":"https:\/\/www.devinanais.com\/es\/prodotto\/estanteria-easy-closet\/#primaryimage","url":"https:\/\/www.devinanais.com\/wp-content\/uploads\/2023\/04\/03-LIBRERIA-EASY-CLOSET-APERTURA.jpg","contentUrl":"https:\/\/www.devinanais.com\/wp-content\/uploads\/2023\/04\/03-LIBRERIA-EASY-CLOSET-APERTURA.jpg","width":2000,"height":1002},{"@type":"BreadcrumbList","@id":"https:\/\/www.devinanais.com\/es\/prodotto\/estanteria-easy-closet\/#breadcrumb","itemListElement":[{"@type":"ListItem","position":1,"name":"Home","item":"https:\/\/www.devinanais.com\/es\/"},{"@type":"ListItem","position":2,"name":"Productos","item":"https:\/\/www.devinanais.com\/es\/productos\/"},{"@type":"ListItem","position":3,"name":"Librer\u00edas","item":"https:\/\/www.devinanais.com\/es\/categoria-prodotto\/librerias\/"},{"@type":"ListItem","position":4,"name":"Estanter\u00eda Easy Closet"}]},{"@type":"WebSite","@id":"https:\/\/www.devinanais.com\/#website","url":"https:\/\/www.devinanais.com\/","name":"DevinaNais","description":"","potentialAction":[{"@type":"SearchAction","target":{"@type":"EntryPoint","urlTemplate":"https:\/\/www.devinanais.com\/?s={search_term_string}"},"query-input":{"@type":"PropertyValueSpecification","valueRequired":true,"valueName":"search_term_string"}}],"inLanguage":"es"}]}},"_links":{"self":[{"href":"https:\/\/www.devinanais.com\/es\/wp-json\/wp\/v2\/product\/28835","targetHints":{"allow":["GET"]}}],"collection":[{"href":"https:\/\/www.devinanais.com\/es\/wp-json\/wp\/v2\/product"}],"about":[{"href":"https:\/\/www.devinanais.com\/es\/wp-json\/wp\/v2\/types\/product"}],"wp:featuredmedia":[{"embeddable":true,"href":"https:\/\/www.devinanais.com\/es\/wp-json\/wp\/v2\/media\/28812"}],"wp:attachment":[{"href":"https:\/\/www.devinanais.com\/es\/wp-json\/wp\/v2\/media?parent=28835"}],"wp:term":[{"taxonomy":"product_brand","embeddable":true,"href":"https:\/\/www.devinanais.com\/es\/wp-json\/wp\/v2\/product_brand?post=28835"},{"taxonomy":"product_cat","embeddable":true,"href":"https:\/\/www.devinanais.com\/es\/wp-json\/wp\/v2\/product_cat?post=28835"},{"taxonomy":"product_tag","embeddable":true,"href":"https:\/\/www.devinanais.com\/es\/wp-json\/wp\/v2\/product_tag?post=28835"},{"taxonomy":"ambiente","embeddable":true,"href":"https:\/\/www.devinanais.com\/es\/wp-json\/wp\/v2\/ambiente?post=28835"},{"taxonomy":"collezione","embeddable":true,"href":"https:\/\/www.devinanais.com\/es\/wp-json\/wp\/v2\/collezione?post=28835"}],"curies":[{"name":"wp","href":"https:\/\/api.w.org\/{rel}","templated":true}]}}