{"id":32768,"date":"2024-06-14T09:27:53","date_gmt":"2024-06-14T07:27:53","guid":{"rendered":"https:\/\/www.devinanais.com\/?post_type=product&#038;p=32768"},"modified":"2024-07-11T10:47:51","modified_gmt":"2024-07-11T08:47:51","slug":"tapa-m2-copia-copia","status":"publish","type":"product","link":"https:\/\/www.devinanais.com\/es\/producto\/tapa-m2-copia-copia\/","title":{"rendered":"Tapa M2"},"content":{"rendered":"<p>Expresa su estilo con espesor y l\u00edneas llenas de determinaci\u00f3n la tapa M2:<\/p>\n<p>nudos y grietas destacan para mostrar los verdaderos colores<\/p>\n<p>de la madera, enmarcados por el c\u00e1rismatico corte escuadrado<\/p>\n<p>para crear una superficie de apoyo donde proyectar<\/p>\n<p>grandes cosas.<\/p>\n<p><img loading=\"lazy\" decoding=\"async\" class=\"alignnone size-medium wp-image-29519\" src=\"https:\/\/www.devinanais.com\/wp-content\/uploads\/2023\/04\/SU-MISURA-SPAGNOLO-300x84.jpg\" alt=\"\" width=\"300\" height=\"84\" \/><\/p>\n","protected":false},"excerpt":{"rendered":"<p>Expresa su estilo con espesor y l\u00edneas llenas de determinaci\u00f3n la tapa M2: nudos y grietas destacan para mostrar los verdaderos colores de la madera, enmarcados por el c\u00e1rismatico corte escuadrado para crear una superficie de apoyo donde proyectar grandes cosas.<\/p>\n","protected":false},"featured_media":32755,"template":"","meta":{"_et_pb_use_builder":"","_et_pb_old_content":"","_et_gb_content_width":""},"product_brand":[],"product_cat":[230,234],"product_tag":[],"ambiente":[244],"collezione":[255],"class_list":{"0":"post-32768","1":"product","2":"type-product","3":"status-publish","4":"has-post-thumbnail","6":"product_cat-mesas","7":"product_cat-free-tables-es","8":"ambiente-comedor","9":"collezione-free-tables-es","11":"first","12":"instock","13":"shipping-taxable","14":"product-type-simple"},"acf":[],"yoast_head":"<!-- This site is optimized with the Yoast SEO plugin v26.2 - https:\/\/yoast.com\/wordpress\/plugins\/seo\/ -->\n<title>Tapa M2 - DevinaNais<\/title>\n<meta name=\"robots\" content=\"index, follow, max-snippet:-1, max-image-preview:large, max-video-preview:-1\" \/>\n<link rel=\"canonical\" href=\"https:\/\/www.devinanais.com\/producto\/piano-m2\/\" \/>\n<meta property=\"og:locale\" content=\"es_ES\" \/>\n<meta property=\"og:type\" content=\"article\" \/>\n<meta property=\"og:title\" content=\"Tapa M2 - DevinaNais\" \/>\n<meta property=\"og:description\" content=\"Expresa su estilo con espesor y l\u00edneas llenas de determinaci\u00f3n la tapa M2: nudos y grietas destacan para mostrar los verdaderos colores de la madera, enmarcados por el c\u00e1rismatico corte escuadrado para crear una superficie de apoyo donde proyectar grandes cosas.\" \/>\n<meta property=\"og:url\" content=\"https:\/\/www.devinanais.com\/producto\/piano-m2\/\" \/>\n<meta property=\"og:site_name\" content=\"DevinaNais\" \/>\n<meta property=\"article:modified_time\" content=\"2024-07-11T08:47:51+00:00\" \/>\n<meta property=\"og:image\" content=\"https:\/\/www.devinanais.com\/wp-content\/uploads\/2024\/06\/PIANO-M2.jpg\" \/>\n\t<meta property=\"og:image:width\" content=\"2000\" \/>\n\t<meta property=\"og:image:height\" content=\"998\" \/>\n\t<meta property=\"og:image:type\" content=\"image\/jpeg\" \/>\n<meta name=\"twitter:card\" content=\"summary_large_image\" \/>\n<meta name=\"twitter:label1\" content=\"Tiempo de lectura\" \/>\n\t<meta name=\"twitter:data1\" content=\"1 minuto\" \/>\n<script type=\"application\/ld+json\" class=\"yoast-schema-graph\">{\"@context\":\"https:\/\/schema.org\",\"@graph\":[{\"@type\":\"WebPage\",\"@id\":\"https:\/\/www.devinanais.com\/producto\/piano-m2\/\",\"url\":\"https:\/\/www.devinanais.com\/producto\/piano-m2\/\",\"name\":\"Tapa M2 - DevinaNais\",\"isPartOf\":{\"@id\":\"https:\/\/www.devinanais.com\/#website\"},\"primaryImageOfPage\":{\"@id\":\"https:\/\/www.devinanais.com\/producto\/piano-m2\/#primaryimage\"},\"image\":{\"@id\":\"https:\/\/www.devinanais.com\/producto\/piano-m2\/#primaryimage\"},\"thumbnailUrl\":\"https:\/\/www.devinanais.com\/wp-content\/uploads\/2024\/06\/PIANO-M2.jpg\",\"datePublished\":\"2024-06-14T07:27:53+00:00\",\"dateModified\":\"2024-07-11T08:47:51+00:00\",\"breadcrumb\":{\"@id\":\"https:\/\/www.devinanais.com\/producto\/piano-m2\/#breadcrumb\"},\"inLanguage\":\"es\",\"potentialAction\":[{\"@type\":\"ReadAction\",\"target\":[\"https:\/\/www.devinanais.com\/producto\/piano-m2\/\"]}]},{\"@type\":\"ImageObject\",\"inLanguage\":\"es\",\"@id\":\"https:\/\/www.devinanais.com\/producto\/piano-m2\/#primaryimage\",\"url\":\"https:\/\/www.devinanais.com\/wp-content\/uploads\/2024\/06\/PIANO-M2.jpg\",\"contentUrl\":\"https:\/\/www.devinanais.com\/wp-content\/uploads\/2024\/06\/PIANO-M2.jpg\",\"width\":2000,\"height\":998},{\"@type\":\"BreadcrumbList\",\"@id\":\"https:\/\/www.devinanais.com\/producto\/piano-m2\/#breadcrumb\",\"itemListElement\":[{\"@type\":\"ListItem\",\"position\":1,\"name\":\"Home\",\"item\":\"https:\/\/www.devinanais.com\/es\/\"},{\"@type\":\"ListItem\",\"position\":2,\"name\":\"Productos\",\"item\":\"https:\/\/www.devinanais.com\/es\/productos\/\"},{\"@type\":\"ListItem\",\"position\":3,\"name\":\"Mesas\",\"item\":\"https:\/\/www.devinanais.com\/es\/categoria-prodotto\/mesas\/\"},{\"@type\":\"ListItem\",\"position\":4,\"name\":\"FREE Tables\",\"item\":\"https:\/\/www.devinanais.com\/es\/categoria-prodotto\/mesas\/free-tables-es\/\"},{\"@type\":\"ListItem\",\"position\":5,\"name\":\"Tapa M2\"}]},{\"@type\":\"WebSite\",\"@id\":\"https:\/\/www.devinanais.com\/#website\",\"url\":\"https:\/\/www.devinanais.com\/\",\"name\":\"DevinaNais\",\"description\":\"\",\"potentialAction\":[{\"@type\":\"SearchAction\",\"target\":{\"@type\":\"EntryPoint\",\"urlTemplate\":\"https:\/\/www.devinanais.com\/?s={search_term_string}\"},\"query-input\":{\"@type\":\"PropertyValueSpecification\",\"valueRequired\":true,\"valueName\":\"search_term_string\"}}],\"inLanguage\":\"es\"}]}<\/script>\n<!-- \/ Yoast SEO plugin. -->","yoast_head_json":{"title":"Tapa M2 - DevinaNais","robots":{"index":"index","follow":"follow","max-snippet":"max-snippet:-1","max-image-preview":"max-image-preview:large","max-video-preview":"max-video-preview:-1"},"canonical":"https:\/\/www.devinanais.com\/producto\/piano-m2\/","og_locale":"es_ES","og_type":"article","og_title":"Tapa M2 - DevinaNais","og_description":"Expresa su estilo con espesor y l\u00edneas llenas de determinaci\u00f3n la tapa M2: nudos y grietas destacan para mostrar los verdaderos colores de la madera, enmarcados por el c\u00e1rismatico corte escuadrado para crear una superficie de apoyo donde proyectar grandes cosas.","og_url":"https:\/\/www.devinanais.com\/producto\/piano-m2\/","og_site_name":"DevinaNais","article_modified_time":"2024-07-11T08:47:51+00:00","og_image":[{"width":2000,"height":998,"url":"https:\/\/www.devinanais.com\/wp-content\/uploads\/2024\/06\/PIANO-M2.jpg","type":"image\/jpeg"}],"twitter_card":"summary_large_image","twitter_misc":{"Tiempo de lectura":"1 minuto"},"schema":{"@context":"https:\/\/schema.org","@graph":[{"@type":"WebPage","@id":"https:\/\/www.devinanais.com\/producto\/piano-m2\/","url":"https:\/\/www.devinanais.com\/producto\/piano-m2\/","name":"Tapa M2 - DevinaNais","isPartOf":{"@id":"https:\/\/www.devinanais.com\/#website"},"primaryImageOfPage":{"@id":"https:\/\/www.devinanais.com\/producto\/piano-m2\/#primaryimage"},"image":{"@id":"https:\/\/www.devinanais.com\/producto\/piano-m2\/#primaryimage"},"thumbnailUrl":"https:\/\/www.devinanais.com\/wp-content\/uploads\/2024\/06\/PIANO-M2.jpg","datePublished":"2024-06-14T07:27:53+00:00","dateModified":"2024-07-11T08:47:51+00:00","breadcrumb":{"@id":"https:\/\/www.devinanais.com\/producto\/piano-m2\/#breadcrumb"},"inLanguage":"es","potentialAction":[{"@type":"ReadAction","target":["https:\/\/www.devinanais.com\/producto\/piano-m2\/"]}]},{"@type":"ImageObject","inLanguage":"es","@id":"https:\/\/www.devinanais.com\/producto\/piano-m2\/#primaryimage","url":"https:\/\/www.devinanais.com\/wp-content\/uploads\/2024\/06\/PIANO-M2.jpg","contentUrl":"https:\/\/www.devinanais.com\/wp-content\/uploads\/2024\/06\/PIANO-M2.jpg","width":2000,"height":998},{"@type":"BreadcrumbList","@id":"https:\/\/www.devinanais.com\/producto\/piano-m2\/#breadcrumb","itemListElement":[{"@type":"ListItem","position":1,"name":"Home","item":"https:\/\/www.devinanais.com\/es\/"},{"@type":"ListItem","position":2,"name":"Productos","item":"https:\/\/www.devinanais.com\/es\/productos\/"},{"@type":"ListItem","position":3,"name":"Mesas","item":"https:\/\/www.devinanais.com\/es\/categoria-prodotto\/mesas\/"},{"@type":"ListItem","position":4,"name":"FREE Tables","item":"https:\/\/www.devinanais.com\/es\/categoria-prodotto\/mesas\/free-tables-es\/"},{"@type":"ListItem","position":5,"name":"Tapa M2"}]},{"@type":"WebSite","@id":"https:\/\/www.devinanais.com\/#website","url":"https:\/\/www.devinanais.com\/","name":"DevinaNais","description":"","potentialAction":[{"@type":"SearchAction","target":{"@type":"EntryPoint","urlTemplate":"https:\/\/www.devinanais.com\/?s={search_term_string}"},"query-input":{"@type":"PropertyValueSpecification","valueRequired":true,"valueName":"search_term_string"}}],"inLanguage":"es"}]}},"_links":{"self":[{"href":"https:\/\/www.devinanais.com\/es\/wp-json\/wp\/v2\/product\/32768","targetHints":{"allow":["GET"]}}],"collection":[{"href":"https:\/\/www.devinanais.com\/es\/wp-json\/wp\/v2\/product"}],"about":[{"href":"https:\/\/www.devinanais.com\/es\/wp-json\/wp\/v2\/types\/product"}],"wp:featuredmedia":[{"embeddable":true,"href":"https:\/\/www.devinanais.com\/es\/wp-json\/wp\/v2\/media\/32755"}],"wp:attachment":[{"href":"https:\/\/www.devinanais.com\/es\/wp-json\/wp\/v2\/media?parent=32768"}],"wp:term":[{"taxonomy":"product_brand","embeddable":true,"href":"https:\/\/www.devinanais.com\/es\/wp-json\/wp\/v2\/product_brand?post=32768"},{"taxonomy":"product_cat","embeddable":true,"href":"https:\/\/www.devinanais.com\/es\/wp-json\/wp\/v2\/product_cat?post=32768"},{"taxonomy":"product_tag","embeddable":true,"href":"https:\/\/www.devinanais.com\/es\/wp-json\/wp\/v2\/product_tag?post=32768"},{"taxonomy":"ambiente","embeddable":true,"href":"https:\/\/www.devinanais.com\/es\/wp-json\/wp\/v2\/ambiente?post=32768"},{"taxonomy":"collezione","embeddable":true,"href":"https:\/\/www.devinanais.com\/es\/wp-json\/wp\/v2\/collezione?post=32768"}],"curies":[{"name":"wp","href":"https:\/\/api.w.org\/{rel}","templated":true}]}}