{"id":32786,"date":"2024-06-14T09:51:09","date_gmt":"2024-06-14T07:51:09","guid":{"rendered":"https:\/\/www.devinanais.com\/?post_type=product&#038;p=32786"},"modified":"2024-07-11T10:43:58","modified_gmt":"2024-07-11T08:43:58","slug":"piano-stone","status":"publish","type":"product","link":"https:\/\/www.devinanais.com\/es\/producto\/piano-stone\/","title":{"rendered":"Tapa Stone"},"content":{"rendered":"<p>Sofisticada y refinada, la tapa Stone es una invitaci\u00f3n a la contemplaci\u00f3n<\/p>\n<p>y a compartir momentos felices. Su perfil esbelto y sinuoso<\/p>\n<p>demuestra el potencial creativo del dise\u00f1o en madera,<\/p>\n<p>mientras que el perfil del borde a\u00f1ade un toque de ligereza.<\/p>\n<p>Combinada con soportes ultramodernos o bases importantes,<\/p>\n<p>Stone aporta calidez y naturalidad al entorno circundante.<\/p>\n<p>&nbsp;<\/p>\n<p>&nbsp;<\/p>\n","protected":false},"excerpt":{"rendered":"<p>Sofisticada y refinada, la tapa Stone es una invitaci\u00f3n a la contemplaci\u00f3n y a compartir momentos felices. Su perfil esbelto y sinuoso demuestra el potencial creativo del dise\u00f1o en madera, mientras que el perfil del borde a\u00f1ade un toque de ligereza. Combinada con soportes ultramodernos o bases importantes, Stone aporta calidez y naturalidad al entorno [&hellip;]<\/p>\n","protected":false},"featured_media":33048,"template":"","meta":{"_et_pb_use_builder":"","_et_pb_old_content":"","_et_gb_content_width":""},"product_brand":[],"product_cat":[230,234],"product_tag":[],"ambiente":[244],"collezione":[255],"class_list":{"0":"post-32786","1":"product","2":"type-product","3":"status-publish","4":"has-post-thumbnail","6":"product_cat-mesas","7":"product_cat-free-tables-es","8":"ambiente-comedor","9":"collezione-free-tables-es","11":"first","12":"instock","13":"shipping-taxable","14":"product-type-simple"},"acf":[],"yoast_head":"<!-- This site is optimized with the Yoast SEO plugin v26.2 - https:\/\/yoast.com\/wordpress\/plugins\/seo\/ -->\n<title>Tapa Stone - DevinaNais<\/title>\n<meta name=\"robots\" content=\"index, follow, max-snippet:-1, max-image-preview:large, max-video-preview:-1\" \/>\n<link rel=\"canonical\" href=\"https:\/\/www.devinanais.com\/producto\/piano-stone\/\" \/>\n<meta property=\"og:locale\" content=\"es_ES\" \/>\n<meta property=\"og:type\" content=\"article\" \/>\n<meta property=\"og:title\" content=\"Tapa Stone - DevinaNais\" \/>\n<meta property=\"og:description\" content=\"Sofisticada y refinada, la tapa Stone es una invitaci\u00f3n a la contemplaci\u00f3n y a compartir momentos felices. Su perfil esbelto y sinuoso demuestra el potencial creativo del dise\u00f1o en madera, mientras que el perfil del borde a\u00f1ade un toque de ligereza. Combinada con soportes ultramodernos o bases importantes, Stone aporta calidez y naturalidad al entorno [&hellip;]\" \/>\n<meta property=\"og:url\" content=\"https:\/\/www.devinanais.com\/producto\/piano-stone\/\" \/>\n<meta property=\"og:site_name\" content=\"DevinaNais\" \/>\n<meta property=\"article:modified_time\" content=\"2024-07-11T08:43:58+00:00\" \/>\n<meta property=\"og:image\" content=\"https:\/\/www.devinanais.com\/wp-content\/uploads\/2024\/06\/STONE-SX.jpg\" \/>\n\t<meta property=\"og:image:width\" content=\"2000\" \/>\n\t<meta property=\"og:image:height\" content=\"999\" \/>\n\t<meta property=\"og:image:type\" content=\"image\/jpeg\" \/>\n<meta name=\"twitter:card\" content=\"summary_large_image\" \/>\n<meta name=\"twitter:label1\" content=\"Tiempo de lectura\" \/>\n\t<meta name=\"twitter:data1\" content=\"1 minuto\" \/>\n<script type=\"application\/ld+json\" class=\"yoast-schema-graph\">{\"@context\":\"https:\/\/schema.org\",\"@graph\":[{\"@type\":\"WebPage\",\"@id\":\"https:\/\/www.devinanais.com\/producto\/piano-stone\/\",\"url\":\"https:\/\/www.devinanais.com\/producto\/piano-stone\/\",\"name\":\"Tapa Stone - DevinaNais\",\"isPartOf\":{\"@id\":\"https:\/\/www.devinanais.com\/#website\"},\"primaryImageOfPage\":{\"@id\":\"https:\/\/www.devinanais.com\/producto\/piano-stone\/#primaryimage\"},\"image\":{\"@id\":\"https:\/\/www.devinanais.com\/producto\/piano-stone\/#primaryimage\"},\"thumbnailUrl\":\"https:\/\/www.devinanais.com\/wp-content\/uploads\/2024\/06\/STONE-SX.jpg\",\"datePublished\":\"2024-06-14T07:51:09+00:00\",\"dateModified\":\"2024-07-11T08:43:58+00:00\",\"breadcrumb\":{\"@id\":\"https:\/\/www.devinanais.com\/producto\/piano-stone\/#breadcrumb\"},\"inLanguage\":\"es\",\"potentialAction\":[{\"@type\":\"ReadAction\",\"target\":[\"https:\/\/www.devinanais.com\/producto\/piano-stone\/\"]}]},{\"@type\":\"ImageObject\",\"inLanguage\":\"es\",\"@id\":\"https:\/\/www.devinanais.com\/producto\/piano-stone\/#primaryimage\",\"url\":\"https:\/\/www.devinanais.com\/wp-content\/uploads\/2024\/06\/STONE-SX.jpg\",\"contentUrl\":\"https:\/\/www.devinanais.com\/wp-content\/uploads\/2024\/06\/STONE-SX.jpg\",\"width\":2000,\"height\":999},{\"@type\":\"BreadcrumbList\",\"@id\":\"https:\/\/www.devinanais.com\/producto\/piano-stone\/#breadcrumb\",\"itemListElement\":[{\"@type\":\"ListItem\",\"position\":1,\"name\":\"Home\",\"item\":\"https:\/\/www.devinanais.com\/es\/\"},{\"@type\":\"ListItem\",\"position\":2,\"name\":\"Productos\",\"item\":\"https:\/\/www.devinanais.com\/es\/productos\/\"},{\"@type\":\"ListItem\",\"position\":3,\"name\":\"Mesas\",\"item\":\"https:\/\/www.devinanais.com\/es\/categoria-prodotto\/mesas\/\"},{\"@type\":\"ListItem\",\"position\":4,\"name\":\"FREE Tables\",\"item\":\"https:\/\/www.devinanais.com\/es\/categoria-prodotto\/mesas\/free-tables-es\/\"},{\"@type\":\"ListItem\",\"position\":5,\"name\":\"Tapa Stone\"}]},{\"@type\":\"WebSite\",\"@id\":\"https:\/\/www.devinanais.com\/#website\",\"url\":\"https:\/\/www.devinanais.com\/\",\"name\":\"DevinaNais\",\"description\":\"\",\"potentialAction\":[{\"@type\":\"SearchAction\",\"target\":{\"@type\":\"EntryPoint\",\"urlTemplate\":\"https:\/\/www.devinanais.com\/?s={search_term_string}\"},\"query-input\":{\"@type\":\"PropertyValueSpecification\",\"valueRequired\":true,\"valueName\":\"search_term_string\"}}],\"inLanguage\":\"es\"}]}<\/script>\n<!-- \/ Yoast SEO plugin. -->","yoast_head_json":{"title":"Tapa Stone - DevinaNais","robots":{"index":"index","follow":"follow","max-snippet":"max-snippet:-1","max-image-preview":"max-image-preview:large","max-video-preview":"max-video-preview:-1"},"canonical":"https:\/\/www.devinanais.com\/producto\/piano-stone\/","og_locale":"es_ES","og_type":"article","og_title":"Tapa Stone - DevinaNais","og_description":"Sofisticada y refinada, la tapa Stone es una invitaci\u00f3n a la contemplaci\u00f3n y a compartir momentos felices. Su perfil esbelto y sinuoso demuestra el potencial creativo del dise\u00f1o en madera, mientras que el perfil del borde a\u00f1ade un toque de ligereza. Combinada con soportes ultramodernos o bases importantes, Stone aporta calidez y naturalidad al entorno [&hellip;]","og_url":"https:\/\/www.devinanais.com\/producto\/piano-stone\/","og_site_name":"DevinaNais","article_modified_time":"2024-07-11T08:43:58+00:00","og_image":[{"width":2000,"height":999,"url":"https:\/\/www.devinanais.com\/wp-content\/uploads\/2024\/06\/STONE-SX.jpg","type":"image\/jpeg"}],"twitter_card":"summary_large_image","twitter_misc":{"Tiempo de lectura":"1 minuto"},"schema":{"@context":"https:\/\/schema.org","@graph":[{"@type":"WebPage","@id":"https:\/\/www.devinanais.com\/producto\/piano-stone\/","url":"https:\/\/www.devinanais.com\/producto\/piano-stone\/","name":"Tapa Stone - DevinaNais","isPartOf":{"@id":"https:\/\/www.devinanais.com\/#website"},"primaryImageOfPage":{"@id":"https:\/\/www.devinanais.com\/producto\/piano-stone\/#primaryimage"},"image":{"@id":"https:\/\/www.devinanais.com\/producto\/piano-stone\/#primaryimage"},"thumbnailUrl":"https:\/\/www.devinanais.com\/wp-content\/uploads\/2024\/06\/STONE-SX.jpg","datePublished":"2024-06-14T07:51:09+00:00","dateModified":"2024-07-11T08:43:58+00:00","breadcrumb":{"@id":"https:\/\/www.devinanais.com\/producto\/piano-stone\/#breadcrumb"},"inLanguage":"es","potentialAction":[{"@type":"ReadAction","target":["https:\/\/www.devinanais.com\/producto\/piano-stone\/"]}]},{"@type":"ImageObject","inLanguage":"es","@id":"https:\/\/www.devinanais.com\/producto\/piano-stone\/#primaryimage","url":"https:\/\/www.devinanais.com\/wp-content\/uploads\/2024\/06\/STONE-SX.jpg","contentUrl":"https:\/\/www.devinanais.com\/wp-content\/uploads\/2024\/06\/STONE-SX.jpg","width":2000,"height":999},{"@type":"BreadcrumbList","@id":"https:\/\/www.devinanais.com\/producto\/piano-stone\/#breadcrumb","itemListElement":[{"@type":"ListItem","position":1,"name":"Home","item":"https:\/\/www.devinanais.com\/es\/"},{"@type":"ListItem","position":2,"name":"Productos","item":"https:\/\/www.devinanais.com\/es\/productos\/"},{"@type":"ListItem","position":3,"name":"Mesas","item":"https:\/\/www.devinanais.com\/es\/categoria-prodotto\/mesas\/"},{"@type":"ListItem","position":4,"name":"FREE Tables","item":"https:\/\/www.devinanais.com\/es\/categoria-prodotto\/mesas\/free-tables-es\/"},{"@type":"ListItem","position":5,"name":"Tapa Stone"}]},{"@type":"WebSite","@id":"https:\/\/www.devinanais.com\/#website","url":"https:\/\/www.devinanais.com\/","name":"DevinaNais","description":"","potentialAction":[{"@type":"SearchAction","target":{"@type":"EntryPoint","urlTemplate":"https:\/\/www.devinanais.com\/?s={search_term_string}"},"query-input":{"@type":"PropertyValueSpecification","valueRequired":true,"valueName":"search_term_string"}}],"inLanguage":"es"}]}},"_links":{"self":[{"href":"https:\/\/www.devinanais.com\/es\/wp-json\/wp\/v2\/product\/32786","targetHints":{"allow":["GET"]}}],"collection":[{"href":"https:\/\/www.devinanais.com\/es\/wp-json\/wp\/v2\/product"}],"about":[{"href":"https:\/\/www.devinanais.com\/es\/wp-json\/wp\/v2\/types\/product"}],"wp:featuredmedia":[{"embeddable":true,"href":"https:\/\/www.devinanais.com\/es\/wp-json\/wp\/v2\/media\/33048"}],"wp:attachment":[{"href":"https:\/\/www.devinanais.com\/es\/wp-json\/wp\/v2\/media?parent=32786"}],"wp:term":[{"taxonomy":"product_brand","embeddable":true,"href":"https:\/\/www.devinanais.com\/es\/wp-json\/wp\/v2\/product_brand?post=32786"},{"taxonomy":"product_cat","embeddable":true,"href":"https:\/\/www.devinanais.com\/es\/wp-json\/wp\/v2\/product_cat?post=32786"},{"taxonomy":"product_tag","embeddable":true,"href":"https:\/\/www.devinanais.com\/es\/wp-json\/wp\/v2\/product_tag?post=32786"},{"taxonomy":"ambiente","embeddable":true,"href":"https:\/\/www.devinanais.com\/es\/wp-json\/wp\/v2\/ambiente?post=32786"},{"taxonomy":"collezione","embeddable":true,"href":"https:\/\/www.devinanais.com\/es\/wp-json\/wp\/v2\/collezione?post=32786"}],"curies":[{"name":"wp","href":"https:\/\/api.w.org\/{rel}","templated":true}]}}