{"id":32994,"date":"2024-06-14T12:25:35","date_gmt":"2024-06-14T10:25:35","guid":{"rendered":"https:\/\/www.devinanais.com\/?post_type=product&#038;p=32994"},"modified":"2024-07-11T10:49:37","modified_gmt":"2024-07-11T08:49:37","slug":"libreria-ritmo","status":"publish","type":"product","link":"https:\/\/www.devinanais.com\/es\/producto\/libreria-ritmo\/","title":{"rendered":"Librer\u00eda Ritmo"},"content":{"rendered":"<p>Con sus intervalos irregulares y l\u00edneas que \u00abcruzan los l\u00edmites\u00bb,<\/p>\n<p>la librer\u00eda Ritmo juega con los c\u00e1nones de la creatividad contempor\u00e1nea.<\/p>\n<p>Su estructura din\u00e1mica no s\u00f3lo organiza los espacios, sino que los transforma en una verdadera escenograf\u00eda.<\/p>\n","protected":false},"excerpt":{"rendered":"<p>Con sus intervalos irregulares y l\u00edneas que \u00abcruzan los l\u00edmites\u00bb, la librer\u00eda Ritmo juega con los c\u00e1nones de la creatividad contempor\u00e1nea. Su estructura din\u00e1mica no s\u00f3lo organiza los espacios, sino que los transforma en una verdadera escenograf\u00eda.<\/p>\n","protected":false},"featured_media":32997,"template":"","meta":{"_et_pb_use_builder":"","_et_pb_old_content":"","_et_gb_content_width":""},"product_brand":[],"product_cat":[352,223,349],"product_tag":[],"ambiente":[276],"collezione":[277],"class_list":{"0":"post-32994","1":"product","2":"type-product","3":"status-publish","4":"has-post-thumbnail","6":"product_cat-novedades","7":"product_cat-librerias","8":"product_cat-librerie-a-terra-es","9":"ambiente-sala-de-estar","10":"collezione-living-more-es","12":"first","13":"instock","14":"shipping-taxable","15":"product-type-simple"},"acf":[],"yoast_head":"<!-- This site is optimized with the Yoast SEO plugin v26.2 - https:\/\/yoast.com\/wordpress\/plugins\/seo\/ -->\n<title>Librer\u00eda Ritmo - DevinaNais<\/title>\n<meta name=\"robots\" content=\"index, follow, max-snippet:-1, max-image-preview:large, max-video-preview:-1\" \/>\n<link rel=\"canonical\" href=\"https:\/\/www.devinanais.com\/es\/prodotto\/libreria-ritmo\/\" \/>\n<meta property=\"og:locale\" content=\"es_ES\" \/>\n<meta property=\"og:type\" content=\"article\" \/>\n<meta property=\"og:title\" content=\"Librer\u00eda Ritmo - DevinaNais\" \/>\n<meta property=\"og:description\" content=\"Con sus intervalos irregulares y l\u00edneas que \u00abcruzan los l\u00edmites\u00bb, la librer\u00eda Ritmo juega con los c\u00e1nones de la creatividad contempor\u00e1nea. Su estructura din\u00e1mica no s\u00f3lo organiza los espacios, sino que los transforma en una verdadera escenograf\u00eda.\" \/>\n<meta property=\"og:url\" content=\"https:\/\/www.devinanais.com\/es\/prodotto\/libreria-ritmo\/\" \/>\n<meta property=\"og:site_name\" content=\"DevinaNais\" \/>\n<meta property=\"article:modified_time\" content=\"2024-07-11T08:49:37+00:00\" \/>\n<meta property=\"og:image\" content=\"https:\/\/www.devinanais.com\/wp-content\/uploads\/2024\/06\/LIBRERIA-RITMO.jpg\" \/>\n\t<meta property=\"og:image:width\" content=\"2000\" \/>\n\t<meta property=\"og:image:height\" content=\"997\" \/>\n\t<meta property=\"og:image:type\" content=\"image\/jpeg\" \/>\n<meta name=\"twitter:card\" content=\"summary_large_image\" \/>\n<meta name=\"twitter:label1\" content=\"Tiempo de lectura\" \/>\n\t<meta name=\"twitter:data1\" content=\"1 minuto\" \/>\n<script type=\"application\/ld+json\" class=\"yoast-schema-graph\">{\"@context\":\"https:\/\/schema.org\",\"@graph\":[{\"@type\":\"WebPage\",\"@id\":\"https:\/\/www.devinanais.com\/es\/prodotto\/libreria-ritmo\/\",\"url\":\"https:\/\/www.devinanais.com\/es\/prodotto\/libreria-ritmo\/\",\"name\":\"Librer\u00eda Ritmo - DevinaNais\",\"isPartOf\":{\"@id\":\"https:\/\/www.devinanais.com\/#website\"},\"primaryImageOfPage\":{\"@id\":\"https:\/\/www.devinanais.com\/es\/prodotto\/libreria-ritmo\/#primaryimage\"},\"image\":{\"@id\":\"https:\/\/www.devinanais.com\/es\/prodotto\/libreria-ritmo\/#primaryimage\"},\"thumbnailUrl\":\"https:\/\/www.devinanais.com\/wp-content\/uploads\/2024\/06\/LIBRERIA-RITMO.jpg\",\"datePublished\":\"2024-06-14T10:25:35+00:00\",\"dateModified\":\"2024-07-11T08:49:37+00:00\",\"breadcrumb\":{\"@id\":\"https:\/\/www.devinanais.com\/es\/prodotto\/libreria-ritmo\/#breadcrumb\"},\"inLanguage\":\"es\",\"potentialAction\":[{\"@type\":\"ReadAction\",\"target\":[\"https:\/\/www.devinanais.com\/es\/prodotto\/libreria-ritmo\/\"]}]},{\"@type\":\"ImageObject\",\"inLanguage\":\"es\",\"@id\":\"https:\/\/www.devinanais.com\/es\/prodotto\/libreria-ritmo\/#primaryimage\",\"url\":\"https:\/\/www.devinanais.com\/wp-content\/uploads\/2024\/06\/LIBRERIA-RITMO.jpg\",\"contentUrl\":\"https:\/\/www.devinanais.com\/wp-content\/uploads\/2024\/06\/LIBRERIA-RITMO.jpg\",\"width\":2000,\"height\":997},{\"@type\":\"BreadcrumbList\",\"@id\":\"https:\/\/www.devinanais.com\/es\/prodotto\/libreria-ritmo\/#breadcrumb\",\"itemListElement\":[{\"@type\":\"ListItem\",\"position\":1,\"name\":\"Home\",\"item\":\"https:\/\/www.devinanais.com\/es\/\"},{\"@type\":\"ListItem\",\"position\":2,\"name\":\"Productos\",\"item\":\"https:\/\/www.devinanais.com\/es\/productos\/\"},{\"@type\":\"ListItem\",\"position\":3,\"name\":\"Librer\u00edas\",\"item\":\"https:\/\/www.devinanais.com\/es\/categoria-prodotto\/librerias\/\"},{\"@type\":\"ListItem\",\"position\":4,\"name\":\"Librer\u00eda Ritmo\"}]},{\"@type\":\"WebSite\",\"@id\":\"https:\/\/www.devinanais.com\/#website\",\"url\":\"https:\/\/www.devinanais.com\/\",\"name\":\"DevinaNais\",\"description\":\"\",\"potentialAction\":[{\"@type\":\"SearchAction\",\"target\":{\"@type\":\"EntryPoint\",\"urlTemplate\":\"https:\/\/www.devinanais.com\/?s={search_term_string}\"},\"query-input\":{\"@type\":\"PropertyValueSpecification\",\"valueRequired\":true,\"valueName\":\"search_term_string\"}}],\"inLanguage\":\"es\"}]}<\/script>\n<!-- \/ Yoast SEO plugin. -->","yoast_head_json":{"title":"Librer\u00eda Ritmo - DevinaNais","robots":{"index":"index","follow":"follow","max-snippet":"max-snippet:-1","max-image-preview":"max-image-preview:large","max-video-preview":"max-video-preview:-1"},"canonical":"https:\/\/www.devinanais.com\/es\/prodotto\/libreria-ritmo\/","og_locale":"es_ES","og_type":"article","og_title":"Librer\u00eda Ritmo - DevinaNais","og_description":"Con sus intervalos irregulares y l\u00edneas que \u00abcruzan los l\u00edmites\u00bb, la librer\u00eda Ritmo juega con los c\u00e1nones de la creatividad contempor\u00e1nea. Su estructura din\u00e1mica no s\u00f3lo organiza los espacios, sino que los transforma en una verdadera escenograf\u00eda.","og_url":"https:\/\/www.devinanais.com\/es\/prodotto\/libreria-ritmo\/","og_site_name":"DevinaNais","article_modified_time":"2024-07-11T08:49:37+00:00","og_image":[{"width":2000,"height":997,"url":"https:\/\/www.devinanais.com\/wp-content\/uploads\/2024\/06\/LIBRERIA-RITMO.jpg","type":"image\/jpeg"}],"twitter_card":"summary_large_image","twitter_misc":{"Tiempo de lectura":"1 minuto"},"schema":{"@context":"https:\/\/schema.org","@graph":[{"@type":"WebPage","@id":"https:\/\/www.devinanais.com\/es\/prodotto\/libreria-ritmo\/","url":"https:\/\/www.devinanais.com\/es\/prodotto\/libreria-ritmo\/","name":"Librer\u00eda Ritmo - DevinaNais","isPartOf":{"@id":"https:\/\/www.devinanais.com\/#website"},"primaryImageOfPage":{"@id":"https:\/\/www.devinanais.com\/es\/prodotto\/libreria-ritmo\/#primaryimage"},"image":{"@id":"https:\/\/www.devinanais.com\/es\/prodotto\/libreria-ritmo\/#primaryimage"},"thumbnailUrl":"https:\/\/www.devinanais.com\/wp-content\/uploads\/2024\/06\/LIBRERIA-RITMO.jpg","datePublished":"2024-06-14T10:25:35+00:00","dateModified":"2024-07-11T08:49:37+00:00","breadcrumb":{"@id":"https:\/\/www.devinanais.com\/es\/prodotto\/libreria-ritmo\/#breadcrumb"},"inLanguage":"es","potentialAction":[{"@type":"ReadAction","target":["https:\/\/www.devinanais.com\/es\/prodotto\/libreria-ritmo\/"]}]},{"@type":"ImageObject","inLanguage":"es","@id":"https:\/\/www.devinanais.com\/es\/prodotto\/libreria-ritmo\/#primaryimage","url":"https:\/\/www.devinanais.com\/wp-content\/uploads\/2024\/06\/LIBRERIA-RITMO.jpg","contentUrl":"https:\/\/www.devinanais.com\/wp-content\/uploads\/2024\/06\/LIBRERIA-RITMO.jpg","width":2000,"height":997},{"@type":"BreadcrumbList","@id":"https:\/\/www.devinanais.com\/es\/prodotto\/libreria-ritmo\/#breadcrumb","itemListElement":[{"@type":"ListItem","position":1,"name":"Home","item":"https:\/\/www.devinanais.com\/es\/"},{"@type":"ListItem","position":2,"name":"Productos","item":"https:\/\/www.devinanais.com\/es\/productos\/"},{"@type":"ListItem","position":3,"name":"Librer\u00edas","item":"https:\/\/www.devinanais.com\/es\/categoria-prodotto\/librerias\/"},{"@type":"ListItem","position":4,"name":"Librer\u00eda Ritmo"}]},{"@type":"WebSite","@id":"https:\/\/www.devinanais.com\/#website","url":"https:\/\/www.devinanais.com\/","name":"DevinaNais","description":"","potentialAction":[{"@type":"SearchAction","target":{"@type":"EntryPoint","urlTemplate":"https:\/\/www.devinanais.com\/?s={search_term_string}"},"query-input":{"@type":"PropertyValueSpecification","valueRequired":true,"valueName":"search_term_string"}}],"inLanguage":"es"}]}},"_links":{"self":[{"href":"https:\/\/www.devinanais.com\/es\/wp-json\/wp\/v2\/product\/32994","targetHints":{"allow":["GET"]}}],"collection":[{"href":"https:\/\/www.devinanais.com\/es\/wp-json\/wp\/v2\/product"}],"about":[{"href":"https:\/\/www.devinanais.com\/es\/wp-json\/wp\/v2\/types\/product"}],"wp:featuredmedia":[{"embeddable":true,"href":"https:\/\/www.devinanais.com\/es\/wp-json\/wp\/v2\/media\/32997"}],"wp:attachment":[{"href":"https:\/\/www.devinanais.com\/es\/wp-json\/wp\/v2\/media?parent=32994"}],"wp:term":[{"taxonomy":"product_brand","embeddable":true,"href":"https:\/\/www.devinanais.com\/es\/wp-json\/wp\/v2\/product_brand?post=32994"},{"taxonomy":"product_cat","embeddable":true,"href":"https:\/\/www.devinanais.com\/es\/wp-json\/wp\/v2\/product_cat?post=32994"},{"taxonomy":"product_tag","embeddable":true,"href":"https:\/\/www.devinanais.com\/es\/wp-json\/wp\/v2\/product_tag?post=32994"},{"taxonomy":"ambiente","embeddable":true,"href":"https:\/\/www.devinanais.com\/es\/wp-json\/wp\/v2\/ambiente?post=32994"},{"taxonomy":"collezione","embeddable":true,"href":"https:\/\/www.devinanais.com\/es\/wp-json\/wp\/v2\/collezione?post=32994"}],"curies":[{"name":"wp","href":"https:\/\/api.w.org\/{rel}","templated":true}]}}