{"id":33024,"date":"2024-06-14T14:23:01","date_gmt":"2024-06-14T12:23:01","guid":{"rendered":"https:\/\/www.devinanais.com\/?post_type=product&#038;p=33024"},"modified":"2024-07-11T10:50:05","modified_gmt":"2024-07-11T08:50:05","slug":"libreria-step","status":"publish","type":"product","link":"https:\/\/www.devinanais.com\/es\/producto\/libreria-step\/","title":{"rendered":"Librer\u00eda Step"},"content":{"rendered":"<p>Forma y funci\u00f3n: la librer\u00eda Step responde a todas las necesidade<\/p>\n<p>en unas l\u00edneas esenciales. Los dos costados lineales convergen<\/p>\n<p>hacia arriba con precisi\u00f3n geom\u00e9trica, realzando la simetr\u00eda y proporci\u00f3n<\/p>\n<p>de este mueble de car\u00e1cter distinto y moderno. Nada es superfluo:<\/p>\n<p>cada detalle est\u00e1 pensado para realzar los contenidos de la biblioteca<\/p>\n<p>con una est\u00e9tica y funcionalidad impecables.<\/p>\n","protected":false},"excerpt":{"rendered":"<p>Forma y funci\u00f3n: la librer\u00eda Step responde a todas las necesidade en unas l\u00edneas esenciales. Los dos costados lineales convergen hacia arriba con precisi\u00f3n geom\u00e9trica, realzando la simetr\u00eda y proporci\u00f3n de este mueble de car\u00e1cter distinto y moderno. Nada es superfluo: cada detalle est\u00e1 pensado para realzar los contenidos de la biblioteca con una est\u00e9tica [&hellip;]<\/p>\n","protected":false},"featured_media":33033,"template":"","meta":{"_et_pb_use_builder":"","_et_pb_old_content":"","_et_gb_content_width":""},"product_brand":[],"product_cat":[223,349],"product_tag":[],"ambiente":[276],"collezione":[277],"class_list":{"0":"post-33024","1":"product","2":"type-product","3":"status-publish","4":"has-post-thumbnail","6":"product_cat-librerias","7":"product_cat-librerie-a-terra-es","8":"ambiente-sala-de-estar","9":"collezione-living-more-es","11":"first","12":"instock","13":"shipping-taxable","14":"product-type-simple"},"acf":[],"yoast_head":"<!-- This site is optimized with the Yoast SEO plugin v26.2 - https:\/\/yoast.com\/wordpress\/plugins\/seo\/ -->\n<title>Librer\u00eda Step - DevinaNais<\/title>\n<meta name=\"robots\" content=\"index, follow, max-snippet:-1, max-image-preview:large, max-video-preview:-1\" \/>\n<link rel=\"canonical\" href=\"https:\/\/www.devinanais.com\/producto\/libreria-step\/\" \/>\n<meta property=\"og:locale\" content=\"es_ES\" \/>\n<meta property=\"og:type\" content=\"article\" \/>\n<meta property=\"og:title\" content=\"Librer\u00eda Step - DevinaNais\" \/>\n<meta property=\"og:description\" content=\"Forma y funci\u00f3n: la librer\u00eda Step responde a todas las necesidade en unas l\u00edneas esenciales. Los dos costados lineales convergen hacia arriba con precisi\u00f3n geom\u00e9trica, realzando la simetr\u00eda y proporci\u00f3n de este mueble de car\u00e1cter distinto y moderno. Nada es superfluo: cada detalle est\u00e1 pensado para realzar los contenidos de la biblioteca con una est\u00e9tica [&hellip;]\" \/>\n<meta property=\"og:url\" content=\"https:\/\/www.devinanais.com\/producto\/libreria-step\/\" \/>\n<meta property=\"og:site_name\" content=\"DevinaNais\" \/>\n<meta property=\"article:modified_time\" content=\"2024-07-11T08:50:05+00:00\" \/>\n<meta property=\"og:image\" content=\"https:\/\/www.devinanais.com\/wp-content\/uploads\/2024\/06\/LIBRERIA-STEP.jpg\" \/>\n\t<meta property=\"og:image:width\" content=\"2000\" \/>\n\t<meta property=\"og:image:height\" content=\"998\" \/>\n\t<meta property=\"og:image:type\" content=\"image\/jpeg\" \/>\n<meta name=\"twitter:card\" content=\"summary_large_image\" \/>\n<meta name=\"twitter:label1\" content=\"Tiempo de lectura\" \/>\n\t<meta name=\"twitter:data1\" content=\"1 minuto\" \/>\n<script type=\"application\/ld+json\" class=\"yoast-schema-graph\">{\"@context\":\"https:\/\/schema.org\",\"@graph\":[{\"@type\":\"WebPage\",\"@id\":\"https:\/\/www.devinanais.com\/producto\/libreria-step\/\",\"url\":\"https:\/\/www.devinanais.com\/producto\/libreria-step\/\",\"name\":\"Librer\u00eda Step - DevinaNais\",\"isPartOf\":{\"@id\":\"https:\/\/www.devinanais.com\/#website\"},\"primaryImageOfPage\":{\"@id\":\"https:\/\/www.devinanais.com\/producto\/libreria-step\/#primaryimage\"},\"image\":{\"@id\":\"https:\/\/www.devinanais.com\/producto\/libreria-step\/#primaryimage\"},\"thumbnailUrl\":\"https:\/\/www.devinanais.com\/wp-content\/uploads\/2024\/06\/LIBRERIA-STEP.jpg\",\"datePublished\":\"2024-06-14T12:23:01+00:00\",\"dateModified\":\"2024-07-11T08:50:05+00:00\",\"breadcrumb\":{\"@id\":\"https:\/\/www.devinanais.com\/producto\/libreria-step\/#breadcrumb\"},\"inLanguage\":\"es\",\"potentialAction\":[{\"@type\":\"ReadAction\",\"target\":[\"https:\/\/www.devinanais.com\/producto\/libreria-step\/\"]}]},{\"@type\":\"ImageObject\",\"inLanguage\":\"es\",\"@id\":\"https:\/\/www.devinanais.com\/producto\/libreria-step\/#primaryimage\",\"url\":\"https:\/\/www.devinanais.com\/wp-content\/uploads\/2024\/06\/LIBRERIA-STEP.jpg\",\"contentUrl\":\"https:\/\/www.devinanais.com\/wp-content\/uploads\/2024\/06\/LIBRERIA-STEP.jpg\",\"width\":2000,\"height\":998},{\"@type\":\"BreadcrumbList\",\"@id\":\"https:\/\/www.devinanais.com\/producto\/libreria-step\/#breadcrumb\",\"itemListElement\":[{\"@type\":\"ListItem\",\"position\":1,\"name\":\"Home\",\"item\":\"https:\/\/www.devinanais.com\/es\/\"},{\"@type\":\"ListItem\",\"position\":2,\"name\":\"Productos\",\"item\":\"https:\/\/www.devinanais.com\/es\/productos\/\"},{\"@type\":\"ListItem\",\"position\":3,\"name\":\"Librer\u00edas\",\"item\":\"https:\/\/www.devinanais.com\/es\/categoria-prodotto\/librerias\/\"},{\"@type\":\"ListItem\",\"position\":4,\"name\":\"Librer\u00eda Step\"}]},{\"@type\":\"WebSite\",\"@id\":\"https:\/\/www.devinanais.com\/#website\",\"url\":\"https:\/\/www.devinanais.com\/\",\"name\":\"DevinaNais\",\"description\":\"\",\"potentialAction\":[{\"@type\":\"SearchAction\",\"target\":{\"@type\":\"EntryPoint\",\"urlTemplate\":\"https:\/\/www.devinanais.com\/?s={search_term_string}\"},\"query-input\":{\"@type\":\"PropertyValueSpecification\",\"valueRequired\":true,\"valueName\":\"search_term_string\"}}],\"inLanguage\":\"es\"}]}<\/script>\n<!-- \/ Yoast SEO plugin. -->","yoast_head_json":{"title":"Librer\u00eda Step - DevinaNais","robots":{"index":"index","follow":"follow","max-snippet":"max-snippet:-1","max-image-preview":"max-image-preview:large","max-video-preview":"max-video-preview:-1"},"canonical":"https:\/\/www.devinanais.com\/producto\/libreria-step\/","og_locale":"es_ES","og_type":"article","og_title":"Librer\u00eda Step - DevinaNais","og_description":"Forma y funci\u00f3n: la librer\u00eda Step responde a todas las necesidade en unas l\u00edneas esenciales. Los dos costados lineales convergen hacia arriba con precisi\u00f3n geom\u00e9trica, realzando la simetr\u00eda y proporci\u00f3n de este mueble de car\u00e1cter distinto y moderno. Nada es superfluo: cada detalle est\u00e1 pensado para realzar los contenidos de la biblioteca con una est\u00e9tica [&hellip;]","og_url":"https:\/\/www.devinanais.com\/producto\/libreria-step\/","og_site_name":"DevinaNais","article_modified_time":"2024-07-11T08:50:05+00:00","og_image":[{"width":2000,"height":998,"url":"https:\/\/www.devinanais.com\/wp-content\/uploads\/2024\/06\/LIBRERIA-STEP.jpg","type":"image\/jpeg"}],"twitter_card":"summary_large_image","twitter_misc":{"Tiempo de lectura":"1 minuto"},"schema":{"@context":"https:\/\/schema.org","@graph":[{"@type":"WebPage","@id":"https:\/\/www.devinanais.com\/producto\/libreria-step\/","url":"https:\/\/www.devinanais.com\/producto\/libreria-step\/","name":"Librer\u00eda Step - DevinaNais","isPartOf":{"@id":"https:\/\/www.devinanais.com\/#website"},"primaryImageOfPage":{"@id":"https:\/\/www.devinanais.com\/producto\/libreria-step\/#primaryimage"},"image":{"@id":"https:\/\/www.devinanais.com\/producto\/libreria-step\/#primaryimage"},"thumbnailUrl":"https:\/\/www.devinanais.com\/wp-content\/uploads\/2024\/06\/LIBRERIA-STEP.jpg","datePublished":"2024-06-14T12:23:01+00:00","dateModified":"2024-07-11T08:50:05+00:00","breadcrumb":{"@id":"https:\/\/www.devinanais.com\/producto\/libreria-step\/#breadcrumb"},"inLanguage":"es","potentialAction":[{"@type":"ReadAction","target":["https:\/\/www.devinanais.com\/producto\/libreria-step\/"]}]},{"@type":"ImageObject","inLanguage":"es","@id":"https:\/\/www.devinanais.com\/producto\/libreria-step\/#primaryimage","url":"https:\/\/www.devinanais.com\/wp-content\/uploads\/2024\/06\/LIBRERIA-STEP.jpg","contentUrl":"https:\/\/www.devinanais.com\/wp-content\/uploads\/2024\/06\/LIBRERIA-STEP.jpg","width":2000,"height":998},{"@type":"BreadcrumbList","@id":"https:\/\/www.devinanais.com\/producto\/libreria-step\/#breadcrumb","itemListElement":[{"@type":"ListItem","position":1,"name":"Home","item":"https:\/\/www.devinanais.com\/es\/"},{"@type":"ListItem","position":2,"name":"Productos","item":"https:\/\/www.devinanais.com\/es\/productos\/"},{"@type":"ListItem","position":3,"name":"Librer\u00edas","item":"https:\/\/www.devinanais.com\/es\/categoria-prodotto\/librerias\/"},{"@type":"ListItem","position":4,"name":"Librer\u00eda Step"}]},{"@type":"WebSite","@id":"https:\/\/www.devinanais.com\/#website","url":"https:\/\/www.devinanais.com\/","name":"DevinaNais","description":"","potentialAction":[{"@type":"SearchAction","target":{"@type":"EntryPoint","urlTemplate":"https:\/\/www.devinanais.com\/?s={search_term_string}"},"query-input":{"@type":"PropertyValueSpecification","valueRequired":true,"valueName":"search_term_string"}}],"inLanguage":"es"}]}},"_links":{"self":[{"href":"https:\/\/www.devinanais.com\/es\/wp-json\/wp\/v2\/product\/33024","targetHints":{"allow":["GET"]}}],"collection":[{"href":"https:\/\/www.devinanais.com\/es\/wp-json\/wp\/v2\/product"}],"about":[{"href":"https:\/\/www.devinanais.com\/es\/wp-json\/wp\/v2\/types\/product"}],"wp:featuredmedia":[{"embeddable":true,"href":"https:\/\/www.devinanais.com\/es\/wp-json\/wp\/v2\/media\/33033"}],"wp:attachment":[{"href":"https:\/\/www.devinanais.com\/es\/wp-json\/wp\/v2\/media?parent=33024"}],"wp:term":[{"taxonomy":"product_brand","embeddable":true,"href":"https:\/\/www.devinanais.com\/es\/wp-json\/wp\/v2\/product_brand?post=33024"},{"taxonomy":"product_cat","embeddable":true,"href":"https:\/\/www.devinanais.com\/es\/wp-json\/wp\/v2\/product_cat?post=33024"},{"taxonomy":"product_tag","embeddable":true,"href":"https:\/\/www.devinanais.com\/es\/wp-json\/wp\/v2\/product_tag?post=33024"},{"taxonomy":"ambiente","embeddable":true,"href":"https:\/\/www.devinanais.com\/es\/wp-json\/wp\/v2\/ambiente?post=33024"},{"taxonomy":"collezione","embeddable":true,"href":"https:\/\/www.devinanais.com\/es\/wp-json\/wp\/v2\/collezione?post=33024"}],"curies":[{"name":"wp","href":"https:\/\/api.w.org\/{rel}","templated":true}]}}