{"id":33747,"date":"2024-06-14T12:07:07","date_gmt":"2024-06-14T10:07:07","guid":{"rendered":"https:\/\/www.devinanais.com\/prodotto\/dispensa-arbor\/"},"modified":"2024-07-11T16:59:05","modified_gmt":"2024-07-11T14:59:05","slug":"dispensa-arbor","status":"publish","type":"product","link":"https:\/\/www.devinanais.com\/es\/producto\/dispensa-arbor\/","title":{"rendered":"Dispensa Arbor"},"content":{"rendered":"<p>Distintiva, limpia y geom\u00e9trica, la despensa Arbor transmite un sentido<\/p>\n<p>de orden y armon\u00eda. Su acabado en madera natural a\u00f1ade<\/p>\n<p>calor al espacio circundante, mientras que el compartimiento abierto descentralizado crea un<\/p>\n<p>intrigante juego de proporciones. Los costados lineales y esenciales<\/p>\n<p>contribuyen a aligerar el impacto visivo,<\/p>\n<p>exaltando la modernidad del mueble.<\/p>\n","protected":false},"excerpt":{"rendered":"<p>Distintiva, limpia y geom\u00e9trica, la despensa Arbor transmite un sentido de orden y armon\u00eda. Su acabado en madera natural a\u00f1ade calor al espacio circundante, mientras que el compartimiento abierto descentralizado crea un intrigante juego de proporciones. Los costados lineales y esenciales contribuyen a aligerar el impacto visivo, exaltando la modernidad del mueble.<\/p>\n","protected":false},"featured_media":32951,"template":"","meta":{"_et_pb_use_builder":"","_et_pb_old_content":"","_et_gb_content_width":""},"product_brand":[],"product_cat":[217],"product_tag":[],"ambiente":[],"collezione":[317],"class_list":{"0":"post-33747","1":"product","2":"type-product","3":"status-publish","4":"has-post-thumbnail","6":"product_cat-bufet-alto-y-vitrinas","7":"collezione-dispense-e-vetrine-es","9":"first","10":"instock","11":"shipping-taxable","12":"product-type-simple"},"acf":[],"yoast_head":"<!-- This site is optimized with the Yoast SEO plugin v26.2 - https:\/\/yoast.com\/wordpress\/plugins\/seo\/ -->\n<title>Dispensa Arbor - DevinaNais<\/title>\n<meta name=\"robots\" content=\"index, follow, max-snippet:-1, max-image-preview:large, max-video-preview:-1\" \/>\n<link rel=\"canonical\" href=\"https:\/\/www.devinanais.com\/producto\/dispensa-arbor\/\" \/>\n<meta property=\"og:locale\" content=\"es_ES\" \/>\n<meta property=\"og:type\" content=\"article\" \/>\n<meta property=\"og:title\" content=\"Dispensa Arbor - DevinaNais\" \/>\n<meta property=\"og:description\" content=\"Distintiva, limpia y geom\u00e9trica, la despensa Arbor transmite un sentido de orden y armon\u00eda. Su acabado en madera natural a\u00f1ade calor al espacio circundante, mientras que el compartimiento abierto descentralizado crea un intrigante juego de proporciones. Los costados lineales y esenciales contribuyen a aligerar el impacto visivo, exaltando la modernidad del mueble.\" \/>\n<meta property=\"og:url\" content=\"https:\/\/www.devinanais.com\/producto\/dispensa-arbor\/\" \/>\n<meta property=\"og:site_name\" content=\"DevinaNais\" \/>\n<meta property=\"article:modified_time\" content=\"2024-07-11T14:59:05+00:00\" \/>\n<meta property=\"og:image\" content=\"https:\/\/www.devinanais.com\/wp-content\/uploads\/2024\/06\/DISPENSA-ARBOR.jpg\" \/>\n\t<meta property=\"og:image:width\" content=\"2000\" \/>\n\t<meta property=\"og:image:height\" content=\"995\" \/>\n\t<meta property=\"og:image:type\" content=\"image\/jpeg\" \/>\n<meta name=\"twitter:card\" content=\"summary_large_image\" \/>\n<meta name=\"twitter:label1\" content=\"Tiempo de lectura\" \/>\n\t<meta name=\"twitter:data1\" content=\"1 minuto\" \/>\n<script type=\"application\/ld+json\" class=\"yoast-schema-graph\">{\"@context\":\"https:\/\/schema.org\",\"@graph\":[{\"@type\":\"WebPage\",\"@id\":\"https:\/\/www.devinanais.com\/producto\/dispensa-arbor\/\",\"url\":\"https:\/\/www.devinanais.com\/producto\/dispensa-arbor\/\",\"name\":\"Dispensa Arbor - DevinaNais\",\"isPartOf\":{\"@id\":\"https:\/\/www.devinanais.com\/#website\"},\"primaryImageOfPage\":{\"@id\":\"https:\/\/www.devinanais.com\/producto\/dispensa-arbor\/#primaryimage\"},\"image\":{\"@id\":\"https:\/\/www.devinanais.com\/producto\/dispensa-arbor\/#primaryimage\"},\"thumbnailUrl\":\"https:\/\/www.devinanais.com\/wp-content\/uploads\/2024\/06\/DISPENSA-ARBOR.jpg\",\"datePublished\":\"2024-06-14T10:07:07+00:00\",\"dateModified\":\"2024-07-11T14:59:05+00:00\",\"breadcrumb\":{\"@id\":\"https:\/\/www.devinanais.com\/producto\/dispensa-arbor\/#breadcrumb\"},\"inLanguage\":\"es\",\"potentialAction\":[{\"@type\":\"ReadAction\",\"target\":[\"https:\/\/www.devinanais.com\/producto\/dispensa-arbor\/\"]}]},{\"@type\":\"ImageObject\",\"inLanguage\":\"es\",\"@id\":\"https:\/\/www.devinanais.com\/producto\/dispensa-arbor\/#primaryimage\",\"url\":\"https:\/\/www.devinanais.com\/wp-content\/uploads\/2024\/06\/DISPENSA-ARBOR.jpg\",\"contentUrl\":\"https:\/\/www.devinanais.com\/wp-content\/uploads\/2024\/06\/DISPENSA-ARBOR.jpg\",\"width\":2000,\"height\":995},{\"@type\":\"BreadcrumbList\",\"@id\":\"https:\/\/www.devinanais.com\/producto\/dispensa-arbor\/#breadcrumb\",\"itemListElement\":[{\"@type\":\"ListItem\",\"position\":1,\"name\":\"Home\",\"item\":\"https:\/\/www.devinanais.com\/es\/\"},{\"@type\":\"ListItem\",\"position\":2,\"name\":\"Productos\",\"item\":\"https:\/\/www.devinanais.com\/es\/productos\/\"},{\"@type\":\"ListItem\",\"position\":3,\"name\":\"Bufet Alto Y Vitrinas\",\"item\":\"https:\/\/www.devinanais.com\/es\/categoria-prodotto\/bufet-alto-y-vitrinas\/\"},{\"@type\":\"ListItem\",\"position\":4,\"name\":\"Dispensa Arbor\"}]},{\"@type\":\"WebSite\",\"@id\":\"https:\/\/www.devinanais.com\/#website\",\"url\":\"https:\/\/www.devinanais.com\/\",\"name\":\"DevinaNais\",\"description\":\"\",\"potentialAction\":[{\"@type\":\"SearchAction\",\"target\":{\"@type\":\"EntryPoint\",\"urlTemplate\":\"https:\/\/www.devinanais.com\/?s={search_term_string}\"},\"query-input\":{\"@type\":\"PropertyValueSpecification\",\"valueRequired\":true,\"valueName\":\"search_term_string\"}}],\"inLanguage\":\"es\"}]}<\/script>\n<!-- \/ Yoast SEO plugin. -->","yoast_head_json":{"title":"Dispensa Arbor - DevinaNais","robots":{"index":"index","follow":"follow","max-snippet":"max-snippet:-1","max-image-preview":"max-image-preview:large","max-video-preview":"max-video-preview:-1"},"canonical":"https:\/\/www.devinanais.com\/producto\/dispensa-arbor\/","og_locale":"es_ES","og_type":"article","og_title":"Dispensa Arbor - DevinaNais","og_description":"Distintiva, limpia y geom\u00e9trica, la despensa Arbor transmite un sentido de orden y armon\u00eda. Su acabado en madera natural a\u00f1ade calor al espacio circundante, mientras que el compartimiento abierto descentralizado crea un intrigante juego de proporciones. Los costados lineales y esenciales contribuyen a aligerar el impacto visivo, exaltando la modernidad del mueble.","og_url":"https:\/\/www.devinanais.com\/producto\/dispensa-arbor\/","og_site_name":"DevinaNais","article_modified_time":"2024-07-11T14:59:05+00:00","og_image":[{"width":2000,"height":995,"url":"https:\/\/www.devinanais.com\/wp-content\/uploads\/2024\/06\/DISPENSA-ARBOR.jpg","type":"image\/jpeg"}],"twitter_card":"summary_large_image","twitter_misc":{"Tiempo de lectura":"1 minuto"},"schema":{"@context":"https:\/\/schema.org","@graph":[{"@type":"WebPage","@id":"https:\/\/www.devinanais.com\/producto\/dispensa-arbor\/","url":"https:\/\/www.devinanais.com\/producto\/dispensa-arbor\/","name":"Dispensa Arbor - DevinaNais","isPartOf":{"@id":"https:\/\/www.devinanais.com\/#website"},"primaryImageOfPage":{"@id":"https:\/\/www.devinanais.com\/producto\/dispensa-arbor\/#primaryimage"},"image":{"@id":"https:\/\/www.devinanais.com\/producto\/dispensa-arbor\/#primaryimage"},"thumbnailUrl":"https:\/\/www.devinanais.com\/wp-content\/uploads\/2024\/06\/DISPENSA-ARBOR.jpg","datePublished":"2024-06-14T10:07:07+00:00","dateModified":"2024-07-11T14:59:05+00:00","breadcrumb":{"@id":"https:\/\/www.devinanais.com\/producto\/dispensa-arbor\/#breadcrumb"},"inLanguage":"es","potentialAction":[{"@type":"ReadAction","target":["https:\/\/www.devinanais.com\/producto\/dispensa-arbor\/"]}]},{"@type":"ImageObject","inLanguage":"es","@id":"https:\/\/www.devinanais.com\/producto\/dispensa-arbor\/#primaryimage","url":"https:\/\/www.devinanais.com\/wp-content\/uploads\/2024\/06\/DISPENSA-ARBOR.jpg","contentUrl":"https:\/\/www.devinanais.com\/wp-content\/uploads\/2024\/06\/DISPENSA-ARBOR.jpg","width":2000,"height":995},{"@type":"BreadcrumbList","@id":"https:\/\/www.devinanais.com\/producto\/dispensa-arbor\/#breadcrumb","itemListElement":[{"@type":"ListItem","position":1,"name":"Home","item":"https:\/\/www.devinanais.com\/es\/"},{"@type":"ListItem","position":2,"name":"Productos","item":"https:\/\/www.devinanais.com\/es\/productos\/"},{"@type":"ListItem","position":3,"name":"Bufet Alto Y Vitrinas","item":"https:\/\/www.devinanais.com\/es\/categoria-prodotto\/bufet-alto-y-vitrinas\/"},{"@type":"ListItem","position":4,"name":"Dispensa Arbor"}]},{"@type":"WebSite","@id":"https:\/\/www.devinanais.com\/#website","url":"https:\/\/www.devinanais.com\/","name":"DevinaNais","description":"","potentialAction":[{"@type":"SearchAction","target":{"@type":"EntryPoint","urlTemplate":"https:\/\/www.devinanais.com\/?s={search_term_string}"},"query-input":{"@type":"PropertyValueSpecification","valueRequired":true,"valueName":"search_term_string"}}],"inLanguage":"es"}]}},"_links":{"self":[{"href":"https:\/\/www.devinanais.com\/es\/wp-json\/wp\/v2\/product\/33747","targetHints":{"allow":["GET"]}}],"collection":[{"href":"https:\/\/www.devinanais.com\/es\/wp-json\/wp\/v2\/product"}],"about":[{"href":"https:\/\/www.devinanais.com\/es\/wp-json\/wp\/v2\/types\/product"}],"wp:featuredmedia":[{"embeddable":true,"href":"https:\/\/www.devinanais.com\/es\/wp-json\/wp\/v2\/media\/32951"}],"wp:attachment":[{"href":"https:\/\/www.devinanais.com\/es\/wp-json\/wp\/v2\/media?parent=33747"}],"wp:term":[{"taxonomy":"product_brand","embeddable":true,"href":"https:\/\/www.devinanais.com\/es\/wp-json\/wp\/v2\/product_brand?post=33747"},{"taxonomy":"product_cat","embeddable":true,"href":"https:\/\/www.devinanais.com\/es\/wp-json\/wp\/v2\/product_cat?post=33747"},{"taxonomy":"product_tag","embeddable":true,"href":"https:\/\/www.devinanais.com\/es\/wp-json\/wp\/v2\/product_tag?post=33747"},{"taxonomy":"ambiente","embeddable":true,"href":"https:\/\/www.devinanais.com\/es\/wp-json\/wp\/v2\/ambiente?post=33747"},{"taxonomy":"collezione","embeddable":true,"href":"https:\/\/www.devinanais.com\/es\/wp-json\/wp\/v2\/collezione?post=33747"}],"curies":[{"name":"wp","href":"https:\/\/api.w.org\/{rel}","templated":true}]}}