{"id":34334,"date":"2025-03-23T15:45:35","date_gmt":"2025-03-23T14:45:36","guid":{"rendered":"https:\/\/www.devinanais.com\/?post_type=product&#038;p=34334"},"modified":"2025-10-30T19:02:02","modified_gmt":"2025-10-30T18:02:02","slug":"despensa-108_spa","status":"publish","type":"product","link":"https:\/\/www.devinanais.com\/es\/producto\/despensa-108_spa\/","title":{"rendered":"Despensa .108"},"content":{"rendered":"<p>Un mix de c\u00e1nones est\u00e9ticos <b>cl\u00e1sicos y modernos<\/b> que, gracias a las opciones de <b>personalizaci\u00f3n<\/b> (o <i>customizaci\u00f3n<\/i>), se integra con seguridad en proyectos de interiorismo extremadamente personales.<\/p>\n<p>La variedad de motivos gr\u00e1ficos disponibles y la subdivisi\u00f3n del frente en 1, 2 o 4 sectores permite crear <b>variantes<\/b> del mismo producto que son diferentes cada vez.<\/p>\n<p>El efecto es el de crear piezas pr\u00e1cticamente <b>\u00fanicas<\/b>.<\/p>\n<p>&nbsp;<\/p>\n","protected":false},"excerpt":{"rendered":"<p>Un mix de c\u00e1nones est\u00e9ticos cl\u00e1sicos y modernos que, gracias a las opciones de personalizaci\u00f3n (o customizaci\u00f3n), se integra con seguridad en proyectos de interiorismo extremadamente personales. La variedad de motivos gr\u00e1ficos disponibles y la subdivisi\u00f3n del frente en 1, 2 o 4 sectores permite crear variantes del mismo producto que son diferentes cada vez. [&hellip;]<\/p>\n","protected":false},"featured_media":34356,"template":"","meta":{"_et_pb_use_builder":"","_et_pb_old_content":"","_et_gb_content_width":""},"product_brand":[],"product_cat":[217],"product_tag":[],"ambiente":[244,276],"collezione":[357],"class_list":{"0":"post-34334","1":"product","2":"type-product","3":"status-publish","4":"has-post-thumbnail","6":"product_cat-bufet-alto-y-vitrinas","7":"ambiente-comedor","8":"ambiente-sala-de-estar","9":"collezione-icons-collection-es","11":"first","12":"instock","13":"shipping-taxable","14":"product-type-simple"},"acf":[],"yoast_head":"<!-- This site is optimized with the Yoast SEO plugin v26.2 - https:\/\/yoast.com\/wordpress\/plugins\/seo\/ -->\n<title>Despensa .108 - DevinaNais<\/title>\n<meta name=\"robots\" content=\"index, follow, max-snippet:-1, max-image-preview:large, max-video-preview:-1\" \/>\n<link rel=\"canonical\" href=\"https:\/\/www.devinanais.com\/es\/prodotto\/despensa-108_spa\/\" \/>\n<meta property=\"og:locale\" content=\"es_ES\" \/>\n<meta property=\"og:type\" content=\"article\" \/>\n<meta property=\"og:title\" content=\"Despensa .108 - DevinaNais\" \/>\n<meta property=\"og:description\" content=\"Un mix de c\u00e1nones est\u00e9ticos cl\u00e1sicos y modernos que, gracias a las opciones de personalizaci\u00f3n (o customizaci\u00f3n), se integra con seguridad en proyectos de interiorismo extremadamente personales. La variedad de motivos gr\u00e1ficos disponibles y la subdivisi\u00f3n del frente en 1, 2 o 4 sectores permite crear variantes del mismo producto que son diferentes cada vez. [&hellip;]\" \/>\n<meta property=\"og:url\" content=\"https:\/\/www.devinanais.com\/es\/prodotto\/despensa-108_spa\/\" \/>\n<meta property=\"og:site_name\" content=\"DevinaNais\" \/>\n<meta property=\"article:modified_time\" content=\"2025-10-30T18:02:02+00:00\" \/>\n<meta property=\"og:image\" content=\"https:\/\/www.devinanais.com\/wp-content\/uploads\/2025\/03\/DISPENSA-108.jpg\" \/>\n\t<meta property=\"og:image:width\" content=\"2000\" \/>\n\t<meta property=\"og:image:height\" content=\"996\" \/>\n\t<meta property=\"og:image:type\" content=\"image\/jpeg\" \/>\n<meta name=\"twitter:card\" content=\"summary_large_image\" \/>\n<meta name=\"twitter:label1\" content=\"Tiempo de lectura\" \/>\n\t<meta name=\"twitter:data1\" content=\"1 minuto\" \/>\n<script type=\"application\/ld+json\" class=\"yoast-schema-graph\">{\"@context\":\"https:\/\/schema.org\",\"@graph\":[{\"@type\":\"WebPage\",\"@id\":\"https:\/\/www.devinanais.com\/es\/prodotto\/despensa-108_spa\/\",\"url\":\"https:\/\/www.devinanais.com\/es\/prodotto\/despensa-108_spa\/\",\"name\":\"Despensa .108 - DevinaNais\",\"isPartOf\":{\"@id\":\"https:\/\/www.devinanais.com\/#website\"},\"primaryImageOfPage\":{\"@id\":\"https:\/\/www.devinanais.com\/es\/prodotto\/despensa-108_spa\/#primaryimage\"},\"image\":{\"@id\":\"https:\/\/www.devinanais.com\/es\/prodotto\/despensa-108_spa\/#primaryimage\"},\"thumbnailUrl\":\"https:\/\/www.devinanais.com\/wp-content\/uploads\/2025\/03\/DISPENSA-108.jpg\",\"datePublished\":\"2025-03-23T14:45:36+00:00\",\"dateModified\":\"2025-10-30T18:02:02+00:00\",\"breadcrumb\":{\"@id\":\"https:\/\/www.devinanais.com\/es\/prodotto\/despensa-108_spa\/#breadcrumb\"},\"inLanguage\":\"es\",\"potentialAction\":[{\"@type\":\"ReadAction\",\"target\":[\"https:\/\/www.devinanais.com\/es\/prodotto\/despensa-108_spa\/\"]}]},{\"@type\":\"ImageObject\",\"inLanguage\":\"es\",\"@id\":\"https:\/\/www.devinanais.com\/es\/prodotto\/despensa-108_spa\/#primaryimage\",\"url\":\"https:\/\/www.devinanais.com\/wp-content\/uploads\/2025\/03\/DISPENSA-108.jpg\",\"contentUrl\":\"https:\/\/www.devinanais.com\/wp-content\/uploads\/2025\/03\/DISPENSA-108.jpg\",\"width\":2000,\"height\":996},{\"@type\":\"BreadcrumbList\",\"@id\":\"https:\/\/www.devinanais.com\/es\/prodotto\/despensa-108_spa\/#breadcrumb\",\"itemListElement\":[{\"@type\":\"ListItem\",\"position\":1,\"name\":\"Home\",\"item\":\"https:\/\/www.devinanais.com\/es\/\"},{\"@type\":\"ListItem\",\"position\":2,\"name\":\"Productos\",\"item\":\"https:\/\/www.devinanais.com\/es\/productos\/\"},{\"@type\":\"ListItem\",\"position\":3,\"name\":\"Bufet Alto Y Vitrinas\",\"item\":\"https:\/\/www.devinanais.com\/es\/categoria-prodotto\/bufet-alto-y-vitrinas\/\"},{\"@type\":\"ListItem\",\"position\":4,\"name\":\"Despensa .108\"}]},{\"@type\":\"WebSite\",\"@id\":\"https:\/\/www.devinanais.com\/#website\",\"url\":\"https:\/\/www.devinanais.com\/\",\"name\":\"DevinaNais\",\"description\":\"\",\"potentialAction\":[{\"@type\":\"SearchAction\",\"target\":{\"@type\":\"EntryPoint\",\"urlTemplate\":\"https:\/\/www.devinanais.com\/?s={search_term_string}\"},\"query-input\":{\"@type\":\"PropertyValueSpecification\",\"valueRequired\":true,\"valueName\":\"search_term_string\"}}],\"inLanguage\":\"es\"}]}<\/script>\n<!-- \/ Yoast SEO plugin. -->","yoast_head_json":{"title":"Despensa .108 - DevinaNais","robots":{"index":"index","follow":"follow","max-snippet":"max-snippet:-1","max-image-preview":"max-image-preview:large","max-video-preview":"max-video-preview:-1"},"canonical":"https:\/\/www.devinanais.com\/es\/prodotto\/despensa-108_spa\/","og_locale":"es_ES","og_type":"article","og_title":"Despensa .108 - DevinaNais","og_description":"Un mix de c\u00e1nones est\u00e9ticos cl\u00e1sicos y modernos que, gracias a las opciones de personalizaci\u00f3n (o customizaci\u00f3n), se integra con seguridad en proyectos de interiorismo extremadamente personales. La variedad de motivos gr\u00e1ficos disponibles y la subdivisi\u00f3n del frente en 1, 2 o 4 sectores permite crear variantes del mismo producto que son diferentes cada vez. [&hellip;]","og_url":"https:\/\/www.devinanais.com\/es\/prodotto\/despensa-108_spa\/","og_site_name":"DevinaNais","article_modified_time":"2025-10-30T18:02:02+00:00","og_image":[{"width":2000,"height":996,"url":"https:\/\/www.devinanais.com\/wp-content\/uploads\/2025\/03\/DISPENSA-108.jpg","type":"image\/jpeg"}],"twitter_card":"summary_large_image","twitter_misc":{"Tiempo de lectura":"1 minuto"},"schema":{"@context":"https:\/\/schema.org","@graph":[{"@type":"WebPage","@id":"https:\/\/www.devinanais.com\/es\/prodotto\/despensa-108_spa\/","url":"https:\/\/www.devinanais.com\/es\/prodotto\/despensa-108_spa\/","name":"Despensa .108 - DevinaNais","isPartOf":{"@id":"https:\/\/www.devinanais.com\/#website"},"primaryImageOfPage":{"@id":"https:\/\/www.devinanais.com\/es\/prodotto\/despensa-108_spa\/#primaryimage"},"image":{"@id":"https:\/\/www.devinanais.com\/es\/prodotto\/despensa-108_spa\/#primaryimage"},"thumbnailUrl":"https:\/\/www.devinanais.com\/wp-content\/uploads\/2025\/03\/DISPENSA-108.jpg","datePublished":"2025-03-23T14:45:36+00:00","dateModified":"2025-10-30T18:02:02+00:00","breadcrumb":{"@id":"https:\/\/www.devinanais.com\/es\/prodotto\/despensa-108_spa\/#breadcrumb"},"inLanguage":"es","potentialAction":[{"@type":"ReadAction","target":["https:\/\/www.devinanais.com\/es\/prodotto\/despensa-108_spa\/"]}]},{"@type":"ImageObject","inLanguage":"es","@id":"https:\/\/www.devinanais.com\/es\/prodotto\/despensa-108_spa\/#primaryimage","url":"https:\/\/www.devinanais.com\/wp-content\/uploads\/2025\/03\/DISPENSA-108.jpg","contentUrl":"https:\/\/www.devinanais.com\/wp-content\/uploads\/2025\/03\/DISPENSA-108.jpg","width":2000,"height":996},{"@type":"BreadcrumbList","@id":"https:\/\/www.devinanais.com\/es\/prodotto\/despensa-108_spa\/#breadcrumb","itemListElement":[{"@type":"ListItem","position":1,"name":"Home","item":"https:\/\/www.devinanais.com\/es\/"},{"@type":"ListItem","position":2,"name":"Productos","item":"https:\/\/www.devinanais.com\/es\/productos\/"},{"@type":"ListItem","position":3,"name":"Bufet Alto Y Vitrinas","item":"https:\/\/www.devinanais.com\/es\/categoria-prodotto\/bufet-alto-y-vitrinas\/"},{"@type":"ListItem","position":4,"name":"Despensa .108"}]},{"@type":"WebSite","@id":"https:\/\/www.devinanais.com\/#website","url":"https:\/\/www.devinanais.com\/","name":"DevinaNais","description":"","potentialAction":[{"@type":"SearchAction","target":{"@type":"EntryPoint","urlTemplate":"https:\/\/www.devinanais.com\/?s={search_term_string}"},"query-input":{"@type":"PropertyValueSpecification","valueRequired":true,"valueName":"search_term_string"}}],"inLanguage":"es"}]}},"_links":{"self":[{"href":"https:\/\/www.devinanais.com\/es\/wp-json\/wp\/v2\/product\/34334","targetHints":{"allow":["GET"]}}],"collection":[{"href":"https:\/\/www.devinanais.com\/es\/wp-json\/wp\/v2\/product"}],"about":[{"href":"https:\/\/www.devinanais.com\/es\/wp-json\/wp\/v2\/types\/product"}],"wp:featuredmedia":[{"embeddable":true,"href":"https:\/\/www.devinanais.com\/es\/wp-json\/wp\/v2\/media\/34356"}],"wp:attachment":[{"href":"https:\/\/www.devinanais.com\/es\/wp-json\/wp\/v2\/media?parent=34334"}],"wp:term":[{"taxonomy":"product_brand","embeddable":true,"href":"https:\/\/www.devinanais.com\/es\/wp-json\/wp\/v2\/product_brand?post=34334"},{"taxonomy":"product_cat","embeddable":true,"href":"https:\/\/www.devinanais.com\/es\/wp-json\/wp\/v2\/product_cat?post=34334"},{"taxonomy":"product_tag","embeddable":true,"href":"https:\/\/www.devinanais.com\/es\/wp-json\/wp\/v2\/product_tag?post=34334"},{"taxonomy":"ambiente","embeddable":true,"href":"https:\/\/www.devinanais.com\/es\/wp-json\/wp\/v2\/ambiente?post=34334"},{"taxonomy":"collezione","embeddable":true,"href":"https:\/\/www.devinanais.com\/es\/wp-json\/wp\/v2\/collezione?post=34334"}],"curies":[{"name":"wp","href":"https:\/\/api.w.org\/{rel}","templated":true}]}}