{"id":34714,"date":"2025-10-20T11:37:35","date_gmt":"2025-10-20T09:37:35","guid":{"rendered":"https:\/\/www.devinanais.com\/?post_type=product&#038;p=34714"},"modified":"2025-11-18T15:54:04","modified_gmt":"2025-11-18T14:54:04","slug":"tapa-stone-ceramia_spa","status":"publish","type":"product","link":"https:\/\/www.devinanais.com\/es\/producto\/tapa-stone-ceramia_spa\/","title":{"rendered":"Tapa Stone \u201cCeramics\u201d"},"content":{"rendered":"<p>El plano Stone \u201cCeramics\u201d se convierte en actor principal del<br \/>\nespacio, enriqueciendo con su fuerte impacto visual cada conjunto<br \/>\nde muebles para el comedor. Hecho con materiales de alta calidad,<br \/>\nest\u00e1 embellecido por el acabado en travertino. Su perfil asim\u00e9trico<br \/>\ny vers\u00e1til se adapta a m\u00faltiples tipos de soporte: en metal, vidrio,<br \/>\nmadera maciza o combinando varios materiales para crear una<br \/>\nmesa de dise\u00f1o exclusivo y personalizado.<\/p>\n<p>&nbsp;<\/p>\n<p>&nbsp;<\/p>\n","protected":false},"excerpt":{"rendered":"<p>El plano Stone \u201cCeramics\u201d se convierte en actor principal del espacio, enriqueciendo con su fuerte impacto visual cada conjunto de muebles para el comedor. Hecho con materiales de alta calidad, est\u00e1 embellecido por el acabado en travertino. Su perfil asim\u00e9trico y vers\u00e1til se adapta a m\u00faltiples tipos de soporte: en metal, vidrio, madera maciza o [&hellip;]<\/p>\n","protected":false},"featured_media":34719,"template":"","meta":{"_et_pb_use_builder":"","_et_pb_old_content":"","_et_gb_content_width":""},"product_brand":[],"product_cat":[352,230,234],"product_tag":[],"ambiente":[244],"collezione":[255],"class_list":{"0":"post-34714","1":"product","2":"type-product","3":"status-publish","4":"has-post-thumbnail","6":"product_cat-novedades","7":"product_cat-mesas","8":"product_cat-free-tables-es","9":"ambiente-comedor","10":"collezione-free-tables-es","12":"first","13":"instock","14":"shipping-taxable","15":"product-type-simple"},"acf":[],"yoast_head":"<!-- This site is optimized with the Yoast SEO plugin v26.2 - https:\/\/yoast.com\/wordpress\/plugins\/seo\/ -->\n<title>Tapa Stone \u201cCeramics\u201d - DevinaNais<\/title>\n<meta name=\"robots\" content=\"index, follow, max-snippet:-1, max-image-preview:large, max-video-preview:-1\" \/>\n<link rel=\"canonical\" href=\"https:\/\/www.devinanais.com\/es\/producto\/tapa-stone-ceramia_spa\/\" \/>\n<meta property=\"og:locale\" content=\"es_ES\" \/>\n<meta property=\"og:type\" content=\"article\" \/>\n<meta property=\"og:title\" content=\"Tapa Stone \u201cCeramics\u201d - DevinaNais\" \/>\n<meta property=\"og:description\" content=\"El plano Stone \u201cCeramics\u201d se convierte en actor principal del espacio, enriqueciendo con su fuerte impacto visual cada conjunto de muebles para el comedor. Hecho con materiales de alta calidad, est\u00e1 embellecido por el acabado en travertino. Su perfil asim\u00e9trico y vers\u00e1til se adapta a m\u00faltiples tipos de soporte: en metal, vidrio, madera maciza o [&hellip;]\" \/>\n<meta property=\"og:url\" content=\"https:\/\/www.devinanais.com\/es\/producto\/tapa-stone-ceramia_spa\/\" \/>\n<meta property=\"og:site_name\" content=\"DevinaNais\" \/>\n<meta property=\"article:modified_time\" content=\"2025-11-18T14:54:04+00:00\" \/>\n<meta property=\"og:image\" content=\"https:\/\/www.devinanais.com\/wp-content\/uploads\/2025\/10\/2.-STONE.jpg\" \/>\n\t<meta property=\"og:image:width\" content=\"2000\" \/>\n\t<meta property=\"og:image:height\" content=\"999\" \/>\n\t<meta property=\"og:image:type\" content=\"image\/jpeg\" \/>\n<meta name=\"twitter:card\" content=\"summary_large_image\" \/>\n<meta name=\"twitter:label1\" content=\"Tiempo de lectura\" \/>\n\t<meta name=\"twitter:data1\" content=\"1 minuto\" \/>\n<script type=\"application\/ld+json\" class=\"yoast-schema-graph\">{\"@context\":\"https:\/\/schema.org\",\"@graph\":[{\"@type\":\"WebPage\",\"@id\":\"https:\/\/www.devinanais.com\/es\/producto\/tapa-stone-ceramia_spa\/\",\"url\":\"https:\/\/www.devinanais.com\/es\/producto\/tapa-stone-ceramia_spa\/\",\"name\":\"Tapa Stone \u201cCeramics\u201d - DevinaNais\",\"isPartOf\":{\"@id\":\"https:\/\/www.devinanais.com\/#website\"},\"primaryImageOfPage\":{\"@id\":\"https:\/\/www.devinanais.com\/es\/producto\/tapa-stone-ceramia_spa\/#primaryimage\"},\"image\":{\"@id\":\"https:\/\/www.devinanais.com\/es\/producto\/tapa-stone-ceramia_spa\/#primaryimage\"},\"thumbnailUrl\":\"https:\/\/www.devinanais.com\/wp-content\/uploads\/2025\/10\/2.-STONE.jpg\",\"datePublished\":\"2025-10-20T09:37:35+00:00\",\"dateModified\":\"2025-11-18T14:54:04+00:00\",\"breadcrumb\":{\"@id\":\"https:\/\/www.devinanais.com\/es\/producto\/tapa-stone-ceramia_spa\/#breadcrumb\"},\"inLanguage\":\"es\",\"potentialAction\":[{\"@type\":\"ReadAction\",\"target\":[\"https:\/\/www.devinanais.com\/es\/producto\/tapa-stone-ceramia_spa\/\"]}]},{\"@type\":\"ImageObject\",\"inLanguage\":\"es\",\"@id\":\"https:\/\/www.devinanais.com\/es\/producto\/tapa-stone-ceramia_spa\/#primaryimage\",\"url\":\"https:\/\/www.devinanais.com\/wp-content\/uploads\/2025\/10\/2.-STONE.jpg\",\"contentUrl\":\"https:\/\/www.devinanais.com\/wp-content\/uploads\/2025\/10\/2.-STONE.jpg\",\"width\":2000,\"height\":999},{\"@type\":\"BreadcrumbList\",\"@id\":\"https:\/\/www.devinanais.com\/es\/producto\/tapa-stone-ceramia_spa\/#breadcrumb\",\"itemListElement\":[{\"@type\":\"ListItem\",\"position\":1,\"name\":\"Home\",\"item\":\"https:\/\/www.devinanais.com\/es\/\"},{\"@type\":\"ListItem\",\"position\":2,\"name\":\"Productos\",\"item\":\"https:\/\/www.devinanais.com\/es\/productos\/\"},{\"@type\":\"ListItem\",\"position\":3,\"name\":\"Mesas\",\"item\":\"https:\/\/www.devinanais.com\/es\/categoria-prodotto\/mesas\/\"},{\"@type\":\"ListItem\",\"position\":4,\"name\":\"FREE Tables\",\"item\":\"https:\/\/www.devinanais.com\/es\/categoria-prodotto\/mesas\/free-tables-es\/\"},{\"@type\":\"ListItem\",\"position\":5,\"name\":\"Tapa Stone \u201cCeramics\u201d\"}]},{\"@type\":\"WebSite\",\"@id\":\"https:\/\/www.devinanais.com\/#website\",\"url\":\"https:\/\/www.devinanais.com\/\",\"name\":\"DevinaNais\",\"description\":\"\",\"potentialAction\":[{\"@type\":\"SearchAction\",\"target\":{\"@type\":\"EntryPoint\",\"urlTemplate\":\"https:\/\/www.devinanais.com\/?s={search_term_string}\"},\"query-input\":{\"@type\":\"PropertyValueSpecification\",\"valueRequired\":true,\"valueName\":\"search_term_string\"}}],\"inLanguage\":\"es\"}]}<\/script>\n<!-- \/ Yoast SEO plugin. -->","yoast_head_json":{"title":"Tapa Stone \u201cCeramics\u201d - DevinaNais","robots":{"index":"index","follow":"follow","max-snippet":"max-snippet:-1","max-image-preview":"max-image-preview:large","max-video-preview":"max-video-preview:-1"},"canonical":"https:\/\/www.devinanais.com\/es\/producto\/tapa-stone-ceramia_spa\/","og_locale":"es_ES","og_type":"article","og_title":"Tapa Stone \u201cCeramics\u201d - DevinaNais","og_description":"El plano Stone \u201cCeramics\u201d se convierte en actor principal del espacio, enriqueciendo con su fuerte impacto visual cada conjunto de muebles para el comedor. Hecho con materiales de alta calidad, est\u00e1 embellecido por el acabado en travertino. Su perfil asim\u00e9trico y vers\u00e1til se adapta a m\u00faltiples tipos de soporte: en metal, vidrio, madera maciza o [&hellip;]","og_url":"https:\/\/www.devinanais.com\/es\/producto\/tapa-stone-ceramia_spa\/","og_site_name":"DevinaNais","article_modified_time":"2025-11-18T14:54:04+00:00","og_image":[{"width":2000,"height":999,"url":"https:\/\/www.devinanais.com\/wp-content\/uploads\/2025\/10\/2.-STONE.jpg","type":"image\/jpeg"}],"twitter_card":"summary_large_image","twitter_misc":{"Tiempo de lectura":"1 minuto"},"schema":{"@context":"https:\/\/schema.org","@graph":[{"@type":"WebPage","@id":"https:\/\/www.devinanais.com\/es\/producto\/tapa-stone-ceramia_spa\/","url":"https:\/\/www.devinanais.com\/es\/producto\/tapa-stone-ceramia_spa\/","name":"Tapa Stone \u201cCeramics\u201d - DevinaNais","isPartOf":{"@id":"https:\/\/www.devinanais.com\/#website"},"primaryImageOfPage":{"@id":"https:\/\/www.devinanais.com\/es\/producto\/tapa-stone-ceramia_spa\/#primaryimage"},"image":{"@id":"https:\/\/www.devinanais.com\/es\/producto\/tapa-stone-ceramia_spa\/#primaryimage"},"thumbnailUrl":"https:\/\/www.devinanais.com\/wp-content\/uploads\/2025\/10\/2.-STONE.jpg","datePublished":"2025-10-20T09:37:35+00:00","dateModified":"2025-11-18T14:54:04+00:00","breadcrumb":{"@id":"https:\/\/www.devinanais.com\/es\/producto\/tapa-stone-ceramia_spa\/#breadcrumb"},"inLanguage":"es","potentialAction":[{"@type":"ReadAction","target":["https:\/\/www.devinanais.com\/es\/producto\/tapa-stone-ceramia_spa\/"]}]},{"@type":"ImageObject","inLanguage":"es","@id":"https:\/\/www.devinanais.com\/es\/producto\/tapa-stone-ceramia_spa\/#primaryimage","url":"https:\/\/www.devinanais.com\/wp-content\/uploads\/2025\/10\/2.-STONE.jpg","contentUrl":"https:\/\/www.devinanais.com\/wp-content\/uploads\/2025\/10\/2.-STONE.jpg","width":2000,"height":999},{"@type":"BreadcrumbList","@id":"https:\/\/www.devinanais.com\/es\/producto\/tapa-stone-ceramia_spa\/#breadcrumb","itemListElement":[{"@type":"ListItem","position":1,"name":"Home","item":"https:\/\/www.devinanais.com\/es\/"},{"@type":"ListItem","position":2,"name":"Productos","item":"https:\/\/www.devinanais.com\/es\/productos\/"},{"@type":"ListItem","position":3,"name":"Mesas","item":"https:\/\/www.devinanais.com\/es\/categoria-prodotto\/mesas\/"},{"@type":"ListItem","position":4,"name":"FREE Tables","item":"https:\/\/www.devinanais.com\/es\/categoria-prodotto\/mesas\/free-tables-es\/"},{"@type":"ListItem","position":5,"name":"Tapa Stone \u201cCeramics\u201d"}]},{"@type":"WebSite","@id":"https:\/\/www.devinanais.com\/#website","url":"https:\/\/www.devinanais.com\/","name":"DevinaNais","description":"","potentialAction":[{"@type":"SearchAction","target":{"@type":"EntryPoint","urlTemplate":"https:\/\/www.devinanais.com\/?s={search_term_string}"},"query-input":{"@type":"PropertyValueSpecification","valueRequired":true,"valueName":"search_term_string"}}],"inLanguage":"es"}]}},"_links":{"self":[{"href":"https:\/\/www.devinanais.com\/es\/wp-json\/wp\/v2\/product\/34714","targetHints":{"allow":["GET"]}}],"collection":[{"href":"https:\/\/www.devinanais.com\/es\/wp-json\/wp\/v2\/product"}],"about":[{"href":"https:\/\/www.devinanais.com\/es\/wp-json\/wp\/v2\/types\/product"}],"wp:featuredmedia":[{"embeddable":true,"href":"https:\/\/www.devinanais.com\/es\/wp-json\/wp\/v2\/media\/34719"}],"wp:attachment":[{"href":"https:\/\/www.devinanais.com\/es\/wp-json\/wp\/v2\/media?parent=34714"}],"wp:term":[{"taxonomy":"product_brand","embeddable":true,"href":"https:\/\/www.devinanais.com\/es\/wp-json\/wp\/v2\/product_brand?post=34714"},{"taxonomy":"product_cat","embeddable":true,"href":"https:\/\/www.devinanais.com\/es\/wp-json\/wp\/v2\/product_cat?post=34714"},{"taxonomy":"product_tag","embeddable":true,"href":"https:\/\/www.devinanais.com\/es\/wp-json\/wp\/v2\/product_tag?post=34714"},{"taxonomy":"ambiente","embeddable":true,"href":"https:\/\/www.devinanais.com\/es\/wp-json\/wp\/v2\/ambiente?post=34714"},{"taxonomy":"collezione","embeddable":true,"href":"https:\/\/www.devinanais.com\/es\/wp-json\/wp\/v2\/collezione?post=34714"}],"curies":[{"name":"wp","href":"https:\/\/api.w.org\/{rel}","templated":true}]}}