{"id":34897,"date":"2025-10-20T17:41:04","date_gmt":"2025-10-20T15:41:04","guid":{"rendered":"https:\/\/www.devinanais.com\/?post_type=product&#038;p=34897"},"modified":"2025-11-18T15:51:08","modified_gmt":"2025-11-18T14:51:08","slug":"mesa-manhattan_barrel_x_spa","status":"publish","type":"product","link":"https:\/\/www.devinanais.com\/es\/producto\/mesa-manhattan_barrel_x_spa\/","title":{"rendered":"Mesa MANHATTAN BARREL X"},"content":{"rendered":"<p>Manhattan Barrel X es la respuesta a quien busca muebles para el<br \/>\ncomedor que combinen est\u00e9tica original y practicidad.<br \/>\nEl perfil muy fino y las proporciones elegantes de esta mesa de dise\u00f1o<br \/>\namueblan con estilo los espacios modernos. Con un gesto ligero, las<br \/>\nextensiones laterales se abren para ofrecer m\u00e1s espacio, m\u00e1s acogida,<br \/>\nsin renunciar a la facilidad y el confort.<\/p>\n<p>&nbsp;<\/p>\n","protected":false},"excerpt":{"rendered":"<p>Manhattan Barrel X es la respuesta a quien busca muebles para el comedor que combinen est\u00e9tica original y practicidad. El perfil muy fino y las proporciones elegantes de esta mesa de dise\u00f1o amueblan con estilo los espacios modernos. Con un gesto ligero, las extensiones laterales se abren para ofrecer m\u00e1s espacio, m\u00e1s acogida, sin renunciar [&hellip;]<\/p>\n","protected":false},"featured_media":34906,"template":"","meta":{"_et_pb_use_builder":"","_et_pb_old_content":"","_et_gb_content_width":""},"product_brand":[],"product_cat":[352,230,233],"product_tag":[],"ambiente":[244],"collezione":[292],"class_list":{"0":"post-34897","1":"product","2":"type-product","3":"status-publish","4":"has-post-thumbnail","6":"product_cat-novedades","7":"product_cat-mesas","8":"product_cat-mesas-extensibles","9":"ambiente-comedor","10":"collezione-mesas-extensibles","12":"first","13":"instock","14":"shipping-taxable","15":"product-type-simple"},"acf":[],"yoast_head":"<!-- This site is optimized with the Yoast SEO plugin v26.2 - https:\/\/yoast.com\/wordpress\/plugins\/seo\/ -->\n<title>Mesa MANHATTAN BARREL X - DevinaNais<\/title>\n<meta name=\"robots\" content=\"index, follow, max-snippet:-1, max-image-preview:large, max-video-preview:-1\" \/>\n<link rel=\"canonical\" href=\"https:\/\/www.devinanais.com\/es\/producto\/mesa-manhattan_barrel_x_spa\/\" \/>\n<meta property=\"og:locale\" content=\"es_ES\" \/>\n<meta property=\"og:type\" content=\"article\" \/>\n<meta property=\"og:title\" content=\"Mesa MANHATTAN BARREL X - DevinaNais\" \/>\n<meta property=\"og:description\" content=\"Manhattan Barrel X es la respuesta a quien busca muebles para el comedor que combinen est\u00e9tica original y practicidad. El perfil muy fino y las proporciones elegantes de esta mesa de dise\u00f1o amueblan con estilo los espacios modernos. Con un gesto ligero, las extensiones laterales se abren para ofrecer m\u00e1s espacio, m\u00e1s acogida, sin renunciar [&hellip;]\" \/>\n<meta property=\"og:url\" content=\"https:\/\/www.devinanais.com\/es\/producto\/mesa-manhattan_barrel_x_spa\/\" \/>\n<meta property=\"og:site_name\" content=\"DevinaNais\" \/>\n<meta property=\"article:modified_time\" content=\"2025-11-18T14:51:08+00:00\" \/>\n<meta property=\"og:image\" content=\"https:\/\/www.devinanais.com\/wp-content\/uploads\/2025\/10\/MANHATTAN-BARREL-X.jpg\" \/>\n\t<meta property=\"og:image:width\" content=\"2000\" \/>\n\t<meta property=\"og:image:height\" content=\"999\" \/>\n\t<meta property=\"og:image:type\" content=\"image\/jpeg\" \/>\n<meta name=\"twitter:card\" content=\"summary_large_image\" \/>\n<meta name=\"twitter:label1\" content=\"Tiempo de lectura\" \/>\n\t<meta name=\"twitter:data1\" content=\"1 minuto\" \/>\n<script type=\"application\/ld+json\" class=\"yoast-schema-graph\">{\"@context\":\"https:\/\/schema.org\",\"@graph\":[{\"@type\":\"WebPage\",\"@id\":\"https:\/\/www.devinanais.com\/es\/producto\/mesa-manhattan_barrel_x_spa\/\",\"url\":\"https:\/\/www.devinanais.com\/es\/producto\/mesa-manhattan_barrel_x_spa\/\",\"name\":\"Mesa MANHATTAN BARREL X - DevinaNais\",\"isPartOf\":{\"@id\":\"https:\/\/www.devinanais.com\/#website\"},\"primaryImageOfPage\":{\"@id\":\"https:\/\/www.devinanais.com\/es\/producto\/mesa-manhattan_barrel_x_spa\/#primaryimage\"},\"image\":{\"@id\":\"https:\/\/www.devinanais.com\/es\/producto\/mesa-manhattan_barrel_x_spa\/#primaryimage\"},\"thumbnailUrl\":\"https:\/\/www.devinanais.com\/wp-content\/uploads\/2025\/10\/MANHATTAN-BARREL-X.jpg\",\"datePublished\":\"2025-10-20T15:41:04+00:00\",\"dateModified\":\"2025-11-18T14:51:08+00:00\",\"breadcrumb\":{\"@id\":\"https:\/\/www.devinanais.com\/es\/producto\/mesa-manhattan_barrel_x_spa\/#breadcrumb\"},\"inLanguage\":\"es\",\"potentialAction\":[{\"@type\":\"ReadAction\",\"target\":[\"https:\/\/www.devinanais.com\/es\/producto\/mesa-manhattan_barrel_x_spa\/\"]}]},{\"@type\":\"ImageObject\",\"inLanguage\":\"es\",\"@id\":\"https:\/\/www.devinanais.com\/es\/producto\/mesa-manhattan_barrel_x_spa\/#primaryimage\",\"url\":\"https:\/\/www.devinanais.com\/wp-content\/uploads\/2025\/10\/MANHATTAN-BARREL-X.jpg\",\"contentUrl\":\"https:\/\/www.devinanais.com\/wp-content\/uploads\/2025\/10\/MANHATTAN-BARREL-X.jpg\",\"width\":2000,\"height\":999},{\"@type\":\"BreadcrumbList\",\"@id\":\"https:\/\/www.devinanais.com\/es\/producto\/mesa-manhattan_barrel_x_spa\/#breadcrumb\",\"itemListElement\":[{\"@type\":\"ListItem\",\"position\":1,\"name\":\"Home\",\"item\":\"https:\/\/www.devinanais.com\/es\/\"},{\"@type\":\"ListItem\",\"position\":2,\"name\":\"Productos\",\"item\":\"https:\/\/www.devinanais.com\/es\/productos\/\"},{\"@type\":\"ListItem\",\"position\":3,\"name\":\"Mesas\",\"item\":\"https:\/\/www.devinanais.com\/es\/categoria-prodotto\/mesas\/\"},{\"@type\":\"ListItem\",\"position\":4,\"name\":\"Mesas Extensibles\",\"item\":\"https:\/\/www.devinanais.com\/es\/categoria-prodotto\/mesas\/mesas-extensibles\/\"},{\"@type\":\"ListItem\",\"position\":5,\"name\":\"Mesa MANHATTAN BARREL X\"}]},{\"@type\":\"WebSite\",\"@id\":\"https:\/\/www.devinanais.com\/#website\",\"url\":\"https:\/\/www.devinanais.com\/\",\"name\":\"DevinaNais\",\"description\":\"\",\"potentialAction\":[{\"@type\":\"SearchAction\",\"target\":{\"@type\":\"EntryPoint\",\"urlTemplate\":\"https:\/\/www.devinanais.com\/?s={search_term_string}\"},\"query-input\":{\"@type\":\"PropertyValueSpecification\",\"valueRequired\":true,\"valueName\":\"search_term_string\"}}],\"inLanguage\":\"es\"}]}<\/script>\n<!-- \/ Yoast SEO plugin. -->","yoast_head_json":{"title":"Mesa MANHATTAN BARREL X - DevinaNais","robots":{"index":"index","follow":"follow","max-snippet":"max-snippet:-1","max-image-preview":"max-image-preview:large","max-video-preview":"max-video-preview:-1"},"canonical":"https:\/\/www.devinanais.com\/es\/producto\/mesa-manhattan_barrel_x_spa\/","og_locale":"es_ES","og_type":"article","og_title":"Mesa MANHATTAN BARREL X - DevinaNais","og_description":"Manhattan Barrel X es la respuesta a quien busca muebles para el comedor que combinen est\u00e9tica original y practicidad. El perfil muy fino y las proporciones elegantes de esta mesa de dise\u00f1o amueblan con estilo los espacios modernos. Con un gesto ligero, las extensiones laterales se abren para ofrecer m\u00e1s espacio, m\u00e1s acogida, sin renunciar [&hellip;]","og_url":"https:\/\/www.devinanais.com\/es\/producto\/mesa-manhattan_barrel_x_spa\/","og_site_name":"DevinaNais","article_modified_time":"2025-11-18T14:51:08+00:00","og_image":[{"width":2000,"height":999,"url":"https:\/\/www.devinanais.com\/wp-content\/uploads\/2025\/10\/MANHATTAN-BARREL-X.jpg","type":"image\/jpeg"}],"twitter_card":"summary_large_image","twitter_misc":{"Tiempo de lectura":"1 minuto"},"schema":{"@context":"https:\/\/schema.org","@graph":[{"@type":"WebPage","@id":"https:\/\/www.devinanais.com\/es\/producto\/mesa-manhattan_barrel_x_spa\/","url":"https:\/\/www.devinanais.com\/es\/producto\/mesa-manhattan_barrel_x_spa\/","name":"Mesa MANHATTAN BARREL X - DevinaNais","isPartOf":{"@id":"https:\/\/www.devinanais.com\/#website"},"primaryImageOfPage":{"@id":"https:\/\/www.devinanais.com\/es\/producto\/mesa-manhattan_barrel_x_spa\/#primaryimage"},"image":{"@id":"https:\/\/www.devinanais.com\/es\/producto\/mesa-manhattan_barrel_x_spa\/#primaryimage"},"thumbnailUrl":"https:\/\/www.devinanais.com\/wp-content\/uploads\/2025\/10\/MANHATTAN-BARREL-X.jpg","datePublished":"2025-10-20T15:41:04+00:00","dateModified":"2025-11-18T14:51:08+00:00","breadcrumb":{"@id":"https:\/\/www.devinanais.com\/es\/producto\/mesa-manhattan_barrel_x_spa\/#breadcrumb"},"inLanguage":"es","potentialAction":[{"@type":"ReadAction","target":["https:\/\/www.devinanais.com\/es\/producto\/mesa-manhattan_barrel_x_spa\/"]}]},{"@type":"ImageObject","inLanguage":"es","@id":"https:\/\/www.devinanais.com\/es\/producto\/mesa-manhattan_barrel_x_spa\/#primaryimage","url":"https:\/\/www.devinanais.com\/wp-content\/uploads\/2025\/10\/MANHATTAN-BARREL-X.jpg","contentUrl":"https:\/\/www.devinanais.com\/wp-content\/uploads\/2025\/10\/MANHATTAN-BARREL-X.jpg","width":2000,"height":999},{"@type":"BreadcrumbList","@id":"https:\/\/www.devinanais.com\/es\/producto\/mesa-manhattan_barrel_x_spa\/#breadcrumb","itemListElement":[{"@type":"ListItem","position":1,"name":"Home","item":"https:\/\/www.devinanais.com\/es\/"},{"@type":"ListItem","position":2,"name":"Productos","item":"https:\/\/www.devinanais.com\/es\/productos\/"},{"@type":"ListItem","position":3,"name":"Mesas","item":"https:\/\/www.devinanais.com\/es\/categoria-prodotto\/mesas\/"},{"@type":"ListItem","position":4,"name":"Mesas Extensibles","item":"https:\/\/www.devinanais.com\/es\/categoria-prodotto\/mesas\/mesas-extensibles\/"},{"@type":"ListItem","position":5,"name":"Mesa MANHATTAN BARREL X"}]},{"@type":"WebSite","@id":"https:\/\/www.devinanais.com\/#website","url":"https:\/\/www.devinanais.com\/","name":"DevinaNais","description":"","potentialAction":[{"@type":"SearchAction","target":{"@type":"EntryPoint","urlTemplate":"https:\/\/www.devinanais.com\/?s={search_term_string}"},"query-input":{"@type":"PropertyValueSpecification","valueRequired":true,"valueName":"search_term_string"}}],"inLanguage":"es"}]}},"_links":{"self":[{"href":"https:\/\/www.devinanais.com\/es\/wp-json\/wp\/v2\/product\/34897","targetHints":{"allow":["GET"]}}],"collection":[{"href":"https:\/\/www.devinanais.com\/es\/wp-json\/wp\/v2\/product"}],"about":[{"href":"https:\/\/www.devinanais.com\/es\/wp-json\/wp\/v2\/types\/product"}],"wp:featuredmedia":[{"embeddable":true,"href":"https:\/\/www.devinanais.com\/es\/wp-json\/wp\/v2\/media\/34906"}],"wp:attachment":[{"href":"https:\/\/www.devinanais.com\/es\/wp-json\/wp\/v2\/media?parent=34897"}],"wp:term":[{"taxonomy":"product_brand","embeddable":true,"href":"https:\/\/www.devinanais.com\/es\/wp-json\/wp\/v2\/product_brand?post=34897"},{"taxonomy":"product_cat","embeddable":true,"href":"https:\/\/www.devinanais.com\/es\/wp-json\/wp\/v2\/product_cat?post=34897"},{"taxonomy":"product_tag","embeddable":true,"href":"https:\/\/www.devinanais.com\/es\/wp-json\/wp\/v2\/product_tag?post=34897"},{"taxonomy":"ambiente","embeddable":true,"href":"https:\/\/www.devinanais.com\/es\/wp-json\/wp\/v2\/ambiente?post=34897"},{"taxonomy":"collezione","embeddable":true,"href":"https:\/\/www.devinanais.com\/es\/wp-json\/wp\/v2\/collezione?post=34897"}],"curies":[{"name":"wp","href":"https:\/\/api.w.org\/{rel}","templated":true}]}}