{"id":35005,"date":"2025-10-28T15:40:31","date_gmt":"2025-10-28T14:40:31","guid":{"rendered":"https:\/\/www.devinanais.com\/?post_type=product&#038;p=35005"},"modified":"2025-11-18T15:50:12","modified_gmt":"2025-11-18T14:50:12","slug":"tavolino-drop_spa","status":"publish","type":"product","link":"https:\/\/www.devinanais.com\/es\/producto\/tavolino-drop_spa\/","title":{"rendered":"Mesa de centro Drop"},"content":{"rendered":"<div id=\"bannerR\">\n<div id=\"lipsumcom_right_siderail\" align=\"center\" data-freestar-ad=\"__300x600\" data-google-query-id=\"CPLi5fb9lYEDFf2d_QcdkpAHxg\">\n<div id=\"google_ads_iframe_\/15184186,22440292294\/lipsumcom_right_siderail_0__container__\" style=\"text-align: left;\">Detalles que revelan el car\u00e1cter de una habitaci\u00f3n. Los modelos Drop<br \/>\nson m\u00e1s que simples muebles para el sal\u00f3n: son el accesorio que<br \/>\nfirma el look de la zona living. Funcionales y discretas, estas mesitas<br \/>\nde dise\u00f1o se integran armoniosamente en salones contempor\u00e1neos,<br \/>\nlofts minimalistas o ambientes de car\u00e1cter n\u00f3rdico, gracias a la modernidad<br \/>\nde las esbeltas patas de metal y a la c\u00e1lida ligereza del top de madera.<\/div>\n<\/div>\n<\/div>\n","protected":false},"excerpt":{"rendered":"<p>Detalles que revelan el car\u00e1cter de una habitaci\u00f3n. Los modelos Drop son m\u00e1s que simples muebles para el sal\u00f3n: son el accesorio que firma el look de la zona living. Funcionales y discretas, estas mesitas de dise\u00f1o se integran armoniosamente en salones contempor\u00e1neos, lofts minimalistas o ambientes de car\u00e1cter n\u00f3rdico, gracias a la modernidad de [&hellip;]<\/p>\n","protected":false},"featured_media":35012,"template":"","meta":{"_et_pb_use_builder":"","_et_pb_old_content":"","_et_gb_content_width":""},"product_brand":[],"product_cat":[352,235],"product_tag":[],"ambiente":[298,276],"collezione":[277],"class_list":{"0":"post-35005","1":"product","2":"type-product","3":"status-publish","4":"has-post-thumbnail","6":"product_cat-novedades","7":"product_cat-mesas-y-consolas","8":"ambiente-dormitorio","9":"ambiente-sala-de-estar","10":"collezione-living-more-es","12":"first","13":"instock","14":"shipping-taxable","15":"product-type-simple"},"acf":[],"yoast_head":"<!-- This site is optimized with the Yoast SEO plugin v26.2 - https:\/\/yoast.com\/wordpress\/plugins\/seo\/ -->\n<title>Mesa de centro Drop - DevinaNais<\/title>\n<meta name=\"robots\" content=\"index, follow, max-snippet:-1, max-image-preview:large, max-video-preview:-1\" \/>\n<link rel=\"canonical\" href=\"https:\/\/www.devinanais.com\/es\/producto\/tavolino-drop_spa\/\" \/>\n<meta property=\"og:locale\" content=\"es_ES\" \/>\n<meta property=\"og:type\" content=\"article\" \/>\n<meta property=\"og:title\" content=\"Mesa de centro Drop - DevinaNais\" \/>\n<meta property=\"og:description\" content=\"Detalles que revelan el car\u00e1cter de una habitaci\u00f3n. Los modelos Drop son m\u00e1s que simples muebles para el sal\u00f3n: son el accesorio que firma el look de la zona living. Funcionales y discretas, estas mesitas de dise\u00f1o se integran armoniosamente en salones contempor\u00e1neos, lofts minimalistas o ambientes de car\u00e1cter n\u00f3rdico, gracias a la modernidad de [&hellip;]\" \/>\n<meta property=\"og:url\" content=\"https:\/\/www.devinanais.com\/es\/producto\/tavolino-drop_spa\/\" \/>\n<meta property=\"og:site_name\" content=\"DevinaNais\" \/>\n<meta property=\"article:modified_time\" content=\"2025-11-18T14:50:12+00:00\" \/>\n<meta property=\"og:image\" content=\"https:\/\/www.devinanais.com\/wp-content\/uploads\/2025\/10\/DROP.jpg\" \/>\n\t<meta property=\"og:image:width\" content=\"2000\" \/>\n\t<meta property=\"og:image:height\" content=\"999\" \/>\n\t<meta property=\"og:image:type\" content=\"image\/jpeg\" \/>\n<meta name=\"twitter:card\" content=\"summary_large_image\" \/>\n<meta name=\"twitter:label1\" content=\"Tiempo de lectura\" \/>\n\t<meta name=\"twitter:data1\" content=\"1 minuto\" \/>\n<script type=\"application\/ld+json\" class=\"yoast-schema-graph\">{\"@context\":\"https:\/\/schema.org\",\"@graph\":[{\"@type\":\"WebPage\",\"@id\":\"https:\/\/www.devinanais.com\/es\/producto\/tavolino-drop_spa\/\",\"url\":\"https:\/\/www.devinanais.com\/es\/producto\/tavolino-drop_spa\/\",\"name\":\"Mesa de centro Drop - DevinaNais\",\"isPartOf\":{\"@id\":\"https:\/\/www.devinanais.com\/#website\"},\"primaryImageOfPage\":{\"@id\":\"https:\/\/www.devinanais.com\/es\/producto\/tavolino-drop_spa\/#primaryimage\"},\"image\":{\"@id\":\"https:\/\/www.devinanais.com\/es\/producto\/tavolino-drop_spa\/#primaryimage\"},\"thumbnailUrl\":\"https:\/\/www.devinanais.com\/wp-content\/uploads\/2025\/10\/DROP.jpg\",\"datePublished\":\"2025-10-28T14:40:31+00:00\",\"dateModified\":\"2025-11-18T14:50:12+00:00\",\"breadcrumb\":{\"@id\":\"https:\/\/www.devinanais.com\/es\/producto\/tavolino-drop_spa\/#breadcrumb\"},\"inLanguage\":\"es\",\"potentialAction\":[{\"@type\":\"ReadAction\",\"target\":[\"https:\/\/www.devinanais.com\/es\/producto\/tavolino-drop_spa\/\"]}]},{\"@type\":\"ImageObject\",\"inLanguage\":\"es\",\"@id\":\"https:\/\/www.devinanais.com\/es\/producto\/tavolino-drop_spa\/#primaryimage\",\"url\":\"https:\/\/www.devinanais.com\/wp-content\/uploads\/2025\/10\/DROP.jpg\",\"contentUrl\":\"https:\/\/www.devinanais.com\/wp-content\/uploads\/2025\/10\/DROP.jpg\",\"width\":2000,\"height\":999},{\"@type\":\"BreadcrumbList\",\"@id\":\"https:\/\/www.devinanais.com\/es\/producto\/tavolino-drop_spa\/#breadcrumb\",\"itemListElement\":[{\"@type\":\"ListItem\",\"position\":1,\"name\":\"Home\",\"item\":\"https:\/\/www.devinanais.com\/es\/\"},{\"@type\":\"ListItem\",\"position\":2,\"name\":\"Productos\",\"item\":\"https:\/\/www.devinanais.com\/es\/productos\/\"},{\"@type\":\"ListItem\",\"position\":3,\"name\":\"Novedades\",\"item\":\"https:\/\/www.devinanais.com\/es\/categoria-producto\/novedades\/\"},{\"@type\":\"ListItem\",\"position\":4,\"name\":\"Mesa de centro Drop\"}]},{\"@type\":\"WebSite\",\"@id\":\"https:\/\/www.devinanais.com\/#website\",\"url\":\"https:\/\/www.devinanais.com\/\",\"name\":\"DevinaNais\",\"description\":\"\",\"potentialAction\":[{\"@type\":\"SearchAction\",\"target\":{\"@type\":\"EntryPoint\",\"urlTemplate\":\"https:\/\/www.devinanais.com\/?s={search_term_string}\"},\"query-input\":{\"@type\":\"PropertyValueSpecification\",\"valueRequired\":true,\"valueName\":\"search_term_string\"}}],\"inLanguage\":\"es\"}]}<\/script>\n<!-- \/ Yoast SEO plugin. -->","yoast_head_json":{"title":"Mesa de centro Drop - DevinaNais","robots":{"index":"index","follow":"follow","max-snippet":"max-snippet:-1","max-image-preview":"max-image-preview:large","max-video-preview":"max-video-preview:-1"},"canonical":"https:\/\/www.devinanais.com\/es\/producto\/tavolino-drop_spa\/","og_locale":"es_ES","og_type":"article","og_title":"Mesa de centro Drop - DevinaNais","og_description":"Detalles que revelan el car\u00e1cter de una habitaci\u00f3n. Los modelos Drop son m\u00e1s que simples muebles para el sal\u00f3n: son el accesorio que firma el look de la zona living. Funcionales y discretas, estas mesitas de dise\u00f1o se integran armoniosamente en salones contempor\u00e1neos, lofts minimalistas o ambientes de car\u00e1cter n\u00f3rdico, gracias a la modernidad de [&hellip;]","og_url":"https:\/\/www.devinanais.com\/es\/producto\/tavolino-drop_spa\/","og_site_name":"DevinaNais","article_modified_time":"2025-11-18T14:50:12+00:00","og_image":[{"width":2000,"height":999,"url":"https:\/\/www.devinanais.com\/wp-content\/uploads\/2025\/10\/DROP.jpg","type":"image\/jpeg"}],"twitter_card":"summary_large_image","twitter_misc":{"Tiempo de lectura":"1 minuto"},"schema":{"@context":"https:\/\/schema.org","@graph":[{"@type":"WebPage","@id":"https:\/\/www.devinanais.com\/es\/producto\/tavolino-drop_spa\/","url":"https:\/\/www.devinanais.com\/es\/producto\/tavolino-drop_spa\/","name":"Mesa de centro Drop - DevinaNais","isPartOf":{"@id":"https:\/\/www.devinanais.com\/#website"},"primaryImageOfPage":{"@id":"https:\/\/www.devinanais.com\/es\/producto\/tavolino-drop_spa\/#primaryimage"},"image":{"@id":"https:\/\/www.devinanais.com\/es\/producto\/tavolino-drop_spa\/#primaryimage"},"thumbnailUrl":"https:\/\/www.devinanais.com\/wp-content\/uploads\/2025\/10\/DROP.jpg","datePublished":"2025-10-28T14:40:31+00:00","dateModified":"2025-11-18T14:50:12+00:00","breadcrumb":{"@id":"https:\/\/www.devinanais.com\/es\/producto\/tavolino-drop_spa\/#breadcrumb"},"inLanguage":"es","potentialAction":[{"@type":"ReadAction","target":["https:\/\/www.devinanais.com\/es\/producto\/tavolino-drop_spa\/"]}]},{"@type":"ImageObject","inLanguage":"es","@id":"https:\/\/www.devinanais.com\/es\/producto\/tavolino-drop_spa\/#primaryimage","url":"https:\/\/www.devinanais.com\/wp-content\/uploads\/2025\/10\/DROP.jpg","contentUrl":"https:\/\/www.devinanais.com\/wp-content\/uploads\/2025\/10\/DROP.jpg","width":2000,"height":999},{"@type":"BreadcrumbList","@id":"https:\/\/www.devinanais.com\/es\/producto\/tavolino-drop_spa\/#breadcrumb","itemListElement":[{"@type":"ListItem","position":1,"name":"Home","item":"https:\/\/www.devinanais.com\/es\/"},{"@type":"ListItem","position":2,"name":"Productos","item":"https:\/\/www.devinanais.com\/es\/productos\/"},{"@type":"ListItem","position":3,"name":"Novedades","item":"https:\/\/www.devinanais.com\/es\/categoria-producto\/novedades\/"},{"@type":"ListItem","position":4,"name":"Mesa de centro Drop"}]},{"@type":"WebSite","@id":"https:\/\/www.devinanais.com\/#website","url":"https:\/\/www.devinanais.com\/","name":"DevinaNais","description":"","potentialAction":[{"@type":"SearchAction","target":{"@type":"EntryPoint","urlTemplate":"https:\/\/www.devinanais.com\/?s={search_term_string}"},"query-input":{"@type":"PropertyValueSpecification","valueRequired":true,"valueName":"search_term_string"}}],"inLanguage":"es"}]}},"_links":{"self":[{"href":"https:\/\/www.devinanais.com\/es\/wp-json\/wp\/v2\/product\/35005","targetHints":{"allow":["GET"]}}],"collection":[{"href":"https:\/\/www.devinanais.com\/es\/wp-json\/wp\/v2\/product"}],"about":[{"href":"https:\/\/www.devinanais.com\/es\/wp-json\/wp\/v2\/types\/product"}],"wp:featuredmedia":[{"embeddable":true,"href":"https:\/\/www.devinanais.com\/es\/wp-json\/wp\/v2\/media\/35012"}],"wp:attachment":[{"href":"https:\/\/www.devinanais.com\/es\/wp-json\/wp\/v2\/media?parent=35005"}],"wp:term":[{"taxonomy":"product_brand","embeddable":true,"href":"https:\/\/www.devinanais.com\/es\/wp-json\/wp\/v2\/product_brand?post=35005"},{"taxonomy":"product_cat","embeddable":true,"href":"https:\/\/www.devinanais.com\/es\/wp-json\/wp\/v2\/product_cat?post=35005"},{"taxonomy":"product_tag","embeddable":true,"href":"https:\/\/www.devinanais.com\/es\/wp-json\/wp\/v2\/product_tag?post=35005"},{"taxonomy":"ambiente","embeddable":true,"href":"https:\/\/www.devinanais.com\/es\/wp-json\/wp\/v2\/ambiente?post=35005"},{"taxonomy":"collezione","embeddable":true,"href":"https:\/\/www.devinanais.com\/es\/wp-json\/wp\/v2\/collezione?post=35005"}],"curies":[{"name":"wp","href":"https:\/\/api.w.org\/{rel}","templated":true}]}}